{"id":8603,"date":"2024-06-20T09:51:27","date_gmt":"2024-06-20T09:51:27","guid":{"rendered":"https:\/\/www.motoairbag.com\/?post_type=product&#038;p=8603"},"modified":"2026-04-24T10:23:49","modified_gmt":"2026-04-24T10:23:49","slug":"mab-m1","status":"publish","type":"product","link":"https:\/\/www.motoairbag.com\/fr\/shop\/airbags-moto\/mab-m1\/","title":{"rendered":"MAB M1"},"content":{"rendered":"<p>[vc_row disable_background_image=\u00a0\u00bb\u00a0\u00bb][vc_column][vc_tta_accordion][vc_tta_section title=\u00a0\u00bbCaract\u00e9ristiques g\u00e9n\u00e9rales\u00a0\u00bb tab_id=\u00a0\u00bb1665647274320-421b536b-15c7&Prime;][vc_column_text]<\/p>\n<ul>\n<li>Certifi\u00e9 EN1621-4 Niveau 2 en tant qu\u2019airbag pour motards<\/li>\n<li>Activation analogique via Fast-Lock<\/li>\n<li>Rechargeable<\/li>\n<li>Volume de protection : 25 litres<\/li>\n<li>Synchroniseur pour g\u00e9rer les deux syst\u00e8mes d\u2019airbag<\/li>\n<li>Insertions r\u00e9fl\u00e9chissantes pour une meilleure visibilit\u00e9<\/li>\n<li>Poche externe pratique et accessible<\/li>\n<li>\u00c0 porter par-dessus la veste<\/li>\n<li>R\u00e9glages lat\u00e9raux pour s\u2019adapter aux vestes \u00e9paisses ou multicouches en hiver et plus l\u00e9g\u00e8res en \u00e9t\u00e9<\/li>\n<\/ul>\n<p>[\/vc_column_text][\/vc_tta_section][vc_tta_section title=\u00a0\u00bbSp\u00e9cifications techniques\u00a0\u00bb tab_id=\u00a0\u00bb1665647327764-f4d815c0-1938&Prime;][vc_column_text]<\/p>\n<ul>\n<li>Syst\u00e8me \u00e0 double airbag (Dual Airbag System)<br \/>\n&#8211; Airbag arri\u00e8re pour la protection du dos de la nuque au coccyx. Certifi\u00e9 AIRBAG EN1621\/4 FB Niveau 2. Force r\u00e9siduelle apr\u00e8s test d\u2019impact : 1,4 kN (limite Niveau 1 AIRBAG = 4,5 kN ; limite Niveau 2 AIRBAG = 2,5 kN)<br \/>\n&#8211; Airbag avant pour la protection de la poitrine, de l\u2019abdomen et du cou. Certifi\u00e9 AIRBAG EN1621\/4 DC Niveau 2. Force r\u00e9siduelle apr\u00e8s test d\u2019impact : 0,8 kN (limite Niveau 1 AIRBAG = 4,5 kN ; limite Niveau 2 AIRBAG = 2,5 kN)<\/li>\n<li>Technologie Fast Lock pour une gestion compl\u00e8te et fiable de la d\u00e9tection d\u2019accident<\/li>\n<li>Temps de gonflage : 80 millisecondes pour les deux syst\u00e8mes d\u2019airbag<\/li>\n<li>Volume total de protection : 25 litres (15 litres airbag arri\u00e8re + 10 litres airbag avant)<\/li>\n<li>Poids du syst\u00e8me airbag : 800 g airbag arri\u00e8re \u2013 600 g airbag avant. Poids total 2,1 kg<\/li>\n<li>R\u00e9utilisable : rechargeable par l\u2019utilisateur en quelques minutes avec le kit de recharge, apr\u00e8s un simple contr\u00f4le indiqu\u00e9 dans le manuel<\/li>\n<li>\u00c9quip\u00e9 d\u2019une poche externe pouvant servir de porte-documents<\/li>\n<li>R\u00e9alis\u00e9 en tissu bi-\u00e9lastique<\/li>\n<li>Doublure interne en mat\u00e9riau 3D pour favoriser la circulation de l\u2019air<\/li>\n<li>R\u00e9glages lat\u00e9raux \u00e0 fermeture \u00e9clair pour s\u2019adapter facilement aux vestes \u00e9paisses ou multicouches en hiver et plus l\u00e9g\u00e8res en \u00e9t\u00e9<\/li>\n<li>Ceinture interne \u00e0 la taille pour maintenir le gilet en position correcte, pendant la conduite et en cas de d\u00e9clenchement<\/li>\n<li>Soupapes de d\u00e9gonflage automatiques<\/li>\n<li>Syst\u00e8me de synchronisation Fast Lock : active intelligemment l\u2019airbag le plus proche du point d\u2019impact ; par exemple, en cas de collision frontale, l\u2019airbag avant se gonfle en premier puis l\u2019airbag arri\u00e8re, tandis qu\u2019en cas de collision par l\u2019arri\u00e8re, l\u2019airbag arri\u00e8re se gonfle en premier puis l\u2019airbag avant<\/li>\n<li>Syst\u00e8me anti-activation accidentelle : pour activer le gilet, il est n\u00e9cessaire d\u2019\u00e9tendre compl\u00e8tement le c\u00e2ble, de surmonter la force de rappel \u00e9lastique du Fast Lock et d\u2019appliquer une charge de 15 kg ; pour les premi\u00e8res utilisations, un autocollant de rappel est fourni \u00e0 placer sur le tableau de bord<\/li>\n<li>Design optimis\u00e9 pour un confort sup\u00e9rieur, compatible avec tous types de vestes<\/li>\n<li>Fast Lock est compatible avec le mousqueton \u00e0 d\u00e9gagement rapide<\/li>\n<\/ul>\n<p>[\/vc_column_text][\/vc_tta_section][vc_tta_section title=\u00a0\u00bbCertificats de s\u00e9curit\u00e9\u00a0\u00bb tab_id=\u00a0\u00bb1665647393215-fcd34d4d-e657&Prime;][vc_column_text]<\/p>\n<ul>\n<li>Airbag avant \u2013 Certifi\u00e9 AIRBAG EN1621\/4 Niveau 2 DC (niveau maximum)<\/li>\n<li>Airbag arri\u00e8re \u2013 Certifi\u00e9 AIRBAG EN1621\/4 Niveau 2 FB (niveau maximum)<\/li>\n<li>Syst\u00e8me de d\u00e9clenchement avec Fast Lock \u00e9quip\u00e9 d\u2019un acc\u00e9l\u00e9rom\u00e8tre analogique<\/li>\n<li>Synchroniseu<\/li>\n<\/ul>\n<p>[\/vc_column_text][\/vc_tta_section][\/vc_tta_accordion][\/vc_column][\/vc_row]<\/p>\n","protected":false},"excerpt":{"rendered":"<p data-start=\"43\" data-end=\"499\">MAB M1 est un dispositif airbag con\u00e7u pour garantir la protection maximale du motard en cas d\u2019impact, gr\u00e2ce au double airbag (Dual Airbag System) qui offre une couverture avant et arri\u00e8re<br data-start=\"246\" data-end=\"249\" \/>Il int\u00e8gre le syst\u00e8me de d\u00e9tection d\u2019incidents Fast Lock avec un acc\u00e9l\u00e9rom\u00e8tre analogique, assurant une activation rapide et fiable. Fast Lock doit \u00eatre reli\u00e9 \u00e0 la moto via les sangles fournies dans l\u2019emballage, cr\u00e9ant le point d\u2019ancrage \u00e0 la selle<\/p>\n<p data-start=\"501\" data-end=\"558\">MAB M1 est fabriqu\u00e9 en tissu bi-extensible de classe AA<\/p>\n<p data-start=\"501\" data-end=\"558\">Le dispositif est rechargeable en achetant le kit de recharge Motoairbag appropri\u00e9, permettant sa r\u00e9utilisation apr\u00e8s d\u00e9clenchement.<\/p>\n<p data-start=\"560\" data-end=\"688\">Confortable et \u00e9l\u00e9gant, le MAB M1 est disponible uniquement en noir et en 5 tailles, de S \u00e0 XXL, pour un ajustement sur mesure<\/p>\n<p data-start=\"690\" data-end=\"832\">\u26a0\ufe0f Pensez \u00e0 d\u00e9connecter Fast Lock de la moto avant de descendre, afin d\u2019\u00e9viter l\u2019activation accidentelle d\u2019un ou des deux airbags en cas de force sur le c\u00e2ble sup\u00e9rieure \u00e0 15 kg.<\/p>\n","protected":false},"featured_media":8873,"template":"","meta":[],"product_brand":[],"product_cat":[96],"product_tag":[],"class_list":{"0":"post-8603","1":"product","2":"type-product","3":"status-publish","4":"has-post-thumbnail","6":"product_cat-airbags-moto","8":"first","9":"instock","10":"taxable","11":"shipping-taxable","12":"purchasable","13":"product-type-variable","14":"has-default-attributes"},"yoast_head":"<!-- This site is optimized with the Yoast SEO plugin v27.0 - https:\/\/yoast.com\/product\/yoast-seo-wordpress\/ -->\n<title>MAB M1 - Motoairbag - L&#039;airbag per i motociclisti<\/title>\n<meta name=\"robots\" content=\"index, follow, max-snippet:-1, max-image-preview:large, max-video-preview:-1\" \/>\n<link rel=\"canonical\" href=\"https:\/\/www.motoairbag.com\/fr\/shop\/airbags-moto\/mab-m1\/\" \/>\n<meta property=\"og:locale\" content=\"fr_FR\" \/>\n<meta property=\"og:type\" content=\"article\" \/>\n<meta property=\"og:title\" content=\"MAB M1 - Motoairbag - L&#039;airbag per i motociclisti\" \/>\n<meta property=\"og:description\" content=\"MAB M1 est un dispositif airbag con\u00e7u pour garantir la protection maximale du motard en cas d\u2019impact, gr\u00e2ce au double airbag (Dual Airbag System) qui offre une couverture avant et arri\u00e8reIl int\u00e8gre le syst\u00e8me de d\u00e9tection d\u2019incidents Fast Lock avec un acc\u00e9l\u00e9rom\u00e8tre analogique, assurant une activation rapide et fiable. Fast Lock doit \u00eatre reli\u00e9 \u00e0 la moto via les sangles fournies dans l\u2019emballage, cr\u00e9ant le point d\u2019ancrage \u00e0 la selle MAB M1 est fabriqu\u00e9 en tissu bi-extensible de classe AA Le dispositif est rechargeable en achetant le kit de recharge Motoairbag appropri\u00e9, permettant sa r\u00e9utilisation apr\u00e8s d\u00e9clenchement. Confortable et \u00e9l\u00e9gant, le MAB M1 est disponible uniquement en noir et en 5 tailles, de S \u00e0 XXL, pour un ajustement sur mesure \u26a0\ufe0f Pensez \u00e0 d\u00e9connecter Fast Lock de la moto avant de descendre, afin d\u2019\u00e9viter l\u2019activation accidentelle d\u2019un ou des deux airbags en cas de force sur le c\u00e2ble sup\u00e9rieure \u00e0 15 kg.\" \/>\n<meta property=\"og:url\" content=\"https:\/\/www.motoairbag.com\/fr\/shop\/airbags-moto\/mab-m1\/\" \/>\n<meta property=\"og:site_name\" content=\"Motoairbag - L&#039;airbag per i motociclisti\" \/>\n<meta property=\"article:modified_time\" content=\"2026-04-24T10:23:49+00:00\" \/>\n<meta property=\"og:image\" content=\"https:\/\/www.motoairbag.com\/wp-content\/uploads\/2024\/06\/MAB-M1-fronte-1.jpg\" \/>\n\t<meta property=\"og:image:width\" content=\"2550\" \/>\n\t<meta property=\"og:image:height\" content=\"2550\" \/>\n\t<meta property=\"og:image:type\" content=\"image\/jpeg\" \/>\n<meta name=\"twitter:card\" content=\"summary_large_image\" \/>\n<meta name=\"twitter:label1\" content=\"Dur\u00e9e de lecture estim\u00e9e\" \/>\n\t<meta name=\"twitter:data1\" content=\"3 minutes\" \/>\n<script type=\"application\/ld+json\" class=\"yoast-schema-graph\">{\"@context\":\"https:\/\/schema.org\",\"@graph\":[{\"@type\":\"WebPage\",\"@id\":\"https:\/\/www.motoairbag.com\/fr\/shop\/airbags-moto\/mab-m1\/\",\"url\":\"https:\/\/www.motoairbag.com\/fr\/shop\/airbags-moto\/mab-m1\/\",\"name\":\"MAB M1 - Motoairbag - L&#039;airbag per i motociclisti\",\"isPartOf\":{\"@id\":\"https:\/\/www.motoairbag.com\/#website\"},\"primaryImageOfPage\":{\"@id\":\"https:\/\/www.motoairbag.com\/fr\/shop\/airbags-moto\/mab-m1\/#primaryimage\"},\"image\":{\"@id\":\"https:\/\/www.motoairbag.com\/fr\/shop\/airbags-moto\/mab-m1\/#primaryimage\"},\"thumbnailUrl\":\"https:\/\/www.motoairbag.com\/wp-content\/uploads\/2024\/06\/MAB-M1-fronte-1.jpg\",\"datePublished\":\"2024-06-20T09:51:27+00:00\",\"dateModified\":\"2026-04-24T10:23:49+00:00\",\"breadcrumb\":{\"@id\":\"https:\/\/www.motoairbag.com\/fr\/shop\/airbags-moto\/mab-m1\/#breadcrumb\"},\"inLanguage\":\"fr-FR\",\"potentialAction\":[{\"@type\":\"ReadAction\",\"target\":[\"https:\/\/www.motoairbag.com\/fr\/shop\/airbags-moto\/mab-m1\/\"]}]},{\"@type\":\"ImageObject\",\"inLanguage\":\"fr-FR\",\"@id\":\"https:\/\/www.motoairbag.com\/fr\/shop\/airbags-moto\/mab-m1\/#primaryimage\",\"url\":\"https:\/\/www.motoairbag.com\/wp-content\/uploads\/2024\/06\/MAB-M1-fronte-1.jpg\",\"contentUrl\":\"https:\/\/www.motoairbag.com\/wp-content\/uploads\/2024\/06\/MAB-M1-fronte-1.jpg\",\"width\":2550,\"height\":2550},{\"@type\":\"BreadcrumbList\",\"@id\":\"https:\/\/www.motoairbag.com\/fr\/shop\/airbags-moto\/mab-m1\/#breadcrumb\",\"itemListElement\":[{\"@type\":\"ListItem\",\"position\":1,\"name\":\"Home\",\"item\":\"https:\/\/www.motoairbag.com\/fr\/\"},{\"@type\":\"ListItem\",\"position\":2,\"name\":\"Boutique\",\"item\":\"https:\/\/www.motoairbag.com\/fr\/boutique\/\"},{\"@type\":\"ListItem\",\"position\":3,\"name\":\"MAB M1\"}]},{\"@type\":\"WebSite\",\"@id\":\"https:\/\/www.motoairbag.com\/#website\",\"url\":\"https:\/\/www.motoairbag.com\/\",\"name\":\"Motoairbag - L&#039;airbag per i motociclisti\",\"description\":\"\",\"publisher\":{\"@id\":\"https:\/\/www.motoairbag.com\/#organization\"},\"potentialAction\":[{\"@type\":\"SearchAction\",\"target\":{\"@type\":\"EntryPoint\",\"urlTemplate\":\"https:\/\/www.motoairbag.com\/?s={search_term_string}\"},\"query-input\":{\"@type\":\"PropertyValueSpecification\",\"valueRequired\":true,\"valueName\":\"search_term_string\"}}],\"inLanguage\":\"fr-FR\"},{\"@type\":\"Organization\",\"@id\":\"https:\/\/www.motoairbag.com\/#organization\",\"name\":\"Motoairbag - L&#039;airbag per i motociclisti\",\"url\":\"https:\/\/www.motoairbag.com\/\",\"logo\":{\"@type\":\"ImageObject\",\"inLanguage\":\"fr-FR\",\"@id\":\"https:\/\/www.motoairbag.com\/#\/schema\/logo\/image\/\",\"url\":\"https:\/\/www.motoairbag.com\/wp-content\/uploads\/2022\/11\/logo-final.jpg\",\"contentUrl\":\"https:\/\/www.motoairbag.com\/wp-content\/uploads\/2022\/11\/logo-final.jpg\",\"width\":609,\"height\":80,\"caption\":\"Motoairbag - L&#039;airbag per i motociclisti\"},\"image\":{\"@id\":\"https:\/\/www.motoairbag.com\/#\/schema\/logo\/image\/\"}}]}<\/script>\n<!-- \/ Yoast SEO plugin. -->","yoast_head_json":{"title":"MAB M1 - Motoairbag - L&#039;airbag per i motociclisti","robots":{"index":"index","follow":"follow","max-snippet":"max-snippet:-1","max-image-preview":"max-image-preview:large","max-video-preview":"max-video-preview:-1"},"canonical":"https:\/\/www.motoairbag.com\/fr\/shop\/airbags-moto\/mab-m1\/","og_locale":"fr_FR","og_type":"article","og_title":"MAB M1 - Motoairbag - L&#039;airbag per i motociclisti","og_description":"MAB M1 est un dispositif airbag con\u00e7u pour garantir la protection maximale du motard en cas d\u2019impact, gr\u00e2ce au double airbag (Dual Airbag System) qui offre une couverture avant et arri\u00e8reIl int\u00e8gre le syst\u00e8me de d\u00e9tection d\u2019incidents Fast Lock avec un acc\u00e9l\u00e9rom\u00e8tre analogique, assurant une activation rapide et fiable. Fast Lock doit \u00eatre reli\u00e9 \u00e0 la moto via les sangles fournies dans l\u2019emballage, cr\u00e9ant le point d\u2019ancrage \u00e0 la selle MAB M1 est fabriqu\u00e9 en tissu bi-extensible de classe AA Le dispositif est rechargeable en achetant le kit de recharge Motoairbag appropri\u00e9, permettant sa r\u00e9utilisation apr\u00e8s d\u00e9clenchement. Confortable et \u00e9l\u00e9gant, le MAB M1 est disponible uniquement en noir et en 5 tailles, de S \u00e0 XXL, pour un ajustement sur mesure \u26a0\ufe0f Pensez \u00e0 d\u00e9connecter Fast Lock de la moto avant de descendre, afin d\u2019\u00e9viter l\u2019activation accidentelle d\u2019un ou des deux airbags en cas de force sur le c\u00e2ble sup\u00e9rieure \u00e0 15 kg.","og_url":"https:\/\/www.motoairbag.com\/fr\/shop\/airbags-moto\/mab-m1\/","og_site_name":"Motoairbag - L&#039;airbag per i motociclisti","article_modified_time":"2026-04-24T10:23:49+00:00","og_image":[{"width":2550,"height":2550,"url":"https:\/\/www.motoairbag.com\/wp-content\/uploads\/2024\/06\/MAB-M1-fronte-1.jpg","type":"image\/jpeg"}],"twitter_card":"summary_large_image","twitter_misc":{"Dur\u00e9e de lecture estim\u00e9e":"3 minutes"},"schema":{"@context":"https:\/\/schema.org","@graph":[{"@type":"WebPage","@id":"https:\/\/www.motoairbag.com\/fr\/shop\/airbags-moto\/mab-m1\/","url":"https:\/\/www.motoairbag.com\/fr\/shop\/airbags-moto\/mab-m1\/","name":"MAB M1 - Motoairbag - L&#039;airbag per i motociclisti","isPartOf":{"@id":"https:\/\/www.motoairbag.com\/#website"},"primaryImageOfPage":{"@id":"https:\/\/www.motoairbag.com\/fr\/shop\/airbags-moto\/mab-m1\/#primaryimage"},"image":{"@id":"https:\/\/www.motoairbag.com\/fr\/shop\/airbags-moto\/mab-m1\/#primaryimage"},"thumbnailUrl":"https:\/\/www.motoairbag.com\/wp-content\/uploads\/2024\/06\/MAB-M1-fronte-1.jpg","datePublished":"2024-06-20T09:51:27+00:00","dateModified":"2026-04-24T10:23:49+00:00","breadcrumb":{"@id":"https:\/\/www.motoairbag.com\/fr\/shop\/airbags-moto\/mab-m1\/#breadcrumb"},"inLanguage":"fr-FR","potentialAction":[{"@type":"ReadAction","target":["https:\/\/www.motoairbag.com\/fr\/shop\/airbags-moto\/mab-m1\/"]}]},{"@type":"ImageObject","inLanguage":"fr-FR","@id":"https:\/\/www.motoairbag.com\/fr\/shop\/airbags-moto\/mab-m1\/#primaryimage","url":"https:\/\/www.motoairbag.com\/wp-content\/uploads\/2024\/06\/MAB-M1-fronte-1.jpg","contentUrl":"https:\/\/www.motoairbag.com\/wp-content\/uploads\/2024\/06\/MAB-M1-fronte-1.jpg","width":2550,"height":2550},{"@type":"BreadcrumbList","@id":"https:\/\/www.motoairbag.com\/fr\/shop\/airbags-moto\/mab-m1\/#breadcrumb","itemListElement":[{"@type":"ListItem","position":1,"name":"Home","item":"https:\/\/www.motoairbag.com\/fr\/"},{"@type":"ListItem","position":2,"name":"Boutique","item":"https:\/\/www.motoairbag.com\/fr\/boutique\/"},{"@type":"ListItem","position":3,"name":"MAB M1"}]},{"@type":"WebSite","@id":"https:\/\/www.motoairbag.com\/#website","url":"https:\/\/www.motoairbag.com\/","name":"Motoairbag - L&#039;airbag per i motociclisti","description":"","publisher":{"@id":"https:\/\/www.motoairbag.com\/#organization"},"potentialAction":[{"@type":"SearchAction","target":{"@type":"EntryPoint","urlTemplate":"https:\/\/www.motoairbag.com\/?s={search_term_string}"},"query-input":{"@type":"PropertyValueSpecification","valueRequired":true,"valueName":"search_term_string"}}],"inLanguage":"fr-FR"},{"@type":"Organization","@id":"https:\/\/www.motoairbag.com\/#organization","name":"Motoairbag - L&#039;airbag per i motociclisti","url":"https:\/\/www.motoairbag.com\/","logo":{"@type":"ImageObject","inLanguage":"fr-FR","@id":"https:\/\/www.motoairbag.com\/#\/schema\/logo\/image\/","url":"https:\/\/www.motoairbag.com\/wp-content\/uploads\/2022\/11\/logo-final.jpg","contentUrl":"https:\/\/www.motoairbag.com\/wp-content\/uploads\/2022\/11\/logo-final.jpg","width":609,"height":80,"caption":"Motoairbag - L&#039;airbag per i motociclisti"},"image":{"@id":"https:\/\/www.motoairbag.com\/#\/schema\/logo\/image\/"}}]}},"_links":{"self":[{"href":"https:\/\/www.motoairbag.com\/fr\/wp-json\/wp\/v2\/product\/8603","targetHints":{"allow":["GET"]}}],"collection":[{"href":"https:\/\/www.motoairbag.com\/fr\/wp-json\/wp\/v2\/product"}],"about":[{"href":"https:\/\/www.motoairbag.com\/fr\/wp-json\/wp\/v2\/types\/product"}],"wp:featuredmedia":[{"embeddable":true,"href":"https:\/\/www.motoairbag.com\/fr\/wp-json\/wp\/v2\/media\/8873"}],"wp:attachment":[{"href":"https:\/\/www.motoairbag.com\/fr\/wp-json\/wp\/v2\/media?parent=8603"}],"wp:term":[{"taxonomy":"product_brand","embeddable":true,"href":"https:\/\/www.motoairbag.com\/fr\/wp-json\/wp\/v2\/product_brand?post=8603"},{"taxonomy":"product_cat","embeddable":true,"href":"https:\/\/www.motoairbag.com\/fr\/wp-json\/wp\/v2\/product_cat?post=8603"},{"taxonomy":"product_tag","embeddable":true,"href":"https:\/\/www.motoairbag.com\/fr\/wp-json\/wp\/v2\/product_tag?post=8603"}],"curies":[{"name":"wp","href":"https:\/\/api.w.org\/{rel}","templated":true}]}}