{"id":8051,"date":"2023-12-13T13:34:56","date_gmt":"2023-12-13T13:34:56","guid":{"rendered":"https:\/\/www.motoairbag.com\/?post_type=product&#038;p=8051"},"modified":"2025-11-18T09:53:46","modified_gmt":"2025-11-18T09:53:46","slug":"veste-impermeable-mab","status":"publish","type":"product","link":"https:\/\/www.motoairbag.com\/fr\/shop\/accessoires-et-recharges\/veste-impermeable-mab\/","title":{"rendered":"VESTE IMPERMEABLE MAB"},"content":{"rendered":"<p class=\"\" data-start=\"38\" data-end=\"62\">MV-001 compatible avec :<br \/>\nMAB V4 &#8211; MAB V4MODULAR : T0 (XXS\/XS) &#8211; T1 (S\/M)<br data-start=\"111\" data-end=\"114\" \/>MAB M1 : XS, S, M<br \/>\nMAB V3: T1 (S\/M)<br \/>\nMAB V2.0: T1 (S\/M)<\/p>\n<p class=\"\" data-start=\"133\" data-end=\"157\">MV-002 compatible avec :<br \/>\nMAB V4 &#8211; MAB V4MODULAR : T2 (L\/XL)<br data-start=\"193\" data-end=\"196\" \/>MAB M1 : L, XL, XXL<br \/>\nMAB V3: T2 (L\/XL)<br \/>\nMAB V2.0: T2 (L\/XL)<\/p>\n<p class=\"\" data-start=\"217\" data-end=\"241\">MV-003 compatible avec :<br \/>\nMAB V4 &#8211; MAB V4MODULAR : T3 (XXL\/3XL)<br \/>\nMAB V3: T3 (XXL\/3XL)<br \/>\nMAB V2.0: T3 (XXL\/3XL)<\/p>\n","protected":false},"excerpt":{"rendered":"<div class=\"flex-1 overflow-hidden\">\n<div class=\"react-scroll-to-bottom--css-usupk-79elbk h-full\">\n<div class=\"react-scroll-to-bottom--css-usupk-1n7m0yu\">\n<div class=\"flex flex-col pb-9 text-sm\">\n<div class=\"w-full text-token-text-primary\" data-testid=\"conversation-turn-9\">\n<div class=\"px-4 py-2 justify-center text-base md:gap-6 md:py-6 m-auto\">\n<div class=\"flex flex-1 text-base mx-auto gap-3 md:px-5 lg:px-1 xl:px-5 md:max-w-3xl lg:max-w-[40rem] xl:max-w-[48rem] } group final-completion\">\n<div class=\"relative flex w-full flex-col lg:w-[calc(100%-115px)] agent-turn\">\n<div class=\"flex-col gap-1 md:gap-3\">\n<div class=\"flex flex-grow flex-col max-w-full\">\n<div class=\"min-h-[20px] text-message flex flex-col items-start gap-3 whitespace-pre-wrap break-words [.text-message+&amp;]:mt-5 overflow-x-auto\" data-message-author-role=\"assistant\" data-message-id=\"ffea70c0-6e09-47c7-9e47-29714e624ba6\">\n<div class=\"markdown prose w-full break-words dark:prose-invert light\">\n<p class=\"\" data-start=\"38\" data-end=\"199\">Veste de pluie sp\u00e9cialement con\u00e7ue pour \u00eatre port\u00e9e par-dessus le MOTOAIRBAG, en pr\u00e9servant l\u2019efficacit\u00e9 du dispositif tout en garantissant une ergonomie \u00e9lev\u00e9e.<\/p>\n<p class=\"\" data-start=\"201\" data-end=\"491\">Fabriqu\u00e9e en tissu technique haute performance, elle offre une protection avanc\u00e9e contre les fortes pluies. Les coutures sont \u00e9tanch\u00e9es pour emp\u00eacher l\u2019infiltration d\u2019humidit\u00e9, tandis que la structure coupe-vent assure un confort thermique optimal m\u00eame lors de la conduite \u00e0 grande vitesse.<\/p>\n<p class=\"\" data-start=\"493\" data-end=\"638\">Le v\u00eatement est l\u00e9ger et compressible, \u00e9quip\u00e9 d&rsquo;une capuche r\u00e9glable int\u00e9gr\u00e9e, con\u00e7u pour faire face \u00e0 des conditions environnementales extr\u00eames.<\/p>\n<p class=\"\" data-start=\"640\" data-end=\"732\">Lorsqu\u2019il n&rsquo;est pas utilis\u00e9, il peut \u00eatre facilement repli\u00e9 dans le sac de transport inclus.<\/p>\n<\/div>\n<\/div>\n<\/div>\n<\/div>\n<\/div>\n<\/div>\n<\/div>\n<\/div>\n<\/div>\n<\/div>\n<\/div>\n<\/div>\n","protected":false},"featured_media":10555,"template":"","meta":[],"product_brand":[],"product_cat":[97],"product_tag":[],"class_list":{"0":"post-8051","1":"product","2":"type-product","3":"status-publish","4":"has-post-thumbnail","6":"product_cat-accessoires-et-recharges","8":"first","9":"outofstock","10":"taxable","11":"shipping-taxable","12":"product-type-variable"},"yoast_head":"<!-- This site is optimized with the Yoast SEO plugin v27.0 - https:\/\/yoast.com\/product\/yoast-seo-wordpress\/ -->\n<title>VESTE IMPERMEABLE MAB - Motoairbag - L&#039;airbag per i motociclisti<\/title>\n<meta name=\"robots\" content=\"index, follow, max-snippet:-1, max-image-preview:large, max-video-preview:-1\" \/>\n<link rel=\"canonical\" href=\"https:\/\/www.motoairbag.com\/fr\/shop\/accessoires-et-recharges\/veste-impermeable-mab\/\" \/>\n<meta property=\"og:locale\" content=\"fr_FR\" \/>\n<meta property=\"og:type\" content=\"article\" \/>\n<meta property=\"og:title\" content=\"VESTE IMPERMEABLE MAB - Motoairbag - L&#039;airbag per i motociclisti\" \/>\n<meta property=\"og:description\" content=\"Veste de pluie sp\u00e9cialement con\u00e7ue pour \u00eatre port\u00e9e par-dessus le MOTOAIRBAG, en pr\u00e9servant l\u2019efficacit\u00e9 du dispositif tout en garantissant une ergonomie \u00e9lev\u00e9e. Fabriqu\u00e9e en tissu technique haute performance, elle offre une protection avanc\u00e9e contre les fortes pluies. Les coutures sont \u00e9tanch\u00e9es pour emp\u00eacher l\u2019infiltration d\u2019humidit\u00e9, tandis que la structure coupe-vent assure un confort thermique optimal m\u00eame lors de la conduite \u00e0 grande vitesse. Le v\u00eatement est l\u00e9ger et compressible, \u00e9quip\u00e9 d&#039;une capuche r\u00e9glable int\u00e9gr\u00e9e, con\u00e7u pour faire face \u00e0 des conditions environnementales extr\u00eames. Lorsqu\u2019il n&#039;est pas utilis\u00e9, il peut \u00eatre facilement repli\u00e9 dans le sac de transport inclus.\" \/>\n<meta property=\"og:url\" content=\"https:\/\/www.motoairbag.com\/fr\/shop\/accessoires-et-recharges\/veste-impermeable-mab\/\" \/>\n<meta property=\"og:site_name\" content=\"Motoairbag - L&#039;airbag per i motociclisti\" \/>\n<meta property=\"article:modified_time\" content=\"2025-11-18T09:53:46+00:00\" \/>\n<meta property=\"og:image\" content=\"https:\/\/www.motoairbag.com\/wp-content\/uploads\/2023\/12\/BUSTINA-2.png\" \/>\n\t<meta property=\"og:image:width\" content=\"1700\" \/>\n\t<meta property=\"og:image:height\" content=\"1700\" \/>\n\t<meta property=\"og:image:type\" content=\"image\/png\" \/>\n<meta name=\"twitter:card\" content=\"summary_large_image\" \/>\n<meta name=\"twitter:label1\" content=\"Dur\u00e9e de lecture estim\u00e9e\" \/>\n\t<meta name=\"twitter:data1\" content=\"1 minute\" \/>\n<script type=\"application\/ld+json\" class=\"yoast-schema-graph\">{\"@context\":\"https:\/\/schema.org\",\"@graph\":[{\"@type\":\"WebPage\",\"@id\":\"https:\/\/www.motoairbag.com\/fr\/shop\/accessoires-et-recharges\/veste-impermeable-mab\/\",\"url\":\"https:\/\/www.motoairbag.com\/fr\/shop\/accessoires-et-recharges\/veste-impermeable-mab\/\",\"name\":\"VESTE IMPERMEABLE MAB - Motoairbag - L&#039;airbag per i motociclisti\",\"isPartOf\":{\"@id\":\"https:\/\/www.motoairbag.com\/#website\"},\"primaryImageOfPage\":{\"@id\":\"https:\/\/www.motoairbag.com\/fr\/shop\/accessoires-et-recharges\/veste-impermeable-mab\/#primaryimage\"},\"image\":{\"@id\":\"https:\/\/www.motoairbag.com\/fr\/shop\/accessoires-et-recharges\/veste-impermeable-mab\/#primaryimage\"},\"thumbnailUrl\":\"https:\/\/www.motoairbag.com\/wp-content\/uploads\/2023\/12\/BUSTINA-2.png\",\"datePublished\":\"2023-12-13T13:34:56+00:00\",\"dateModified\":\"2025-11-18T09:53:46+00:00\",\"breadcrumb\":{\"@id\":\"https:\/\/www.motoairbag.com\/fr\/shop\/accessoires-et-recharges\/veste-impermeable-mab\/#breadcrumb\"},\"inLanguage\":\"fr-FR\",\"potentialAction\":[{\"@type\":\"ReadAction\",\"target\":[\"https:\/\/www.motoairbag.com\/fr\/shop\/accessoires-et-recharges\/veste-impermeable-mab\/\"]}]},{\"@type\":\"ImageObject\",\"inLanguage\":\"fr-FR\",\"@id\":\"https:\/\/www.motoairbag.com\/fr\/shop\/accessoires-et-recharges\/veste-impermeable-mab\/#primaryimage\",\"url\":\"https:\/\/www.motoairbag.com\/wp-content\/uploads\/2023\/12\/BUSTINA-2.png\",\"contentUrl\":\"https:\/\/www.motoairbag.com\/wp-content\/uploads\/2023\/12\/BUSTINA-2.png\",\"width\":1700,\"height\":1700},{\"@type\":\"BreadcrumbList\",\"@id\":\"https:\/\/www.motoairbag.com\/fr\/shop\/accessoires-et-recharges\/veste-impermeable-mab\/#breadcrumb\",\"itemListElement\":[{\"@type\":\"ListItem\",\"position\":1,\"name\":\"Home\",\"item\":\"https:\/\/www.motoairbag.com\/fr\/\"},{\"@type\":\"ListItem\",\"position\":2,\"name\":\"Boutique\",\"item\":\"https:\/\/www.motoairbag.com\/fr\/boutique\/\"},{\"@type\":\"ListItem\",\"position\":3,\"name\":\"VESTE IMPERMEABLE MAB\"}]},{\"@type\":\"WebSite\",\"@id\":\"https:\/\/www.motoairbag.com\/#website\",\"url\":\"https:\/\/www.motoairbag.com\/\",\"name\":\"Motoairbag - L&#039;airbag per i motociclisti\",\"description\":\"\",\"publisher\":{\"@id\":\"https:\/\/www.motoairbag.com\/#organization\"},\"potentialAction\":[{\"@type\":\"SearchAction\",\"target\":{\"@type\":\"EntryPoint\",\"urlTemplate\":\"https:\/\/www.motoairbag.com\/?s={search_term_string}\"},\"query-input\":{\"@type\":\"PropertyValueSpecification\",\"valueRequired\":true,\"valueName\":\"search_term_string\"}}],\"inLanguage\":\"fr-FR\"},{\"@type\":\"Organization\",\"@id\":\"https:\/\/www.motoairbag.com\/#organization\",\"name\":\"Motoairbag - L&#039;airbag per i motociclisti\",\"url\":\"https:\/\/www.motoairbag.com\/\",\"logo\":{\"@type\":\"ImageObject\",\"inLanguage\":\"fr-FR\",\"@id\":\"https:\/\/www.motoairbag.com\/#\/schema\/logo\/image\/\",\"url\":\"https:\/\/www.motoairbag.com\/wp-content\/uploads\/2022\/11\/logo-final.jpg\",\"contentUrl\":\"https:\/\/www.motoairbag.com\/wp-content\/uploads\/2022\/11\/logo-final.jpg\",\"width\":609,\"height\":80,\"caption\":\"Motoairbag - L&#039;airbag per i motociclisti\"},\"image\":{\"@id\":\"https:\/\/www.motoairbag.com\/#\/schema\/logo\/image\/\"}}]}<\/script>\n<!-- \/ Yoast SEO plugin. -->","yoast_head_json":{"title":"VESTE IMPERMEABLE MAB - Motoairbag - L&#039;airbag per i motociclisti","robots":{"index":"index","follow":"follow","max-snippet":"max-snippet:-1","max-image-preview":"max-image-preview:large","max-video-preview":"max-video-preview:-1"},"canonical":"https:\/\/www.motoairbag.com\/fr\/shop\/accessoires-et-recharges\/veste-impermeable-mab\/","og_locale":"fr_FR","og_type":"article","og_title":"VESTE IMPERMEABLE MAB - Motoairbag - L&#039;airbag per i motociclisti","og_description":"Veste de pluie sp\u00e9cialement con\u00e7ue pour \u00eatre port\u00e9e par-dessus le MOTOAIRBAG, en pr\u00e9servant l\u2019efficacit\u00e9 du dispositif tout en garantissant une ergonomie \u00e9lev\u00e9e. Fabriqu\u00e9e en tissu technique haute performance, elle offre une protection avanc\u00e9e contre les fortes pluies. Les coutures sont \u00e9tanch\u00e9es pour emp\u00eacher l\u2019infiltration d\u2019humidit\u00e9, tandis que la structure coupe-vent assure un confort thermique optimal m\u00eame lors de la conduite \u00e0 grande vitesse. Le v\u00eatement est l\u00e9ger et compressible, \u00e9quip\u00e9 d'une capuche r\u00e9glable int\u00e9gr\u00e9e, con\u00e7u pour faire face \u00e0 des conditions environnementales extr\u00eames. Lorsqu\u2019il n'est pas utilis\u00e9, il peut \u00eatre facilement repli\u00e9 dans le sac de transport inclus.","og_url":"https:\/\/www.motoairbag.com\/fr\/shop\/accessoires-et-recharges\/veste-impermeable-mab\/","og_site_name":"Motoairbag - L&#039;airbag per i motociclisti","article_modified_time":"2025-11-18T09:53:46+00:00","og_image":[{"width":1700,"height":1700,"url":"https:\/\/www.motoairbag.com\/wp-content\/uploads\/2023\/12\/BUSTINA-2.png","type":"image\/png"}],"twitter_card":"summary_large_image","twitter_misc":{"Dur\u00e9e de lecture estim\u00e9e":"1 minute"},"schema":{"@context":"https:\/\/schema.org","@graph":[{"@type":"WebPage","@id":"https:\/\/www.motoairbag.com\/fr\/shop\/accessoires-et-recharges\/veste-impermeable-mab\/","url":"https:\/\/www.motoairbag.com\/fr\/shop\/accessoires-et-recharges\/veste-impermeable-mab\/","name":"VESTE IMPERMEABLE MAB - Motoairbag - L&#039;airbag per i motociclisti","isPartOf":{"@id":"https:\/\/www.motoairbag.com\/#website"},"primaryImageOfPage":{"@id":"https:\/\/www.motoairbag.com\/fr\/shop\/accessoires-et-recharges\/veste-impermeable-mab\/#primaryimage"},"image":{"@id":"https:\/\/www.motoairbag.com\/fr\/shop\/accessoires-et-recharges\/veste-impermeable-mab\/#primaryimage"},"thumbnailUrl":"https:\/\/www.motoairbag.com\/wp-content\/uploads\/2023\/12\/BUSTINA-2.png","datePublished":"2023-12-13T13:34:56+00:00","dateModified":"2025-11-18T09:53:46+00:00","breadcrumb":{"@id":"https:\/\/www.motoairbag.com\/fr\/shop\/accessoires-et-recharges\/veste-impermeable-mab\/#breadcrumb"},"inLanguage":"fr-FR","potentialAction":[{"@type":"ReadAction","target":["https:\/\/www.motoairbag.com\/fr\/shop\/accessoires-et-recharges\/veste-impermeable-mab\/"]}]},{"@type":"ImageObject","inLanguage":"fr-FR","@id":"https:\/\/www.motoairbag.com\/fr\/shop\/accessoires-et-recharges\/veste-impermeable-mab\/#primaryimage","url":"https:\/\/www.motoairbag.com\/wp-content\/uploads\/2023\/12\/BUSTINA-2.png","contentUrl":"https:\/\/www.motoairbag.com\/wp-content\/uploads\/2023\/12\/BUSTINA-2.png","width":1700,"height":1700},{"@type":"BreadcrumbList","@id":"https:\/\/www.motoairbag.com\/fr\/shop\/accessoires-et-recharges\/veste-impermeable-mab\/#breadcrumb","itemListElement":[{"@type":"ListItem","position":1,"name":"Home","item":"https:\/\/www.motoairbag.com\/fr\/"},{"@type":"ListItem","position":2,"name":"Boutique","item":"https:\/\/www.motoairbag.com\/fr\/boutique\/"},{"@type":"ListItem","position":3,"name":"VESTE IMPERMEABLE MAB"}]},{"@type":"WebSite","@id":"https:\/\/www.motoairbag.com\/#website","url":"https:\/\/www.motoairbag.com\/","name":"Motoairbag - L&#039;airbag per i motociclisti","description":"","publisher":{"@id":"https:\/\/www.motoairbag.com\/#organization"},"potentialAction":[{"@type":"SearchAction","target":{"@type":"EntryPoint","urlTemplate":"https:\/\/www.motoairbag.com\/?s={search_term_string}"},"query-input":{"@type":"PropertyValueSpecification","valueRequired":true,"valueName":"search_term_string"}}],"inLanguage":"fr-FR"},{"@type":"Organization","@id":"https:\/\/www.motoairbag.com\/#organization","name":"Motoairbag - L&#039;airbag per i motociclisti","url":"https:\/\/www.motoairbag.com\/","logo":{"@type":"ImageObject","inLanguage":"fr-FR","@id":"https:\/\/www.motoairbag.com\/#\/schema\/logo\/image\/","url":"https:\/\/www.motoairbag.com\/wp-content\/uploads\/2022\/11\/logo-final.jpg","contentUrl":"https:\/\/www.motoairbag.com\/wp-content\/uploads\/2022\/11\/logo-final.jpg","width":609,"height":80,"caption":"Motoairbag - L&#039;airbag per i motociclisti"},"image":{"@id":"https:\/\/www.motoairbag.com\/#\/schema\/logo\/image\/"}}]}},"_links":{"self":[{"href":"https:\/\/www.motoairbag.com\/fr\/wp-json\/wp\/v2\/product\/8051","targetHints":{"allow":["GET"]}}],"collection":[{"href":"https:\/\/www.motoairbag.com\/fr\/wp-json\/wp\/v2\/product"}],"about":[{"href":"https:\/\/www.motoairbag.com\/fr\/wp-json\/wp\/v2\/types\/product"}],"wp:featuredmedia":[{"embeddable":true,"href":"https:\/\/www.motoairbag.com\/fr\/wp-json\/wp\/v2\/media\/10555"}],"wp:attachment":[{"href":"https:\/\/www.motoairbag.com\/fr\/wp-json\/wp\/v2\/media?parent=8051"}],"wp:term":[{"taxonomy":"product_brand","embeddable":true,"href":"https:\/\/www.motoairbag.com\/fr\/wp-json\/wp\/v2\/product_brand?post=8051"},{"taxonomy":"product_cat","embeddable":true,"href":"https:\/\/www.motoairbag.com\/fr\/wp-json\/wp\/v2\/product_cat?post=8051"},{"taxonomy":"product_tag","embeddable":true,"href":"https:\/\/www.motoairbag.com\/fr\/wp-json\/wp\/v2\/product_tag?post=8051"}],"curies":[{"name":"wp","href":"https:\/\/api.w.org\/{rel}","templated":true}]}}