{"id":7970,"date":"2023-11-28T10:34:43","date_gmt":"2023-11-28T10:34:43","guid":{"rendered":"https:\/\/www.motoairbag.com\/?post_type=product&#038;p=7970"},"modified":"2026-03-30T08:49:47","modified_gmt":"2026-03-30T08:49:47","slug":"veste-mab-v4","status":"publish","type":"product","link":"https:\/\/www.motoairbag.com\/fr\/shop\/accessoires-et-recharges\/veste-mab-v4\/","title":{"rendered":"VESTE MAB V4"},"content":{"rendered":"<p>Con\u00e7ue pour permettre une circulation naturelle de l\u2019air : l\u2019air entre par les bras et se diffuse dans tout le corps, le maintenant toujours frais et ventil\u00e9.<\/p>\n<p>Les parties avant et arri\u00e8re, extr\u00eamement perfor\u00e9es, favorisent le flux d\u2019air.<\/p>\n<p>Non compatible avec le mod\u00e8le V3 ou d\u2019autres mod\u00e8les et NE PEUT PAS \u00eatre utilis\u00e9e seule : elle doit \u00eatre port\u00e9e exclusivement avec le MOTOAIRBAG.<\/p>\n","protected":false},"excerpt":{"rendered":"<div class=\"flex-1 overflow-hidden\">\n<div class=\"react-scroll-to-bottom--css-usupk-79elbk h-full\">\n<div class=\"react-scroll-to-bottom--css-usupk-1n7m0yu\">\n<div class=\"flex flex-col pb-9 text-sm\">\n<div class=\"w-full text-token-text-primary\" data-testid=\"conversation-turn-9\">\n<div class=\"px-4 py-2 justify-center text-base md:gap-6 md:py-6 m-auto\">\n<div class=\"flex flex-1 text-base mx-auto gap-3 md:px-5 lg:px-1 xl:px-5 md:max-w-3xl lg:max-w-[40rem] xl:max-w-[48rem] } group final-completion\">\n<div class=\"relative flex w-full flex-col lg:w-[calc(100%-115px)] agent-turn\">\n<div class=\"flex-col gap-1 md:gap-3\">\n<div class=\"flex flex-grow flex-col max-w-full\">\n<div class=\"min-h-[20px] text-message flex flex-col items-start gap-3 whitespace-pre-wrap break-words [.text-message+&amp;]:mt-5 overflow-x-auto\" data-message-author-role=\"assistant\" data-message-id=\"ffea70c0-6e09-47c7-9e47-29714e624ba6\">\n<div class=\"markdown prose w-full break-words dark:prose-invert light\"><\/div>\n<\/div>\n<p data-start=\"818\" data-end=\"1133\">Veste de printemps\/\u00e9t\u00e9 parfaite pour ceux qui recherchent confort et s\u00e9curit\u00e9, compatible exclusivement avec les mod\u00e8les MAB V4 et MAB V4 MODULAR.<br data-start=\"984\" data-end=\"987\" \/>\u00c9quip\u00e9e de protections rigides aux \u00e9paules et aux coudes EN1621-1 Niveau 2, elle garantit une protection optimale sans compromettre la l\u00e9g\u00e8ret\u00e9.<\/p>\n<p data-start=\"1135\" data-end=\"1257\">Con\u00e7ue pour \u00eatre port\u00e9e avec le gilet MOTOAIRBAG V4, elle offre une solution compl\u00e8te et s\u00fbre pour chaque sortie \u00e0 moto.<\/p>\n<p data-start=\"1259\" data-end=\"1427\">Fabriqu\u00e9e en polyester \u00e0 haute t\u00e9nacit\u00e9, elle r\u00e9siste \u00e0 une utilisation quotidienne tout en conservant confort et respirabilit\u00e9 pendant les journ\u00e9es les plus chaudes.<\/p>\n<p data-start=\"1429\" data-end=\"1530\">Disponible en trois tailles, facile \u00e0 laver et pr\u00eate \u00e0 devenir votre compagnon de route id\u00e9al \u00e0 moto.<\/p>\n<\/div>\n<div class=\"mt-1 flex justify-start gap-3 empty:hidden\">\n<div class=\"text-gray-400 flex self-end lg:self-center justify-center lg:justify-start mt-0 gap-1 visible\">\n<p>&nbsp;<\/p>\n<div class=\"flex gap-1\"><\/div>\n<div class=\"flex items-center gap-1.5 text-xs\"><\/div>\n<\/div>\n<\/div>\n<\/div>\n<\/div>\n<\/div>\n<\/div>\n<\/div>\n<\/div>\n<\/div>\n<\/div>\n<\/div>\n<div class=\"w-full pt-2 md:pt-0 dark:border-white\/20 md:border-transparent md:dark:border-transparent md:w-[calc(100%-.5rem)]\">\n<form class=\"stretch mx-2 flex flex-row gap-3 last:mb-2 md:mx-4 md:last:mb-6 lg:mx-auto lg:max-w-2xl xl:max-w-3xl\">\n<div class=\"relative flex h-full flex-1 items-stretch md:flex-col\">\n<div class=\"flex w-full items-center\"><\/div>\n<\/div>\n<\/form>\n<\/div>\n","protected":false},"featured_media":5345,"template":"","meta":[],"product_brand":[],"product_cat":[97],"product_tag":[],"class_list":{"0":"post-7970","1":"product","2":"type-product","3":"status-publish","4":"has-post-thumbnail","6":"product_cat-accessoires-et-recharges","8":"first","9":"instock","10":"taxable","11":"shipping-taxable","12":"purchasable","13":"product-type-variable"},"yoast_head":"<!-- This site is optimized with the Yoast SEO plugin v27.0 - https:\/\/yoast.com\/product\/yoast-seo-wordpress\/ -->\n<title>VESTE MAB V4 - Motoairbag - L&#039;airbag per i motociclisti<\/title>\n<meta name=\"robots\" content=\"index, follow, max-snippet:-1, max-image-preview:large, max-video-preview:-1\" \/>\n<link rel=\"canonical\" href=\"https:\/\/www.motoairbag.com\/fr\/shop\/accessoires-et-recharges\/veste-mab-v4\/\" \/>\n<meta property=\"og:locale\" content=\"fr_FR\" \/>\n<meta property=\"og:type\" content=\"article\" \/>\n<meta property=\"og:title\" content=\"VESTE MAB V4 - Motoairbag - L&#039;airbag per i motociclisti\" \/>\n<meta property=\"og:description\" content=\"Veste de printemps\/\u00e9t\u00e9 parfaite pour ceux qui recherchent confort et s\u00e9curit\u00e9, compatible exclusivement avec les mod\u00e8les MAB V4 et MAB V4 MODULAR.\u00c9quip\u00e9e de protections rigides aux \u00e9paules et aux coudes EN1621-1 Niveau 2, elle garantit une protection optimale sans compromettre la l\u00e9g\u00e8ret\u00e9. Con\u00e7ue pour \u00eatre port\u00e9e avec le gilet MOTOAIRBAG V4, elle offre une solution compl\u00e8te et s\u00fbre pour chaque sortie \u00e0 moto. Fabriqu\u00e9e en polyester \u00e0 haute t\u00e9nacit\u00e9, elle r\u00e9siste \u00e0 une utilisation quotidienne tout en conservant confort et respirabilit\u00e9 pendant les journ\u00e9es les plus chaudes. Disponible en trois tailles, facile \u00e0 laver et pr\u00eate \u00e0 devenir votre compagnon de route id\u00e9al \u00e0 moto.      &nbsp;\" \/>\n<meta property=\"og:url\" content=\"https:\/\/www.motoairbag.com\/fr\/shop\/accessoires-et-recharges\/veste-mab-v4\/\" \/>\n<meta property=\"og:site_name\" content=\"Motoairbag - L&#039;airbag per i motociclisti\" \/>\n<meta property=\"article:modified_time\" content=\"2026-03-30T08:49:47+00:00\" \/>\n<meta property=\"og:image\" content=\"https:\/\/www.motoairbag.com\/wp-content\/uploads\/2022\/06\/maniche1_rid-scaled.jpg\" \/>\n\t<meta property=\"og:image:width\" content=\"2560\" \/>\n\t<meta property=\"og:image:height\" content=\"2560\" \/>\n\t<meta property=\"og:image:type\" content=\"image\/jpeg\" \/>\n<meta name=\"twitter:card\" content=\"summary_large_image\" \/>\n<meta name=\"twitter:label1\" content=\"Dur\u00e9e de lecture estim\u00e9e\" \/>\n\t<meta name=\"twitter:data1\" content=\"1 minute\" \/>\n<script type=\"application\/ld+json\" class=\"yoast-schema-graph\">{\"@context\":\"https:\/\/schema.org\",\"@graph\":[{\"@type\":\"WebPage\",\"@id\":\"https:\/\/www.motoairbag.com\/fr\/shop\/accessoires-et-recharges\/veste-mab-v4\/\",\"url\":\"https:\/\/www.motoairbag.com\/fr\/shop\/accessoires-et-recharges\/veste-mab-v4\/\",\"name\":\"VESTE MAB V4 - Motoairbag - L&#039;airbag per i motociclisti\",\"isPartOf\":{\"@id\":\"https:\/\/www.motoairbag.com\/#website\"},\"primaryImageOfPage\":{\"@id\":\"https:\/\/www.motoairbag.com\/fr\/shop\/accessoires-et-recharges\/veste-mab-v4\/#primaryimage\"},\"image\":{\"@id\":\"https:\/\/www.motoairbag.com\/fr\/shop\/accessoires-et-recharges\/veste-mab-v4\/#primaryimage\"},\"thumbnailUrl\":\"https:\/\/www.motoairbag.com\/wp-content\/uploads\/2022\/06\/maniche1_rid-scaled.jpg\",\"datePublished\":\"2023-11-28T10:34:43+00:00\",\"dateModified\":\"2026-03-30T08:49:47+00:00\",\"breadcrumb\":{\"@id\":\"https:\/\/www.motoairbag.com\/fr\/shop\/accessoires-et-recharges\/veste-mab-v4\/#breadcrumb\"},\"inLanguage\":\"fr-FR\",\"potentialAction\":[{\"@type\":\"ReadAction\",\"target\":[\"https:\/\/www.motoairbag.com\/fr\/shop\/accessoires-et-recharges\/veste-mab-v4\/\"]}]},{\"@type\":\"ImageObject\",\"inLanguage\":\"fr-FR\",\"@id\":\"https:\/\/www.motoairbag.com\/fr\/shop\/accessoires-et-recharges\/veste-mab-v4\/#primaryimage\",\"url\":\"https:\/\/www.motoairbag.com\/wp-content\/uploads\/2022\/06\/maniche1_rid-scaled.jpg\",\"contentUrl\":\"https:\/\/www.motoairbag.com\/wp-content\/uploads\/2022\/06\/maniche1_rid-scaled.jpg\",\"width\":2560,\"height\":2560},{\"@type\":\"BreadcrumbList\",\"@id\":\"https:\/\/www.motoairbag.com\/fr\/shop\/accessoires-et-recharges\/veste-mab-v4\/#breadcrumb\",\"itemListElement\":[{\"@type\":\"ListItem\",\"position\":1,\"name\":\"Home\",\"item\":\"https:\/\/www.motoairbag.com\/fr\/\"},{\"@type\":\"ListItem\",\"position\":2,\"name\":\"Boutique\",\"item\":\"https:\/\/www.motoairbag.com\/fr\/boutique\/\"},{\"@type\":\"ListItem\",\"position\":3,\"name\":\"VESTE MAB V4\"}]},{\"@type\":\"WebSite\",\"@id\":\"https:\/\/www.motoairbag.com\/#website\",\"url\":\"https:\/\/www.motoairbag.com\/\",\"name\":\"Motoairbag - L&#039;airbag per i motociclisti\",\"description\":\"\",\"publisher\":{\"@id\":\"https:\/\/www.motoairbag.com\/#organization\"},\"potentialAction\":[{\"@type\":\"SearchAction\",\"target\":{\"@type\":\"EntryPoint\",\"urlTemplate\":\"https:\/\/www.motoairbag.com\/?s={search_term_string}\"},\"query-input\":{\"@type\":\"PropertyValueSpecification\",\"valueRequired\":true,\"valueName\":\"search_term_string\"}}],\"inLanguage\":\"fr-FR\"},{\"@type\":\"Organization\",\"@id\":\"https:\/\/www.motoairbag.com\/#organization\",\"name\":\"Motoairbag - L&#039;airbag per i motociclisti\",\"url\":\"https:\/\/www.motoairbag.com\/\",\"logo\":{\"@type\":\"ImageObject\",\"inLanguage\":\"fr-FR\",\"@id\":\"https:\/\/www.motoairbag.com\/#\/schema\/logo\/image\/\",\"url\":\"https:\/\/www.motoairbag.com\/wp-content\/uploads\/2022\/11\/logo-final.jpg\",\"contentUrl\":\"https:\/\/www.motoairbag.com\/wp-content\/uploads\/2022\/11\/logo-final.jpg\",\"width\":609,\"height\":80,\"caption\":\"Motoairbag - L&#039;airbag per i motociclisti\"},\"image\":{\"@id\":\"https:\/\/www.motoairbag.com\/#\/schema\/logo\/image\/\"}}]}<\/script>\n<!-- \/ Yoast SEO plugin. -->","yoast_head_json":{"title":"VESTE MAB V4 - Motoairbag - L&#039;airbag per i motociclisti","robots":{"index":"index","follow":"follow","max-snippet":"max-snippet:-1","max-image-preview":"max-image-preview:large","max-video-preview":"max-video-preview:-1"},"canonical":"https:\/\/www.motoairbag.com\/fr\/shop\/accessoires-et-recharges\/veste-mab-v4\/","og_locale":"fr_FR","og_type":"article","og_title":"VESTE MAB V4 - Motoairbag - L&#039;airbag per i motociclisti","og_description":"Veste de printemps\/\u00e9t\u00e9 parfaite pour ceux qui recherchent confort et s\u00e9curit\u00e9, compatible exclusivement avec les mod\u00e8les MAB V4 et MAB V4 MODULAR.\u00c9quip\u00e9e de protections rigides aux \u00e9paules et aux coudes EN1621-1 Niveau 2, elle garantit une protection optimale sans compromettre la l\u00e9g\u00e8ret\u00e9. Con\u00e7ue pour \u00eatre port\u00e9e avec le gilet MOTOAIRBAG V4, elle offre une solution compl\u00e8te et s\u00fbre pour chaque sortie \u00e0 moto. Fabriqu\u00e9e en polyester \u00e0 haute t\u00e9nacit\u00e9, elle r\u00e9siste \u00e0 une utilisation quotidienne tout en conservant confort et respirabilit\u00e9 pendant les journ\u00e9es les plus chaudes. Disponible en trois tailles, facile \u00e0 laver et pr\u00eate \u00e0 devenir votre compagnon de route id\u00e9al \u00e0 moto.      &nbsp;","og_url":"https:\/\/www.motoairbag.com\/fr\/shop\/accessoires-et-recharges\/veste-mab-v4\/","og_site_name":"Motoairbag - L&#039;airbag per i motociclisti","article_modified_time":"2026-03-30T08:49:47+00:00","og_image":[{"width":2560,"height":2560,"url":"https:\/\/www.motoairbag.com\/wp-content\/uploads\/2022\/06\/maniche1_rid-scaled.jpg","type":"image\/jpeg"}],"twitter_card":"summary_large_image","twitter_misc":{"Dur\u00e9e de lecture estim\u00e9e":"1 minute"},"schema":{"@context":"https:\/\/schema.org","@graph":[{"@type":"WebPage","@id":"https:\/\/www.motoairbag.com\/fr\/shop\/accessoires-et-recharges\/veste-mab-v4\/","url":"https:\/\/www.motoairbag.com\/fr\/shop\/accessoires-et-recharges\/veste-mab-v4\/","name":"VESTE MAB V4 - Motoairbag - L&#039;airbag per i motociclisti","isPartOf":{"@id":"https:\/\/www.motoairbag.com\/#website"},"primaryImageOfPage":{"@id":"https:\/\/www.motoairbag.com\/fr\/shop\/accessoires-et-recharges\/veste-mab-v4\/#primaryimage"},"image":{"@id":"https:\/\/www.motoairbag.com\/fr\/shop\/accessoires-et-recharges\/veste-mab-v4\/#primaryimage"},"thumbnailUrl":"https:\/\/www.motoairbag.com\/wp-content\/uploads\/2022\/06\/maniche1_rid-scaled.jpg","datePublished":"2023-11-28T10:34:43+00:00","dateModified":"2026-03-30T08:49:47+00:00","breadcrumb":{"@id":"https:\/\/www.motoairbag.com\/fr\/shop\/accessoires-et-recharges\/veste-mab-v4\/#breadcrumb"},"inLanguage":"fr-FR","potentialAction":[{"@type":"ReadAction","target":["https:\/\/www.motoairbag.com\/fr\/shop\/accessoires-et-recharges\/veste-mab-v4\/"]}]},{"@type":"ImageObject","inLanguage":"fr-FR","@id":"https:\/\/www.motoairbag.com\/fr\/shop\/accessoires-et-recharges\/veste-mab-v4\/#primaryimage","url":"https:\/\/www.motoairbag.com\/wp-content\/uploads\/2022\/06\/maniche1_rid-scaled.jpg","contentUrl":"https:\/\/www.motoairbag.com\/wp-content\/uploads\/2022\/06\/maniche1_rid-scaled.jpg","width":2560,"height":2560},{"@type":"BreadcrumbList","@id":"https:\/\/www.motoairbag.com\/fr\/shop\/accessoires-et-recharges\/veste-mab-v4\/#breadcrumb","itemListElement":[{"@type":"ListItem","position":1,"name":"Home","item":"https:\/\/www.motoairbag.com\/fr\/"},{"@type":"ListItem","position":2,"name":"Boutique","item":"https:\/\/www.motoairbag.com\/fr\/boutique\/"},{"@type":"ListItem","position":3,"name":"VESTE MAB V4"}]},{"@type":"WebSite","@id":"https:\/\/www.motoairbag.com\/#website","url":"https:\/\/www.motoairbag.com\/","name":"Motoairbag - L&#039;airbag per i motociclisti","description":"","publisher":{"@id":"https:\/\/www.motoairbag.com\/#organization"},"potentialAction":[{"@type":"SearchAction","target":{"@type":"EntryPoint","urlTemplate":"https:\/\/www.motoairbag.com\/?s={search_term_string}"},"query-input":{"@type":"PropertyValueSpecification","valueRequired":true,"valueName":"search_term_string"}}],"inLanguage":"fr-FR"},{"@type":"Organization","@id":"https:\/\/www.motoairbag.com\/#organization","name":"Motoairbag - L&#039;airbag per i motociclisti","url":"https:\/\/www.motoairbag.com\/","logo":{"@type":"ImageObject","inLanguage":"fr-FR","@id":"https:\/\/www.motoairbag.com\/#\/schema\/logo\/image\/","url":"https:\/\/www.motoairbag.com\/wp-content\/uploads\/2022\/11\/logo-final.jpg","contentUrl":"https:\/\/www.motoairbag.com\/wp-content\/uploads\/2022\/11\/logo-final.jpg","width":609,"height":80,"caption":"Motoairbag - L&#039;airbag per i motociclisti"},"image":{"@id":"https:\/\/www.motoairbag.com\/#\/schema\/logo\/image\/"}}]}},"_links":{"self":[{"href":"https:\/\/www.motoairbag.com\/fr\/wp-json\/wp\/v2\/product\/7970","targetHints":{"allow":["GET"]}}],"collection":[{"href":"https:\/\/www.motoairbag.com\/fr\/wp-json\/wp\/v2\/product"}],"about":[{"href":"https:\/\/www.motoairbag.com\/fr\/wp-json\/wp\/v2\/types\/product"}],"wp:featuredmedia":[{"embeddable":true,"href":"https:\/\/www.motoairbag.com\/fr\/wp-json\/wp\/v2\/media\/5345"}],"wp:attachment":[{"href":"https:\/\/www.motoairbag.com\/fr\/wp-json\/wp\/v2\/media?parent=7970"}],"wp:term":[{"taxonomy":"product_brand","embeddable":true,"href":"https:\/\/www.motoairbag.com\/fr\/wp-json\/wp\/v2\/product_brand?post=7970"},{"taxonomy":"product_cat","embeddable":true,"href":"https:\/\/www.motoairbag.com\/fr\/wp-json\/wp\/v2\/product_cat?post=7970"},{"taxonomy":"product_tag","embeddable":true,"href":"https:\/\/www.motoairbag.com\/fr\/wp-json\/wp\/v2\/product_tag?post=7970"}],"curies":[{"name":"wp","href":"https:\/\/api.w.org\/{rel}","templated":true}]}}