{"id":7539,"date":"2023-06-20T14:54:41","date_gmt":"2023-06-20T14:54:46","guid":{"rendered":"https:\/\/www.motoairbag.com\/?post_type=product&#038;p=7539"},"modified":"2025-10-30T10:04:12","modified_gmt":"2025-10-30T10:04:12","slug":"kit-adaptateur-tout-terrain","status":"publish","type":"product","link":"https:\/\/www.motoairbag.com\/fr\/shop\/accessoires-et-recharges\/kit-adaptateur-tout-terrain\/","title":{"rendered":"KIT ADAPTATEUR TOUT-TERRAIN"},"content":{"rendered":"<p data-start=\"457\" data-end=\"608\">La sangle \u00e9lastique sp\u00e9ciale permet de moduler la sensibilit\u00e9 de Fast Lock lorsque le MOTOAIRBAG est utilis\u00e9 en OFF-ROAD extr\u00eame.<\/p>\n<p data-start=\"610\" data-end=\"853\">Longue d\u2019environ 15 cm, elle s\u2019adapte aux mouvements des terrains les plus difficiles et garantit s\u00e9curit\u00e9 et polyvalence. Facile \u00e0 installer et \u00e0 retirer, elle peut \u00e9galement \u00eatre connect\u00e9e directement via le syst\u00e8me \u00e0 d\u00e9clenchement rapide.<\/p>\n","protected":false},"excerpt":{"rendered":"<p data-start=\"554\" data-end=\"790\">Con\u00e7ue exclusivement pour l\u2019OFF-ROAD exigeant, cette sangle offre une \u00e9lasticit\u00e9 contr\u00f4l\u00e9e et une grande r\u00e9sistance, assurant le bon fonctionnement du syst\u00e8me Fast Lock m\u00eame dans les conditions les plus difficiles.<\/p>\n<p data-start=\"792\" data-end=\"1043\">Pour retrouver la sensibilit\u00e9 classique, recommand\u00e9e pour la route ou les parcours off-road normaux, il suffit de d\u00e9connecter l\u2019adaptateur et de reconnecter Fast Lock directement \u00e0 la moto, en conservant \u00e9quilibre, protection et libert\u00e9 de conduite.<\/p>\n","protected":false},"featured_media":7511,"template":"","meta":[],"product_brand":[],"product_cat":[97],"product_tag":[],"class_list":{"0":"post-7539","1":"product","2":"type-product","3":"status-publish","4":"has-post-thumbnail","6":"product_cat-accessoires-et-recharges","8":"first","9":"instock","10":"taxable","11":"shipping-taxable","12":"purchasable","13":"product-type-simple"},"yoast_head":"<!-- This site is optimized with the Yoast SEO plugin v27.0 - https:\/\/yoast.com\/product\/yoast-seo-wordpress\/ -->\n<title>KIT ADAPTATEUR TOUT-TERRAIN - Motoairbag - L&#039;airbag per i motociclisti<\/title>\n<meta name=\"robots\" content=\"index, follow, max-snippet:-1, max-image-preview:large, max-video-preview:-1\" \/>\n<link rel=\"canonical\" href=\"https:\/\/www.motoairbag.com\/fr\/shop\/accessoires-et-recharges\/kit-adaptateur-tout-terrain\/\" \/>\n<meta property=\"og:locale\" content=\"fr_FR\" \/>\n<meta property=\"og:type\" content=\"article\" \/>\n<meta property=\"og:title\" content=\"KIT ADAPTATEUR TOUT-TERRAIN - Motoairbag - L&#039;airbag per i motociclisti\" \/>\n<meta property=\"og:description\" content=\"Con\u00e7ue exclusivement pour l\u2019OFF-ROAD exigeant, cette sangle offre une \u00e9lasticit\u00e9 contr\u00f4l\u00e9e et une grande r\u00e9sistance, assurant le bon fonctionnement du syst\u00e8me Fast Lock m\u00eame dans les conditions les plus difficiles. Pour retrouver la sensibilit\u00e9 classique, recommand\u00e9e pour la route ou les parcours off-road normaux, il suffit de d\u00e9connecter l\u2019adaptateur et de reconnecter Fast Lock directement \u00e0 la moto, en conservant \u00e9quilibre, protection et libert\u00e9 de conduite.\" \/>\n<meta property=\"og:url\" content=\"https:\/\/www.motoairbag.com\/fr\/shop\/accessoires-et-recharges\/kit-adaptateur-tout-terrain\/\" \/>\n<meta property=\"og:site_name\" content=\"Motoairbag - L&#039;airbag per i motociclisti\" \/>\n<meta property=\"article:modified_time\" content=\"2025-10-30T10:04:12+00:00\" \/>\n<meta property=\"og:image\" content=\"https:\/\/www.motoairbag.com\/wp-content\/uploads\/2023\/06\/adattatore.jpg\" \/>\n\t<meta property=\"og:image:width\" content=\"1647\" \/>\n\t<meta property=\"og:image:height\" content=\"1647\" \/>\n\t<meta property=\"og:image:type\" content=\"image\/jpeg\" \/>\n<meta name=\"twitter:card\" content=\"summary_large_image\" \/>\n<meta name=\"twitter:label1\" content=\"Dur\u00e9e de lecture estim\u00e9e\" \/>\n\t<meta name=\"twitter:data1\" content=\"1 minute\" \/>\n<script type=\"application\/ld+json\" class=\"yoast-schema-graph\">{\"@context\":\"https:\/\/schema.org\",\"@graph\":[{\"@type\":\"WebPage\",\"@id\":\"https:\/\/www.motoairbag.com\/fr\/shop\/accessoires-et-recharges\/kit-adaptateur-tout-terrain\/\",\"url\":\"https:\/\/www.motoairbag.com\/fr\/shop\/accessoires-et-recharges\/kit-adaptateur-tout-terrain\/\",\"name\":\"KIT ADAPTATEUR TOUT-TERRAIN - Motoairbag - L&#039;airbag per i motociclisti\",\"isPartOf\":{\"@id\":\"https:\/\/www.motoairbag.com\/#website\"},\"primaryImageOfPage\":{\"@id\":\"https:\/\/www.motoairbag.com\/fr\/shop\/accessoires-et-recharges\/kit-adaptateur-tout-terrain\/#primaryimage\"},\"image\":{\"@id\":\"https:\/\/www.motoairbag.com\/fr\/shop\/accessoires-et-recharges\/kit-adaptateur-tout-terrain\/#primaryimage\"},\"thumbnailUrl\":\"https:\/\/www.motoairbag.com\/wp-content\/uploads\/2023\/06\/adattatore.jpg\",\"datePublished\":\"2023-06-20T14:54:46+00:00\",\"dateModified\":\"2025-10-30T10:04:12+00:00\",\"breadcrumb\":{\"@id\":\"https:\/\/www.motoairbag.com\/fr\/shop\/accessoires-et-recharges\/kit-adaptateur-tout-terrain\/#breadcrumb\"},\"inLanguage\":\"fr-FR\",\"potentialAction\":[{\"@type\":\"ReadAction\",\"target\":[\"https:\/\/www.motoairbag.com\/fr\/shop\/accessoires-et-recharges\/kit-adaptateur-tout-terrain\/\"]}]},{\"@type\":\"ImageObject\",\"inLanguage\":\"fr-FR\",\"@id\":\"https:\/\/www.motoairbag.com\/fr\/shop\/accessoires-et-recharges\/kit-adaptateur-tout-terrain\/#primaryimage\",\"url\":\"https:\/\/www.motoairbag.com\/wp-content\/uploads\/2023\/06\/adattatore.jpg\",\"contentUrl\":\"https:\/\/www.motoairbag.com\/wp-content\/uploads\/2023\/06\/adattatore.jpg\",\"width\":1647,\"height\":1647},{\"@type\":\"BreadcrumbList\",\"@id\":\"https:\/\/www.motoairbag.com\/fr\/shop\/accessoires-et-recharges\/kit-adaptateur-tout-terrain\/#breadcrumb\",\"itemListElement\":[{\"@type\":\"ListItem\",\"position\":1,\"name\":\"Home\",\"item\":\"https:\/\/www.motoairbag.com\/fr\/\"},{\"@type\":\"ListItem\",\"position\":2,\"name\":\"Boutique\",\"item\":\"https:\/\/www.motoairbag.com\/fr\/boutique\/\"},{\"@type\":\"ListItem\",\"position\":3,\"name\":\"KIT ADAPTATEUR TOUT-TERRAIN\"}]},{\"@type\":\"WebSite\",\"@id\":\"https:\/\/www.motoairbag.com\/#website\",\"url\":\"https:\/\/www.motoairbag.com\/\",\"name\":\"Motoairbag - L&#039;airbag per i motociclisti\",\"description\":\"\",\"publisher\":{\"@id\":\"https:\/\/www.motoairbag.com\/#organization\"},\"potentialAction\":[{\"@type\":\"SearchAction\",\"target\":{\"@type\":\"EntryPoint\",\"urlTemplate\":\"https:\/\/www.motoairbag.com\/?s={search_term_string}\"},\"query-input\":{\"@type\":\"PropertyValueSpecification\",\"valueRequired\":true,\"valueName\":\"search_term_string\"}}],\"inLanguage\":\"fr-FR\"},{\"@type\":\"Organization\",\"@id\":\"https:\/\/www.motoairbag.com\/#organization\",\"name\":\"Motoairbag - L&#039;airbag per i motociclisti\",\"url\":\"https:\/\/www.motoairbag.com\/\",\"logo\":{\"@type\":\"ImageObject\",\"inLanguage\":\"fr-FR\",\"@id\":\"https:\/\/www.motoairbag.com\/#\/schema\/logo\/image\/\",\"url\":\"https:\/\/www.motoairbag.com\/wp-content\/uploads\/2022\/11\/logo-final.jpg\",\"contentUrl\":\"https:\/\/www.motoairbag.com\/wp-content\/uploads\/2022\/11\/logo-final.jpg\",\"width\":609,\"height\":80,\"caption\":\"Motoairbag - L&#039;airbag per i motociclisti\"},\"image\":{\"@id\":\"https:\/\/www.motoairbag.com\/#\/schema\/logo\/image\/\"}}]}<\/script>\n<!-- \/ Yoast SEO plugin. -->","yoast_head_json":{"title":"KIT ADAPTATEUR TOUT-TERRAIN - Motoairbag - L&#039;airbag per i motociclisti","robots":{"index":"index","follow":"follow","max-snippet":"max-snippet:-1","max-image-preview":"max-image-preview:large","max-video-preview":"max-video-preview:-1"},"canonical":"https:\/\/www.motoairbag.com\/fr\/shop\/accessoires-et-recharges\/kit-adaptateur-tout-terrain\/","og_locale":"fr_FR","og_type":"article","og_title":"KIT ADAPTATEUR TOUT-TERRAIN - Motoairbag - L&#039;airbag per i motociclisti","og_description":"Con\u00e7ue exclusivement pour l\u2019OFF-ROAD exigeant, cette sangle offre une \u00e9lasticit\u00e9 contr\u00f4l\u00e9e et une grande r\u00e9sistance, assurant le bon fonctionnement du syst\u00e8me Fast Lock m\u00eame dans les conditions les plus difficiles. Pour retrouver la sensibilit\u00e9 classique, recommand\u00e9e pour la route ou les parcours off-road normaux, il suffit de d\u00e9connecter l\u2019adaptateur et de reconnecter Fast Lock directement \u00e0 la moto, en conservant \u00e9quilibre, protection et libert\u00e9 de conduite.","og_url":"https:\/\/www.motoairbag.com\/fr\/shop\/accessoires-et-recharges\/kit-adaptateur-tout-terrain\/","og_site_name":"Motoairbag - L&#039;airbag per i motociclisti","article_modified_time":"2025-10-30T10:04:12+00:00","og_image":[{"width":1647,"height":1647,"url":"https:\/\/www.motoairbag.com\/wp-content\/uploads\/2023\/06\/adattatore.jpg","type":"image\/jpeg"}],"twitter_card":"summary_large_image","twitter_misc":{"Dur\u00e9e de lecture estim\u00e9e":"1 minute"},"schema":{"@context":"https:\/\/schema.org","@graph":[{"@type":"WebPage","@id":"https:\/\/www.motoairbag.com\/fr\/shop\/accessoires-et-recharges\/kit-adaptateur-tout-terrain\/","url":"https:\/\/www.motoairbag.com\/fr\/shop\/accessoires-et-recharges\/kit-adaptateur-tout-terrain\/","name":"KIT ADAPTATEUR TOUT-TERRAIN - Motoairbag - L&#039;airbag per i motociclisti","isPartOf":{"@id":"https:\/\/www.motoairbag.com\/#website"},"primaryImageOfPage":{"@id":"https:\/\/www.motoairbag.com\/fr\/shop\/accessoires-et-recharges\/kit-adaptateur-tout-terrain\/#primaryimage"},"image":{"@id":"https:\/\/www.motoairbag.com\/fr\/shop\/accessoires-et-recharges\/kit-adaptateur-tout-terrain\/#primaryimage"},"thumbnailUrl":"https:\/\/www.motoairbag.com\/wp-content\/uploads\/2023\/06\/adattatore.jpg","datePublished":"2023-06-20T14:54:46+00:00","dateModified":"2025-10-30T10:04:12+00:00","breadcrumb":{"@id":"https:\/\/www.motoairbag.com\/fr\/shop\/accessoires-et-recharges\/kit-adaptateur-tout-terrain\/#breadcrumb"},"inLanguage":"fr-FR","potentialAction":[{"@type":"ReadAction","target":["https:\/\/www.motoairbag.com\/fr\/shop\/accessoires-et-recharges\/kit-adaptateur-tout-terrain\/"]}]},{"@type":"ImageObject","inLanguage":"fr-FR","@id":"https:\/\/www.motoairbag.com\/fr\/shop\/accessoires-et-recharges\/kit-adaptateur-tout-terrain\/#primaryimage","url":"https:\/\/www.motoairbag.com\/wp-content\/uploads\/2023\/06\/adattatore.jpg","contentUrl":"https:\/\/www.motoairbag.com\/wp-content\/uploads\/2023\/06\/adattatore.jpg","width":1647,"height":1647},{"@type":"BreadcrumbList","@id":"https:\/\/www.motoairbag.com\/fr\/shop\/accessoires-et-recharges\/kit-adaptateur-tout-terrain\/#breadcrumb","itemListElement":[{"@type":"ListItem","position":1,"name":"Home","item":"https:\/\/www.motoairbag.com\/fr\/"},{"@type":"ListItem","position":2,"name":"Boutique","item":"https:\/\/www.motoairbag.com\/fr\/boutique\/"},{"@type":"ListItem","position":3,"name":"KIT ADAPTATEUR TOUT-TERRAIN"}]},{"@type":"WebSite","@id":"https:\/\/www.motoairbag.com\/#website","url":"https:\/\/www.motoairbag.com\/","name":"Motoairbag - L&#039;airbag per i motociclisti","description":"","publisher":{"@id":"https:\/\/www.motoairbag.com\/#organization"},"potentialAction":[{"@type":"SearchAction","target":{"@type":"EntryPoint","urlTemplate":"https:\/\/www.motoairbag.com\/?s={search_term_string}"},"query-input":{"@type":"PropertyValueSpecification","valueRequired":true,"valueName":"search_term_string"}}],"inLanguage":"fr-FR"},{"@type":"Organization","@id":"https:\/\/www.motoairbag.com\/#organization","name":"Motoairbag - L&#039;airbag per i motociclisti","url":"https:\/\/www.motoairbag.com\/","logo":{"@type":"ImageObject","inLanguage":"fr-FR","@id":"https:\/\/www.motoairbag.com\/#\/schema\/logo\/image\/","url":"https:\/\/www.motoairbag.com\/wp-content\/uploads\/2022\/11\/logo-final.jpg","contentUrl":"https:\/\/www.motoairbag.com\/wp-content\/uploads\/2022\/11\/logo-final.jpg","width":609,"height":80,"caption":"Motoairbag - L&#039;airbag per i motociclisti"},"image":{"@id":"https:\/\/www.motoairbag.com\/#\/schema\/logo\/image\/"}}]}},"_links":{"self":[{"href":"https:\/\/www.motoairbag.com\/fr\/wp-json\/wp\/v2\/product\/7539","targetHints":{"allow":["GET"]}}],"collection":[{"href":"https:\/\/www.motoairbag.com\/fr\/wp-json\/wp\/v2\/product"}],"about":[{"href":"https:\/\/www.motoairbag.com\/fr\/wp-json\/wp\/v2\/types\/product"}],"wp:featuredmedia":[{"embeddable":true,"href":"https:\/\/www.motoairbag.com\/fr\/wp-json\/wp\/v2\/media\/7511"}],"wp:attachment":[{"href":"https:\/\/www.motoairbag.com\/fr\/wp-json\/wp\/v2\/media?parent=7539"}],"wp:term":[{"taxonomy":"product_brand","embeddable":true,"href":"https:\/\/www.motoairbag.com\/fr\/wp-json\/wp\/v2\/product_brand?post=7539"},{"taxonomy":"product_cat","embeddable":true,"href":"https:\/\/www.motoairbag.com\/fr\/wp-json\/wp\/v2\/product_cat?post=7539"},{"taxonomy":"product_tag","embeddable":true,"href":"https:\/\/www.motoairbag.com\/fr\/wp-json\/wp\/v2\/product_tag?post=7539"}],"curies":[{"name":"wp","href":"https:\/\/api.w.org\/{rel}","templated":true}]}}