{"id":5111,"date":"2022-06-23T10:17:50","date_gmt":"2022-06-23T10:17:50","guid":{"rendered":"http:\/\/motoairbag.innovea.it\/shop\/non%20class\u00e9\/kit-de-courroie-mab-pour-le-cadre\/"},"modified":"2025-10-30T11:17:56","modified_gmt":"2025-10-30T11:17:56","slug":"kit-de-courroie-mab-pour-le-cadre","status":"publish","type":"product","link":"https:\/\/www.motoairbag.com\/fr\/shop\/accessoires-et-recharges\/kit-de-courroie-mab-pour-le-cadre\/","title":{"rendered":"KIT DE COURROIE MAB POUR LE CADRE"},"content":{"rendered":"<p data-start=\"503\" data-end=\"577\">\u00c0 placer toujours derri\u00e8re le pilote ou le passager.<\/p>\n<p data-start=\"579\" data-end=\"703\">Chaque MOTOAIRBAG n\u00e9cessite sa propre sangle, garantissant ainsi s\u00e9curit\u00e9 et fonctionnement optimal de chaque dispositif.<\/p>\n<p data-start=\"705\" data-end=\"805\">L\u2019enveloppe contient les instructions pour une installation correcte, simple, s\u00fbre et sans erreur.<\/p>\n<p data-start=\"807\" data-end=\"905\">Elle pr\u00e9sente trois trous, offrant plus de flexibilit\u00e9 et de possibilit\u00e9s selon le type de moto.<\/p>\n","protected":false},"excerpt":{"rendered":"<p data-start=\"513\" data-end=\"819\">La sangle de cadre permet de pr\u00e9parer la moto, ou une deuxi\u00e8me moto, pour l\u2019utilisation du MOTOAIRBAG, en se fixant directement au cadre via un boulon d\u00e9di\u00e9.<br data-start=\"693\" data-end=\"696\" \/>La sangle est d\u00e9j\u00e0 incluse dans le paquet airbag MOTOAIRBAG, avec la sangle de selle, pr\u00eate \u00e0 \u00eatre install\u00e9e facilement.<\/p>\n<p data-start=\"821\" data-end=\"923\">Elle garantit une fixation solide, stable et discr\u00e8te, alliant \u00e9l\u00e9gance et s\u00e9curit\u00e9 \u00e0 chaque sortie.<\/p>\n","protected":false},"featured_media":4687,"template":"","meta":[],"product_brand":[],"product_cat":[97],"product_tag":[],"class_list":{"0":"post-5111","1":"product","2":"type-product","3":"status-publish","4":"has-post-thumbnail","6":"product_cat-accessoires-et-recharges","8":"first","9":"instock","10":"taxable","11":"shipping-taxable","12":"purchasable","13":"product-type-simple"},"yoast_head":"<!-- This site is optimized with the Yoast SEO plugin v27.0 - https:\/\/yoast.com\/product\/yoast-seo-wordpress\/ -->\n<title>KIT DE COURROIE MAB POUR LE CADRE - Motoairbag - L&#039;airbag per i motociclisti<\/title>\n<meta name=\"robots\" content=\"index, follow, max-snippet:-1, max-image-preview:large, max-video-preview:-1\" \/>\n<link rel=\"canonical\" href=\"https:\/\/www.motoairbag.com\/fr\/shop\/accessoires-et-recharges\/kit-de-courroie-mab-pour-le-cadre\/\" \/>\n<meta property=\"og:locale\" content=\"fr_FR\" \/>\n<meta property=\"og:type\" content=\"article\" \/>\n<meta property=\"og:title\" content=\"KIT DE COURROIE MAB POUR LE CADRE - Motoairbag - L&#039;airbag per i motociclisti\" \/>\n<meta property=\"og:description\" content=\"La sangle de cadre permet de pr\u00e9parer la moto, ou une deuxi\u00e8me moto, pour l\u2019utilisation du MOTOAIRBAG, en se fixant directement au cadre via un boulon d\u00e9di\u00e9.La sangle est d\u00e9j\u00e0 incluse dans le paquet airbag MOTOAIRBAG, avec la sangle de selle, pr\u00eate \u00e0 \u00eatre install\u00e9e facilement. Elle garantit une fixation solide, stable et discr\u00e8te, alliant \u00e9l\u00e9gance et s\u00e9curit\u00e9 \u00e0 chaque sortie.\" \/>\n<meta property=\"og:url\" content=\"https:\/\/www.motoairbag.com\/fr\/shop\/accessoires-et-recharges\/kit-de-courroie-mab-pour-le-cadre\/\" \/>\n<meta property=\"og:site_name\" content=\"Motoairbag - L&#039;airbag per i motociclisti\" \/>\n<meta property=\"article:modified_time\" content=\"2025-10-30T11:17:56+00:00\" \/>\n<meta property=\"og:image\" content=\"https:\/\/www.motoairbag.com\/wp-content\/uploads\/2022\/06\/D3701F-cinghia-sottosella_1-1.jpg\" \/>\n\t<meta property=\"og:image:width\" content=\"1080\" \/>\n\t<meta property=\"og:image:height\" content=\"1080\" \/>\n\t<meta property=\"og:image:type\" content=\"image\/jpeg\" \/>\n<meta name=\"twitter:card\" content=\"summary_large_image\" \/>\n<meta name=\"twitter:label1\" content=\"Dur\u00e9e de lecture estim\u00e9e\" \/>\n\t<meta name=\"twitter:data1\" content=\"1 minute\" \/>\n<script type=\"application\/ld+json\" class=\"yoast-schema-graph\">{\"@context\":\"https:\/\/schema.org\",\"@graph\":[{\"@type\":\"WebPage\",\"@id\":\"https:\/\/www.motoairbag.com\/fr\/shop\/accessoires-et-recharges\/kit-de-courroie-mab-pour-le-cadre\/\",\"url\":\"https:\/\/www.motoairbag.com\/fr\/shop\/accessoires-et-recharges\/kit-de-courroie-mab-pour-le-cadre\/\",\"name\":\"KIT DE COURROIE MAB POUR LE CADRE - Motoairbag - L&#039;airbag per i motociclisti\",\"isPartOf\":{\"@id\":\"https:\/\/www.motoairbag.com\/#website\"},\"primaryImageOfPage\":{\"@id\":\"https:\/\/www.motoairbag.com\/fr\/shop\/accessoires-et-recharges\/kit-de-courroie-mab-pour-le-cadre\/#primaryimage\"},\"image\":{\"@id\":\"https:\/\/www.motoairbag.com\/fr\/shop\/accessoires-et-recharges\/kit-de-courroie-mab-pour-le-cadre\/#primaryimage\"},\"thumbnailUrl\":\"https:\/\/www.motoairbag.com\/wp-content\/uploads\/2022\/06\/D3701F-cinghia-sottosella_1-1.jpg\",\"datePublished\":\"2022-06-23T10:17:50+00:00\",\"dateModified\":\"2025-10-30T11:17:56+00:00\",\"breadcrumb\":{\"@id\":\"https:\/\/www.motoairbag.com\/fr\/shop\/accessoires-et-recharges\/kit-de-courroie-mab-pour-le-cadre\/#breadcrumb\"},\"inLanguage\":\"fr-FR\",\"potentialAction\":[{\"@type\":\"ReadAction\",\"target\":[\"https:\/\/www.motoairbag.com\/fr\/shop\/accessoires-et-recharges\/kit-de-courroie-mab-pour-le-cadre\/\"]}]},{\"@type\":\"ImageObject\",\"inLanguage\":\"fr-FR\",\"@id\":\"https:\/\/www.motoairbag.com\/fr\/shop\/accessoires-et-recharges\/kit-de-courroie-mab-pour-le-cadre\/#primaryimage\",\"url\":\"https:\/\/www.motoairbag.com\/wp-content\/uploads\/2022\/06\/D3701F-cinghia-sottosella_1-1.jpg\",\"contentUrl\":\"https:\/\/www.motoairbag.com\/wp-content\/uploads\/2022\/06\/D3701F-cinghia-sottosella_1-1.jpg\",\"width\":1080,\"height\":1080},{\"@type\":\"BreadcrumbList\",\"@id\":\"https:\/\/www.motoairbag.com\/fr\/shop\/accessoires-et-recharges\/kit-de-courroie-mab-pour-le-cadre\/#breadcrumb\",\"itemListElement\":[{\"@type\":\"ListItem\",\"position\":1,\"name\":\"Home\",\"item\":\"https:\/\/www.motoairbag.com\/fr\/\"},{\"@type\":\"ListItem\",\"position\":2,\"name\":\"Boutique\",\"item\":\"https:\/\/www.motoairbag.com\/fr\/boutique\/\"},{\"@type\":\"ListItem\",\"position\":3,\"name\":\"KIT DE COURROIE MAB POUR LE CADRE\"}]},{\"@type\":\"WebSite\",\"@id\":\"https:\/\/www.motoairbag.com\/#website\",\"url\":\"https:\/\/www.motoairbag.com\/\",\"name\":\"Motoairbag - L&#039;airbag per i motociclisti\",\"description\":\"\",\"publisher\":{\"@id\":\"https:\/\/www.motoairbag.com\/#organization\"},\"potentialAction\":[{\"@type\":\"SearchAction\",\"target\":{\"@type\":\"EntryPoint\",\"urlTemplate\":\"https:\/\/www.motoairbag.com\/?s={search_term_string}\"},\"query-input\":{\"@type\":\"PropertyValueSpecification\",\"valueRequired\":true,\"valueName\":\"search_term_string\"}}],\"inLanguage\":\"fr-FR\"},{\"@type\":\"Organization\",\"@id\":\"https:\/\/www.motoairbag.com\/#organization\",\"name\":\"Motoairbag - L&#039;airbag per i motociclisti\",\"url\":\"https:\/\/www.motoairbag.com\/\",\"logo\":{\"@type\":\"ImageObject\",\"inLanguage\":\"fr-FR\",\"@id\":\"https:\/\/www.motoairbag.com\/#\/schema\/logo\/image\/\",\"url\":\"https:\/\/www.motoairbag.com\/wp-content\/uploads\/2022\/11\/logo-final.jpg\",\"contentUrl\":\"https:\/\/www.motoairbag.com\/wp-content\/uploads\/2022\/11\/logo-final.jpg\",\"width\":609,\"height\":80,\"caption\":\"Motoairbag - L&#039;airbag per i motociclisti\"},\"image\":{\"@id\":\"https:\/\/www.motoairbag.com\/#\/schema\/logo\/image\/\"}}]}<\/script>\n<!-- \/ Yoast SEO plugin. -->","yoast_head_json":{"title":"KIT DE COURROIE MAB POUR LE CADRE - Motoairbag - L&#039;airbag per i motociclisti","robots":{"index":"index","follow":"follow","max-snippet":"max-snippet:-1","max-image-preview":"max-image-preview:large","max-video-preview":"max-video-preview:-1"},"canonical":"https:\/\/www.motoairbag.com\/fr\/shop\/accessoires-et-recharges\/kit-de-courroie-mab-pour-le-cadre\/","og_locale":"fr_FR","og_type":"article","og_title":"KIT DE COURROIE MAB POUR LE CADRE - Motoairbag - L&#039;airbag per i motociclisti","og_description":"La sangle de cadre permet de pr\u00e9parer la moto, ou une deuxi\u00e8me moto, pour l\u2019utilisation du MOTOAIRBAG, en se fixant directement au cadre via un boulon d\u00e9di\u00e9.La sangle est d\u00e9j\u00e0 incluse dans le paquet airbag MOTOAIRBAG, avec la sangle de selle, pr\u00eate \u00e0 \u00eatre install\u00e9e facilement. Elle garantit une fixation solide, stable et discr\u00e8te, alliant \u00e9l\u00e9gance et s\u00e9curit\u00e9 \u00e0 chaque sortie.","og_url":"https:\/\/www.motoairbag.com\/fr\/shop\/accessoires-et-recharges\/kit-de-courroie-mab-pour-le-cadre\/","og_site_name":"Motoairbag - L&#039;airbag per i motociclisti","article_modified_time":"2025-10-30T11:17:56+00:00","og_image":[{"width":1080,"height":1080,"url":"https:\/\/www.motoairbag.com\/wp-content\/uploads\/2022\/06\/D3701F-cinghia-sottosella_1-1.jpg","type":"image\/jpeg"}],"twitter_card":"summary_large_image","twitter_misc":{"Dur\u00e9e de lecture estim\u00e9e":"1 minute"},"schema":{"@context":"https:\/\/schema.org","@graph":[{"@type":"WebPage","@id":"https:\/\/www.motoairbag.com\/fr\/shop\/accessoires-et-recharges\/kit-de-courroie-mab-pour-le-cadre\/","url":"https:\/\/www.motoairbag.com\/fr\/shop\/accessoires-et-recharges\/kit-de-courroie-mab-pour-le-cadre\/","name":"KIT DE COURROIE MAB POUR LE CADRE - Motoairbag - L&#039;airbag per i motociclisti","isPartOf":{"@id":"https:\/\/www.motoairbag.com\/#website"},"primaryImageOfPage":{"@id":"https:\/\/www.motoairbag.com\/fr\/shop\/accessoires-et-recharges\/kit-de-courroie-mab-pour-le-cadre\/#primaryimage"},"image":{"@id":"https:\/\/www.motoairbag.com\/fr\/shop\/accessoires-et-recharges\/kit-de-courroie-mab-pour-le-cadre\/#primaryimage"},"thumbnailUrl":"https:\/\/www.motoairbag.com\/wp-content\/uploads\/2022\/06\/D3701F-cinghia-sottosella_1-1.jpg","datePublished":"2022-06-23T10:17:50+00:00","dateModified":"2025-10-30T11:17:56+00:00","breadcrumb":{"@id":"https:\/\/www.motoairbag.com\/fr\/shop\/accessoires-et-recharges\/kit-de-courroie-mab-pour-le-cadre\/#breadcrumb"},"inLanguage":"fr-FR","potentialAction":[{"@type":"ReadAction","target":["https:\/\/www.motoairbag.com\/fr\/shop\/accessoires-et-recharges\/kit-de-courroie-mab-pour-le-cadre\/"]}]},{"@type":"ImageObject","inLanguage":"fr-FR","@id":"https:\/\/www.motoairbag.com\/fr\/shop\/accessoires-et-recharges\/kit-de-courroie-mab-pour-le-cadre\/#primaryimage","url":"https:\/\/www.motoairbag.com\/wp-content\/uploads\/2022\/06\/D3701F-cinghia-sottosella_1-1.jpg","contentUrl":"https:\/\/www.motoairbag.com\/wp-content\/uploads\/2022\/06\/D3701F-cinghia-sottosella_1-1.jpg","width":1080,"height":1080},{"@type":"BreadcrumbList","@id":"https:\/\/www.motoairbag.com\/fr\/shop\/accessoires-et-recharges\/kit-de-courroie-mab-pour-le-cadre\/#breadcrumb","itemListElement":[{"@type":"ListItem","position":1,"name":"Home","item":"https:\/\/www.motoairbag.com\/fr\/"},{"@type":"ListItem","position":2,"name":"Boutique","item":"https:\/\/www.motoairbag.com\/fr\/boutique\/"},{"@type":"ListItem","position":3,"name":"KIT DE COURROIE MAB POUR LE CADRE"}]},{"@type":"WebSite","@id":"https:\/\/www.motoairbag.com\/#website","url":"https:\/\/www.motoairbag.com\/","name":"Motoairbag - L&#039;airbag per i motociclisti","description":"","publisher":{"@id":"https:\/\/www.motoairbag.com\/#organization"},"potentialAction":[{"@type":"SearchAction","target":{"@type":"EntryPoint","urlTemplate":"https:\/\/www.motoairbag.com\/?s={search_term_string}"},"query-input":{"@type":"PropertyValueSpecification","valueRequired":true,"valueName":"search_term_string"}}],"inLanguage":"fr-FR"},{"@type":"Organization","@id":"https:\/\/www.motoairbag.com\/#organization","name":"Motoairbag - L&#039;airbag per i motociclisti","url":"https:\/\/www.motoairbag.com\/","logo":{"@type":"ImageObject","inLanguage":"fr-FR","@id":"https:\/\/www.motoairbag.com\/#\/schema\/logo\/image\/","url":"https:\/\/www.motoairbag.com\/wp-content\/uploads\/2022\/11\/logo-final.jpg","contentUrl":"https:\/\/www.motoairbag.com\/wp-content\/uploads\/2022\/11\/logo-final.jpg","width":609,"height":80,"caption":"Motoairbag - L&#039;airbag per i motociclisti"},"image":{"@id":"https:\/\/www.motoairbag.com\/#\/schema\/logo\/image\/"}}]}},"_links":{"self":[{"href":"https:\/\/www.motoairbag.com\/fr\/wp-json\/wp\/v2\/product\/5111","targetHints":{"allow":["GET"]}}],"collection":[{"href":"https:\/\/www.motoairbag.com\/fr\/wp-json\/wp\/v2\/product"}],"about":[{"href":"https:\/\/www.motoairbag.com\/fr\/wp-json\/wp\/v2\/types\/product"}],"wp:featuredmedia":[{"embeddable":true,"href":"https:\/\/www.motoairbag.com\/fr\/wp-json\/wp\/v2\/media\/4687"}],"wp:attachment":[{"href":"https:\/\/www.motoairbag.com\/fr\/wp-json\/wp\/v2\/media?parent=5111"}],"wp:term":[{"taxonomy":"product_brand","embeddable":true,"href":"https:\/\/www.motoairbag.com\/fr\/wp-json\/wp\/v2\/product_brand?post=5111"},{"taxonomy":"product_cat","embeddable":true,"href":"https:\/\/www.motoairbag.com\/fr\/wp-json\/wp\/v2\/product_cat?post=5111"},{"taxonomy":"product_tag","embeddable":true,"href":"https:\/\/www.motoairbag.com\/fr\/wp-json\/wp\/v2\/product_tag?post=5111"}],"curies":[{"name":"wp","href":"https:\/\/api.w.org\/{rel}","templated":true}]}}