{"id":5109,"date":"2022-06-23T10:17:28","date_gmt":"2022-06-23T10:17:28","guid":{"rendered":"http:\/\/motoairbag.innovea.it\/shop\/non%20class\u00e9\/kit-de-sangles-mab-pour-la-selle\/"},"modified":"2025-11-14T11:10:55","modified_gmt":"2025-11-14T11:10:55","slug":"kit-de-sangles-mab-pour-la-selle","status":"publish","type":"product","link":"https:\/\/www.motoairbag.com\/fr\/shop\/accessoires-et-recharges\/kit-de-sangles-mab-pour-la-selle\/","title":{"rendered":"KIT DE SANGLES MAB POUR LA SELLE"},"content":{"rendered":"<p data-start=\"351\" data-end=\"417\">\u00c0 positionner toujours \u00e0 l\u2019arri\u00e8re du conducteur ou du passager.<\/p>\n<p data-start=\"419\" data-end=\"552\">Chaque MOTOAIRBAG n\u00e9cessite sa propre sangle, garantissant ainsi une s\u00e9curit\u00e9 et un fonctionnement optimaux pour chaque dispositif.<\/p>\n","protected":false},"excerpt":{"rendered":"<p data-start=\"626\" data-end=\"991\">La sangle de selle est con\u00e7ue pour s\u2019adapter \u00e0 tout type de moto ou de scooter, ou \u00e0 une deuxi\u00e8me moto ou scooter, offrant une solution universelle lorsqu\u2019aucun point de fixation direct au cadre n\u2019est disponible avec la sangle de cadre.<br data-start=\"862\" data-end=\"865\" \/>Elle s\u2019installe facilement autour de la selle, assurant un ancrage stable, s\u00fbr et compatible avec tous les mod\u00e8les de selle.<\/p>\n<p data-start=\"993\" data-end=\"1136\">La sangle est d\u00e9j\u00e0 incluse dans le coffret airbag MOTOAIRBAG, accompagn\u00e9e de la sangle de cadre, pr\u00eate \u00e0 \u00eatre install\u00e9e en toute simplicit\u00e9.<\/p>\n","protected":false},"featured_media":10476,"template":"","meta":[],"product_brand":[],"product_cat":[97],"product_tag":[],"class_list":{"0":"post-5109","1":"product","2":"type-product","3":"status-publish","4":"has-post-thumbnail","6":"product_cat-accessoires-et-recharges","8":"first","9":"instock","10":"taxable","11":"shipping-taxable","12":"purchasable","13":"product-type-simple"},"yoast_head":"<!-- This site is optimized with the Yoast SEO plugin v27.0 - https:\/\/yoast.com\/product\/yoast-seo-wordpress\/ -->\n<title>KIT DE SANGLES MAB POUR LA SELLE - Motoairbag - L&#039;airbag per i motociclisti<\/title>\n<meta name=\"robots\" content=\"index, follow, max-snippet:-1, max-image-preview:large, max-video-preview:-1\" \/>\n<link rel=\"canonical\" href=\"https:\/\/www.motoairbag.com\/fr\/shop\/accessoires-et-recharges\/kit-de-sangles-mab-pour-la-selle\/\" \/>\n<meta property=\"og:locale\" content=\"fr_FR\" \/>\n<meta property=\"og:type\" content=\"article\" \/>\n<meta property=\"og:title\" content=\"KIT DE SANGLES MAB POUR LA SELLE - Motoairbag - L&#039;airbag per i motociclisti\" \/>\n<meta property=\"og:description\" content=\"La sangle de selle est con\u00e7ue pour s\u2019adapter \u00e0 tout type de moto ou de scooter, ou \u00e0 une deuxi\u00e8me moto ou scooter, offrant une solution universelle lorsqu\u2019aucun point de fixation direct au cadre n\u2019est disponible avec la sangle de cadre.Elle s\u2019installe facilement autour de la selle, assurant un ancrage stable, s\u00fbr et compatible avec tous les mod\u00e8les de selle. La sangle est d\u00e9j\u00e0 incluse dans le coffret airbag MOTOAIRBAG, accompagn\u00e9e de la sangle de cadre, pr\u00eate \u00e0 \u00eatre install\u00e9e en toute simplicit\u00e9.\" \/>\n<meta property=\"og:url\" content=\"https:\/\/www.motoairbag.com\/fr\/shop\/accessoires-et-recharges\/kit-de-sangles-mab-pour-la-selle\/\" \/>\n<meta property=\"og:site_name\" content=\"Motoairbag - L&#039;airbag per i motociclisti\" \/>\n<meta property=\"article:modified_time\" content=\"2025-11-14T11:10:55+00:00\" \/>\n<meta property=\"og:image\" content=\"https:\/\/www.motoairbag.com\/wp-content\/uploads\/2022\/06\/D3701-cinghia-sella_1-2.jpg\" \/>\n\t<meta property=\"og:image:width\" content=\"1080\" \/>\n\t<meta property=\"og:image:height\" content=\"1080\" \/>\n\t<meta property=\"og:image:type\" content=\"image\/jpeg\" \/>\n<meta name=\"twitter:card\" content=\"summary_large_image\" \/>\n<meta name=\"twitter:label1\" content=\"Dur\u00e9e de lecture estim\u00e9e\" \/>\n\t<meta name=\"twitter:data1\" content=\"1 minute\" \/>\n<script type=\"application\/ld+json\" class=\"yoast-schema-graph\">{\"@context\":\"https:\/\/schema.org\",\"@graph\":[{\"@type\":\"WebPage\",\"@id\":\"https:\/\/www.motoairbag.com\/fr\/shop\/accessoires-et-recharges\/kit-de-sangles-mab-pour-la-selle\/\",\"url\":\"https:\/\/www.motoairbag.com\/fr\/shop\/accessoires-et-recharges\/kit-de-sangles-mab-pour-la-selle\/\",\"name\":\"KIT DE SANGLES MAB POUR LA SELLE - Motoairbag - L&#039;airbag per i motociclisti\",\"isPartOf\":{\"@id\":\"https:\/\/www.motoairbag.com\/#website\"},\"primaryImageOfPage\":{\"@id\":\"https:\/\/www.motoairbag.com\/fr\/shop\/accessoires-et-recharges\/kit-de-sangles-mab-pour-la-selle\/#primaryimage\"},\"image\":{\"@id\":\"https:\/\/www.motoairbag.com\/fr\/shop\/accessoires-et-recharges\/kit-de-sangles-mab-pour-la-selle\/#primaryimage\"},\"thumbnailUrl\":\"https:\/\/www.motoairbag.com\/wp-content\/uploads\/2022\/06\/D3701-cinghia-sella_1-2.jpg\",\"datePublished\":\"2022-06-23T10:17:28+00:00\",\"dateModified\":\"2025-11-14T11:10:55+00:00\",\"breadcrumb\":{\"@id\":\"https:\/\/www.motoairbag.com\/fr\/shop\/accessoires-et-recharges\/kit-de-sangles-mab-pour-la-selle\/#breadcrumb\"},\"inLanguage\":\"fr-FR\",\"potentialAction\":[{\"@type\":\"ReadAction\",\"target\":[\"https:\/\/www.motoairbag.com\/fr\/shop\/accessoires-et-recharges\/kit-de-sangles-mab-pour-la-selle\/\"]}]},{\"@type\":\"ImageObject\",\"inLanguage\":\"fr-FR\",\"@id\":\"https:\/\/www.motoairbag.com\/fr\/shop\/accessoires-et-recharges\/kit-de-sangles-mab-pour-la-selle\/#primaryimage\",\"url\":\"https:\/\/www.motoairbag.com\/wp-content\/uploads\/2022\/06\/D3701-cinghia-sella_1-2.jpg\",\"contentUrl\":\"https:\/\/www.motoairbag.com\/wp-content\/uploads\/2022\/06\/D3701-cinghia-sella_1-2.jpg\",\"width\":1080,\"height\":1080},{\"@type\":\"BreadcrumbList\",\"@id\":\"https:\/\/www.motoairbag.com\/fr\/shop\/accessoires-et-recharges\/kit-de-sangles-mab-pour-la-selle\/#breadcrumb\",\"itemListElement\":[{\"@type\":\"ListItem\",\"position\":1,\"name\":\"Home\",\"item\":\"https:\/\/www.motoairbag.com\/fr\/\"},{\"@type\":\"ListItem\",\"position\":2,\"name\":\"Boutique\",\"item\":\"https:\/\/www.motoairbag.com\/fr\/boutique\/\"},{\"@type\":\"ListItem\",\"position\":3,\"name\":\"KIT DE SANGLES MAB POUR LA SELLE\"}]},{\"@type\":\"WebSite\",\"@id\":\"https:\/\/www.motoairbag.com\/#website\",\"url\":\"https:\/\/www.motoairbag.com\/\",\"name\":\"Motoairbag - L&#039;airbag per i motociclisti\",\"description\":\"\",\"publisher\":{\"@id\":\"https:\/\/www.motoairbag.com\/#organization\"},\"potentialAction\":[{\"@type\":\"SearchAction\",\"target\":{\"@type\":\"EntryPoint\",\"urlTemplate\":\"https:\/\/www.motoairbag.com\/?s={search_term_string}\"},\"query-input\":{\"@type\":\"PropertyValueSpecification\",\"valueRequired\":true,\"valueName\":\"search_term_string\"}}],\"inLanguage\":\"fr-FR\"},{\"@type\":\"Organization\",\"@id\":\"https:\/\/www.motoairbag.com\/#organization\",\"name\":\"Motoairbag - L&#039;airbag per i motociclisti\",\"url\":\"https:\/\/www.motoairbag.com\/\",\"logo\":{\"@type\":\"ImageObject\",\"inLanguage\":\"fr-FR\",\"@id\":\"https:\/\/www.motoairbag.com\/#\/schema\/logo\/image\/\",\"url\":\"https:\/\/www.motoairbag.com\/wp-content\/uploads\/2022\/11\/logo-final.jpg\",\"contentUrl\":\"https:\/\/www.motoairbag.com\/wp-content\/uploads\/2022\/11\/logo-final.jpg\",\"width\":609,\"height\":80,\"caption\":\"Motoairbag - L&#039;airbag per i motociclisti\"},\"image\":{\"@id\":\"https:\/\/www.motoairbag.com\/#\/schema\/logo\/image\/\"}}]}<\/script>\n<!-- \/ Yoast SEO plugin. -->","yoast_head_json":{"title":"KIT DE SANGLES MAB POUR LA SELLE - Motoairbag - L&#039;airbag per i motociclisti","robots":{"index":"index","follow":"follow","max-snippet":"max-snippet:-1","max-image-preview":"max-image-preview:large","max-video-preview":"max-video-preview:-1"},"canonical":"https:\/\/www.motoairbag.com\/fr\/shop\/accessoires-et-recharges\/kit-de-sangles-mab-pour-la-selle\/","og_locale":"fr_FR","og_type":"article","og_title":"KIT DE SANGLES MAB POUR LA SELLE - Motoairbag - L&#039;airbag per i motociclisti","og_description":"La sangle de selle est con\u00e7ue pour s\u2019adapter \u00e0 tout type de moto ou de scooter, ou \u00e0 une deuxi\u00e8me moto ou scooter, offrant une solution universelle lorsqu\u2019aucun point de fixation direct au cadre n\u2019est disponible avec la sangle de cadre.Elle s\u2019installe facilement autour de la selle, assurant un ancrage stable, s\u00fbr et compatible avec tous les mod\u00e8les de selle. La sangle est d\u00e9j\u00e0 incluse dans le coffret airbag MOTOAIRBAG, accompagn\u00e9e de la sangle de cadre, pr\u00eate \u00e0 \u00eatre install\u00e9e en toute simplicit\u00e9.","og_url":"https:\/\/www.motoairbag.com\/fr\/shop\/accessoires-et-recharges\/kit-de-sangles-mab-pour-la-selle\/","og_site_name":"Motoairbag - L&#039;airbag per i motociclisti","article_modified_time":"2025-11-14T11:10:55+00:00","og_image":[{"width":1080,"height":1080,"url":"https:\/\/www.motoairbag.com\/wp-content\/uploads\/2022\/06\/D3701-cinghia-sella_1-2.jpg","type":"image\/jpeg"}],"twitter_card":"summary_large_image","twitter_misc":{"Dur\u00e9e de lecture estim\u00e9e":"1 minute"},"schema":{"@context":"https:\/\/schema.org","@graph":[{"@type":"WebPage","@id":"https:\/\/www.motoairbag.com\/fr\/shop\/accessoires-et-recharges\/kit-de-sangles-mab-pour-la-selle\/","url":"https:\/\/www.motoairbag.com\/fr\/shop\/accessoires-et-recharges\/kit-de-sangles-mab-pour-la-selle\/","name":"KIT DE SANGLES MAB POUR LA SELLE - Motoairbag - L&#039;airbag per i motociclisti","isPartOf":{"@id":"https:\/\/www.motoairbag.com\/#website"},"primaryImageOfPage":{"@id":"https:\/\/www.motoairbag.com\/fr\/shop\/accessoires-et-recharges\/kit-de-sangles-mab-pour-la-selle\/#primaryimage"},"image":{"@id":"https:\/\/www.motoairbag.com\/fr\/shop\/accessoires-et-recharges\/kit-de-sangles-mab-pour-la-selle\/#primaryimage"},"thumbnailUrl":"https:\/\/www.motoairbag.com\/wp-content\/uploads\/2022\/06\/D3701-cinghia-sella_1-2.jpg","datePublished":"2022-06-23T10:17:28+00:00","dateModified":"2025-11-14T11:10:55+00:00","breadcrumb":{"@id":"https:\/\/www.motoairbag.com\/fr\/shop\/accessoires-et-recharges\/kit-de-sangles-mab-pour-la-selle\/#breadcrumb"},"inLanguage":"fr-FR","potentialAction":[{"@type":"ReadAction","target":["https:\/\/www.motoairbag.com\/fr\/shop\/accessoires-et-recharges\/kit-de-sangles-mab-pour-la-selle\/"]}]},{"@type":"ImageObject","inLanguage":"fr-FR","@id":"https:\/\/www.motoairbag.com\/fr\/shop\/accessoires-et-recharges\/kit-de-sangles-mab-pour-la-selle\/#primaryimage","url":"https:\/\/www.motoairbag.com\/wp-content\/uploads\/2022\/06\/D3701-cinghia-sella_1-2.jpg","contentUrl":"https:\/\/www.motoairbag.com\/wp-content\/uploads\/2022\/06\/D3701-cinghia-sella_1-2.jpg","width":1080,"height":1080},{"@type":"BreadcrumbList","@id":"https:\/\/www.motoairbag.com\/fr\/shop\/accessoires-et-recharges\/kit-de-sangles-mab-pour-la-selle\/#breadcrumb","itemListElement":[{"@type":"ListItem","position":1,"name":"Home","item":"https:\/\/www.motoairbag.com\/fr\/"},{"@type":"ListItem","position":2,"name":"Boutique","item":"https:\/\/www.motoairbag.com\/fr\/boutique\/"},{"@type":"ListItem","position":3,"name":"KIT DE SANGLES MAB POUR LA SELLE"}]},{"@type":"WebSite","@id":"https:\/\/www.motoairbag.com\/#website","url":"https:\/\/www.motoairbag.com\/","name":"Motoairbag - L&#039;airbag per i motociclisti","description":"","publisher":{"@id":"https:\/\/www.motoairbag.com\/#organization"},"potentialAction":[{"@type":"SearchAction","target":{"@type":"EntryPoint","urlTemplate":"https:\/\/www.motoairbag.com\/?s={search_term_string}"},"query-input":{"@type":"PropertyValueSpecification","valueRequired":true,"valueName":"search_term_string"}}],"inLanguage":"fr-FR"},{"@type":"Organization","@id":"https:\/\/www.motoairbag.com\/#organization","name":"Motoairbag - L&#039;airbag per i motociclisti","url":"https:\/\/www.motoairbag.com\/","logo":{"@type":"ImageObject","inLanguage":"fr-FR","@id":"https:\/\/www.motoairbag.com\/#\/schema\/logo\/image\/","url":"https:\/\/www.motoairbag.com\/wp-content\/uploads\/2022\/11\/logo-final.jpg","contentUrl":"https:\/\/www.motoairbag.com\/wp-content\/uploads\/2022\/11\/logo-final.jpg","width":609,"height":80,"caption":"Motoairbag - L&#039;airbag per i motociclisti"},"image":{"@id":"https:\/\/www.motoairbag.com\/#\/schema\/logo\/image\/"}}]}},"_links":{"self":[{"href":"https:\/\/www.motoairbag.com\/fr\/wp-json\/wp\/v2\/product\/5109","targetHints":{"allow":["GET"]}}],"collection":[{"href":"https:\/\/www.motoairbag.com\/fr\/wp-json\/wp\/v2\/product"}],"about":[{"href":"https:\/\/www.motoairbag.com\/fr\/wp-json\/wp\/v2\/types\/product"}],"wp:featuredmedia":[{"embeddable":true,"href":"https:\/\/www.motoairbag.com\/fr\/wp-json\/wp\/v2\/media\/10476"}],"wp:attachment":[{"href":"https:\/\/www.motoairbag.com\/fr\/wp-json\/wp\/v2\/media?parent=5109"}],"wp:term":[{"taxonomy":"product_brand","embeddable":true,"href":"https:\/\/www.motoairbag.com\/fr\/wp-json\/wp\/v2\/product_brand?post=5109"},{"taxonomy":"product_cat","embeddable":true,"href":"https:\/\/www.motoairbag.com\/fr\/wp-json\/wp\/v2\/product_cat?post=5109"},{"taxonomy":"product_tag","embeddable":true,"href":"https:\/\/www.motoairbag.com\/fr\/wp-json\/wp\/v2\/product_tag?post=5109"}],"curies":[{"name":"wp","href":"https:\/\/api.w.org\/{rel}","templated":true}]}}