{"id":5107,"date":"2022-06-23T10:17:05","date_gmt":"2022-06-23T10:17:05","guid":{"rendered":"http:\/\/motoairbag.innovea.it\/shop\/non%20class\u00e9\/cle-de-recharge-mab\/"},"modified":"2025-10-30T15:14:11","modified_gmt":"2025-10-30T15:14:11","slug":"cle-de-recharge-mab","status":"publish","type":"product","link":"https:\/\/www.motoairbag.com\/fr\/shop\/accessoires-et-recharges\/cle-de-recharge-mab\/","title":{"rendered":"CL\u00c9 DE RECHARGE MAB"},"content":{"rendered":"<p data-start=\"292\" data-end=\"420\">Compatible exclusivement avec l\u2019activateur MOTOAIRBAG, il garantit le bon fonctionnement du syst\u00e8me et une fiabilit\u00e9 maximale.<\/p>\n<p data-start=\"422\" data-end=\"509\">Les instructions d\u00e9taill\u00e9es pour le r\u00e9armement sont fournies dans le kit de recharge.<\/p>\n","protected":false},"excerpt":{"rendered":"<p data-start=\"460\" data-end=\"624\">La cl\u00e9 de recharge permet de r\u00e9armer toutes les versions de MOTOAIRBAG, r\u00e9tablissant le syst\u00e8me en \u00e9tat de fonctionnement apr\u00e8s une activation, m\u00eame accidentelle.<\/p>\n<p data-start=\"626\" data-end=\"814\">Elle est incluse dans le kit de recharge et constitue le seul outil n\u00e9cessaire pour remettre l\u2019airbag en \u00e9tat : aucun autre outil n\u2019est requis, garantissant une op\u00e9ration rapide et s\u00fbre.<\/p>\n","protected":false},"featured_media":4681,"template":"","meta":[],"product_brand":[],"product_cat":[97],"product_tag":[],"class_list":{"0":"post-5107","1":"product","2":"type-product","3":"status-publish","4":"has-post-thumbnail","6":"product_cat-accessoires-et-recharges","8":"first","9":"instock","10":"taxable","11":"shipping-taxable","12":"purchasable","13":"product-type-simple"},"yoast_head":"<!-- This site is optimized with the Yoast SEO plugin v27.0 - https:\/\/yoast.com\/product\/yoast-seo-wordpress\/ -->\n<title>CL\u00c9 DE RECHARGE MAB - Motoairbag - L&#039;airbag per i motociclisti<\/title>\n<meta name=\"robots\" content=\"index, follow, max-snippet:-1, max-image-preview:large, max-video-preview:-1\" \/>\n<link rel=\"canonical\" href=\"https:\/\/www.motoairbag.com\/fr\/shop\/accessoires-et-recharges\/cle-de-recharge-mab\/\" \/>\n<meta property=\"og:locale\" content=\"fr_FR\" \/>\n<meta property=\"og:type\" content=\"article\" \/>\n<meta property=\"og:title\" content=\"CL\u00c9 DE RECHARGE MAB - Motoairbag - L&#039;airbag per i motociclisti\" \/>\n<meta property=\"og:description\" content=\"La cl\u00e9 de recharge permet de r\u00e9armer toutes les versions de MOTOAIRBAG, r\u00e9tablissant le syst\u00e8me en \u00e9tat de fonctionnement apr\u00e8s une activation, m\u00eame accidentelle. Elle est incluse dans le kit de recharge et constitue le seul outil n\u00e9cessaire pour remettre l\u2019airbag en \u00e9tat : aucun autre outil n\u2019est requis, garantissant une op\u00e9ration rapide et s\u00fbre.\" \/>\n<meta property=\"og:url\" content=\"https:\/\/www.motoairbag.com\/fr\/shop\/accessoires-et-recharges\/cle-de-recharge-mab\/\" \/>\n<meta property=\"og:site_name\" content=\"Motoairbag - L&#039;airbag per i motociclisti\" \/>\n<meta property=\"article:modified_time\" content=\"2025-10-30T15:14:11+00:00\" \/>\n<meta property=\"og:image\" content=\"https:\/\/www.motoairbag.com\/wp-content\/uploads\/2022\/06\/D3033-Chiave-di-ricarica-1.jpg\" \/>\n\t<meta property=\"og:image:width\" content=\"1080\" \/>\n\t<meta property=\"og:image:height\" content=\"1080\" \/>\n\t<meta property=\"og:image:type\" content=\"image\/jpeg\" \/>\n<meta name=\"twitter:card\" content=\"summary_large_image\" \/>\n<meta name=\"twitter:label1\" content=\"Dur\u00e9e de lecture estim\u00e9e\" \/>\n\t<meta name=\"twitter:data1\" content=\"1 minute\" \/>\n<script type=\"application\/ld+json\" class=\"yoast-schema-graph\">{\"@context\":\"https:\/\/schema.org\",\"@graph\":[{\"@type\":\"WebPage\",\"@id\":\"https:\/\/www.motoairbag.com\/fr\/shop\/accessoires-et-recharges\/cle-de-recharge-mab\/\",\"url\":\"https:\/\/www.motoairbag.com\/fr\/shop\/accessoires-et-recharges\/cle-de-recharge-mab\/\",\"name\":\"CL\u00c9 DE RECHARGE MAB - Motoairbag - L&#039;airbag per i motociclisti\",\"isPartOf\":{\"@id\":\"https:\/\/www.motoairbag.com\/#website\"},\"primaryImageOfPage\":{\"@id\":\"https:\/\/www.motoairbag.com\/fr\/shop\/accessoires-et-recharges\/cle-de-recharge-mab\/#primaryimage\"},\"image\":{\"@id\":\"https:\/\/www.motoairbag.com\/fr\/shop\/accessoires-et-recharges\/cle-de-recharge-mab\/#primaryimage\"},\"thumbnailUrl\":\"https:\/\/www.motoairbag.com\/wp-content\/uploads\/2022\/06\/D3033-Chiave-di-ricarica-1.jpg\",\"datePublished\":\"2022-06-23T10:17:05+00:00\",\"dateModified\":\"2025-10-30T15:14:11+00:00\",\"breadcrumb\":{\"@id\":\"https:\/\/www.motoairbag.com\/fr\/shop\/accessoires-et-recharges\/cle-de-recharge-mab\/#breadcrumb\"},\"inLanguage\":\"fr-FR\",\"potentialAction\":[{\"@type\":\"ReadAction\",\"target\":[\"https:\/\/www.motoairbag.com\/fr\/shop\/accessoires-et-recharges\/cle-de-recharge-mab\/\"]}]},{\"@type\":\"ImageObject\",\"inLanguage\":\"fr-FR\",\"@id\":\"https:\/\/www.motoairbag.com\/fr\/shop\/accessoires-et-recharges\/cle-de-recharge-mab\/#primaryimage\",\"url\":\"https:\/\/www.motoairbag.com\/wp-content\/uploads\/2022\/06\/D3033-Chiave-di-ricarica-1.jpg\",\"contentUrl\":\"https:\/\/www.motoairbag.com\/wp-content\/uploads\/2022\/06\/D3033-Chiave-di-ricarica-1.jpg\",\"width\":1080,\"height\":1080},{\"@type\":\"BreadcrumbList\",\"@id\":\"https:\/\/www.motoairbag.com\/fr\/shop\/accessoires-et-recharges\/cle-de-recharge-mab\/#breadcrumb\",\"itemListElement\":[{\"@type\":\"ListItem\",\"position\":1,\"name\":\"Home\",\"item\":\"https:\/\/www.motoairbag.com\/fr\/\"},{\"@type\":\"ListItem\",\"position\":2,\"name\":\"Boutique\",\"item\":\"https:\/\/www.motoairbag.com\/fr\/boutique\/\"},{\"@type\":\"ListItem\",\"position\":3,\"name\":\"CL\u00c9 DE RECHARGE MAB\"}]},{\"@type\":\"WebSite\",\"@id\":\"https:\/\/www.motoairbag.com\/#website\",\"url\":\"https:\/\/www.motoairbag.com\/\",\"name\":\"Motoairbag - L&#039;airbag per i motociclisti\",\"description\":\"\",\"publisher\":{\"@id\":\"https:\/\/www.motoairbag.com\/#organization\"},\"potentialAction\":[{\"@type\":\"SearchAction\",\"target\":{\"@type\":\"EntryPoint\",\"urlTemplate\":\"https:\/\/www.motoairbag.com\/?s={search_term_string}\"},\"query-input\":{\"@type\":\"PropertyValueSpecification\",\"valueRequired\":true,\"valueName\":\"search_term_string\"}}],\"inLanguage\":\"fr-FR\"},{\"@type\":\"Organization\",\"@id\":\"https:\/\/www.motoairbag.com\/#organization\",\"name\":\"Motoairbag - L&#039;airbag per i motociclisti\",\"url\":\"https:\/\/www.motoairbag.com\/\",\"logo\":{\"@type\":\"ImageObject\",\"inLanguage\":\"fr-FR\",\"@id\":\"https:\/\/www.motoairbag.com\/#\/schema\/logo\/image\/\",\"url\":\"https:\/\/www.motoairbag.com\/wp-content\/uploads\/2022\/11\/logo-final.jpg\",\"contentUrl\":\"https:\/\/www.motoairbag.com\/wp-content\/uploads\/2022\/11\/logo-final.jpg\",\"width\":609,\"height\":80,\"caption\":\"Motoairbag - L&#039;airbag per i motociclisti\"},\"image\":{\"@id\":\"https:\/\/www.motoairbag.com\/#\/schema\/logo\/image\/\"}}]}<\/script>\n<!-- \/ Yoast SEO plugin. -->","yoast_head_json":{"title":"CL\u00c9 DE RECHARGE MAB - Motoairbag - L&#039;airbag per i motociclisti","robots":{"index":"index","follow":"follow","max-snippet":"max-snippet:-1","max-image-preview":"max-image-preview:large","max-video-preview":"max-video-preview:-1"},"canonical":"https:\/\/www.motoairbag.com\/fr\/shop\/accessoires-et-recharges\/cle-de-recharge-mab\/","og_locale":"fr_FR","og_type":"article","og_title":"CL\u00c9 DE RECHARGE MAB - Motoairbag - L&#039;airbag per i motociclisti","og_description":"La cl\u00e9 de recharge permet de r\u00e9armer toutes les versions de MOTOAIRBAG, r\u00e9tablissant le syst\u00e8me en \u00e9tat de fonctionnement apr\u00e8s une activation, m\u00eame accidentelle. Elle est incluse dans le kit de recharge et constitue le seul outil n\u00e9cessaire pour remettre l\u2019airbag en \u00e9tat : aucun autre outil n\u2019est requis, garantissant une op\u00e9ration rapide et s\u00fbre.","og_url":"https:\/\/www.motoairbag.com\/fr\/shop\/accessoires-et-recharges\/cle-de-recharge-mab\/","og_site_name":"Motoairbag - L&#039;airbag per i motociclisti","article_modified_time":"2025-10-30T15:14:11+00:00","og_image":[{"width":1080,"height":1080,"url":"https:\/\/www.motoairbag.com\/wp-content\/uploads\/2022\/06\/D3033-Chiave-di-ricarica-1.jpg","type":"image\/jpeg"}],"twitter_card":"summary_large_image","twitter_misc":{"Dur\u00e9e de lecture estim\u00e9e":"1 minute"},"schema":{"@context":"https:\/\/schema.org","@graph":[{"@type":"WebPage","@id":"https:\/\/www.motoairbag.com\/fr\/shop\/accessoires-et-recharges\/cle-de-recharge-mab\/","url":"https:\/\/www.motoairbag.com\/fr\/shop\/accessoires-et-recharges\/cle-de-recharge-mab\/","name":"CL\u00c9 DE RECHARGE MAB - Motoairbag - L&#039;airbag per i motociclisti","isPartOf":{"@id":"https:\/\/www.motoairbag.com\/#website"},"primaryImageOfPage":{"@id":"https:\/\/www.motoairbag.com\/fr\/shop\/accessoires-et-recharges\/cle-de-recharge-mab\/#primaryimage"},"image":{"@id":"https:\/\/www.motoairbag.com\/fr\/shop\/accessoires-et-recharges\/cle-de-recharge-mab\/#primaryimage"},"thumbnailUrl":"https:\/\/www.motoairbag.com\/wp-content\/uploads\/2022\/06\/D3033-Chiave-di-ricarica-1.jpg","datePublished":"2022-06-23T10:17:05+00:00","dateModified":"2025-10-30T15:14:11+00:00","breadcrumb":{"@id":"https:\/\/www.motoairbag.com\/fr\/shop\/accessoires-et-recharges\/cle-de-recharge-mab\/#breadcrumb"},"inLanguage":"fr-FR","potentialAction":[{"@type":"ReadAction","target":["https:\/\/www.motoairbag.com\/fr\/shop\/accessoires-et-recharges\/cle-de-recharge-mab\/"]}]},{"@type":"ImageObject","inLanguage":"fr-FR","@id":"https:\/\/www.motoairbag.com\/fr\/shop\/accessoires-et-recharges\/cle-de-recharge-mab\/#primaryimage","url":"https:\/\/www.motoairbag.com\/wp-content\/uploads\/2022\/06\/D3033-Chiave-di-ricarica-1.jpg","contentUrl":"https:\/\/www.motoairbag.com\/wp-content\/uploads\/2022\/06\/D3033-Chiave-di-ricarica-1.jpg","width":1080,"height":1080},{"@type":"BreadcrumbList","@id":"https:\/\/www.motoairbag.com\/fr\/shop\/accessoires-et-recharges\/cle-de-recharge-mab\/#breadcrumb","itemListElement":[{"@type":"ListItem","position":1,"name":"Home","item":"https:\/\/www.motoairbag.com\/fr\/"},{"@type":"ListItem","position":2,"name":"Boutique","item":"https:\/\/www.motoairbag.com\/fr\/boutique\/"},{"@type":"ListItem","position":3,"name":"CL\u00c9 DE RECHARGE MAB"}]},{"@type":"WebSite","@id":"https:\/\/www.motoairbag.com\/#website","url":"https:\/\/www.motoairbag.com\/","name":"Motoairbag - L&#039;airbag per i motociclisti","description":"","publisher":{"@id":"https:\/\/www.motoairbag.com\/#organization"},"potentialAction":[{"@type":"SearchAction","target":{"@type":"EntryPoint","urlTemplate":"https:\/\/www.motoairbag.com\/?s={search_term_string}"},"query-input":{"@type":"PropertyValueSpecification","valueRequired":true,"valueName":"search_term_string"}}],"inLanguage":"fr-FR"},{"@type":"Organization","@id":"https:\/\/www.motoairbag.com\/#organization","name":"Motoairbag - L&#039;airbag per i motociclisti","url":"https:\/\/www.motoairbag.com\/","logo":{"@type":"ImageObject","inLanguage":"fr-FR","@id":"https:\/\/www.motoairbag.com\/#\/schema\/logo\/image\/","url":"https:\/\/www.motoairbag.com\/wp-content\/uploads\/2022\/11\/logo-final.jpg","contentUrl":"https:\/\/www.motoairbag.com\/wp-content\/uploads\/2022\/11\/logo-final.jpg","width":609,"height":80,"caption":"Motoairbag - L&#039;airbag per i motociclisti"},"image":{"@id":"https:\/\/www.motoairbag.com\/#\/schema\/logo\/image\/"}}]}},"_links":{"self":[{"href":"https:\/\/www.motoairbag.com\/fr\/wp-json\/wp\/v2\/product\/5107","targetHints":{"allow":["GET"]}}],"collection":[{"href":"https:\/\/www.motoairbag.com\/fr\/wp-json\/wp\/v2\/product"}],"about":[{"href":"https:\/\/www.motoairbag.com\/fr\/wp-json\/wp\/v2\/types\/product"}],"wp:featuredmedia":[{"embeddable":true,"href":"https:\/\/www.motoairbag.com\/fr\/wp-json\/wp\/v2\/media\/4681"}],"wp:attachment":[{"href":"https:\/\/www.motoairbag.com\/fr\/wp-json\/wp\/v2\/media?parent=5107"}],"wp:term":[{"taxonomy":"product_brand","embeddable":true,"href":"https:\/\/www.motoairbag.com\/fr\/wp-json\/wp\/v2\/product_brand?post=5107"},{"taxonomy":"product_cat","embeddable":true,"href":"https:\/\/www.motoairbag.com\/fr\/wp-json\/wp\/v2\/product_cat?post=5107"},{"taxonomy":"product_tag","embeddable":true,"href":"https:\/\/www.motoairbag.com\/fr\/wp-json\/wp\/v2\/product_tag?post=5107"}],"curies":[{"name":"wp","href":"https:\/\/api.w.org\/{rel}","templated":true}]}}