{"id":5103,"date":"2022-06-23T10:15:14","date_gmt":"2022-06-23T10:15:14","guid":{"rendered":"http:\/\/motoairbag.innovea.it\/shop\/non%20class\u00e9\/kit-de-recharge-mab-flacon\/"},"modified":"2025-11-07T10:51:59","modified_gmt":"2025-11-07T10:51:59","slug":"kit-de-recharge-mab-flacon","status":"publish","type":"product","link":"https:\/\/www.motoairbag.com\/fr\/shop\/accessoires-et-recharges\/kit-de-recharge-mab-flacon\/","title":{"rendered":"KIT DE RECHARGE MAB FLACON"},"content":{"rendered":"<p data-start=\"288\" data-end=\"516\">\u00c0 l\u2019int\u00e9rieur du kit de recharge, vous trouverez\u00a0<strong data-start=\"353\" data-end=\"375\">tout le n\u00e9cessaire<\/strong>\u00a0pour remettre votre MOTOAIRBAG en parfait \u00e9tat de fonctionnement : la cl\u00e9 de recharge et les deux cartouches de CO2 (dioxyde de carbone).<\/p>\n<p data-start=\"518\" data-end=\"575\">Un kit con\u00e7u pour \u00eatre\u00a0<strong data-start=\"541\" data-end=\"572\">simple et facile \u00e0 utiliser<\/strong>.<\/p>\n<p data-start=\"577\" data-end=\"627\">Compatible avec tous les mod\u00e8les de MOTOAIRBAG, recommand\u00e9 pour les mod\u00e8les : VZERO, CITY AIRBAG .<\/p>\n","protected":false},"excerpt":{"rendered":"<p data-start=\"577\" data-end=\"725\">Le kit permet de\u00a0<strong data-start=\"610\" data-end=\"652\">restaurer rapidement votre MOTOAIRBAG<\/strong>\u00a0en cas d\u2019activation accidentelle ou lorsqu\u2019aucun impact n\u2019est survenu.<\/p>\n<p data-start=\"727\" data-end=\"829\">La proc\u00e9dure de recharge est simple et con\u00e7ue pour \u00eatre\u00a0<strong data-start=\"783\" data-end=\"826\">totalement s\u00fbre et sans risque d\u2019erreur<\/strong>.<\/p>\n<p data-start=\"831\" data-end=\"932\">Avant de recharger, il est essentiel de suivre attentivement les contr\u00f4les indiqu\u00e9s dans le manuel.<\/p>\n<p data-start=\"934\" data-end=\"1072\">Ne tentez\u00a0<strong data-start=\"944\" data-end=\"989\">pas de recharger l\u2019airbag apr\u00e8s un impact<\/strong>\u00a0; dans ce cas, contactez imm\u00e9diatement l\u2019assistance \u00e0\u00a0<a class=\"decorated-link cursor-pointer\" rel=\"noopener\" data-start=\"1044\" data-end=\"1069\">assistenza@motoairbag.com<\/a>.<\/p>\n<p data-start=\"1074\" data-end=\"1219\">Rappelez-vous que MOTOAIRBAG fonctionne\u00a0<strong data-start=\"1115\" data-end=\"1159\">uniquement avec des cartouches d\u2019origine<\/strong>\u00a0pour garantir des performances et une s\u00e9curit\u00e9 optimales.<\/p>\n","protected":false},"featured_media":4831,"template":"","meta":[],"product_brand":[],"product_cat":[97],"product_tag":[],"class_list":{"0":"post-5103","1":"product","2":"type-product","3":"status-publish","4":"has-post-thumbnail","6":"product_cat-accessoires-et-recharges","8":"first","9":"instock","10":"taxable","11":"shipping-taxable","12":"purchasable","13":"product-type-simple"},"yoast_head":"<!-- This site is optimized with the Yoast SEO plugin v27.0 - https:\/\/yoast.com\/product\/yoast-seo-wordpress\/ -->\n<title>KIT DE RECHARGE MAB FLACON - Motoairbag - L&#039;airbag per i motociclisti<\/title>\n<meta name=\"robots\" content=\"index, follow, max-snippet:-1, max-image-preview:large, max-video-preview:-1\" \/>\n<link rel=\"canonical\" href=\"https:\/\/www.motoairbag.com\/fr\/shop\/accessoires-et-recharges\/kit-de-recharge-mab-flacon\/\" \/>\n<meta property=\"og:locale\" content=\"fr_FR\" \/>\n<meta property=\"og:type\" content=\"article\" \/>\n<meta property=\"og:title\" content=\"KIT DE RECHARGE MAB FLACON - Motoairbag - L&#039;airbag per i motociclisti\" \/>\n<meta property=\"og:description\" content=\"Le kit permet de\u00a0restaurer rapidement votre MOTOAIRBAG\u00a0en cas d\u2019activation accidentelle ou lorsqu\u2019aucun impact n\u2019est survenu. La proc\u00e9dure de recharge est simple et con\u00e7ue pour \u00eatre\u00a0totalement s\u00fbre et sans risque d\u2019erreur. Avant de recharger, il est essentiel de suivre attentivement les contr\u00f4les indiqu\u00e9s dans le manuel. Ne tentez\u00a0pas de recharger l\u2019airbag apr\u00e8s un impact\u00a0; dans ce cas, contactez imm\u00e9diatement l\u2019assistance \u00e0\u00a0assistenza@motoairbag.com. Rappelez-vous que MOTOAIRBAG fonctionne\u00a0uniquement avec des cartouches d\u2019origine\u00a0pour garantir des performances et une s\u00e9curit\u00e9 optimales.\" \/>\n<meta property=\"og:url\" content=\"https:\/\/www.motoairbag.com\/fr\/shop\/accessoires-et-recharges\/kit-de-recharge-mab-flacon\/\" \/>\n<meta property=\"og:site_name\" content=\"Motoairbag - L&#039;airbag per i motociclisti\" \/>\n<meta property=\"article:modified_time\" content=\"2025-11-07T10:51:59+00:00\" \/>\n<meta property=\"og:image\" content=\"https:\/\/www.motoairbag.com\/wp-content\/uploads\/2022\/06\/D4210-Kit-1-bombola-2-scaled.jpg\" \/>\n\t<meta property=\"og:image:width\" content=\"2551\" \/>\n\t<meta property=\"og:image:height\" content=\"2560\" \/>\n\t<meta property=\"og:image:type\" content=\"image\/jpeg\" \/>\n<meta name=\"twitter:card\" content=\"summary_large_image\" \/>\n<meta name=\"twitter:label1\" content=\"Dur\u00e9e de lecture estim\u00e9e\" \/>\n\t<meta name=\"twitter:data1\" content=\"1 minute\" \/>\n<script type=\"application\/ld+json\" class=\"yoast-schema-graph\">{\"@context\":\"https:\/\/schema.org\",\"@graph\":[{\"@type\":\"WebPage\",\"@id\":\"https:\/\/www.motoairbag.com\/fr\/shop\/accessoires-et-recharges\/kit-de-recharge-mab-flacon\/\",\"url\":\"https:\/\/www.motoairbag.com\/fr\/shop\/accessoires-et-recharges\/kit-de-recharge-mab-flacon\/\",\"name\":\"KIT DE RECHARGE MAB FLACON - Motoairbag - L&#039;airbag per i motociclisti\",\"isPartOf\":{\"@id\":\"https:\/\/www.motoairbag.com\/#website\"},\"primaryImageOfPage\":{\"@id\":\"https:\/\/www.motoairbag.com\/fr\/shop\/accessoires-et-recharges\/kit-de-recharge-mab-flacon\/#primaryimage\"},\"image\":{\"@id\":\"https:\/\/www.motoairbag.com\/fr\/shop\/accessoires-et-recharges\/kit-de-recharge-mab-flacon\/#primaryimage\"},\"thumbnailUrl\":\"https:\/\/www.motoairbag.com\/wp-content\/uploads\/2022\/06\/D4210-Kit-1-bombola-2-scaled.jpg\",\"datePublished\":\"2022-06-23T10:15:14+00:00\",\"dateModified\":\"2025-11-07T10:51:59+00:00\",\"breadcrumb\":{\"@id\":\"https:\/\/www.motoairbag.com\/fr\/shop\/accessoires-et-recharges\/kit-de-recharge-mab-flacon\/#breadcrumb\"},\"inLanguage\":\"fr-FR\",\"potentialAction\":[{\"@type\":\"ReadAction\",\"target\":[\"https:\/\/www.motoairbag.com\/fr\/shop\/accessoires-et-recharges\/kit-de-recharge-mab-flacon\/\"]}]},{\"@type\":\"ImageObject\",\"inLanguage\":\"fr-FR\",\"@id\":\"https:\/\/www.motoairbag.com\/fr\/shop\/accessoires-et-recharges\/kit-de-recharge-mab-flacon\/#primaryimage\",\"url\":\"https:\/\/www.motoairbag.com\/wp-content\/uploads\/2022\/06\/D4210-Kit-1-bombola-2-scaled.jpg\",\"contentUrl\":\"https:\/\/www.motoairbag.com\/wp-content\/uploads\/2022\/06\/D4210-Kit-1-bombola-2-scaled.jpg\",\"width\":2551,\"height\":2560},{\"@type\":\"BreadcrumbList\",\"@id\":\"https:\/\/www.motoairbag.com\/fr\/shop\/accessoires-et-recharges\/kit-de-recharge-mab-flacon\/#breadcrumb\",\"itemListElement\":[{\"@type\":\"ListItem\",\"position\":1,\"name\":\"Home\",\"item\":\"https:\/\/www.motoairbag.com\/fr\/\"},{\"@type\":\"ListItem\",\"position\":2,\"name\":\"Boutique\",\"item\":\"https:\/\/www.motoairbag.com\/fr\/boutique\/\"},{\"@type\":\"ListItem\",\"position\":3,\"name\":\"KIT DE RECHARGE MAB FLACON\"}]},{\"@type\":\"WebSite\",\"@id\":\"https:\/\/www.motoairbag.com\/#website\",\"url\":\"https:\/\/www.motoairbag.com\/\",\"name\":\"Motoairbag - L&#039;airbag per i motociclisti\",\"description\":\"\",\"publisher\":{\"@id\":\"https:\/\/www.motoairbag.com\/#organization\"},\"potentialAction\":[{\"@type\":\"SearchAction\",\"target\":{\"@type\":\"EntryPoint\",\"urlTemplate\":\"https:\/\/www.motoairbag.com\/?s={search_term_string}\"},\"query-input\":{\"@type\":\"PropertyValueSpecification\",\"valueRequired\":true,\"valueName\":\"search_term_string\"}}],\"inLanguage\":\"fr-FR\"},{\"@type\":\"Organization\",\"@id\":\"https:\/\/www.motoairbag.com\/#organization\",\"name\":\"Motoairbag - L&#039;airbag per i motociclisti\",\"url\":\"https:\/\/www.motoairbag.com\/\",\"logo\":{\"@type\":\"ImageObject\",\"inLanguage\":\"fr-FR\",\"@id\":\"https:\/\/www.motoairbag.com\/#\/schema\/logo\/image\/\",\"url\":\"https:\/\/www.motoairbag.com\/wp-content\/uploads\/2022\/11\/logo-final.jpg\",\"contentUrl\":\"https:\/\/www.motoairbag.com\/wp-content\/uploads\/2022\/11\/logo-final.jpg\",\"width\":609,\"height\":80,\"caption\":\"Motoairbag - L&#039;airbag per i motociclisti\"},\"image\":{\"@id\":\"https:\/\/www.motoairbag.com\/#\/schema\/logo\/image\/\"}}]}<\/script>\n<!-- \/ Yoast SEO plugin. -->","yoast_head_json":{"title":"KIT DE RECHARGE MAB FLACON - Motoairbag - L&#039;airbag per i motociclisti","robots":{"index":"index","follow":"follow","max-snippet":"max-snippet:-1","max-image-preview":"max-image-preview:large","max-video-preview":"max-video-preview:-1"},"canonical":"https:\/\/www.motoairbag.com\/fr\/shop\/accessoires-et-recharges\/kit-de-recharge-mab-flacon\/","og_locale":"fr_FR","og_type":"article","og_title":"KIT DE RECHARGE MAB FLACON - Motoairbag - L&#039;airbag per i motociclisti","og_description":"Le kit permet de\u00a0restaurer rapidement votre MOTOAIRBAG\u00a0en cas d\u2019activation accidentelle ou lorsqu\u2019aucun impact n\u2019est survenu. La proc\u00e9dure de recharge est simple et con\u00e7ue pour \u00eatre\u00a0totalement s\u00fbre et sans risque d\u2019erreur. Avant de recharger, il est essentiel de suivre attentivement les contr\u00f4les indiqu\u00e9s dans le manuel. Ne tentez\u00a0pas de recharger l\u2019airbag apr\u00e8s un impact\u00a0; dans ce cas, contactez imm\u00e9diatement l\u2019assistance \u00e0\u00a0assistenza@motoairbag.com. Rappelez-vous que MOTOAIRBAG fonctionne\u00a0uniquement avec des cartouches d\u2019origine\u00a0pour garantir des performances et une s\u00e9curit\u00e9 optimales.","og_url":"https:\/\/www.motoairbag.com\/fr\/shop\/accessoires-et-recharges\/kit-de-recharge-mab-flacon\/","og_site_name":"Motoairbag - L&#039;airbag per i motociclisti","article_modified_time":"2025-11-07T10:51:59+00:00","og_image":[{"width":2551,"height":2560,"url":"https:\/\/www.motoairbag.com\/wp-content\/uploads\/2022\/06\/D4210-Kit-1-bombola-2-scaled.jpg","type":"image\/jpeg"}],"twitter_card":"summary_large_image","twitter_misc":{"Dur\u00e9e de lecture estim\u00e9e":"1 minute"},"schema":{"@context":"https:\/\/schema.org","@graph":[{"@type":"WebPage","@id":"https:\/\/www.motoairbag.com\/fr\/shop\/accessoires-et-recharges\/kit-de-recharge-mab-flacon\/","url":"https:\/\/www.motoairbag.com\/fr\/shop\/accessoires-et-recharges\/kit-de-recharge-mab-flacon\/","name":"KIT DE RECHARGE MAB FLACON - Motoairbag - L&#039;airbag per i motociclisti","isPartOf":{"@id":"https:\/\/www.motoairbag.com\/#website"},"primaryImageOfPage":{"@id":"https:\/\/www.motoairbag.com\/fr\/shop\/accessoires-et-recharges\/kit-de-recharge-mab-flacon\/#primaryimage"},"image":{"@id":"https:\/\/www.motoairbag.com\/fr\/shop\/accessoires-et-recharges\/kit-de-recharge-mab-flacon\/#primaryimage"},"thumbnailUrl":"https:\/\/www.motoairbag.com\/wp-content\/uploads\/2022\/06\/D4210-Kit-1-bombola-2-scaled.jpg","datePublished":"2022-06-23T10:15:14+00:00","dateModified":"2025-11-07T10:51:59+00:00","breadcrumb":{"@id":"https:\/\/www.motoairbag.com\/fr\/shop\/accessoires-et-recharges\/kit-de-recharge-mab-flacon\/#breadcrumb"},"inLanguage":"fr-FR","potentialAction":[{"@type":"ReadAction","target":["https:\/\/www.motoairbag.com\/fr\/shop\/accessoires-et-recharges\/kit-de-recharge-mab-flacon\/"]}]},{"@type":"ImageObject","inLanguage":"fr-FR","@id":"https:\/\/www.motoairbag.com\/fr\/shop\/accessoires-et-recharges\/kit-de-recharge-mab-flacon\/#primaryimage","url":"https:\/\/www.motoairbag.com\/wp-content\/uploads\/2022\/06\/D4210-Kit-1-bombola-2-scaled.jpg","contentUrl":"https:\/\/www.motoairbag.com\/wp-content\/uploads\/2022\/06\/D4210-Kit-1-bombola-2-scaled.jpg","width":2551,"height":2560},{"@type":"BreadcrumbList","@id":"https:\/\/www.motoairbag.com\/fr\/shop\/accessoires-et-recharges\/kit-de-recharge-mab-flacon\/#breadcrumb","itemListElement":[{"@type":"ListItem","position":1,"name":"Home","item":"https:\/\/www.motoairbag.com\/fr\/"},{"@type":"ListItem","position":2,"name":"Boutique","item":"https:\/\/www.motoairbag.com\/fr\/boutique\/"},{"@type":"ListItem","position":3,"name":"KIT DE RECHARGE MAB FLACON"}]},{"@type":"WebSite","@id":"https:\/\/www.motoairbag.com\/#website","url":"https:\/\/www.motoairbag.com\/","name":"Motoairbag - L&#039;airbag per i motociclisti","description":"","publisher":{"@id":"https:\/\/www.motoairbag.com\/#organization"},"potentialAction":[{"@type":"SearchAction","target":{"@type":"EntryPoint","urlTemplate":"https:\/\/www.motoairbag.com\/?s={search_term_string}"},"query-input":{"@type":"PropertyValueSpecification","valueRequired":true,"valueName":"search_term_string"}}],"inLanguage":"fr-FR"},{"@type":"Organization","@id":"https:\/\/www.motoairbag.com\/#organization","name":"Motoairbag - L&#039;airbag per i motociclisti","url":"https:\/\/www.motoairbag.com\/","logo":{"@type":"ImageObject","inLanguage":"fr-FR","@id":"https:\/\/www.motoairbag.com\/#\/schema\/logo\/image\/","url":"https:\/\/www.motoairbag.com\/wp-content\/uploads\/2022\/11\/logo-final.jpg","contentUrl":"https:\/\/www.motoairbag.com\/wp-content\/uploads\/2022\/11\/logo-final.jpg","width":609,"height":80,"caption":"Motoairbag - L&#039;airbag per i motociclisti"},"image":{"@id":"https:\/\/www.motoairbag.com\/#\/schema\/logo\/image\/"}}]}},"_links":{"self":[{"href":"https:\/\/www.motoairbag.com\/fr\/wp-json\/wp\/v2\/product\/5103","targetHints":{"allow":["GET"]}}],"collection":[{"href":"https:\/\/www.motoairbag.com\/fr\/wp-json\/wp\/v2\/product"}],"about":[{"href":"https:\/\/www.motoairbag.com\/fr\/wp-json\/wp\/v2\/types\/product"}],"wp:featuredmedia":[{"embeddable":true,"href":"https:\/\/www.motoairbag.com\/fr\/wp-json\/wp\/v2\/media\/4831"}],"wp:attachment":[{"href":"https:\/\/www.motoairbag.com\/fr\/wp-json\/wp\/v2\/media?parent=5103"}],"wp:term":[{"taxonomy":"product_brand","embeddable":true,"href":"https:\/\/www.motoairbag.com\/fr\/wp-json\/wp\/v2\/product_brand?post=5103"},{"taxonomy":"product_cat","embeddable":true,"href":"https:\/\/www.motoairbag.com\/fr\/wp-json\/wp\/v2\/product_cat?post=5103"},{"taxonomy":"product_tag","embeddable":true,"href":"https:\/\/www.motoairbag.com\/fr\/wp-json\/wp\/v2\/product_tag?post=5103"}],"curies":[{"name":"wp","href":"https:\/\/api.w.org\/{rel}","templated":true}]}}