{"id":5097,"date":"2022-06-23T10:14:26","date_gmt":"2022-06-23T10:14:26","guid":{"rendered":"http:\/\/motoairbag.innovea.it\/shop\/non%20class\u00e9\/mise-a-niveau-vers-le-verrouillage-rapide\/"},"modified":"2023-02-01T10:46:25","modified_gmt":"2023-02-01T10:46:25","slug":"mise-a-niveau-vers-le-verrouillage-rapide","status":"publish","type":"product","link":"https:\/\/www.motoairbag.com\/fr\/shop\/accessoires-et-recharges\/mise-a-niveau-vers-le-verrouillage-rapide\/","title":{"rendered":"MISE \u00c0 NIVEAU VERS LE VERROUILLAGE RAPIDE"},"content":{"rendered":"","protected":false},"excerpt":{"rendered":"<p>Il est d\u00e9sormais possible de monter le FAST LOCK sur toutes les versions de MOTOAIRBAG.<br \/>\nFast Lock est la nouvelle \u00e9volution du c\u00e2ble d&rsquo;activation. En interne, il est pr\u00e9sent un acc\u00e9l\u00e9rom\u00e8tre analogique avec d\u00e9tection des situations d&rsquo;accident comme la ceinture de s\u00e9curit\u00e9 de la voiture. Il reconna\u00eet tout type d&rsquo;accident sup\u00e9rieur \u00e0 5 km\/h de vitesse.Fast Lock r\u00e9agit en moins de 5 millisecondes et active MOTOAIRBAG.<br \/>\nFast Lock laisse encore plus de libert\u00e9 de mouvement et permet \u00e9galement de conduire debout.<br \/>\nApr\u00e8s l&rsquo;activation de l&rsquo;airbag, Fast Lock est lib\u00e9r\u00e9 du MOTOAIRBAG et reste attach\u00e9 \u00e0 la selle de la moto.<br \/>\nEnvoyez votre MOTOAIRBAG \u00e0 l&rsquo;entreprise pour mise \u00e0 jour.<br \/>\nD\u00e9lai d&rsquo;installation 24\/48 heures \u00e0 compter de la r\u00e9ception de l&rsquo;airbag.<\/p>\n<h3>Pour demander la mise \u00e0 niveau, vous pouvez\u00a0:<br \/>\n&#8211; <a href=\"tel: +39029053806\">Appelez-nous<\/a><br \/>\n&#8211; <a href=\"mailto:assistenza@motoairbag.com\">Envoyer un e-mail<\/a><br \/>\n&#8211; <a href=\"https:\/\/wa.me\/message\/35DF2K6FQIFNH1\">Contactez-nous sur Whatsapp<\/a><\/h3>\n","protected":false},"featured_media":4649,"template":"","meta":[],"product_brand":[],"product_cat":[97],"product_tag":[],"class_list":{"0":"post-5097","1":"product","2":"type-product","3":"status-publish","4":"has-post-thumbnail","6":"product_cat-accessoires-et-recharges","8":"first","9":"instock","10":"taxable","11":"shipping-taxable","12":"product-type-simple"},"yoast_head":"<!-- This site is optimized with the Yoast SEO plugin v27.0 - https:\/\/yoast.com\/product\/yoast-seo-wordpress\/ -->\n<title>MISE \u00c0 NIVEAU VERS LE VERROUILLAGE RAPIDE - Motoairbag - L&#039;airbag per i motociclisti<\/title>\n<meta name=\"robots\" content=\"index, follow, max-snippet:-1, max-image-preview:large, max-video-preview:-1\" \/>\n<link rel=\"canonical\" href=\"https:\/\/www.motoairbag.com\/fr\/shop\/accessoires-et-recharges\/mise-a-niveau-vers-le-verrouillage-rapide\/\" \/>\n<meta property=\"og:locale\" content=\"fr_FR\" \/>\n<meta property=\"og:type\" content=\"article\" \/>\n<meta property=\"og:title\" content=\"MISE \u00c0 NIVEAU VERS LE VERROUILLAGE RAPIDE - Motoairbag - L&#039;airbag per i motociclisti\" \/>\n<meta property=\"og:description\" content=\"Il est d\u00e9sormais possible de monter le FAST LOCK sur toutes les versions de MOTOAIRBAG. Fast Lock est la nouvelle \u00e9volution du c\u00e2ble d&#039;activation. En interne, il est pr\u00e9sent un acc\u00e9l\u00e9rom\u00e8tre analogique avec d\u00e9tection des situations d&#039;accident comme la ceinture de s\u00e9curit\u00e9 de la voiture. Il reconna\u00eet tout type d&#039;accident sup\u00e9rieur \u00e0 5 km\/h de vitesse.Fast Lock r\u00e9agit en moins de 5 millisecondes et active MOTOAIRBAG. Fast Lock laisse encore plus de libert\u00e9 de mouvement et permet \u00e9galement de conduire debout. Apr\u00e8s l&#039;activation de l&#039;airbag, Fast Lock est lib\u00e9r\u00e9 du MOTOAIRBAG et reste attach\u00e9 \u00e0 la selle de la moto. Envoyez votre MOTOAIRBAG \u00e0 l&#039;entreprise pour mise \u00e0 jour. D\u00e9lai d&#039;installation 24\/48 heures \u00e0 compter de la r\u00e9ception de l&#039;airbag. Pour demander la mise \u00e0 niveau, vous pouvez\u00a0: - Appelez-nous - Envoyer un e-mail - Contactez-nous sur Whatsapp\" \/>\n<meta property=\"og:url\" content=\"https:\/\/www.motoairbag.com\/fr\/shop\/accessoires-et-recharges\/mise-a-niveau-vers-le-verrouillage-rapide\/\" \/>\n<meta property=\"og:site_name\" content=\"Motoairbag - L&#039;airbag per i motociclisti\" \/>\n<meta property=\"article:modified_time\" content=\"2023-02-01T10:46:25+00:00\" \/>\n<meta property=\"og:image\" content=\"https:\/\/www.motoairbag.com\/wp-content\/uploads\/2022\/06\/9eafcf_c218b7388af14ea8b479516a9d847c67_mv2.webp\" \/>\n\t<meta property=\"og:image:width\" content=\"876\" \/>\n\t<meta property=\"og:image:height\" content=\"1000\" \/>\n\t<meta property=\"og:image:type\" content=\"image\/webp\" \/>\n<meta name=\"twitter:card\" content=\"summary_large_image\" \/>\n<script type=\"application\/ld+json\" class=\"yoast-schema-graph\">{\"@context\":\"https:\/\/schema.org\",\"@graph\":[{\"@type\":\"WebPage\",\"@id\":\"https:\/\/www.motoairbag.com\/fr\/shop\/accessoires-et-recharges\/mise-a-niveau-vers-le-verrouillage-rapide\/\",\"url\":\"https:\/\/www.motoairbag.com\/fr\/shop\/accessoires-et-recharges\/mise-a-niveau-vers-le-verrouillage-rapide\/\",\"name\":\"MISE \u00c0 NIVEAU VERS LE VERROUILLAGE RAPIDE - Motoairbag - L&#039;airbag per i motociclisti\",\"isPartOf\":{\"@id\":\"https:\/\/www.motoairbag.com\/#website\"},\"primaryImageOfPage\":{\"@id\":\"https:\/\/www.motoairbag.com\/fr\/shop\/accessoires-et-recharges\/mise-a-niveau-vers-le-verrouillage-rapide\/#primaryimage\"},\"image\":{\"@id\":\"https:\/\/www.motoairbag.com\/fr\/shop\/accessoires-et-recharges\/mise-a-niveau-vers-le-verrouillage-rapide\/#primaryimage\"},\"thumbnailUrl\":\"https:\/\/www.motoairbag.com\/wp-content\/uploads\/2022\/06\/9eafcf_c218b7388af14ea8b479516a9d847c67_mv2.webp\",\"datePublished\":\"2022-06-23T10:14:26+00:00\",\"dateModified\":\"2023-02-01T10:46:25+00:00\",\"breadcrumb\":{\"@id\":\"https:\/\/www.motoairbag.com\/fr\/shop\/accessoires-et-recharges\/mise-a-niveau-vers-le-verrouillage-rapide\/#breadcrumb\"},\"inLanguage\":\"fr-FR\",\"potentialAction\":[{\"@type\":\"ReadAction\",\"target\":[\"https:\/\/www.motoairbag.com\/fr\/shop\/accessoires-et-recharges\/mise-a-niveau-vers-le-verrouillage-rapide\/\"]}]},{\"@type\":\"ImageObject\",\"inLanguage\":\"fr-FR\",\"@id\":\"https:\/\/www.motoairbag.com\/fr\/shop\/accessoires-et-recharges\/mise-a-niveau-vers-le-verrouillage-rapide\/#primaryimage\",\"url\":\"https:\/\/www.motoairbag.com\/wp-content\/uploads\/2022\/06\/9eafcf_c218b7388af14ea8b479516a9d847c67_mv2.webp\",\"contentUrl\":\"https:\/\/www.motoairbag.com\/wp-content\/uploads\/2022\/06\/9eafcf_c218b7388af14ea8b479516a9d847c67_mv2.webp\",\"width\":876,\"height\":1000},{\"@type\":\"BreadcrumbList\",\"@id\":\"https:\/\/www.motoairbag.com\/fr\/shop\/accessoires-et-recharges\/mise-a-niveau-vers-le-verrouillage-rapide\/#breadcrumb\",\"itemListElement\":[{\"@type\":\"ListItem\",\"position\":1,\"name\":\"Home\",\"item\":\"https:\/\/www.motoairbag.com\/fr\/\"},{\"@type\":\"ListItem\",\"position\":2,\"name\":\"Boutique\",\"item\":\"https:\/\/www.motoairbag.com\/fr\/boutique\/\"},{\"@type\":\"ListItem\",\"position\":3,\"name\":\"MISE \u00c0 NIVEAU VERS LE VERROUILLAGE RAPIDE\"}]},{\"@type\":\"WebSite\",\"@id\":\"https:\/\/www.motoairbag.com\/#website\",\"url\":\"https:\/\/www.motoairbag.com\/\",\"name\":\"Motoairbag - L&#039;airbag per i motociclisti\",\"description\":\"\",\"publisher\":{\"@id\":\"https:\/\/www.motoairbag.com\/#organization\"},\"potentialAction\":[{\"@type\":\"SearchAction\",\"target\":{\"@type\":\"EntryPoint\",\"urlTemplate\":\"https:\/\/www.motoairbag.com\/?s={search_term_string}\"},\"query-input\":{\"@type\":\"PropertyValueSpecification\",\"valueRequired\":true,\"valueName\":\"search_term_string\"}}],\"inLanguage\":\"fr-FR\"},{\"@type\":\"Organization\",\"@id\":\"https:\/\/www.motoairbag.com\/#organization\",\"name\":\"Motoairbag - L&#039;airbag per i motociclisti\",\"url\":\"https:\/\/www.motoairbag.com\/\",\"logo\":{\"@type\":\"ImageObject\",\"inLanguage\":\"fr-FR\",\"@id\":\"https:\/\/www.motoairbag.com\/#\/schema\/logo\/image\/\",\"url\":\"https:\/\/www.motoairbag.com\/wp-content\/uploads\/2022\/11\/logo-final.jpg\",\"contentUrl\":\"https:\/\/www.motoairbag.com\/wp-content\/uploads\/2022\/11\/logo-final.jpg\",\"width\":609,\"height\":80,\"caption\":\"Motoairbag - L&#039;airbag per i motociclisti\"},\"image\":{\"@id\":\"https:\/\/www.motoairbag.com\/#\/schema\/logo\/image\/\"}}]}<\/script>\n<!-- \/ Yoast SEO plugin. -->","yoast_head_json":{"title":"MISE \u00c0 NIVEAU VERS LE VERROUILLAGE RAPIDE - Motoairbag - L&#039;airbag per i motociclisti","robots":{"index":"index","follow":"follow","max-snippet":"max-snippet:-1","max-image-preview":"max-image-preview:large","max-video-preview":"max-video-preview:-1"},"canonical":"https:\/\/www.motoairbag.com\/fr\/shop\/accessoires-et-recharges\/mise-a-niveau-vers-le-verrouillage-rapide\/","og_locale":"fr_FR","og_type":"article","og_title":"MISE \u00c0 NIVEAU VERS LE VERROUILLAGE RAPIDE - Motoairbag - L&#039;airbag per i motociclisti","og_description":"Il est d\u00e9sormais possible de monter le FAST LOCK sur toutes les versions de MOTOAIRBAG. Fast Lock est la nouvelle \u00e9volution du c\u00e2ble d'activation. En interne, il est pr\u00e9sent un acc\u00e9l\u00e9rom\u00e8tre analogique avec d\u00e9tection des situations d'accident comme la ceinture de s\u00e9curit\u00e9 de la voiture. Il reconna\u00eet tout type d'accident sup\u00e9rieur \u00e0 5 km\/h de vitesse.Fast Lock r\u00e9agit en moins de 5 millisecondes et active MOTOAIRBAG. Fast Lock laisse encore plus de libert\u00e9 de mouvement et permet \u00e9galement de conduire debout. Apr\u00e8s l'activation de l'airbag, Fast Lock est lib\u00e9r\u00e9 du MOTOAIRBAG et reste attach\u00e9 \u00e0 la selle de la moto. Envoyez votre MOTOAIRBAG \u00e0 l'entreprise pour mise \u00e0 jour. D\u00e9lai d'installation 24\/48 heures \u00e0 compter de la r\u00e9ception de l'airbag. Pour demander la mise \u00e0 niveau, vous pouvez\u00a0: - Appelez-nous - Envoyer un e-mail - Contactez-nous sur Whatsapp","og_url":"https:\/\/www.motoairbag.com\/fr\/shop\/accessoires-et-recharges\/mise-a-niveau-vers-le-verrouillage-rapide\/","og_site_name":"Motoairbag - L&#039;airbag per i motociclisti","article_modified_time":"2023-02-01T10:46:25+00:00","og_image":[{"width":876,"height":1000,"url":"https:\/\/www.motoairbag.com\/wp-content\/uploads\/2022\/06\/9eafcf_c218b7388af14ea8b479516a9d847c67_mv2.webp","type":"image\/webp"}],"twitter_card":"summary_large_image","schema":{"@context":"https:\/\/schema.org","@graph":[{"@type":"WebPage","@id":"https:\/\/www.motoairbag.com\/fr\/shop\/accessoires-et-recharges\/mise-a-niveau-vers-le-verrouillage-rapide\/","url":"https:\/\/www.motoairbag.com\/fr\/shop\/accessoires-et-recharges\/mise-a-niveau-vers-le-verrouillage-rapide\/","name":"MISE \u00c0 NIVEAU VERS LE VERROUILLAGE RAPIDE - Motoairbag - L&#039;airbag per i motociclisti","isPartOf":{"@id":"https:\/\/www.motoairbag.com\/#website"},"primaryImageOfPage":{"@id":"https:\/\/www.motoairbag.com\/fr\/shop\/accessoires-et-recharges\/mise-a-niveau-vers-le-verrouillage-rapide\/#primaryimage"},"image":{"@id":"https:\/\/www.motoairbag.com\/fr\/shop\/accessoires-et-recharges\/mise-a-niveau-vers-le-verrouillage-rapide\/#primaryimage"},"thumbnailUrl":"https:\/\/www.motoairbag.com\/wp-content\/uploads\/2022\/06\/9eafcf_c218b7388af14ea8b479516a9d847c67_mv2.webp","datePublished":"2022-06-23T10:14:26+00:00","dateModified":"2023-02-01T10:46:25+00:00","breadcrumb":{"@id":"https:\/\/www.motoairbag.com\/fr\/shop\/accessoires-et-recharges\/mise-a-niveau-vers-le-verrouillage-rapide\/#breadcrumb"},"inLanguage":"fr-FR","potentialAction":[{"@type":"ReadAction","target":["https:\/\/www.motoairbag.com\/fr\/shop\/accessoires-et-recharges\/mise-a-niveau-vers-le-verrouillage-rapide\/"]}]},{"@type":"ImageObject","inLanguage":"fr-FR","@id":"https:\/\/www.motoairbag.com\/fr\/shop\/accessoires-et-recharges\/mise-a-niveau-vers-le-verrouillage-rapide\/#primaryimage","url":"https:\/\/www.motoairbag.com\/wp-content\/uploads\/2022\/06\/9eafcf_c218b7388af14ea8b479516a9d847c67_mv2.webp","contentUrl":"https:\/\/www.motoairbag.com\/wp-content\/uploads\/2022\/06\/9eafcf_c218b7388af14ea8b479516a9d847c67_mv2.webp","width":876,"height":1000},{"@type":"BreadcrumbList","@id":"https:\/\/www.motoairbag.com\/fr\/shop\/accessoires-et-recharges\/mise-a-niveau-vers-le-verrouillage-rapide\/#breadcrumb","itemListElement":[{"@type":"ListItem","position":1,"name":"Home","item":"https:\/\/www.motoairbag.com\/fr\/"},{"@type":"ListItem","position":2,"name":"Boutique","item":"https:\/\/www.motoairbag.com\/fr\/boutique\/"},{"@type":"ListItem","position":3,"name":"MISE \u00c0 NIVEAU VERS LE VERROUILLAGE RAPIDE"}]},{"@type":"WebSite","@id":"https:\/\/www.motoairbag.com\/#website","url":"https:\/\/www.motoairbag.com\/","name":"Motoairbag - L&#039;airbag per i motociclisti","description":"","publisher":{"@id":"https:\/\/www.motoairbag.com\/#organization"},"potentialAction":[{"@type":"SearchAction","target":{"@type":"EntryPoint","urlTemplate":"https:\/\/www.motoairbag.com\/?s={search_term_string}"},"query-input":{"@type":"PropertyValueSpecification","valueRequired":true,"valueName":"search_term_string"}}],"inLanguage":"fr-FR"},{"@type":"Organization","@id":"https:\/\/www.motoairbag.com\/#organization","name":"Motoairbag - L&#039;airbag per i motociclisti","url":"https:\/\/www.motoairbag.com\/","logo":{"@type":"ImageObject","inLanguage":"fr-FR","@id":"https:\/\/www.motoairbag.com\/#\/schema\/logo\/image\/","url":"https:\/\/www.motoairbag.com\/wp-content\/uploads\/2022\/11\/logo-final.jpg","contentUrl":"https:\/\/www.motoairbag.com\/wp-content\/uploads\/2022\/11\/logo-final.jpg","width":609,"height":80,"caption":"Motoairbag - L&#039;airbag per i motociclisti"},"image":{"@id":"https:\/\/www.motoairbag.com\/#\/schema\/logo\/image\/"}}]}},"_links":{"self":[{"href":"https:\/\/www.motoairbag.com\/fr\/wp-json\/wp\/v2\/product\/5097","targetHints":{"allow":["GET"]}}],"collection":[{"href":"https:\/\/www.motoairbag.com\/fr\/wp-json\/wp\/v2\/product"}],"about":[{"href":"https:\/\/www.motoairbag.com\/fr\/wp-json\/wp\/v2\/types\/product"}],"wp:featuredmedia":[{"embeddable":true,"href":"https:\/\/www.motoairbag.com\/fr\/wp-json\/wp\/v2\/media\/4649"}],"wp:attachment":[{"href":"https:\/\/www.motoairbag.com\/fr\/wp-json\/wp\/v2\/media?parent=5097"}],"wp:term":[{"taxonomy":"product_brand","embeddable":true,"href":"https:\/\/www.motoairbag.com\/fr\/wp-json\/wp\/v2\/product_brand?post=5097"},{"taxonomy":"product_cat","embeddable":true,"href":"https:\/\/www.motoairbag.com\/fr\/wp-json\/wp\/v2\/product_cat?post=5097"},{"taxonomy":"product_tag","embeddable":true,"href":"https:\/\/www.motoairbag.com\/fr\/wp-json\/wp\/v2\/product_tag?post=5097"}],"curies":[{"name":"wp","href":"https:\/\/api.w.org\/{rel}","templated":true}]}}