{"id":5049,"date":"2022-11-21T16:30:11","date_gmt":"2022-11-21T16:30:11","guid":{"rendered":"http:\/\/motoairbag.innovea.it\/expedition-et-retours\/"},"modified":"2022-11-21T16:30:11","modified_gmt":"2022-11-21T16:30:11","slug":"expedition-et-retours","status":"publish","type":"page","link":"https:\/\/www.motoairbag.com\/fr\/expedition-et-retours\/","title":{"rendered":"EXP\u00c9DITION ET RETOURS"},"content":{"rendered":"<p>Exp\u00e9ditions<\/p>\n<p>La livraison est effectu\u00e9e par courrier express dans le monde entier.<br \/>\nTous les prix indiqu\u00e9s sont TTC et exprim\u00e9s en Euros, et valables dans les pays de l&rsquo;Union Europ\u00e9enne. Prix \u200b\u200bsusceptibles d&rsquo;\u00eatre modifi\u00e9s sans pr\u00e9avis.<\/p>\n<p>Les prix indiqu\u00e9s n&rsquo;incluent pas les frais d&rsquo;exp\u00e9dition et les \u00e9ventuels frais suppl\u00e9mentaires d\u00e9coulant de la cr\u00e9ation de v\u00eatements personnalis\u00e9s ou personnalis\u00e9s en couleurs.<br \/>\nPour les produits livr\u00e9s dans les pays hors Union Europ\u00e9enne, le prix indiqu\u00e9 est \u00e0 consid\u00e9rer net de taxes indirectes, net de tout droit de douane et de toute autre taxe sur les ventes.<\/p>\n<p>Les d\u00e9lais de livraison estim\u00e9s pour l&rsquo;Italie sont de 1 \u00e0 3 jours ouvrables (\u00eeles de 2 \u00e0 5 jours).<br \/>\nD\u00e9lais de livraison pour les pays U.E. sont de 3 \u00e0 6 jours ouvrables, dans les autres pays europ\u00e9ens (hors UE) et dans le reste du monde (sauf pour les formalit\u00e9s douani\u00e8res) env. 7-10 jours.<br \/>\nNous vous recommandons d&rsquo;indiquer une adresse o\u00f9 quelqu&rsquo;un est toujours pr\u00e9sent pour recevoir l&rsquo;envoi &#8211; nous fournir un num\u00e9ro de t\u00e9l\u00e9phone \u00e0 laisser au coursier peut faciliter la livraison.<br \/>\nSi vous souhaitez passer une commande depuis des pays hors U.E. contactez-nous par e-mail \u00e0 info@motoairbag.com pour demander des informations sur les frais d&rsquo;exp\u00e9dition, la livraison et les modes de paiement. En cas de stockage des colis pour cause d&rsquo;adresse erron\u00e9e et\/ou d&rsquo;absence du destinataire, nous nous consid\u00e9rons exon\u00e9r\u00e9s de tous frais qui vous seront factur\u00e9s directement par le transporteur.<\/p>\n<p>Droit de r\u00e9tractation<\/p>\n<p>Les articles 52 et suivants du Code de la consommation pr\u00e9voient que le Client &#8211; exclusivement s&rsquo;il est un Consommateur &#8211; a, sans avoir \u00e0 justifier de motif, le droit d&rsquo;exercer son droit de r\u00e9tractation sur l&rsquo;achat effectu\u00e9. Nonobstant les d\u00e9lais fix\u00e9s par la loi, le Vendeur proroge \u00e0 30 (trente) jours \u00e0 compter de la livraison du Produit le d\u00e9lai d&rsquo;exercice du droit de r\u00e9tractation du contrat de vente en ligne, ou la possibilit\u00e9 de retourner le Produit et d&rsquo;obtenir le remboursement de les d\u00e9penses engag\u00e9es, conform\u00e9ment aux modalit\u00e9s indiqu\u00e9es ci-dessous.<br \/>\nLe droit de r\u00e9tractation est soumis aux conditions suivantes :<\/p>\n<p>\u2013 le droit, \u00e9tant r\u00e9serv\u00e9 aux Consommateurs, ne s&rsquo;applique pas aux professionnels et aux entreprises, il ne peut donc pas \u00eatre exerc\u00e9 si le Client a demand\u00e9 l&rsquo;\u00e9mission d&rsquo;une facture indiquant un num\u00e9ro de TVA ;<\/p>\n<p>\u2013 la loi s&rsquo;applique au Produit dans son int\u00e9gralit\u00e9 et non \u00e0 des parties ou composants de celui-ci ; \u2013 conform\u00e9ment \u00e0 l&rsquo;art. 59, alin\u00e9a 1, lettre c) du Code de la consommation.<\/p>\n<p>Pour exercer le droit de r\u00e9tractation, le Client doit :<\/p>\n<p>&#8211; dans un d\u00e9lai de 30 (trente) jours \u00e0 compter du jour de la r\u00e9ception du Produit, sa volont\u00e9 de se r\u00e9tracter du contrat de vente en ligne doit adresser une notification de r\u00e9tractation par Courrier Recommand\u00e9 avec Accus\u00e9 de R\u00e9ception.<\/p>\n<p>Parall\u00e8lement \u00e0 l&rsquo;envoi de la notification de r\u00e9tractation, le Client doit entreprendre les d\u00e9marches pour retourner le Produit au Vendeur. L&rsquo;exp\u00e9dition du Produit doit imp\u00e9rativement avoir lieu dans le d\u00e9lai maximum de 30 (trente) jours \u00e0 compter de la communication du Client et les frais de retour du Produit par le Client seront \u00e0 la charge du Client. Le Produit doit \u00eatre retourn\u00e9 intact, emball\u00e9 dans son emballage d&rsquo;origine, complet avec ses accessoires. Dans le cas o\u00f9 une utilisation\/manipulation du Produit par le Client est d\u00e9tect\u00e9e, il sera responsable de la diminution de valeur qui en r\u00e9sulte. Le Vendeur retiendra en cas de remboursement du prix.<\/p>\n<p>Le Client n&rsquo;aura pas le droit d&rsquo;exercer son droit de r\u00e9tractation dans les cas o\u00f9 il est constat\u00e9 :<br \/>\nutilisation<\/p>\n<p>&#8211; l&rsquo;absence de l&#8217;emballage et\/ou de l&#8217;emballage d&rsquo;origine ;<\/p>\n<p>&#8211; l&rsquo;absence de tous les \u00e9l\u00e9ments constitutifs du Produit (accessoires, \u00e9tiquettes, \u00e9tiquettes, notices d&rsquo;information, etc.) ;<\/p>\n<p>des dommages importants au Produit pour des raisons autres que son transport.<\/p>\n<p>Frais de retour<\/p>\n<p>Dans le cas o\u00f9 le Client serait dispos\u00e9, lors de l&rsquo;exercice du droit de r\u00e9tractation, \u00e0 modifier le Produit achet\u00e9, les frais de port pour le retour du Produit au Vendeur sont \u00e0 la charge du Client.<\/p>\n<p>Remplacement<\/p>\n<p>Les marchandises peuvent \u00eatre retourn\u00e9es dans les 10 jours ouvrables suivant la date de livraison.<br \/>\nPour \u00eatre s\u00fbr que le produit \u00e0 remplacer est disponible, avant de retourner la marchandise, nous vous conseillons de nous envoyer un e-mail \u00e0 info@motoairbag.com contenant : l&rsquo;expression de volont\u00e9 de remplacement, le num\u00e9ro du bon de livraison qui accompagnait l&#8217;emballage, l&rsquo;indication du produit relatif et la demande de produits de remplacement.<\/p>\n<p>Nous acceptons les produits \u00e0 remplacer uniquement avec les exigences suivantes\u00a0:<\/p>\n<p>1. Le produit n&rsquo;a pas \u00e9t\u00e9 utilis\u00e9.<\/p>\n<p>2. Le produit doit \u00eatre dans le m\u00eame \u00e9tat dans lequel il a \u00e9t\u00e9 livr\u00e9 et doit conserver, dans la mesure du possible, son emballage et son \u00e9tiquette d&rsquo;origine.<\/p>\n<p>3. L&rsquo;envoi doit \u00eatre effectu\u00e9 en utilisant la m\u00eame bo\u00eete en carton de protection dans laquelle il a \u00e9t\u00e9 re\u00e7u pour prot\u00e9ger le produit. Dans le cas o\u00f9 vous ne disposez pas de la bo\u00eete de protection utilis\u00e9e pour la livraison, vous devez retourner le produit dans une bo\u00eete de protection dans le but de l&rsquo;acheminer \u00e0 notre entrep\u00f4t avec la garantie maximale possible.<\/p>\n<p>4. Une copie du bon de livraison original et une note pr\u00e9cisant la demande de remplacement doivent \u00eatre ins\u00e9r\u00e9es \u00e0 l&rsquo;int\u00e9rieur du colis.<\/p>\n","protected":false},"excerpt":{"rendered":"<p>Exp\u00e9ditions La livraison est effectu\u00e9e par courrier express dans le monde entier. Tous les prix indiqu\u00e9s sont TTC et exprim\u00e9s en Euros, et valables dans les pays de l&rsquo;Union Europ\u00e9enne. Prix \u200b\u200bsusceptibles d&rsquo;\u00eatre modifi\u00e9s sans pr\u00e9avis. Les prix indiqu\u00e9s n&rsquo;incluent pas les frais d&rsquo;exp\u00e9dition et les \u00e9ventuels frais suppl\u00e9mentaires d\u00e9coulant de [&hellip;]<\/p>\n","protected":false},"author":3,"featured_media":0,"parent":0,"menu_order":0,"comment_status":"closed","ping_status":"closed","template":"","meta":{"footnotes":""},"class_list":["post-5049","page","type-page","status-publish","hentry"],"yoast_head":"<!-- This site is optimized with the Yoast SEO plugin v27.0 - https:\/\/yoast.com\/product\/yoast-seo-wordpress\/ -->\n<title>EXP\u00c9DITION ET RETOURS - Motoairbag - L&#039;airbag per i motociclisti<\/title>\n<meta name=\"robots\" content=\"index, follow, max-snippet:-1, max-image-preview:large, max-video-preview:-1\" \/>\n<link rel=\"canonical\" href=\"https:\/\/www.motoairbag.com\/fr\/expedition-et-retours\/\" \/>\n<meta property=\"og:locale\" content=\"fr_FR\" \/>\n<meta property=\"og:type\" content=\"article\" \/>\n<meta property=\"og:title\" content=\"EXP\u00c9DITION ET RETOURS - Motoairbag - L&#039;airbag per i motociclisti\" \/>\n<meta property=\"og:description\" content=\"Exp\u00e9ditions La livraison est effectu\u00e9e par courrier express dans le monde entier. Tous les prix indiqu\u00e9s sont TTC et exprim\u00e9s en Euros, et valables dans les pays de l&rsquo;Union Europ\u00e9enne. Prix \u200b\u200bsusceptibles d&rsquo;\u00eatre modifi\u00e9s sans pr\u00e9avis. Les prix indiqu\u00e9s n&rsquo;incluent pas les frais d&rsquo;exp\u00e9dition et les \u00e9ventuels frais suppl\u00e9mentaires d\u00e9coulant de [&hellip;]\" \/>\n<meta property=\"og:url\" content=\"https:\/\/www.motoairbag.com\/fr\/expedition-et-retours\/\" \/>\n<meta property=\"og:site_name\" content=\"Motoairbag - L&#039;airbag per i motociclisti\" \/>\n<meta name=\"twitter:card\" content=\"summary_large_image\" \/>\n<meta name=\"twitter:label1\" content=\"Dur\u00e9e de lecture estim\u00e9e\" \/>\n\t<meta name=\"twitter:data1\" content=\"5 minutes\" \/>\n<script type=\"application\/ld+json\" class=\"yoast-schema-graph\">{\"@context\":\"https:\/\/schema.org\",\"@graph\":[{\"@type\":\"WebPage\",\"@id\":\"https:\/\/www.motoairbag.com\/fr\/expedition-et-retours\/\",\"url\":\"https:\/\/www.motoairbag.com\/fr\/expedition-et-retours\/\",\"name\":\"EXP\u00c9DITION ET RETOURS - Motoairbag - L&#039;airbag per i motociclisti\",\"isPartOf\":{\"@id\":\"https:\/\/www.motoairbag.com\/#website\"},\"datePublished\":\"2022-11-21T16:30:11+00:00\",\"breadcrumb\":{\"@id\":\"https:\/\/www.motoairbag.com\/fr\/expedition-et-retours\/#breadcrumb\"},\"inLanguage\":\"fr-FR\",\"potentialAction\":[{\"@type\":\"ReadAction\",\"target\":[\"https:\/\/www.motoairbag.com\/fr\/expedition-et-retours\/\"]}]},{\"@type\":\"BreadcrumbList\",\"@id\":\"https:\/\/www.motoairbag.com\/fr\/expedition-et-retours\/#breadcrumb\",\"itemListElement\":[{\"@type\":\"ListItem\",\"position\":1,\"name\":\"Home\",\"item\":\"https:\/\/www.motoairbag.com\/fr\/\"},{\"@type\":\"ListItem\",\"position\":2,\"name\":\"EXP\u00c9DITION ET RETOURS\"}]},{\"@type\":\"WebSite\",\"@id\":\"https:\/\/www.motoairbag.com\/#website\",\"url\":\"https:\/\/www.motoairbag.com\/\",\"name\":\"Motoairbag - L&#039;airbag per i motociclisti\",\"description\":\"\",\"publisher\":{\"@id\":\"https:\/\/www.motoairbag.com\/#organization\"},\"potentialAction\":[{\"@type\":\"SearchAction\",\"target\":{\"@type\":\"EntryPoint\",\"urlTemplate\":\"https:\/\/www.motoairbag.com\/?s={search_term_string}\"},\"query-input\":{\"@type\":\"PropertyValueSpecification\",\"valueRequired\":true,\"valueName\":\"search_term_string\"}}],\"inLanguage\":\"fr-FR\"},{\"@type\":\"Organization\",\"@id\":\"https:\/\/www.motoairbag.com\/#organization\",\"name\":\"Motoairbag - L&#039;airbag per i motociclisti\",\"url\":\"https:\/\/www.motoairbag.com\/\",\"logo\":{\"@type\":\"ImageObject\",\"inLanguage\":\"fr-FR\",\"@id\":\"https:\/\/www.motoairbag.com\/#\/schema\/logo\/image\/\",\"url\":\"https:\/\/www.motoairbag.com\/wp-content\/uploads\/2022\/11\/logo-final.jpg\",\"contentUrl\":\"https:\/\/www.motoairbag.com\/wp-content\/uploads\/2022\/11\/logo-final.jpg\",\"width\":609,\"height\":80,\"caption\":\"Motoairbag - L&#039;airbag per i motociclisti\"},\"image\":{\"@id\":\"https:\/\/www.motoairbag.com\/#\/schema\/logo\/image\/\"}}]}<\/script>\n<!-- \/ Yoast SEO plugin. -->","yoast_head_json":{"title":"EXP\u00c9DITION ET RETOURS - Motoairbag - L&#039;airbag per i motociclisti","robots":{"index":"index","follow":"follow","max-snippet":"max-snippet:-1","max-image-preview":"max-image-preview:large","max-video-preview":"max-video-preview:-1"},"canonical":"https:\/\/www.motoairbag.com\/fr\/expedition-et-retours\/","og_locale":"fr_FR","og_type":"article","og_title":"EXP\u00c9DITION ET RETOURS - Motoairbag - L&#039;airbag per i motociclisti","og_description":"Exp\u00e9ditions La livraison est effectu\u00e9e par courrier express dans le monde entier. Tous les prix indiqu\u00e9s sont TTC et exprim\u00e9s en Euros, et valables dans les pays de l&rsquo;Union Europ\u00e9enne. Prix \u200b\u200bsusceptibles d&rsquo;\u00eatre modifi\u00e9s sans pr\u00e9avis. Les prix indiqu\u00e9s n&rsquo;incluent pas les frais d&rsquo;exp\u00e9dition et les \u00e9ventuels frais suppl\u00e9mentaires d\u00e9coulant de [&hellip;]","og_url":"https:\/\/www.motoairbag.com\/fr\/expedition-et-retours\/","og_site_name":"Motoairbag - L&#039;airbag per i motociclisti","twitter_card":"summary_large_image","twitter_misc":{"Dur\u00e9e de lecture estim\u00e9e":"5 minutes"},"schema":{"@context":"https:\/\/schema.org","@graph":[{"@type":"WebPage","@id":"https:\/\/www.motoairbag.com\/fr\/expedition-et-retours\/","url":"https:\/\/www.motoairbag.com\/fr\/expedition-et-retours\/","name":"EXP\u00c9DITION ET RETOURS - Motoairbag - L&#039;airbag per i motociclisti","isPartOf":{"@id":"https:\/\/www.motoairbag.com\/#website"},"datePublished":"2022-11-21T16:30:11+00:00","breadcrumb":{"@id":"https:\/\/www.motoairbag.com\/fr\/expedition-et-retours\/#breadcrumb"},"inLanguage":"fr-FR","potentialAction":[{"@type":"ReadAction","target":["https:\/\/www.motoairbag.com\/fr\/expedition-et-retours\/"]}]},{"@type":"BreadcrumbList","@id":"https:\/\/www.motoairbag.com\/fr\/expedition-et-retours\/#breadcrumb","itemListElement":[{"@type":"ListItem","position":1,"name":"Home","item":"https:\/\/www.motoairbag.com\/fr\/"},{"@type":"ListItem","position":2,"name":"EXP\u00c9DITION ET RETOURS"}]},{"@type":"WebSite","@id":"https:\/\/www.motoairbag.com\/#website","url":"https:\/\/www.motoairbag.com\/","name":"Motoairbag - L&#039;airbag per i motociclisti","description":"","publisher":{"@id":"https:\/\/www.motoairbag.com\/#organization"},"potentialAction":[{"@type":"SearchAction","target":{"@type":"EntryPoint","urlTemplate":"https:\/\/www.motoairbag.com\/?s={search_term_string}"},"query-input":{"@type":"PropertyValueSpecification","valueRequired":true,"valueName":"search_term_string"}}],"inLanguage":"fr-FR"},{"@type":"Organization","@id":"https:\/\/www.motoairbag.com\/#organization","name":"Motoairbag - L&#039;airbag per i motociclisti","url":"https:\/\/www.motoairbag.com\/","logo":{"@type":"ImageObject","inLanguage":"fr-FR","@id":"https:\/\/www.motoairbag.com\/#\/schema\/logo\/image\/","url":"https:\/\/www.motoairbag.com\/wp-content\/uploads\/2022\/11\/logo-final.jpg","contentUrl":"https:\/\/www.motoairbag.com\/wp-content\/uploads\/2022\/11\/logo-final.jpg","width":609,"height":80,"caption":"Motoairbag - L&#039;airbag per i motociclisti"},"image":{"@id":"https:\/\/www.motoairbag.com\/#\/schema\/logo\/image\/"}}]}},"_links":{"self":[{"href":"https:\/\/www.motoairbag.com\/fr\/wp-json\/wp\/v2\/pages\/5049","targetHints":{"allow":["GET"]}}],"collection":[{"href":"https:\/\/www.motoairbag.com\/fr\/wp-json\/wp\/v2\/pages"}],"about":[{"href":"https:\/\/www.motoairbag.com\/fr\/wp-json\/wp\/v2\/types\/page"}],"author":[{"embeddable":true,"href":"https:\/\/www.motoairbag.com\/fr\/wp-json\/wp\/v2\/users\/3"}],"replies":[{"embeddable":true,"href":"https:\/\/www.motoairbag.com\/fr\/wp-json\/wp\/v2\/comments?post=5049"}],"version-history":[{"count":0,"href":"https:\/\/www.motoairbag.com\/fr\/wp-json\/wp\/v2\/pages\/5049\/revisions"}],"wp:attachment":[{"href":"https:\/\/www.motoairbag.com\/fr\/wp-json\/wp\/v2\/media?parent=5049"}],"curies":[{"name":"wp","href":"https:\/\/api.w.org\/{rel}","templated":true}]}}