{"id":5047,"date":"2022-11-25T16:54:08","date_gmt":"2022-11-25T16:54:08","guid":{"rendered":"http:\/\/motoairbag.innovea.it\/conditions-de-vente\/"},"modified":"2022-11-25T16:54:08","modified_gmt":"2022-11-25T16:54:08","slug":"conditions-de-vente","status":"publish","type":"page","link":"https:\/\/www.motoairbag.com\/fr\/conditions-de-vente\/","title":{"rendered":"CONDITIONS DE VENTE"},"content":{"rendered":"<p>Les pr\u00e9sentes Conditions G\u00e9n\u00e9rales de Vente concernent l&rsquo;offre et la vente de produits et services r\u00e9alis\u00e9es \u00e0 distance.<\/p>\n<p>Sujets<\/p>\n<p>Vendeur : est la soci\u00e9t\u00e9 D.P.I. Safety srl avec si\u00e8ge social \u00e0 corso di Porta Nuova &#8211; 20121 Milan &#8211; Num\u00e9ro de TVA 12144280158. cap soc 52.000 i.v. PEC dpisafety-motoairbag@pec.it<\/p>\n<p>Client : le sujet identifi\u00e9 par les donn\u00e9es saisies lors de la r\u00e9daction et de l&rsquo;envoi du formulaire de commande avec l&rsquo;acceptation simultan\u00e9e des pr\u00e9sentes Conditions de Vente.<\/p>\n<p>Le commerce en ligne<\/p>\n<p>Le Client conclut le contrat d&rsquo;achat du Produit en remplissant le formulaire de commande et en l&rsquo;envoyant au Vendeur en suivant les instructions relatives. Le Client ne peut acheter les Produits propos\u00e9s sur le Site, au prix indiqu\u00e9, qu&rsquo;en suivant la proc\u00e9dure indiqu\u00e9e. Lorsque le Client fait un ordinateur, il doit indiquer au minimum son nom, son adresse e-mail, ses adresses de livraison et de facturation, son num\u00e9ro de t\u00e9l\u00e9phone et toute donn\u00e9e d\u00e9pendant du moyen de paiement utilis\u00e9.<\/p>\n<p>Les demandes d&rsquo;achat provenant de pays autres que celui s\u00e9lectionn\u00e9 par le Client dans le \u00ab menu de s\u00e9lection \u00bb du Site ou \u00e0 destination d&rsquo;adresses vers lesquelles le Vendeur ne peut exp\u00e9dier ne peuvent \u00eatre accept\u00e9es par le Vendeur.<\/p>\n<p>Pour chacun des Produits, une fiche technique contenant les principales caract\u00e9ristiques et sp\u00e9cifications techniques de ceux-ci est disponible sur le Site. L&rsquo;image accompagnant la fiche technique descriptive du Produit peut ne pas \u00eatre parfaitement repr\u00e9sentative de ses caract\u00e9ristiques, mais peut diff\u00e9rer dans la couleur, la taille, les produits accessoires pr\u00e9sent\u00e9s sur la figure et peut varier \u00e0 tout moment sans aucune obligation de pr\u00e9avis de la part du Vendeur. Les fiches techniques relatives aux Produits sont, en effet, librement accessibles. Le Vendeur d\u00e9cline toute responsabilit\u00e9 pour les \u00e9ventuelles inexactitudes portant sur la fiche Produit, celles-ci n&rsquo;ayant qu&rsquo;une fonction purement illustrative.<\/p>\n<p>Pour chacun des Produits, le prix relatif et la validit\u00e9 dans les pays de l&rsquo;Union Europ\u00e9enne sont \u00e9galement indiqu\u00e9s, les frais de port seront ajout\u00e9s pour \u00eatre calcul\u00e9s sur la base de l&rsquo;adresse de livraison indiqu\u00e9e par le Client.<\/p>\n<p>Acceptation des Conditions G\u00e9n\u00e9rales de Vente<\/p>\n<p>Le Client accepte sans r\u00e9serve et s&rsquo;engage \u00e0 respecter dans ses relations avec le Vendeur, les Conditions de Vente et de paiement d\u00e9crites dans ce document, d\u00e9clarant avoir pris connaissance et accept\u00e9 toutes les informations qui lui sont fournies, il ne se consid\u00e8re pas li\u00e9 par diverses conditions \u00e0 moins que pr\u00e9alablement convenu par \u00e9crit.<br \/>\nEn soumettant la commande, le Client confirme qu&rsquo;il conna\u00eet et accepte les dispositions des sections Conditions G\u00e9n\u00e9rales de Vente, Confidentialit\u00e9, Paiements et Exp\u00e9ditions.<\/p>\n<p>Prix, traverse et coupe<\/p>\n<p>Tous les prix indiqu\u00e9s sont TTC et exprim\u00e9s en Euros, et valables dans les pays de l&rsquo;Union Europ\u00e9enne. Prix \u200b\u200bsusceptibles d&rsquo;\u00eatre modifi\u00e9s sans pr\u00e9avis. Les prix indiqu\u00e9s n&rsquo;incluent pas les frais d&rsquo;exp\u00e9dition et les \u00e9ventuels frais suppl\u00e9mentaires d\u00e9coulant de la cr\u00e9ation de v\u00eatements personnalis\u00e9s ou personnalis\u00e9s en couleurs. Pour les produits import\u00e9s dans les pays hors Union Europ\u00e9enne, le prix indiqu\u00e9 s&rsquo;entend net d&rsquo;imp\u00f4ts indirects, net de tout droit de douane et de toute autre taxe sur les ventes.<\/p>\n<p>Modalit\u00e9s de paiement<\/p>\n<p>Le paiement des Produits achet\u00e9s par le Client et des frais de livraison correspondants peut \u00eatre effectu\u00e9 selon l&rsquo;une des m\u00e9thodes propos\u00e9es sur le Site (Carte de cr\u00e9dit, Paypal, Virement bancaire et Ticket Compliments).<\/p>\n<p>Responsabilit\u00e9<\/p>\n<p>Le Vendeur n&rsquo;est pas responsable, sauf en cas de faute intentionnelle ou de faute lourde, des dommages directs, indirects ou cons\u00e9cutifs impr\u00e9visibles \u00e0 la date de signature des pr\u00e9sentes Conditions G\u00e9n\u00e9rales de Vente, subis par le Client ou par des tiers en fonction des services rendus par celui-ci. et\/ou pour des dommages de toute nature ou pour quelque raison que ce soit. Le Vendeur a le droit de suspendre et d&rsquo;interrompre le service de connexion au Site \u00e0 tout moment pour des raisons techniques, pour des raisons li\u00e9es \u00e0 l&rsquo;efficacit\u00e9 et \u00e0 la s\u00e9curit\u00e9 des services eux-m\u00eames, sans que le Vendeur ne puisse \u00eatre tenu pour responsable des cons\u00e9quences d&rsquo;\u00e9ventuelles interruptions ou suspensions.<\/p>\n<p>Garantie des Produits Non Conformes &#8211; Garantie Conventionnelle<\/p>\n<p>Les produits achet\u00e9s sur le Site sont soumis \u00e0 la r\u00e9glementation en mati\u00e8re de garanties, conform\u00e9ment \u00e0 la Directive 44\/99\/CE et au D\u00e9cret l\u00e9gislatif 206\/2005 (ci-apr\u00e8s le \u00ab\u00a0Code de la consommation\u00a0\u00bb).<br \/>\nLe Vendeur garantit au Client Consommateur que les Produits seront exempts de d\u00e9fauts de conception et de mati\u00e8re et conformes aux descriptions publi\u00e9es sur le Site.<br \/>\nL&rsquo;application de toute garantie est exclue en cas d&rsquo;utilisation du Produit non conforme \u00e0 celle du Produit et aux instructions\/avertissements en la mati\u00e8re fournis par le Vendeur, ou indiqu\u00e9s dans les documentations illustratives de r\u00e9f\u00e9rence, \u00e9tiquettes ou \u00e9tiquettes. La garantie s&rsquo;appliquera au Produit pr\u00e9sentant des d\u00e9fauts de conformit\u00e9 et\/ou des dysfonctionnements non d\u00e9tectables au moment de l&rsquo;achat, \u00e0 condition que le Produit lui-m\u00eame ait \u00e9t\u00e9 utilis\u00e9 correctement et avec diligence, c&rsquo;est-\u00e0-dire conform\u00e9ment \u00e0 sa destination. Toutefois, la garantie susmentionn\u00e9e ne sera pas applicable en cas de n\u00e9gligence ou d&rsquo;imprudence dans l&rsquo;utilisation et l&rsquo;entretien du Produit. Toute non-conformit\u00e9 des Produits doit \u00eatre signal\u00e9e au Vendeur au plus tard 2 (deux) mois \u00e0 compter de sa d\u00e9couverte (d\u00e9lai fix\u00e9 par le Code de la consommation) et avec notification par e-mail \u00e0 info@motoairbag.com<\/p>\n<p>accompagn\u00e9 d&rsquo;une copie de la confirmation de commande envoy\u00e9e par e-mail par le Vendeur ou de la facture. Le Vendeur pourra \u00e9galement demander au Client l&rsquo;envoi d&rsquo;une documentation photographique par e-mail \u00e0 l&rsquo;appui du litige. La soci\u00e9t\u00e9 D.P.I. SAFETY SRL contactera le Client pour organiser la collecte du Produit non conforme par courrier et g\u00e9rer les phases ult\u00e9rieures. Les d\u00e9lais de r\u00e9paration ou le remplacement \u00e9ventuel du Produit d\u00e9pendent exclusivement du fabricant individuel et aucun dommage ne peut \u00eatre demand\u00e9 au Vendeur ou \u00e0 D.P.I. SAFETY SRL pour tout retard dans l&rsquo;ex\u00e9cution des r\u00e9parations ou des remplacements.<\/p>\n<p>Le Produit non conforme, au moment du retour au Vendeur pour \u00eatre remplac\u00e9, doit \u00eatre complet avec l&#8217;emballage et la documentation re\u00e7us du Client au moment de l&rsquo;achat.<\/p>\n<p>Dans le cas o\u00f9 le Produit ne serait pas atteint d&rsquo;un d\u00e9faut de conformit\u00e9, il sera possible pour le Client de demander un devis pour la r\u00e9paration\/restauration du Produit moyennant des frais.<\/p>\n<p>Droit de r\u00e9tractation<\/p>\n<p>Les articles 52 et suivants du Code de la consommation indiquent que le Client &#8211; exclusivement s&rsquo;il est un Consommateur &#8211; a, sans avoir \u00e0 fournir de motif, le droit d&rsquo;exercer le droit de r\u00e9tractation de l&rsquo;achat effectu\u00e9. Nonobstant les d\u00e9lais fix\u00e9s par la loi, le Vendeur proroge \u00e0 30 (trente) jours \u00e0 compter de la livraison du Produit le d\u00e9lai d&rsquo;exercice du droit de r\u00e9tractation du contrat de vente en ligne, ou la possibilit\u00e9 de retourner le Produit et d&rsquo;obtenir le remboursement de les d\u00e9penses engag\u00e9es, conform\u00e9ment aux modalit\u00e9s indiqu\u00e9es ci-dessous.<\/p>\n<p>Le droit de r\u00e9tractation est soumis aux conditions suivantes :<\/p>\n<p>\u2013 le droit, \u00e9tant r\u00e9serv\u00e9 aux Consommateurs, ne s&rsquo;applique pas aux professionnels et aux entreprises, il ne peut donc pas \u00eatre exerc\u00e9 si le Client a demand\u00e9 l&rsquo;\u00e9mission d&rsquo;une facture indiquant un num\u00e9ro de TVA ;<\/p>\n<p>\u2013 la loi s&rsquo;applique au Produit dans son int\u00e9gralit\u00e9 et non \u00e0 des parties ou composants de celui-ci ; \u2013 conform\u00e9ment \u00e0 l&rsquo;art. 59, alin\u00e9a 1er, lettre c) du Code de la consommation, dans le cas o\u00f9 le Produit vendu a \u00e9t\u00e9 r\u00e9alis\u00e9 sur mesure et\/ou personnalis\u00e9 pour le Client, ce dernier ne disposera d&rsquo;aucun droit de r\u00e9tractation. Pour exercer le droit de r\u00e9tractation, le Client doit :<\/p>\n<p>&#8211; dans un d\u00e9lai de 30 (trente) jours \u00e0 compter du jour de la r\u00e9ception du Produit, sa volont\u00e9 de se r\u00e9tracter du contrat de vente en ligne doit adresser une notification de r\u00e9tractation par Courrier Recommand\u00e9 avec Accus\u00e9 de R\u00e9ception. Parall\u00e8lement \u00e0 l&rsquo;e<\/p>\n<p>Le Client n&rsquo;aura pas le droit d&rsquo;exercer son droit de r\u00e9tractation dans les cas o\u00f9 il est constat\u00e9 :<br \/>\nutilisation<\/p>\n<p>&#8211; l&rsquo;absence de l&#8217;emballage et\/ou de l&#8217;emballage d&rsquo;origine ;<\/p>\n<p>&#8211; l&rsquo;absence de tous les \u00e9l\u00e9ments constitutifs du Produit (accessoires, \u00e9tiquettes, \u00e9tiquettes, notices d&rsquo;information, etc.) ;<\/p>\n<p>des dommages substantiels au Produit dus \u00e0 des causes autres que son transport.<br \/>\nDans l&rsquo;hypoth\u00e8se o\u00f9 le Client serait dispos\u00e9, lors de l&rsquo;exercice du droit de r\u00e9tractation, \u00e0 modifier le Produit achet\u00e9 (changement de taille, changement de mod\u00e8le, etc.), les frais de port pour le retour du Produit au Vendeur sont \u00e0 la charge du Client.<\/p>\n<p>Informations et r\u00e9clamations<\/p>\n<p>Pour toute demande de clarification ou r\u00e9clamation, veuillez contacter l&rsquo;adresse e-mail suivante : info@motoairbag.com<\/p>\n<p>Annulations de commande par le vendeur<\/p>\n<p>Le Vendeur se r\u00e9serve le droit de refuser ou d&rsquo;annuler une commande ou un Produit faisant partie d&rsquo;une commande en cas de survenance d&rsquo;une situation qui la l\u00e9gitimerait.<\/p>\n<p>Loi applicable et tribunal comp\u00e9tent<\/p>\n<p>Le contrat de vente entre le Vendeur et le Client qui d\u00e9coulera de l&rsquo;acceptation de toute commande pass\u00e9e via le Site sera r\u00e9gi par la loi italienne. Pour tout litige relatif \u00e0 la validit\u00e9, l&rsquo;interpr\u00e9tation ou l&rsquo;ex\u00e9cution des pr\u00e9sentes Conditions de Vente et du contrat de vente, la comp\u00e9tence territoriale exclusive appartient au Tribunal de Milan, sans pr\u00e9judice de l&rsquo;applicabilit\u00e9 de l&rsquo;art. 66-bis du Code de la consommation.<\/p>\n","protected":false},"excerpt":{"rendered":"<p>Les pr\u00e9sentes Conditions G\u00e9n\u00e9rales de Vente concernent l&rsquo;offre et la vente de produits et services r\u00e9alis\u00e9es \u00e0 distance. Sujets Vendeur : est la soci\u00e9t\u00e9 D.P.I. Safety srl avec si\u00e8ge social \u00e0 corso di Porta Nuova &#8211; 20121 Milan &#8211; Num\u00e9ro de TVA 12144280158. cap soc 52.000 i.v. PEC dpisafety-motoairbag@pec.it Client : [&hellip;]<\/p>\n","protected":false},"author":3,"featured_media":0,"parent":0,"menu_order":0,"comment_status":"closed","ping_status":"closed","template":"","meta":{"footnotes":""},"class_list":["post-5047","page","type-page","status-publish","hentry"],"yoast_head":"<!-- This site is optimized with the Yoast SEO plugin v27.0 - https:\/\/yoast.com\/product\/yoast-seo-wordpress\/ -->\n<title>CONDITIONS DE VENTE - Motoairbag - L&#039;airbag per i motociclisti<\/title>\n<meta name=\"robots\" content=\"index, follow, max-snippet:-1, max-image-preview:large, max-video-preview:-1\" \/>\n<link rel=\"canonical\" href=\"https:\/\/www.motoairbag.com\/fr\/conditions-de-vente\/\" \/>\n<meta property=\"og:locale\" content=\"fr_FR\" \/>\n<meta property=\"og:type\" content=\"article\" \/>\n<meta property=\"og:title\" content=\"CONDITIONS DE VENTE - Motoairbag - L&#039;airbag per i motociclisti\" \/>\n<meta property=\"og:description\" content=\"Les pr\u00e9sentes Conditions G\u00e9n\u00e9rales de Vente concernent l&rsquo;offre et la vente de produits et services r\u00e9alis\u00e9es \u00e0 distance. Sujets Vendeur : est la soci\u00e9t\u00e9 D.P.I. Safety srl avec si\u00e8ge social \u00e0 corso di Porta Nuova &#8211; 20121 Milan &#8211; Num\u00e9ro de TVA 12144280158. cap soc 52.000 i.v. PEC dpisafety-motoairbag@pec.it Client : [&hellip;]\" \/>\n<meta property=\"og:url\" content=\"https:\/\/www.motoairbag.com\/fr\/conditions-de-vente\/\" \/>\n<meta property=\"og:site_name\" content=\"Motoairbag - L&#039;airbag per i motociclisti\" \/>\n<meta name=\"twitter:card\" content=\"summary_large_image\" \/>\n<meta name=\"twitter:label1\" content=\"Dur\u00e9e de lecture estim\u00e9e\" \/>\n\t<meta name=\"twitter:data1\" content=\"8 minutes\" \/>\n<script type=\"application\/ld+json\" class=\"yoast-schema-graph\">{\"@context\":\"https:\/\/schema.org\",\"@graph\":[{\"@type\":\"WebPage\",\"@id\":\"https:\/\/www.motoairbag.com\/fr\/conditions-de-vente\/\",\"url\":\"https:\/\/www.motoairbag.com\/fr\/conditions-de-vente\/\",\"name\":\"CONDITIONS DE VENTE - Motoairbag - L&#039;airbag per i motociclisti\",\"isPartOf\":{\"@id\":\"https:\/\/www.motoairbag.com\/#website\"},\"datePublished\":\"2022-11-25T16:54:08+00:00\",\"breadcrumb\":{\"@id\":\"https:\/\/www.motoairbag.com\/fr\/conditions-de-vente\/#breadcrumb\"},\"inLanguage\":\"fr-FR\",\"potentialAction\":[{\"@type\":\"ReadAction\",\"target\":[\"https:\/\/www.motoairbag.com\/fr\/conditions-de-vente\/\"]}]},{\"@type\":\"BreadcrumbList\",\"@id\":\"https:\/\/www.motoairbag.com\/fr\/conditions-de-vente\/#breadcrumb\",\"itemListElement\":[{\"@type\":\"ListItem\",\"position\":1,\"name\":\"Home\",\"item\":\"https:\/\/www.motoairbag.com\/fr\/\"},{\"@type\":\"ListItem\",\"position\":2,\"name\":\"CONDITIONS DE VENTE\"}]},{\"@type\":\"WebSite\",\"@id\":\"https:\/\/www.motoairbag.com\/#website\",\"url\":\"https:\/\/www.motoairbag.com\/\",\"name\":\"Motoairbag - L&#039;airbag per i motociclisti\",\"description\":\"\",\"publisher\":{\"@id\":\"https:\/\/www.motoairbag.com\/#organization\"},\"potentialAction\":[{\"@type\":\"SearchAction\",\"target\":{\"@type\":\"EntryPoint\",\"urlTemplate\":\"https:\/\/www.motoairbag.com\/?s={search_term_string}\"},\"query-input\":{\"@type\":\"PropertyValueSpecification\",\"valueRequired\":true,\"valueName\":\"search_term_string\"}}],\"inLanguage\":\"fr-FR\"},{\"@type\":\"Organization\",\"@id\":\"https:\/\/www.motoairbag.com\/#organization\",\"name\":\"Motoairbag - L&#039;airbag per i motociclisti\",\"url\":\"https:\/\/www.motoairbag.com\/\",\"logo\":{\"@type\":\"ImageObject\",\"inLanguage\":\"fr-FR\",\"@id\":\"https:\/\/www.motoairbag.com\/#\/schema\/logo\/image\/\",\"url\":\"https:\/\/www.motoairbag.com\/wp-content\/uploads\/2022\/11\/logo-final.jpg\",\"contentUrl\":\"https:\/\/www.motoairbag.com\/wp-content\/uploads\/2022\/11\/logo-final.jpg\",\"width\":609,\"height\":80,\"caption\":\"Motoairbag - L&#039;airbag per i motociclisti\"},\"image\":{\"@id\":\"https:\/\/www.motoairbag.com\/#\/schema\/logo\/image\/\"}}]}<\/script>\n<!-- \/ Yoast SEO plugin. -->","yoast_head_json":{"title":"CONDITIONS DE VENTE - Motoairbag - L&#039;airbag per i motociclisti","robots":{"index":"index","follow":"follow","max-snippet":"max-snippet:-1","max-image-preview":"max-image-preview:large","max-video-preview":"max-video-preview:-1"},"canonical":"https:\/\/www.motoairbag.com\/fr\/conditions-de-vente\/","og_locale":"fr_FR","og_type":"article","og_title":"CONDITIONS DE VENTE - Motoairbag - L&#039;airbag per i motociclisti","og_description":"Les pr\u00e9sentes Conditions G\u00e9n\u00e9rales de Vente concernent l&rsquo;offre et la vente de produits et services r\u00e9alis\u00e9es \u00e0 distance. Sujets Vendeur : est la soci\u00e9t\u00e9 D.P.I. Safety srl avec si\u00e8ge social \u00e0 corso di Porta Nuova &#8211; 20121 Milan &#8211; Num\u00e9ro de TVA 12144280158. cap soc 52.000 i.v. PEC dpisafety-motoairbag@pec.it Client : [&hellip;]","og_url":"https:\/\/www.motoairbag.com\/fr\/conditions-de-vente\/","og_site_name":"Motoairbag - L&#039;airbag per i motociclisti","twitter_card":"summary_large_image","twitter_misc":{"Dur\u00e9e de lecture estim\u00e9e":"8 minutes"},"schema":{"@context":"https:\/\/schema.org","@graph":[{"@type":"WebPage","@id":"https:\/\/www.motoairbag.com\/fr\/conditions-de-vente\/","url":"https:\/\/www.motoairbag.com\/fr\/conditions-de-vente\/","name":"CONDITIONS DE VENTE - Motoairbag - L&#039;airbag per i motociclisti","isPartOf":{"@id":"https:\/\/www.motoairbag.com\/#website"},"datePublished":"2022-11-25T16:54:08+00:00","breadcrumb":{"@id":"https:\/\/www.motoairbag.com\/fr\/conditions-de-vente\/#breadcrumb"},"inLanguage":"fr-FR","potentialAction":[{"@type":"ReadAction","target":["https:\/\/www.motoairbag.com\/fr\/conditions-de-vente\/"]}]},{"@type":"BreadcrumbList","@id":"https:\/\/www.motoairbag.com\/fr\/conditions-de-vente\/#breadcrumb","itemListElement":[{"@type":"ListItem","position":1,"name":"Home","item":"https:\/\/www.motoairbag.com\/fr\/"},{"@type":"ListItem","position":2,"name":"CONDITIONS DE VENTE"}]},{"@type":"WebSite","@id":"https:\/\/www.motoairbag.com\/#website","url":"https:\/\/www.motoairbag.com\/","name":"Motoairbag - L&#039;airbag per i motociclisti","description":"","publisher":{"@id":"https:\/\/www.motoairbag.com\/#organization"},"potentialAction":[{"@type":"SearchAction","target":{"@type":"EntryPoint","urlTemplate":"https:\/\/www.motoairbag.com\/?s={search_term_string}"},"query-input":{"@type":"PropertyValueSpecification","valueRequired":true,"valueName":"search_term_string"}}],"inLanguage":"fr-FR"},{"@type":"Organization","@id":"https:\/\/www.motoairbag.com\/#organization","name":"Motoairbag - L&#039;airbag per i motociclisti","url":"https:\/\/www.motoairbag.com\/","logo":{"@type":"ImageObject","inLanguage":"fr-FR","@id":"https:\/\/www.motoairbag.com\/#\/schema\/logo\/image\/","url":"https:\/\/www.motoairbag.com\/wp-content\/uploads\/2022\/11\/logo-final.jpg","contentUrl":"https:\/\/www.motoairbag.com\/wp-content\/uploads\/2022\/11\/logo-final.jpg","width":609,"height":80,"caption":"Motoairbag - L&#039;airbag per i motociclisti"},"image":{"@id":"https:\/\/www.motoairbag.com\/#\/schema\/logo\/image\/"}}]}},"_links":{"self":[{"href":"https:\/\/www.motoairbag.com\/fr\/wp-json\/wp\/v2\/pages\/5047","targetHints":{"allow":["GET"]}}],"collection":[{"href":"https:\/\/www.motoairbag.com\/fr\/wp-json\/wp\/v2\/pages"}],"about":[{"href":"https:\/\/www.motoairbag.com\/fr\/wp-json\/wp\/v2\/types\/page"}],"author":[{"embeddable":true,"href":"https:\/\/www.motoairbag.com\/fr\/wp-json\/wp\/v2\/users\/3"}],"replies":[{"embeddable":true,"href":"https:\/\/www.motoairbag.com\/fr\/wp-json\/wp\/v2\/comments?post=5047"}],"version-history":[{"count":0,"href":"https:\/\/www.motoairbag.com\/fr\/wp-json\/wp\/v2\/pages\/5047\/revisions"}],"wp:attachment":[{"href":"https:\/\/www.motoairbag.com\/fr\/wp-json\/wp\/v2\/media?parent=5047"}],"curies":[{"name":"wp","href":"https:\/\/api.w.org\/{rel}","templated":true}]}}