{"id":5022,"date":"2022-06-22T10:32:21","date_gmt":"2022-06-22T10:32:21","guid":{"rendered":"http:\/\/motoairbag.innovea.it\/apres-vente\/laver\/"},"modified":"2023-01-13T09:01:25","modified_gmt":"2023-01-13T09:01:25","slug":"laver","status":"publish","type":"page","link":"https:\/\/www.motoairbag.com\/fr\/apres-vente\/laver\/","title":{"rendered":"LAVER"},"content":{"rendered":"<p>[vc_row disable_background_image=\u00a0\u00bb\u00a0\u00bb][vc_column][vc_column_text]Un lavage en profondeur consiste \u00e0 retirer compl\u00e8tement le syst\u00e8me d&rsquo;airbag puis \u00e0 laver la partie textile. Une fois sec, le syst\u00e8me airbag est remont\u00e9.<\/p>\n<p>Le co\u00fbt est compris entre 35 \u20ac et 50 \u20ac selon le mod\u00e8le.<\/p>\n<p>D\u00e9lai de proc\u00e9dure : 48\/72 heures \u00e0 compter de la r\u00e9ception de l&rsquo;airbag.[\/vc_column_text][\/vc_column][\/vc_row][vc_row disable_background_image=\u00a0\u00bb\u00a0\u00bb][vc_column][vc_empty_space]<a itemprop=\"url\" href=\"mailto:assistenza@motoairbag.com\" target=\"_self\"  class=\"mkdf-btn mkdf-btn-medium mkdf-btn-predefined\"  >\n            <span class=\"mkdf-btn-predefined-line-holder\">\n            <span class=\"mkdf-btn-line-hidden\"><\/span>\n            <span class=\"mkdf-btn-text\">E-mail<\/span>\n\t        <span class=\"mkdf-btn-line\"><\/span>\n            <i class=\"mkdf-btn-predefined-icon mkdf-icon-ion-icon ion-ios-play \"><\/i>\n        <\/span>\n    <\/a>[vc_empty_space height=\u00a0\u00bb10px\u00a0\u00bb]<a itemprop=\"url\" href=\"https:\/\/wa.me\/message\/35DF2K6FQIFNH1\" target=\"_self\" style=\"background-color: #25d366;border-color: #25d366\" class=\"mkdf-btn mkdf-btn-medium mkdf-btn-predefined\"  >\n            <span class=\"mkdf-btn-predefined-line-holder\">\n            <span class=\"mkdf-btn-line-hidden\"><\/span>\n            <span class=\"mkdf-btn-text\">Whatsapp<\/span>\n\t        <span class=\"mkdf-btn-line\"><\/span>\n            <i class=\"mkdf-btn-predefined-icon mkdf-icon-ion-icon ion-ios-play \"><\/i>\n        <\/span>\n    <\/a>[\/vc_column][\/vc_row]<\/p>\n","protected":false},"excerpt":{"rendered":"<p>[vc_row disable_background_image=\u00a0\u00bb\u00a0\u00bb][vc_column][vc_column_text]Un lavage en profondeur consiste \u00e0 retirer compl\u00e8tement le syst\u00e8me d&rsquo;airbag puis \u00e0 laver la partie textile. Une fois sec, le syst\u00e8me airbag est remont\u00e9. Le co\u00fbt est compris entre 35 \u20ac et 50 \u20ac selon le mod\u00e8le. D\u00e9lai de proc\u00e9dure : 48\/72 heures \u00e0 compter de la r\u00e9ception de [&hellip;]<\/p>\n","protected":false},"author":1,"featured_media":0,"parent":4999,"menu_order":0,"comment_status":"closed","ping_status":"closed","template":"","meta":{"footnotes":""},"class_list":["post-5022","page","type-page","status-publish","hentry"],"yoast_head":"<!-- This site is optimized with the Yoast SEO plugin v27.0 - https:\/\/yoast.com\/product\/yoast-seo-wordpress\/ -->\n<title>LAVER - Motoairbag - L&#039;airbag per i motociclisti<\/title>\n<meta name=\"robots\" content=\"index, follow, max-snippet:-1, max-image-preview:large, max-video-preview:-1\" \/>\n<link rel=\"canonical\" href=\"https:\/\/www.motoairbag.com\/fr\/apres-vente\/laver\/\" \/>\n<meta property=\"og:locale\" content=\"fr_FR\" \/>\n<meta property=\"og:type\" content=\"article\" \/>\n<meta property=\"og:title\" content=\"LAVER - Motoairbag - L&#039;airbag per i motociclisti\" \/>\n<meta property=\"og:description\" content=\"[vc_row disable_background_image=\u00a0\u00bb\u00a0\u00bb][vc_column][vc_column_text]Un lavage en profondeur consiste \u00e0 retirer compl\u00e8tement le syst\u00e8me d&rsquo;airbag puis \u00e0 laver la partie textile. Une fois sec, le syst\u00e8me airbag est remont\u00e9. Le co\u00fbt est compris entre 35 \u20ac et 50 \u20ac selon le mod\u00e8le. D\u00e9lai de proc\u00e9dure : 48\/72 heures \u00e0 compter de la r\u00e9ception de [&hellip;]\" \/>\n<meta property=\"og:url\" content=\"https:\/\/www.motoairbag.com\/fr\/apres-vente\/laver\/\" \/>\n<meta property=\"og:site_name\" content=\"Motoairbag - L&#039;airbag per i motociclisti\" \/>\n<meta property=\"article:modified_time\" content=\"2023-01-13T09:01:25+00:00\" \/>\n<meta name=\"twitter:card\" content=\"summary_large_image\" \/>\n<meta name=\"twitter:label1\" content=\"Dur\u00e9e de lecture estim\u00e9e\" \/>\n\t<meta name=\"twitter:data1\" content=\"1 minute\" \/>\n<script type=\"application\/ld+json\" class=\"yoast-schema-graph\">{\"@context\":\"https:\/\/schema.org\",\"@graph\":[{\"@type\":\"WebPage\",\"@id\":\"https:\/\/www.motoairbag.com\/fr\/apres-vente\/laver\/\",\"url\":\"https:\/\/www.motoairbag.com\/fr\/apres-vente\/laver\/\",\"name\":\"LAVER - Motoairbag - L&#039;airbag per i motociclisti\",\"isPartOf\":{\"@id\":\"https:\/\/www.motoairbag.com\/#website\"},\"datePublished\":\"2022-06-22T10:32:21+00:00\",\"dateModified\":\"2023-01-13T09:01:25+00:00\",\"breadcrumb\":{\"@id\":\"https:\/\/www.motoairbag.com\/fr\/apres-vente\/laver\/#breadcrumb\"},\"inLanguage\":\"fr-FR\",\"potentialAction\":[{\"@type\":\"ReadAction\",\"target\":[\"https:\/\/www.motoairbag.com\/fr\/apres-vente\/laver\/\"]}]},{\"@type\":\"BreadcrumbList\",\"@id\":\"https:\/\/www.motoairbag.com\/fr\/apres-vente\/laver\/#breadcrumb\",\"itemListElement\":[{\"@type\":\"ListItem\",\"position\":1,\"name\":\"Home\",\"item\":\"https:\/\/www.motoairbag.com\/fr\/\"},{\"@type\":\"ListItem\",\"position\":2,\"name\":\"Apr\u00e8s vente\",\"item\":\"https:\/\/www.motoairbag.com\/fr\/apres-vente\/\"},{\"@type\":\"ListItem\",\"position\":3,\"name\":\"LAVER\"}]},{\"@type\":\"WebSite\",\"@id\":\"https:\/\/www.motoairbag.com\/#website\",\"url\":\"https:\/\/www.motoairbag.com\/\",\"name\":\"Motoairbag - L&#039;airbag per i motociclisti\",\"description\":\"\",\"publisher\":{\"@id\":\"https:\/\/www.motoairbag.com\/#organization\"},\"potentialAction\":[{\"@type\":\"SearchAction\",\"target\":{\"@type\":\"EntryPoint\",\"urlTemplate\":\"https:\/\/www.motoairbag.com\/?s={search_term_string}\"},\"query-input\":{\"@type\":\"PropertyValueSpecification\",\"valueRequired\":true,\"valueName\":\"search_term_string\"}}],\"inLanguage\":\"fr-FR\"},{\"@type\":\"Organization\",\"@id\":\"https:\/\/www.motoairbag.com\/#organization\",\"name\":\"Motoairbag - L&#039;airbag per i motociclisti\",\"url\":\"https:\/\/www.motoairbag.com\/\",\"logo\":{\"@type\":\"ImageObject\",\"inLanguage\":\"fr-FR\",\"@id\":\"https:\/\/www.motoairbag.com\/#\/schema\/logo\/image\/\",\"url\":\"https:\/\/www.motoairbag.com\/wp-content\/uploads\/2022\/11\/logo-final.jpg\",\"contentUrl\":\"https:\/\/www.motoairbag.com\/wp-content\/uploads\/2022\/11\/logo-final.jpg\",\"width\":609,\"height\":80,\"caption\":\"Motoairbag - L&#039;airbag per i motociclisti\"},\"image\":{\"@id\":\"https:\/\/www.motoairbag.com\/#\/schema\/logo\/image\/\"}}]}<\/script>\n<!-- \/ Yoast SEO plugin. -->","yoast_head_json":{"title":"LAVER - Motoairbag - L&#039;airbag per i motociclisti","robots":{"index":"index","follow":"follow","max-snippet":"max-snippet:-1","max-image-preview":"max-image-preview:large","max-video-preview":"max-video-preview:-1"},"canonical":"https:\/\/www.motoairbag.com\/fr\/apres-vente\/laver\/","og_locale":"fr_FR","og_type":"article","og_title":"LAVER - Motoairbag - L&#039;airbag per i motociclisti","og_description":"[vc_row disable_background_image=\u00a0\u00bb\u00a0\u00bb][vc_column][vc_column_text]Un lavage en profondeur consiste \u00e0 retirer compl\u00e8tement le syst\u00e8me d&rsquo;airbag puis \u00e0 laver la partie textile. Une fois sec, le syst\u00e8me airbag est remont\u00e9. Le co\u00fbt est compris entre 35 \u20ac et 50 \u20ac selon le mod\u00e8le. D\u00e9lai de proc\u00e9dure : 48\/72 heures \u00e0 compter de la r\u00e9ception de [&hellip;]","og_url":"https:\/\/www.motoairbag.com\/fr\/apres-vente\/laver\/","og_site_name":"Motoairbag - L&#039;airbag per i motociclisti","article_modified_time":"2023-01-13T09:01:25+00:00","twitter_card":"summary_large_image","twitter_misc":{"Dur\u00e9e de lecture estim\u00e9e":"1 minute"},"schema":{"@context":"https:\/\/schema.org","@graph":[{"@type":"WebPage","@id":"https:\/\/www.motoairbag.com\/fr\/apres-vente\/laver\/","url":"https:\/\/www.motoairbag.com\/fr\/apres-vente\/laver\/","name":"LAVER - Motoairbag - L&#039;airbag per i motociclisti","isPartOf":{"@id":"https:\/\/www.motoairbag.com\/#website"},"datePublished":"2022-06-22T10:32:21+00:00","dateModified":"2023-01-13T09:01:25+00:00","breadcrumb":{"@id":"https:\/\/www.motoairbag.com\/fr\/apres-vente\/laver\/#breadcrumb"},"inLanguage":"fr-FR","potentialAction":[{"@type":"ReadAction","target":["https:\/\/www.motoairbag.com\/fr\/apres-vente\/laver\/"]}]},{"@type":"BreadcrumbList","@id":"https:\/\/www.motoairbag.com\/fr\/apres-vente\/laver\/#breadcrumb","itemListElement":[{"@type":"ListItem","position":1,"name":"Home","item":"https:\/\/www.motoairbag.com\/fr\/"},{"@type":"ListItem","position":2,"name":"Apr\u00e8s vente","item":"https:\/\/www.motoairbag.com\/fr\/apres-vente\/"},{"@type":"ListItem","position":3,"name":"LAVER"}]},{"@type":"WebSite","@id":"https:\/\/www.motoairbag.com\/#website","url":"https:\/\/www.motoairbag.com\/","name":"Motoairbag - L&#039;airbag per i motociclisti","description":"","publisher":{"@id":"https:\/\/www.motoairbag.com\/#organization"},"potentialAction":[{"@type":"SearchAction","target":{"@type":"EntryPoint","urlTemplate":"https:\/\/www.motoairbag.com\/?s={search_term_string}"},"query-input":{"@type":"PropertyValueSpecification","valueRequired":true,"valueName":"search_term_string"}}],"inLanguage":"fr-FR"},{"@type":"Organization","@id":"https:\/\/www.motoairbag.com\/#organization","name":"Motoairbag - L&#039;airbag per i motociclisti","url":"https:\/\/www.motoairbag.com\/","logo":{"@type":"ImageObject","inLanguage":"fr-FR","@id":"https:\/\/www.motoairbag.com\/#\/schema\/logo\/image\/","url":"https:\/\/www.motoairbag.com\/wp-content\/uploads\/2022\/11\/logo-final.jpg","contentUrl":"https:\/\/www.motoairbag.com\/wp-content\/uploads\/2022\/11\/logo-final.jpg","width":609,"height":80,"caption":"Motoairbag - L&#039;airbag per i motociclisti"},"image":{"@id":"https:\/\/www.motoairbag.com\/#\/schema\/logo\/image\/"}}]}},"_links":{"self":[{"href":"https:\/\/www.motoairbag.com\/fr\/wp-json\/wp\/v2\/pages\/5022","targetHints":{"allow":["GET"]}}],"collection":[{"href":"https:\/\/www.motoairbag.com\/fr\/wp-json\/wp\/v2\/pages"}],"about":[{"href":"https:\/\/www.motoairbag.com\/fr\/wp-json\/wp\/v2\/types\/page"}],"author":[{"embeddable":true,"href":"https:\/\/www.motoairbag.com\/fr\/wp-json\/wp\/v2\/users\/1"}],"replies":[{"embeddable":true,"href":"https:\/\/www.motoairbag.com\/fr\/wp-json\/wp\/v2\/comments?post=5022"}],"version-history":[{"count":2,"href":"https:\/\/www.motoairbag.com\/fr\/wp-json\/wp\/v2\/pages\/5022\/revisions"}],"predecessor-version":[{"id":5024,"href":"https:\/\/www.motoairbag.com\/fr\/wp-json\/wp\/v2\/pages\/5022\/revisions\/5024"}],"up":[{"embeddable":true,"href":"https:\/\/www.motoairbag.com\/fr\/wp-json\/wp\/v2\/pages\/4999"}],"wp:attachment":[{"href":"https:\/\/www.motoairbag.com\/fr\/wp-json\/wp\/v2\/media?parent=5022"}],"curies":[{"name":"wp","href":"https:\/\/api.w.org\/{rel}","templated":true}]}}