{"id":4999,"date":"2019-09-13T10:49:36","date_gmt":"2019-09-13T10:49:36","guid":{"rendered":"http:\/\/motoairbag.innovea.it\/apres-vente\/"},"modified":"2023-08-30T14:29:49","modified_gmt":"2023-08-30T14:29:49","slug":"apres-vente","status":"publish","type":"page","link":"https:\/\/www.motoairbag.com\/fr\/apres-vente\/","title":{"rendered":"Apr\u00e8s vente"},"content":{"rendered":"<p>[vc_row disable_background_image=\u00a0\u00bb\u00a0\u00bb][vc_column][vc_column_text][\/vc_column_text][\/vc_column][\/vc_row][vc_row disable_background_image=\u00a0\u00bb\u00a0\u00bb][vc_column width=\u00a0\u00bb1\/2&Prime; css=\u00a0\u00bb.vc_custom_1671720146647{padding-left: 90px !important;}\u00a0\u00bb][vc_custom_heading text=\u00a0\u00bbContactez le support:\u00a0\u00bb font_container=\u00a0\u00bbtag:h4|text_align:left\u00a0\u00bb use_theme_fonts=\u00a0\u00bbyes\u00a0\u00bb][vc_empty_space height=\u00a0\u00bb10px\u00a0\u00bb]<a itemprop=\"url\" href=\"mailto:assistenza@motoairbag.com\" target=\"_self\"  class=\"mkdf-btn mkdf-btn-medium mkdf-btn-predefined\"  >\n            <span class=\"mkdf-btn-predefined-line-holder\">\n            <span class=\"mkdf-btn-line-hidden\"><\/span>\n            <span class=\"mkdf-btn-text\">E-mail<\/span>\n\t        <span class=\"mkdf-btn-line\"><\/span>\n            <i class=\"mkdf-btn-predefined-icon mkdf-icon-ion-icon ion-ios-play \"><\/i>\n        <\/span>\n    <\/a>[vc_empty_space height=\u00a0\u00bb10px\u00a0\u00bb]<a itemprop=\"url\" href=\"https:\/\/wa.me\/message\/35DF2K6FQIFNH1\" target=\"_self\" style=\"background-color: #25d366;border-color: #25d366\" class=\"mkdf-btn mkdf-btn-medium mkdf-btn-predefined\"  >\n            <span class=\"mkdf-btn-predefined-line-holder\">\n            <span class=\"mkdf-btn-line-hidden\"><\/span>\n            <span class=\"mkdf-btn-text\">Whatsapp<\/span>\n\t        <span class=\"mkdf-btn-line\"><\/span>\n            <i class=\"mkdf-btn-predefined-icon mkdf-icon-ion-icon ion-ios-play \"><\/i>\n        <\/span>\n    <\/a>[\/vc_column][vc_column width=\u00a0\u00bb1\/2&Prime;][vc_empty_space height=\u00a0\u00bb69px\u00a0\u00bb]\n<div class=\"wpcf7 no-js\" id=\"wpcf7-f5252-o1\" lang=\"fr-FR\" dir=\"ltr\" data-wpcf7-id=\"5252\">\n<div class=\"screen-reader-response\"><p role=\"status\" aria-live=\"polite\" aria-atomic=\"true\"><\/p> <ul><\/ul><\/div>\n<form action=\"\/fr\/wp-json\/wp\/v2\/pages\/4999#wpcf7-f5252-o1\" method=\"post\" class=\"wpcf7-form init\" aria-label=\"Formulaire de contact\" novalidate=\"novalidate\" data-status=\"init\">\n<fieldset class=\"hidden-fields-container\"><input type=\"hidden\" name=\"_wpcf7\" value=\"5252\" \/><input type=\"hidden\" name=\"_wpcf7_version\" value=\"6.1.5\" \/><input type=\"hidden\" name=\"_wpcf7_locale\" value=\"fr_FR\" \/><input type=\"hidden\" name=\"_wpcf7_unit_tag\" value=\"wpcf7-f5252-o1\" \/><input type=\"hidden\" name=\"_wpcf7_container_post\" value=\"0\" \/><input type=\"hidden\" name=\"_wpcf7_posted_data_hash\" value=\"\" \/><input type=\"hidden\" name=\"_wpcf7_recaptcha_response\" value=\"\" \/>\n<\/fieldset>\n<div class=\"mkdf-cf7-custom-style\">\n\t<p><label style=\"color: #000000;\"> Nom et pr\u00e9nom<br \/>\n<span class=\"wpcf7-form-control-wrap\" data-name=\"your-name\"><input size=\"40\" maxlength=\"400\" class=\"wpcf7-form-control wpcf7-text wpcf7-validates-as-required\" aria-required=\"true\" aria-invalid=\"false\" value=\"\" type=\"text\" name=\"your-name\" \/><\/span> <\/label><br \/>\n<label style=\"color: #000000;\"> Email<br \/>\n<span class=\"wpcf7-form-control-wrap\" data-name=\"your-email\"><input size=\"40\" maxlength=\"400\" class=\"wpcf7-form-control wpcf7-email wpcf7-validates-as-required wpcf7-text wpcf7-validates-as-email\" aria-required=\"true\" aria-invalid=\"false\" value=\"\" type=\"email\" name=\"your-email\" \/><\/span> <\/label><br \/>\n<label style=\"color: #000000;\"> Num\u00e9ro de t\u00e9l\u00e9phone<br \/>\n<span class=\"wpcf7-form-control-wrap\" data-name=\"your-tel\"><input size=\"40\" maxlength=\"400\" class=\"wpcf7-form-control wpcf7-tel wpcf7-validates-as-required wpcf7-text wpcf7-validates-as-tel\" aria-required=\"true\" aria-invalid=\"false\" value=\"\" type=\"tel\" name=\"your-tel\" \/><\/span> <\/label><br \/>\n<label style=\"color: #000000;\"> Message<br \/>\n<span class=\"wpcf7-form-control-wrap\" data-name=\"your-message\"><textarea cols=\"40\" rows=\"5\" maxlength=\"2000\" class=\"wpcf7-form-control wpcf7-textarea\" aria-invalid=\"false\" name=\"your-message\"><\/textarea><\/span> <\/label><br \/>\n<span class=\"wpcf7-form-control-wrap\" data-name=\"privacy\"><span class=\"wpcf7-form-control wpcf7-acceptance\"><span class=\"wpcf7-list-item\"><label><input type=\"checkbox\" name=\"privacy\" value=\"1\" aria-invalid=\"false\" \/><span class=\"wpcf7-list-item-label\"><span style=\"color: #000000;\">JE D\u00c9CLARE AVOIR LU LES INFORMATIONS SUR LA VIE PRIV\u00c9E CONFORM\u00c9MENT AU R\u00c8GLEMENT UE 2016\/679 GDPR.. <\/span><\/span><\/label><\/span><\/span><\/span><br \/>\n<button class=\"wpcf7-form-control wpcf7-submit mkdf-btn mkdf-btn-medium mkdf-btn-solid\" type=\"submit\"><span class=\"mkdf-btn-text\">envoyer le message<\/span><\/button>\n\t<\/p>\n<\/div><p style=\"display: none !important;\" class=\"akismet-fields-container\" data-prefix=\"_wpcf7_ak_\"><label>&#916;<textarea name=\"_wpcf7_ak_hp_textarea\" cols=\"45\" rows=\"8\" maxlength=\"100\"><\/textarea><\/label><input type=\"hidden\" id=\"ak_js_1\" name=\"_wpcf7_ak_js\" value=\"151\"\/><script>document.getElementById( \"ak_js_1\" ).setAttribute( \"value\", ( new Date() ).getTime() );<\/script><\/p><input type='hidden' class='wpcf7-pum' value='{\"closepopup\":false,\"closedelay\":0,\"openpopup\":false,\"openpopup_id\":0}' \/><div class=\"wpcf7-response-output\" aria-hidden=\"true\"><\/div>\n<\/form>\n<\/div>\n[\/vc_column][\/vc_row][vc_row row_content_width=\u00a0\u00bbgrid\u00a0\u00bb disable_background_image=\u00a0\u00bb\u00a0\u00bb vertical_lines=\u00a0\u00bbyes\u00a0\u00bb css=\u00a0\u00bb.vc_custom_1568362251225{padding-top: 124px !important;padding-bottom: 82px !important;}\u00a0\u00bb][vc_column][vc_row_inner row_content_width=\u00a0\u00bbgrid\u00a0\u00bb][vc_column_inner]<div class=\"mkdf-section-title-holder  mkdf-st-split  mkdf-has-appear-animation\" >\n\t<div class=\"mkdf-st-inner\">\n\t\t\t<span class=\"mkdf-st-tagline\" style=\"color: #ba2a2a\">\n\t\t\tASSISTANCE ET APR\u00c8S-VENTE\t\t<\/span>\n\t\t\t\t\t\t<h2 class=\"mkdf-st-title\" >\n\t\t\t\t\t\t\t\t\t<span class=\"mkdf-sts-title-text\">Motoairbag \u00e0<br \/> votre service<\/span>\n\t\t\t\t\t<span class=\"mkdf-sts-separator\" ><\/span>\n\t\t\t\t\t\t\t<\/h2>\n\t\t\t\t\t\t\t<\/div>\n<\/div>[vc_empty_space height=\u00a0\u00bb69px\u00a0\u00bb][vc_btn title=\u00a0\u00bbEnregistrez votre Motoairbag\u00a0\u00bb color=\u00a0\u00bbdanger\u00a0\u00bb size=\u00a0\u00bblg\u00a0\u00bb align=\u00a0\u00bbcenter\u00a0\u00bb i_icon_fontawesome=\u00a0\u00bbfas fa-pen-alt\u00a0\u00bb add_icon=\u00a0\u00bbtrue\u00a0\u00bb link=\u00a0\u00bburl:https%3A%2F%2Fwww.motoairbag.com%2Ffr%2Fenregistrement-motoairbag%2F\u00a0\u00bb][vc_empty_space height=\u00a0\u00bb69px\u00a0\u00bb][\/vc_column_inner][\/vc_row_inner][vc_row_inner][vc_column_inner width=\u00a0\u00bb1\/3&Prime;]<div class=\"mkdf-iwt clearfix  mkdf-iwt-icon-top mkdf-iwt-icon-medium mkdf-has-appear-animation\">\n\t\t\t<a itemprop=\"url\" href=\"https:\/\/www.motoairbag.com\/fr\/apres-vente\/tutorial\/\" target=\"_self\" >\n\t\t\t\t\t\t<div class=\"mkdf-iwt-icon\">\n\t\t\t\t\t\t\t\t\t\t\t\t\t\t\t<img loading=\"lazy\" decoding=\"async\" width=\"64\" height=\"64\" src=\"https:\/\/www.motoairbag.com\/wp-content\/uploads\/2022\/11\/motorbike.png\" class=\"attachment-full size-full\" alt=\"\" \/>\t\t\t\t\t\n\t\t\t\t\t\t\t\t<\/div>\n\t\t\t<div class=\"mkdf-iwt-content\" >\n\t\t\t\t\t\t\t\t<h4 class=\"mkdf-iwt-title\" >\n\t\t\t\t\t<span class=\"mkdf-iwt-title-text\">Tutorial<\/span>\n\t\t\t<\/h4>\n\t\t\t\t\t\t\t\t\t<p class=\"mkdf-iwt-text\" >MOTOAIRBAG vous laisse toujours une notice d&#039;utilisation ou pour le transport a\u00e9rien. Du mat\u00e9riel vid\u00e9o est \u00e9galement disponible dans cette section pour vous aider \u00e0 comprendre et \u00e0 utiliser au mieux votre MOTOAIRBAG.<\/p>\n\t\t\t\t\t<\/div>\n\t\t\t\t\t<\/a>\n<\/div>\n[vc_empty_space height=\u00a0\u00bb40px\u00a0\u00bb][\/vc_column_inner][vc_column_inner width=\u00a0\u00bb1\/3&Prime;]<div class=\"mkdf-iwt clearfix  mkdf-iwt-icon-top mkdf-iwt-icon-medium mkdf-has-appear-animation\">\n\t\t\t<a itemprop=\"url\" href=\"https:\/\/www.motoairbag.com\/fr\/apres-vente\/upgrade\/\" target=\"_self\" >\n\t\t\t\t\t\t<div class=\"mkdf-iwt-icon\">\n\t\t\t\t\t\t\t\t\t\t\t\t\t\t\t<img loading=\"lazy\" decoding=\"async\" width=\"64\" height=\"64\" src=\"https:\/\/www.motoairbag.com\/wp-content\/uploads\/2022\/11\/worker.png\" class=\"attachment-full size-full\" alt=\"\" \/>\t\t\t\t\t\n\t\t\t\t\t\t\t\t<\/div>\n\t\t\t<div class=\"mkdf-iwt-content\" >\n\t\t\t\t\t\t\t\t<h4 class=\"mkdf-iwt-title\" style=\"margin-top: 12px\">\n\t\t\t\t\t<span class=\"mkdf-iwt-title-text\">Upgrade<\/span>\n\t\t\t<\/h4>\n\t\t\t\t\t\t\t\t\t<p class=\"mkdf-iwt-text\" >Chaque MOTOAIRBAG (dans n&#039;importe quelle version et \u00e0 tout moment) peut \u00eatre mis \u00e0 jour vers la version la plus r\u00e9cente. D\u00e9lai technique 48\/72h \u00e0 compter de la r\u00e9ception.<\/p>\n\t\t\t\t\t<\/div>\n\t\t\t\t\t<\/a>\n<\/div>\n[vc_empty_space height=\u00a0\u00bb40px\u00a0\u00bb][\/vc_column_inner][vc_column_inner width=\u00a0\u00bb1\/3&Prime;]<div class=\"mkdf-iwt clearfix  mkdf-iwt-icon-top mkdf-iwt-icon-medium mkdf-has-appear-animation\">\n\t\t\t<a itemprop=\"url\" href=\"https:\/\/www.motoairbag.com\/fr\/apres-vente\/activation\/\" target=\"_self\" >\n\t\t\t\t\t\t<div class=\"mkdf-iwt-icon\">\n\t\t\t\t\t\t\t\t\t\t\t\t\t\t\t<img loading=\"lazy\" decoding=\"async\" width=\"64\" height=\"64\" src=\"https:\/\/www.motoairbag.com\/wp-content\/uploads\/2022\/11\/mission.png\" class=\"attachment-full size-full\" alt=\"\" \/>\t\t\t\t\t\n\t\t\t\t\t\t\t\t<\/div>\n\t\t\t<div class=\"mkdf-iwt-content\" >\n\t\t\t\t\t\t\t\t<h4 class=\"mkdf-iwt-title\" style=\"margin-top: 3px\">\n\t\t\t\t\t<span class=\"mkdf-iwt-title-text\">ACTIVATION<\/span>\n\t\t\t<\/h4>\n\t\t\t\t\t\t\t\t\t<p class=\"mkdf-iwt-text\" >En cas d&#039;activation sans impact, l&#039;airbag, apr\u00e8s avoir effectu\u00e9 la liste de contr\u00f4le du manuel d&#039;instructions, peut \u00eatre recharg\u00e9 par l&#039;utilisateur final avec le kit de recharge sp\u00e9cial.<\/p>\n\t\t\t\t\t<\/div>\n\t\t\t\t\t<\/a>\n<\/div>\n[vc_empty_space height=\u00a0\u00bb40px\u00a0\u00bb][\/vc_column_inner][\/vc_row_inner][vc_row_inner][vc_column_inner width=\u00a0\u00bb1\/3&Prime;]<div class=\"mkdf-iwt clearfix  mkdf-iwt-icon-top mkdf-iwt-icon-medium mkdf-has-appear-animation\">\n\t\t\t<a itemprop=\"url\" href=\"https:\/\/www.motoairbag.com\/fr\/apres-vente\/revision\/\" target=\"_self\" >\n\t\t\t\t\t\t<div class=\"mkdf-iwt-icon\">\n\t\t\t\t\t\t\t\t\t\t\t\t\t\t\t<img loading=\"lazy\" decoding=\"async\" width=\"64\" height=\"64\" src=\"https:\/\/www.motoairbag.com\/wp-content\/uploads\/2022\/11\/pencil.png\" class=\"attachment-full size-full\" alt=\"\" \/>\t\t\t\t\t\n\t\t\t\t\t\t\t\t<\/div>\n\t\t\t<div class=\"mkdf-iwt-content\" >\n\t\t\t\t\t\t\t\t<h4 class=\"mkdf-iwt-title\" >\n\t\t\t\t\t<span class=\"mkdf-iwt-title-text\">R\u00e9vision<\/span>\n\t\t\t<\/h4>\n\t\t\t\t\t\t\t\t\t<p class=\"mkdf-iwt-text\" >La r\u00e9vision est effectu\u00e9e directement dans la Soci\u00e9t\u00e9 et doit \u00eatre effectu\u00e9e tous les 4 ans. D\u00e9lai technique : 48\/72h<\/p>\n\t\t\t\t\t<\/div>\n\t\t\t\t\t<\/a>\n<\/div>\n[vc_empty_space height=\u00a0\u00bb40px\u00a0\u00bb][\/vc_column_inner][vc_column_inner width=\u00a0\u00bb1\/3&Prime;]<div class=\"mkdf-iwt clearfix  mkdf-iwt-icon-top mkdf-iwt-icon-medium mkdf-has-appear-animation\">\n\t\t\t<a itemprop=\"url\" href=\"https:\/\/www.motoairbag.com\/fr\/apres-vente\/laver\/\" target=\"_self\" >\n\t\t\t\t\t\t<div class=\"mkdf-iwt-icon\">\n\t\t\t\t\t\t\t\t\t\t\t\t\t\t\t<img loading=\"lazy\" decoding=\"async\" width=\"64\" height=\"64\" src=\"https:\/\/www.motoairbag.com\/wp-content\/uploads\/2022\/11\/clean.png\" class=\"attachment-full size-full\" alt=\"\" \/>\t\t\t\t\t\n\t\t\t\t\t\t\t\t<\/div>\n\t\t\t<div class=\"mkdf-iwt-content\" >\n\t\t\t\t\t\t\t\t<h4 class=\"mkdf-iwt-title\" >\n\t\t\t\t\t<span class=\"mkdf-iwt-title-text\">Lavage<\/span>\n\t\t\t<\/h4>\n\t\t\t\t\t\t\t\t\t<p class=\"mkdf-iwt-text\" >En plus du lavage classique d\u00e9crit dans le manuel, il est possible de demander un lavage plus approfondi en Entreprise. D\u00e9lai technique : 48\/72h.<\/p>\n\t\t\t\t\t<\/div>\n\t\t\t\t\t<\/a>\n<\/div>\n[vc_empty_space height=\u00a0\u00bb40px\u00a0\u00bb][\/vc_column_inner][vc_column_inner width=\u00a0\u00bb1\/3&Prime;][\/vc_column_inner][\/vc_row_inner][\/vc_column][\/vc_row]<\/p>\n","protected":false},"excerpt":{"rendered":"<p>[vc_row disable_background_image=\u00a0\u00bb\u00a0\u00bb][vc_column][vc_column_text][\/vc_column_text][\/vc_column][\/vc_row][vc_row disable_background_image=\u00a0\u00bb\u00a0\u00bb][vc_column width=\u00a0\u00bb1\/2&Prime; css=\u00a0\u00bb.vc_custom_1671720146647{padding-left: 90px !important;}\u00a0\u00bb][vc_custom_heading text=\u00a0\u00bbContactez le support:\u00a0\u00bb font_container=\u00a0\u00bbtag:h4|text_align:left\u00a0\u00bb use_theme_fonts=\u00a0\u00bbyes\u00a0\u00bb][vc_empty_space height=\u00a0\u00bb10px\u00a0\u00bb][vc_empty_space height=\u00a0\u00bb10px\u00a0\u00bb][\/vc_column][vc_column width=\u00a0\u00bb1\/2&Prime;][vc_empty_space height=\u00a0\u00bb69px\u00a0\u00bb][\/vc_column][\/vc_row][vc_row row_content_width=\u00a0\u00bbgrid\u00a0\u00bb disable_background_image=\u00a0\u00bb\u00a0\u00bb vertical_lines=\u00a0\u00bbyes\u00a0\u00bb css=\u00a0\u00bb.vc_custom_1568362251225{padding-top: 124px !important;padding-bottom: 82px !important;}\u00a0\u00bb][vc_column][vc_row_inner row_content_width=\u00a0\u00bbgrid\u00a0\u00bb][vc_column_inner][vc_empty_space height=\u00a0\u00bb69px\u00a0\u00bb][vc_btn title=\u00a0\u00bbEnregistrez votre Motoairbag\u00a0\u00bb color=\u00a0\u00bbdanger\u00a0\u00bb size=\u00a0\u00bblg\u00a0\u00bb align=\u00a0\u00bbcenter\u00a0\u00bb i_icon_fontawesome=\u00a0\u00bbfas fa-pen-alt\u00a0\u00bb add_icon=\u00a0\u00bbtrue\u00a0\u00bb link=\u00a0\u00bburl:https%3A%2F%2Fwww.motoairbag.com%2Ffr%2Fenregistrement-motoairbag%2F\u00a0\u00bb][vc_empty_space height=\u00a0\u00bb69px\u00a0\u00bb][\/vc_column_inner][\/vc_row_inner][vc_row_inner][vc_column_inner width=\u00a0\u00bb1\/3&Prime;][vc_empty_space height=\u00a0\u00bb40px\u00a0\u00bb][\/vc_column_inner][vc_column_inner width=\u00a0\u00bb1\/3&Prime;][vc_empty_space height=\u00a0\u00bb40px\u00a0\u00bb][\/vc_column_inner][vc_column_inner width=\u00a0\u00bb1\/3&Prime;][vc_empty_space height=\u00a0\u00bb40px\u00a0\u00bb][\/vc_column_inner][\/vc_row_inner][vc_row_inner][vc_column_inner width=\u00a0\u00bb1\/3&Prime;][vc_empty_space height=\u00a0\u00bb40px\u00a0\u00bb][\/vc_column_inner][vc_column_inner width=\u00a0\u00bb1\/3&Prime;][vc_empty_space height=\u00a0\u00bb40px\u00a0\u00bb][\/vc_column_inner][vc_column_inner width=\u00a0\u00bb1\/3&Prime;][\/vc_column_inner][\/vc_row_inner][\/vc_column][\/vc_row]<\/p>\n","protected":false},"author":1,"featured_media":0,"parent":0,"menu_order":0,"comment_status":"closed","ping_status":"closed","template":"full-width.php","meta":{"footnotes":""},"class_list":["post-4999","page","type-page","status-publish","hentry"],"yoast_head":"<!-- This site is optimized with the Yoast SEO plugin v27.0 - https:\/\/yoast.com\/product\/yoast-seo-wordpress\/ -->\n<title>Apr\u00e8s vente - Motoairbag - L&#039;airbag per i motociclisti<\/title>\n<meta name=\"robots\" content=\"index, follow, max-snippet:-1, max-image-preview:large, max-video-preview:-1\" \/>\n<link rel=\"canonical\" href=\"https:\/\/www.motoairbag.com\/fr\/apres-vente\/\" \/>\n<meta property=\"og:locale\" content=\"fr_FR\" \/>\n<meta property=\"og:type\" content=\"article\" \/>\n<meta property=\"og:title\" content=\"Apr\u00e8s vente - Motoairbag - L&#039;airbag per i motociclisti\" \/>\n<meta property=\"og:description\" content=\"[vc_row disable_background_image=\u00a0\u00bb\u00a0\u00bb][vc_column][vc_column_text][\/vc_column_text][\/vc_column][\/vc_row][vc_row disable_background_image=\u00a0\u00bb\u00a0\u00bb][vc_column width=\u00a0\u00bb1\/2&Prime; css=\u00a0\u00bb.vc_custom_1671720146647{padding-left: 90px !important;}\u00a0\u00bb][vc_custom_heading text=\u00a0\u00bbContactez le support:\u00a0\u00bb font_container=\u00a0\u00bbtag:h4|text_align:left\u00a0\u00bb use_theme_fonts=\u00a0\u00bbyes\u00a0\u00bb][vc_empty_space height=\u00a0\u00bb10px\u00a0\u00bb][vc_empty_space height=\u00a0\u00bb10px\u00a0\u00bb][\/vc_column][vc_column width=\u00a0\u00bb1\/2&Prime;][vc_empty_space height=\u00a0\u00bb69px\u00a0\u00bb][\/vc_column][\/vc_row][vc_row row_content_width=\u00a0\u00bbgrid\u00a0\u00bb disable_background_image=\u00a0\u00bb\u00a0\u00bb vertical_lines=\u00a0\u00bbyes\u00a0\u00bb css=\u00a0\u00bb.vc_custom_1568362251225{padding-top: 124px !important;padding-bottom: 82px !important;}\u00a0\u00bb][vc_column][vc_row_inner row_content_width=\u00a0\u00bbgrid\u00a0\u00bb][vc_column_inner][vc_empty_space height=\u00a0\u00bb69px\u00a0\u00bb][vc_btn title=\u00a0\u00bbEnregistrez votre Motoairbag\u00a0\u00bb color=\u00a0\u00bbdanger\u00a0\u00bb size=\u00a0\u00bblg\u00a0\u00bb align=\u00a0\u00bbcenter\u00a0\u00bb i_icon_fontawesome=\u00a0\u00bbfas fa-pen-alt\u00a0\u00bb add_icon=\u00a0\u00bbtrue\u00a0\u00bb link=\u00a0\u00bburl:https%3A%2F%2Fwww.motoairbag.com%2Ffr%2Fenregistrement-motoairbag%2F\u00a0\u00bb][vc_empty_space height=\u00a0\u00bb69px\u00a0\u00bb][\/vc_column_inner][\/vc_row_inner][vc_row_inner][vc_column_inner width=\u00a0\u00bb1\/3&Prime;][vc_empty_space height=\u00a0\u00bb40px\u00a0\u00bb][\/vc_column_inner][vc_column_inner width=\u00a0\u00bb1\/3&Prime;][vc_empty_space height=\u00a0\u00bb40px\u00a0\u00bb][\/vc_column_inner][vc_column_inner width=\u00a0\u00bb1\/3&Prime;][vc_empty_space height=\u00a0\u00bb40px\u00a0\u00bb][\/vc_column_inner][\/vc_row_inner][vc_row_inner][vc_column_inner width=\u00a0\u00bb1\/3&Prime;][vc_empty_space height=\u00a0\u00bb40px\u00a0\u00bb][\/vc_column_inner][vc_column_inner width=\u00a0\u00bb1\/3&Prime;][vc_empty_space height=\u00a0\u00bb40px\u00a0\u00bb][\/vc_column_inner][vc_column_inner width=\u00a0\u00bb1\/3&Prime;][\/vc_column_inner][\/vc_row_inner][\/vc_column][\/vc_row]\" \/>\n<meta property=\"og:url\" content=\"https:\/\/www.motoairbag.com\/fr\/apres-vente\/\" \/>\n<meta property=\"og:site_name\" content=\"Motoairbag - L&#039;airbag per i motociclisti\" \/>\n<meta property=\"article:modified_time\" content=\"2023-08-30T14:29:49+00:00\" \/>\n<meta name=\"twitter:card\" content=\"summary_large_image\" \/>\n<meta name=\"twitter:label1\" content=\"Dur\u00e9e de lecture estim\u00e9e\" \/>\n\t<meta name=\"twitter:data1\" content=\"2 minutes\" \/>\n<script type=\"application\/ld+json\" class=\"yoast-schema-graph\">{\"@context\":\"https:\/\/schema.org\",\"@graph\":[{\"@type\":\"WebPage\",\"@id\":\"https:\/\/www.motoairbag.com\/fr\/apres-vente\/\",\"url\":\"https:\/\/www.motoairbag.com\/fr\/apres-vente\/\",\"name\":\"Apr\u00e8s vente - Motoairbag - L&#039;airbag per i motociclisti\",\"isPartOf\":{\"@id\":\"https:\/\/www.motoairbag.com\/#website\"},\"datePublished\":\"2019-09-13T10:49:36+00:00\",\"dateModified\":\"2023-08-30T14:29:49+00:00\",\"breadcrumb\":{\"@id\":\"https:\/\/www.motoairbag.com\/fr\/apres-vente\/#breadcrumb\"},\"inLanguage\":\"fr-FR\",\"potentialAction\":[{\"@type\":\"ReadAction\",\"target\":[\"https:\/\/www.motoairbag.com\/fr\/apres-vente\/\"]}]},{\"@type\":\"BreadcrumbList\",\"@id\":\"https:\/\/www.motoairbag.com\/fr\/apres-vente\/#breadcrumb\",\"itemListElement\":[{\"@type\":\"ListItem\",\"position\":1,\"name\":\"Home\",\"item\":\"https:\/\/www.motoairbag.com\/fr\/\"},{\"@type\":\"ListItem\",\"position\":2,\"name\":\"Apr\u00e8s vente\"}]},{\"@type\":\"WebSite\",\"@id\":\"https:\/\/www.motoairbag.com\/#website\",\"url\":\"https:\/\/www.motoairbag.com\/\",\"name\":\"Motoairbag - L&#039;airbag per i motociclisti\",\"description\":\"\",\"publisher\":{\"@id\":\"https:\/\/www.motoairbag.com\/#organization\"},\"potentialAction\":[{\"@type\":\"SearchAction\",\"target\":{\"@type\":\"EntryPoint\",\"urlTemplate\":\"https:\/\/www.motoairbag.com\/?s={search_term_string}\"},\"query-input\":{\"@type\":\"PropertyValueSpecification\",\"valueRequired\":true,\"valueName\":\"search_term_string\"}}],\"inLanguage\":\"fr-FR\"},{\"@type\":\"Organization\",\"@id\":\"https:\/\/www.motoairbag.com\/#organization\",\"name\":\"Motoairbag - L&#039;airbag per i motociclisti\",\"url\":\"https:\/\/www.motoairbag.com\/\",\"logo\":{\"@type\":\"ImageObject\",\"inLanguage\":\"fr-FR\",\"@id\":\"https:\/\/www.motoairbag.com\/#\/schema\/logo\/image\/\",\"url\":\"https:\/\/www.motoairbag.com\/wp-content\/uploads\/2022\/11\/logo-final.jpg\",\"contentUrl\":\"https:\/\/www.motoairbag.com\/wp-content\/uploads\/2022\/11\/logo-final.jpg\",\"width\":609,\"height\":80,\"caption\":\"Motoairbag - L&#039;airbag per i motociclisti\"},\"image\":{\"@id\":\"https:\/\/www.motoairbag.com\/#\/schema\/logo\/image\/\"}}]}<\/script>\n<!-- \/ Yoast SEO plugin. -->","yoast_head_json":{"title":"Apr\u00e8s vente - Motoairbag - L&#039;airbag per i motociclisti","robots":{"index":"index","follow":"follow","max-snippet":"max-snippet:-1","max-image-preview":"max-image-preview:large","max-video-preview":"max-video-preview:-1"},"canonical":"https:\/\/www.motoairbag.com\/fr\/apres-vente\/","og_locale":"fr_FR","og_type":"article","og_title":"Apr\u00e8s vente - Motoairbag - L&#039;airbag per i motociclisti","og_description":"[vc_row disable_background_image=\u00a0\u00bb\u00a0\u00bb][vc_column][vc_column_text][\/vc_column_text][\/vc_column][\/vc_row][vc_row disable_background_image=\u00a0\u00bb\u00a0\u00bb][vc_column width=\u00a0\u00bb1\/2&Prime; css=\u00a0\u00bb.vc_custom_1671720146647{padding-left: 90px !important;}\u00a0\u00bb][vc_custom_heading text=\u00a0\u00bbContactez le support:\u00a0\u00bb font_container=\u00a0\u00bbtag:h4|text_align:left\u00a0\u00bb use_theme_fonts=\u00a0\u00bbyes\u00a0\u00bb][vc_empty_space height=\u00a0\u00bb10px\u00a0\u00bb][vc_empty_space height=\u00a0\u00bb10px\u00a0\u00bb][\/vc_column][vc_column width=\u00a0\u00bb1\/2&Prime;][vc_empty_space height=\u00a0\u00bb69px\u00a0\u00bb][\/vc_column][\/vc_row][vc_row row_content_width=\u00a0\u00bbgrid\u00a0\u00bb disable_background_image=\u00a0\u00bb\u00a0\u00bb vertical_lines=\u00a0\u00bbyes\u00a0\u00bb css=\u00a0\u00bb.vc_custom_1568362251225{padding-top: 124px !important;padding-bottom: 82px !important;}\u00a0\u00bb][vc_column][vc_row_inner row_content_width=\u00a0\u00bbgrid\u00a0\u00bb][vc_column_inner][vc_empty_space height=\u00a0\u00bb69px\u00a0\u00bb][vc_btn title=\u00a0\u00bbEnregistrez votre Motoairbag\u00a0\u00bb color=\u00a0\u00bbdanger\u00a0\u00bb size=\u00a0\u00bblg\u00a0\u00bb align=\u00a0\u00bbcenter\u00a0\u00bb i_icon_fontawesome=\u00a0\u00bbfas fa-pen-alt\u00a0\u00bb add_icon=\u00a0\u00bbtrue\u00a0\u00bb link=\u00a0\u00bburl:https%3A%2F%2Fwww.motoairbag.com%2Ffr%2Fenregistrement-motoairbag%2F\u00a0\u00bb][vc_empty_space height=\u00a0\u00bb69px\u00a0\u00bb][\/vc_column_inner][\/vc_row_inner][vc_row_inner][vc_column_inner width=\u00a0\u00bb1\/3&Prime;][vc_empty_space height=\u00a0\u00bb40px\u00a0\u00bb][\/vc_column_inner][vc_column_inner width=\u00a0\u00bb1\/3&Prime;][vc_empty_space height=\u00a0\u00bb40px\u00a0\u00bb][\/vc_column_inner][vc_column_inner width=\u00a0\u00bb1\/3&Prime;][vc_empty_space height=\u00a0\u00bb40px\u00a0\u00bb][\/vc_column_inner][\/vc_row_inner][vc_row_inner][vc_column_inner width=\u00a0\u00bb1\/3&Prime;][vc_empty_space height=\u00a0\u00bb40px\u00a0\u00bb][\/vc_column_inner][vc_column_inner width=\u00a0\u00bb1\/3&Prime;][vc_empty_space height=\u00a0\u00bb40px\u00a0\u00bb][\/vc_column_inner][vc_column_inner width=\u00a0\u00bb1\/3&Prime;][\/vc_column_inner][\/vc_row_inner][\/vc_column][\/vc_row]","og_url":"https:\/\/www.motoairbag.com\/fr\/apres-vente\/","og_site_name":"Motoairbag - L&#039;airbag per i motociclisti","article_modified_time":"2023-08-30T14:29:49+00:00","twitter_card":"summary_large_image","twitter_misc":{"Dur\u00e9e de lecture estim\u00e9e":"2 minutes"},"schema":{"@context":"https:\/\/schema.org","@graph":[{"@type":"WebPage","@id":"https:\/\/www.motoairbag.com\/fr\/apres-vente\/","url":"https:\/\/www.motoairbag.com\/fr\/apres-vente\/","name":"Apr\u00e8s vente - Motoairbag - L&#039;airbag per i motociclisti","isPartOf":{"@id":"https:\/\/www.motoairbag.com\/#website"},"datePublished":"2019-09-13T10:49:36+00:00","dateModified":"2023-08-30T14:29:49+00:00","breadcrumb":{"@id":"https:\/\/www.motoairbag.com\/fr\/apres-vente\/#breadcrumb"},"inLanguage":"fr-FR","potentialAction":[{"@type":"ReadAction","target":["https:\/\/www.motoairbag.com\/fr\/apres-vente\/"]}]},{"@type":"BreadcrumbList","@id":"https:\/\/www.motoairbag.com\/fr\/apres-vente\/#breadcrumb","itemListElement":[{"@type":"ListItem","position":1,"name":"Home","item":"https:\/\/www.motoairbag.com\/fr\/"},{"@type":"ListItem","position":2,"name":"Apr\u00e8s vente"}]},{"@type":"WebSite","@id":"https:\/\/www.motoairbag.com\/#website","url":"https:\/\/www.motoairbag.com\/","name":"Motoairbag - L&#039;airbag per i motociclisti","description":"","publisher":{"@id":"https:\/\/www.motoairbag.com\/#organization"},"potentialAction":[{"@type":"SearchAction","target":{"@type":"EntryPoint","urlTemplate":"https:\/\/www.motoairbag.com\/?s={search_term_string}"},"query-input":{"@type":"PropertyValueSpecification","valueRequired":true,"valueName":"search_term_string"}}],"inLanguage":"fr-FR"},{"@type":"Organization","@id":"https:\/\/www.motoairbag.com\/#organization","name":"Motoairbag - L&#039;airbag per i motociclisti","url":"https:\/\/www.motoairbag.com\/","logo":{"@type":"ImageObject","inLanguage":"fr-FR","@id":"https:\/\/www.motoairbag.com\/#\/schema\/logo\/image\/","url":"https:\/\/www.motoairbag.com\/wp-content\/uploads\/2022\/11\/logo-final.jpg","contentUrl":"https:\/\/www.motoairbag.com\/wp-content\/uploads\/2022\/11\/logo-final.jpg","width":609,"height":80,"caption":"Motoairbag - L&#039;airbag per i motociclisti"},"image":{"@id":"https:\/\/www.motoairbag.com\/#\/schema\/logo\/image\/"}}]}},"_links":{"self":[{"href":"https:\/\/www.motoairbag.com\/fr\/wp-json\/wp\/v2\/pages\/4999","targetHints":{"allow":["GET"]}}],"collection":[{"href":"https:\/\/www.motoairbag.com\/fr\/wp-json\/wp\/v2\/pages"}],"about":[{"href":"https:\/\/www.motoairbag.com\/fr\/wp-json\/wp\/v2\/types\/page"}],"author":[{"embeddable":true,"href":"https:\/\/www.motoairbag.com\/fr\/wp-json\/wp\/v2\/users\/1"}],"replies":[{"embeddable":true,"href":"https:\/\/www.motoairbag.com\/fr\/wp-json\/wp\/v2\/comments?post=4999"}],"version-history":[{"count":7,"href":"https:\/\/www.motoairbag.com\/fr\/wp-json\/wp\/v2\/pages\/4999\/revisions"}],"predecessor-version":[{"id":7624,"href":"https:\/\/www.motoairbag.com\/fr\/wp-json\/wp\/v2\/pages\/4999\/revisions\/7624"}],"wp:attachment":[{"href":"https:\/\/www.motoairbag.com\/fr\/wp-json\/wp\/v2\/media?parent=4999"}],"curies":[{"name":"wp","href":"https:\/\/api.w.org\/{rel}","templated":true}]}}