{"id":8596,"date":"2024-06-20T09:51:27","date_gmt":"2024-06-20T09:51:27","guid":{"rendered":"https:\/\/www.motoairbag.com\/?post_type=product&#038;p=8596"},"modified":"2026-04-24T10:33:15","modified_gmt":"2026-04-24T10:33:15","slug":"mab-m1","status":"publish","type":"product","link":"https:\/\/www.motoairbag.com\/es\/shop\/bolsas-de-aire\/mab-m1\/","title":{"rendered":"MAB M1"},"content":{"rendered":"<p>[vc_row disable_background_image=\u00bb\u00bb][vc_column][vc_tta_accordion][vc_tta_section title=\u00bbCaracter\u00ecsticas generales\u00bb tab_id=\u00bb1665647274320-421b536b-15c7&#8243;][vc_column_text]<\/p>\n<ul>\n<li>Certificado EN1621-4 Nivel 2 como airbag para motoristas<\/li>\n<li>Activaci\u00f3n anal\u00f3gica mediante Fast-Lock<\/li>\n<li>Recargable<\/li>\n<li>Volumen de protecci\u00f3n: 25 litros<\/li>\n<li>Sincronizador para gestionar los dos sistemas de airbag<\/li>\n<li>Inserciones reflectantes para una mayor visibilidad<\/li>\n<li>Bolsillo externo pr\u00e1ctico y de f\u00e1cil acceso<\/li>\n<li>Para llevar sobre la chaqueta<\/li>\n<li>Ajustes laterales para adaptarse a chaquetas pesadas o multilayer en invierno y m\u00e1s ligeras durante el verano<\/li>\n<\/ul>\n<p>[\/vc_column_text][\/vc_tta_section][vc_tta_section title=\u00bbEspecificaciones t\u00e9cnicas\u00bb tab_id=\u00bb1665647327764-f4d815c0-1938&#8243;][vc_column_text]<\/p>\n<ul>\n<li><strong data-start=\"0\" data-end=\"48\" data-is-only-node=\"\">Sistema de doble airbag (Dual Airbag System)<br \/>\n<\/strong>&#8211; Airbag trasero para la protecci\u00f3n de la espalda desde la zona cervical hasta el c\u00f3ccix. Certificado <strong data-start=\"151\" data-end=\"181\">AIRBAG EN1621\/4 FB Nivel 2<\/strong>. Fuerza residual tras la prueba de impacto: <strong data-start=\"226\" data-end=\"236\">1,4 kN<\/strong> (l\u00edmite Nivel 1 AIRBAG = 4,5 kN; l\u00edmite Nivel 2 AIRBAG = 2,5 kN)<br \/>\n&#8211; Airbag delantero para la protecci\u00f3n del t\u00f3rax, abdomen y cuello. Certificado <strong data-start=\"381\" data-end=\"411\">AIRBAG EN1621\/4 DC Nivel 2<\/strong>. Fuerza residual tras la prueba de impacto: <strong data-start=\"456\" data-end=\"466\">0,8 kN<\/strong> (l\u00edmite Nivel 1 AIRBAG = 4,5 kN; l\u00edmite Nivel 2 AIRBAG = 2,5 kN)<\/li>\n<li><strong data-start=\"534\" data-end=\"558\">Tecnolog\u00eda Fast Lock<\/strong> para una gesti\u00f3n completa y fiable del reconocimiento del accidente<\/li>\n<li><strong data-start=\"629\" data-end=\"651\">Tiempo de inflado:<\/strong> 80 milisegundos para ambos sistemas de airbag<\/li>\n<li><strong data-start=\"700\" data-end=\"732\">Volumen total de protecci\u00f3n:<\/strong> 25 litros (15 litros airbag trasero + 10 litros airbag delantero)<\/li>\n<li><strong data-start=\"801\" data-end=\"832\">Peso del sistema de airbag:<\/strong> 800 g airbag trasero \u2013 600 g airbag delantero. Peso total: <strong data-start=\"892\" data-end=\"902\">2,1 kg<\/strong><\/li>\n<li><strong data-start=\"905\" data-end=\"922\">Reutilizable:<\/strong> recargable por el usuario en pocos minutos mediante un kit de recarga, tras una sencilla comprobaci\u00f3n indicada en el manual<\/li>\n<li><strong data-start=\"1049\" data-end=\"1085\">Equipado con un bolsillo externo<\/strong> que puede utilizarse como portadocumentos<\/li>\n<li><strong data-start=\"1130\" data-end=\"1164\">Fabricado en tejido biel\u00e1stico<\/strong> de alta resistencia<\/li>\n<li><strong data-start=\"1187\" data-end=\"1220\">Forro interior en material 3D<\/strong> para favorecer la circulaci\u00f3n del aire<\/li>\n<li><strong data-start=\"1262\" data-end=\"1298\">Ajustes laterales con cremallera<\/strong> para adaptarse f\u00e1cilmente a chaquetas pesadas o multilayer en invierno y m\u00e1s ligeras durante el verano<\/li>\n<li><strong data-start=\"1404\" data-end=\"1439\">Cintur\u00f3n interior en la cintura<\/strong> para mantener el chaleco en la posici\u00f3n correcta, tanto durante la conducci\u00f3n como en caso de activaci\u00f3n<\/li>\n<li><strong data-start=\"1547\" data-end=\"1584\">V\u00e1lvulas de desinflado autom\u00e1tico<\/strong><\/li>\n<li><strong data-start=\"1587\" data-end=\"1627\">Sistema de sincronizaci\u00f3n Fast Lock:<\/strong> activa de forma inteligente el airbag m\u00e1s cercano al punto de impacto; por ejemplo, en caso de choque frontal, primero se infla el airbag delantero y luego el trasero, mientras que en caso de impacto trasero se activa primero el airbag trasero y luego el delantero<\/li>\n<li><strong data-start=\"1895\" data-end=\"1934\">Sistema anti-activaci\u00f3n accidental:<\/strong> para activar el chaleco es necesario extender completamente el cable, superar la fuerza el\u00e1stica de retorno del Fast Lock y aplicar una carga de <strong data-start=\"2080\" data-end=\"2089\">15 kg<\/strong>; para los primeros usos se incluye una <strong data-start=\"2129\" data-end=\"2154\">pegatina recordatoria<\/strong> para colocar en el salpicadero<\/li>\n<li><strong data-start=\"2188\" data-end=\"2234\">Dise\u00f1o optimizado para un confort superior<\/strong>, compatible con cualquier tipo de chaqueta<\/li>\n<li><strong data-start=\"2280\" data-end=\"2307\">Fast Lock es compatible<\/strong> con el mosquet\u00f3n de liberaci\u00f3n r\u00e1pida<\/li>\n<\/ul>\n<p>[\/vc_column_text][\/vc_tta_section][vc_tta_section title=\u00bbCertificaciones de seguridad\u00bb tab_id=\u00bb1665647393215-fcd34d4d-e657&#8243;][vc_column_text]<\/p>\n<ul>\n<li><strong data-start=\"0\" data-end=\"20\" data-is-only-node=\"\">Airbag delantero<\/strong> \u2013 Certificado <strong data-start=\"35\" data-end=\"65\">AIRBAG EN1621\/4 Nivel 2 DC<\/strong> (nivel m\u00e1ximo)<\/li>\n<li><strong data-start=\"83\" data-end=\"101\">Airbag trasero<\/strong> \u2013 Certificado <strong data-start=\"116\" data-end=\"146\">AIRBAG EN1621\/4 Nivel 2 FB<\/strong> (nivel m\u00e1ximo)<\/li>\n<li><strong data-start=\"164\" data-end=\"203\">Sistema de activaci\u00f3n con Fast Lock<\/strong> con aceler\u00f3metro anal\u00f3gico<\/li>\n<li><strong data-start=\"233\" data-end=\"250\" data-is-last-node=\"\">Sincronizador<\/strong><\/li>\n<\/ul>\n<p>[\/vc_column_text][\/vc_tta_section][\/vc_tta_accordion][\/vc_column][\/vc_row]<\/p>\n","protected":false},"excerpt":{"rendered":"<p data-start=\"46\" data-end=\"530\"><strong data-start=\"46\" data-end=\"56\">MAB M1<\/strong> es un dispositivo airbag dise\u00f1ado para garantizar la m\u00e1xima protecci\u00f3n del motociclista en caso de impacto, gracias al <strong data-start=\"176\" data-end=\"224\">sistema de doble airbag (Dual Airbag System)<\/strong> que ofrece cobertura delantera y trasera.<br data-start=\"266\" data-end=\"269\" \/>Integra el sistema de detecci\u00f3n de accidentes <strong data-start=\"315\" data-end=\"328\">Fast Lock<\/strong> con <strong data-start=\"333\" data-end=\"359\">aceler\u00f3metro anal\u00f3gico<\/strong>, que asegura una activaci\u00f3n r\u00e1pida y fiable. Fast Lock debe conectarse a la moto mediante las correas incluidas en el paquete, creando el punto de anclaje en el sill\u00edn.<\/p>\n<p data-start=\"532\" data-end=\"602\">El <strong data-start=\"535\" data-end=\"545\">MAB M1<\/strong> est\u00e1 fabricado con <strong data-start=\"565\" data-end=\"599\">tejido bi-el\u00e1stico de clase AA<\/strong>.<\/p>\n<p data-start=\"532\" data-end=\"602\">El dispositivo es recargable mediante la compra del kit de recarga Motoairbag adecuado, lo que permite su reutilizaci\u00f3n despu\u00e9s de la activaci\u00f3n.<\/p>\n<p data-start=\"604\" data-end=\"757\">C\u00f3modo y elegante, el MAB M1 est\u00e1 disponible exclusivamente en color <strong data-start=\"673\" data-end=\"682\">negro<\/strong> y en <strong data-start=\"688\" data-end=\"700\">5 tallas<\/strong>, desde la <strong data-start=\"711\" data-end=\"729\">S hasta la XXL<\/strong>, para un ajuste perfecto.<\/p>\n<p data-start=\"759\" data-end=\"895\" data-is-last-node=\"\" data-is-only-node=\"\">\u26a0\ufe0f Recuerde desconectar Fast Lock de la moto antes de bajarse, para evitar la activaci\u00f3n accidental de uno o de ambos airbags en caso de una fuerza sobre el cable superior a 15 kg.<\/p>\n","protected":false},"featured_media":8875,"template":"","meta":[],"product_brand":[],"product_cat":[122],"product_tag":[],"class_list":{"0":"post-8596","1":"product","2":"type-product","3":"status-publish","4":"has-post-thumbnail","6":"product_cat-bolsas-de-aire","8":"first","9":"instock","10":"taxable","11":"shipping-taxable","12":"purchasable","13":"product-type-variable","14":"has-default-attributes"},"yoast_head":"<!-- This site is optimized with the Yoast SEO plugin v27.0 - https:\/\/yoast.com\/product\/yoast-seo-wordpress\/ -->\n<title>MAB M1 - Motoairbag - L&#039;airbag per i motociclisti<\/title>\n<meta name=\"robots\" content=\"index, follow, max-snippet:-1, max-image-preview:large, max-video-preview:-1\" \/>\n<link rel=\"canonical\" href=\"https:\/\/www.motoairbag.com\/es\/shop\/bolsas-de-aire\/mab-m1\/\" \/>\n<meta property=\"og:locale\" content=\"es_ES\" \/>\n<meta property=\"og:type\" content=\"article\" \/>\n<meta property=\"og:title\" content=\"MAB M1 - Motoairbag - L&#039;airbag per i motociclisti\" \/>\n<meta property=\"og:description\" content=\"MAB M1 es un dispositivo airbag dise\u00f1ado para garantizar la m\u00e1xima protecci\u00f3n del motociclista en caso de impacto, gracias al sistema de doble airbag (Dual Airbag System) que ofrece cobertura delantera y trasera.Integra el sistema de detecci\u00f3n de accidentes Fast Lock con aceler\u00f3metro anal\u00f3gico, que asegura una activaci\u00f3n r\u00e1pida y fiable. Fast Lock debe conectarse a la moto mediante las correas incluidas en el paquete, creando el punto de anclaje en el sill\u00edn. El MAB M1 est\u00e1 fabricado con tejido bi-el\u00e1stico de clase AA. El dispositivo es recargable mediante la compra del kit de recarga Motoairbag adecuado, lo que permite su reutilizaci\u00f3n despu\u00e9s de la activaci\u00f3n. C\u00f3modo y elegante, el MAB M1 est\u00e1 disponible exclusivamente en color negro y en 5 tallas, desde la S hasta la XXL, para un ajuste perfecto. \u26a0\ufe0f Recuerde desconectar Fast Lock de la moto antes de bajarse, para evitar la activaci\u00f3n accidental de uno o de ambos airbags en caso de una fuerza sobre el cable superior a 15 kg.\" \/>\n<meta property=\"og:url\" content=\"https:\/\/www.motoairbag.com\/es\/shop\/bolsas-de-aire\/mab-m1\/\" \/>\n<meta property=\"og:site_name\" content=\"Motoairbag - L&#039;airbag per i motociclisti\" \/>\n<meta property=\"article:modified_time\" content=\"2026-04-24T10:33:15+00:00\" \/>\n<meta property=\"og:image\" content=\"https:\/\/www.motoairbag.com\/wp-content\/uploads\/2024\/06\/MAB-M1-fronte-1.jpg\" \/>\n\t<meta property=\"og:image:width\" content=\"2550\" \/>\n\t<meta property=\"og:image:height\" content=\"2550\" \/>\n\t<meta property=\"og:image:type\" content=\"image\/jpeg\" \/>\n<meta name=\"twitter:card\" content=\"summary_large_image\" \/>\n<meta name=\"twitter:label1\" content=\"Tiempo de lectura\" \/>\n\t<meta name=\"twitter:data1\" content=\"3 minutos\" \/>\n<script type=\"application\/ld+json\" class=\"yoast-schema-graph\">{\"@context\":\"https:\/\/schema.org\",\"@graph\":[{\"@type\":\"WebPage\",\"@id\":\"https:\/\/www.motoairbag.com\/es\/shop\/bolsas-de-aire\/mab-m1\/\",\"url\":\"https:\/\/www.motoairbag.com\/es\/shop\/bolsas-de-aire\/mab-m1\/\",\"name\":\"MAB M1 - Motoairbag - L&#039;airbag per i motociclisti\",\"isPartOf\":{\"@id\":\"https:\/\/www.motoairbag.com\/#website\"},\"primaryImageOfPage\":{\"@id\":\"https:\/\/www.motoairbag.com\/es\/shop\/bolsas-de-aire\/mab-m1\/#primaryimage\"},\"image\":{\"@id\":\"https:\/\/www.motoairbag.com\/es\/shop\/bolsas-de-aire\/mab-m1\/#primaryimage\"},\"thumbnailUrl\":\"https:\/\/www.motoairbag.com\/wp-content\/uploads\/2024\/06\/MAB-M1-fronte-1.jpg\",\"datePublished\":\"2024-06-20T09:51:27+00:00\",\"dateModified\":\"2026-04-24T10:33:15+00:00\",\"breadcrumb\":{\"@id\":\"https:\/\/www.motoairbag.com\/es\/shop\/bolsas-de-aire\/mab-m1\/#breadcrumb\"},\"inLanguage\":\"es\",\"potentialAction\":[{\"@type\":\"ReadAction\",\"target\":[\"https:\/\/www.motoairbag.com\/es\/shop\/bolsas-de-aire\/mab-m1\/\"]}]},{\"@type\":\"ImageObject\",\"inLanguage\":\"es\",\"@id\":\"https:\/\/www.motoairbag.com\/es\/shop\/bolsas-de-aire\/mab-m1\/#primaryimage\",\"url\":\"https:\/\/www.motoairbag.com\/wp-content\/uploads\/2024\/06\/MAB-M1-fronte-1.jpg\",\"contentUrl\":\"https:\/\/www.motoairbag.com\/wp-content\/uploads\/2024\/06\/MAB-M1-fronte-1.jpg\",\"width\":2550,\"height\":2550},{\"@type\":\"BreadcrumbList\",\"@id\":\"https:\/\/www.motoairbag.com\/es\/shop\/bolsas-de-aire\/mab-m1\/#breadcrumb\",\"itemListElement\":[{\"@type\":\"ListItem\",\"position\":1,\"name\":\"Home\",\"item\":\"https:\/\/www.motoairbag.com\/es\/\"},{\"@type\":\"ListItem\",\"position\":2,\"name\":\"Shop\",\"item\":\"https:\/\/www.motoairbag.com\/shop\/\"},{\"@type\":\"ListItem\",\"position\":3,\"name\":\"MAB M1\"}]},{\"@type\":\"WebSite\",\"@id\":\"https:\/\/www.motoairbag.com\/#website\",\"url\":\"https:\/\/www.motoairbag.com\/\",\"name\":\"Motoairbag - L&#039;airbag per i motociclisti\",\"description\":\"\",\"publisher\":{\"@id\":\"https:\/\/www.motoairbag.com\/#organization\"},\"potentialAction\":[{\"@type\":\"SearchAction\",\"target\":{\"@type\":\"EntryPoint\",\"urlTemplate\":\"https:\/\/www.motoairbag.com\/?s={search_term_string}\"},\"query-input\":{\"@type\":\"PropertyValueSpecification\",\"valueRequired\":true,\"valueName\":\"search_term_string\"}}],\"inLanguage\":\"es\"},{\"@type\":\"Organization\",\"@id\":\"https:\/\/www.motoairbag.com\/#organization\",\"name\":\"Motoairbag - L&#039;airbag per i motociclisti\",\"url\":\"https:\/\/www.motoairbag.com\/\",\"logo\":{\"@type\":\"ImageObject\",\"inLanguage\":\"es\",\"@id\":\"https:\/\/www.motoairbag.com\/#\/schema\/logo\/image\/\",\"url\":\"https:\/\/www.motoairbag.com\/wp-content\/uploads\/2022\/11\/logo-final.jpg\",\"contentUrl\":\"https:\/\/www.motoairbag.com\/wp-content\/uploads\/2022\/11\/logo-final.jpg\",\"width\":609,\"height\":80,\"caption\":\"Motoairbag - L&#039;airbag per i motociclisti\"},\"image\":{\"@id\":\"https:\/\/www.motoairbag.com\/#\/schema\/logo\/image\/\"}}]}<\/script>\n<!-- \/ Yoast SEO plugin. -->","yoast_head_json":{"title":"MAB M1 - Motoairbag - L&#039;airbag per i motociclisti","robots":{"index":"index","follow":"follow","max-snippet":"max-snippet:-1","max-image-preview":"max-image-preview:large","max-video-preview":"max-video-preview:-1"},"canonical":"https:\/\/www.motoairbag.com\/es\/shop\/bolsas-de-aire\/mab-m1\/","og_locale":"es_ES","og_type":"article","og_title":"MAB M1 - Motoairbag - L&#039;airbag per i motociclisti","og_description":"MAB M1 es un dispositivo airbag dise\u00f1ado para garantizar la m\u00e1xima protecci\u00f3n del motociclista en caso de impacto, gracias al sistema de doble airbag (Dual Airbag System) que ofrece cobertura delantera y trasera.Integra el sistema de detecci\u00f3n de accidentes Fast Lock con aceler\u00f3metro anal\u00f3gico, que asegura una activaci\u00f3n r\u00e1pida y fiable. Fast Lock debe conectarse a la moto mediante las correas incluidas en el paquete, creando el punto de anclaje en el sill\u00edn. El MAB M1 est\u00e1 fabricado con tejido bi-el\u00e1stico de clase AA. El dispositivo es recargable mediante la compra del kit de recarga Motoairbag adecuado, lo que permite su reutilizaci\u00f3n despu\u00e9s de la activaci\u00f3n. C\u00f3modo y elegante, el MAB M1 est\u00e1 disponible exclusivamente en color negro y en 5 tallas, desde la S hasta la XXL, para un ajuste perfecto. \u26a0\ufe0f Recuerde desconectar Fast Lock de la moto antes de bajarse, para evitar la activaci\u00f3n accidental de uno o de ambos airbags en caso de una fuerza sobre el cable superior a 15 kg.","og_url":"https:\/\/www.motoairbag.com\/es\/shop\/bolsas-de-aire\/mab-m1\/","og_site_name":"Motoairbag - L&#039;airbag per i motociclisti","article_modified_time":"2026-04-24T10:33:15+00:00","og_image":[{"width":2550,"height":2550,"url":"https:\/\/www.motoairbag.com\/wp-content\/uploads\/2024\/06\/MAB-M1-fronte-1.jpg","type":"image\/jpeg"}],"twitter_card":"summary_large_image","twitter_misc":{"Tiempo de lectura":"3 minutos"},"schema":{"@context":"https:\/\/schema.org","@graph":[{"@type":"WebPage","@id":"https:\/\/www.motoairbag.com\/es\/shop\/bolsas-de-aire\/mab-m1\/","url":"https:\/\/www.motoairbag.com\/es\/shop\/bolsas-de-aire\/mab-m1\/","name":"MAB M1 - Motoairbag - L&#039;airbag per i motociclisti","isPartOf":{"@id":"https:\/\/www.motoairbag.com\/#website"},"primaryImageOfPage":{"@id":"https:\/\/www.motoairbag.com\/es\/shop\/bolsas-de-aire\/mab-m1\/#primaryimage"},"image":{"@id":"https:\/\/www.motoairbag.com\/es\/shop\/bolsas-de-aire\/mab-m1\/#primaryimage"},"thumbnailUrl":"https:\/\/www.motoairbag.com\/wp-content\/uploads\/2024\/06\/MAB-M1-fronte-1.jpg","datePublished":"2024-06-20T09:51:27+00:00","dateModified":"2026-04-24T10:33:15+00:00","breadcrumb":{"@id":"https:\/\/www.motoairbag.com\/es\/shop\/bolsas-de-aire\/mab-m1\/#breadcrumb"},"inLanguage":"es","potentialAction":[{"@type":"ReadAction","target":["https:\/\/www.motoairbag.com\/es\/shop\/bolsas-de-aire\/mab-m1\/"]}]},{"@type":"ImageObject","inLanguage":"es","@id":"https:\/\/www.motoairbag.com\/es\/shop\/bolsas-de-aire\/mab-m1\/#primaryimage","url":"https:\/\/www.motoairbag.com\/wp-content\/uploads\/2024\/06\/MAB-M1-fronte-1.jpg","contentUrl":"https:\/\/www.motoairbag.com\/wp-content\/uploads\/2024\/06\/MAB-M1-fronte-1.jpg","width":2550,"height":2550},{"@type":"BreadcrumbList","@id":"https:\/\/www.motoairbag.com\/es\/shop\/bolsas-de-aire\/mab-m1\/#breadcrumb","itemListElement":[{"@type":"ListItem","position":1,"name":"Home","item":"https:\/\/www.motoairbag.com\/es\/"},{"@type":"ListItem","position":2,"name":"Shop","item":"https:\/\/www.motoairbag.com\/shop\/"},{"@type":"ListItem","position":3,"name":"MAB M1"}]},{"@type":"WebSite","@id":"https:\/\/www.motoairbag.com\/#website","url":"https:\/\/www.motoairbag.com\/","name":"Motoairbag - L&#039;airbag per i motociclisti","description":"","publisher":{"@id":"https:\/\/www.motoairbag.com\/#organization"},"potentialAction":[{"@type":"SearchAction","target":{"@type":"EntryPoint","urlTemplate":"https:\/\/www.motoairbag.com\/?s={search_term_string}"},"query-input":{"@type":"PropertyValueSpecification","valueRequired":true,"valueName":"search_term_string"}}],"inLanguage":"es"},{"@type":"Organization","@id":"https:\/\/www.motoairbag.com\/#organization","name":"Motoairbag - L&#039;airbag per i motociclisti","url":"https:\/\/www.motoairbag.com\/","logo":{"@type":"ImageObject","inLanguage":"es","@id":"https:\/\/www.motoairbag.com\/#\/schema\/logo\/image\/","url":"https:\/\/www.motoairbag.com\/wp-content\/uploads\/2022\/11\/logo-final.jpg","contentUrl":"https:\/\/www.motoairbag.com\/wp-content\/uploads\/2022\/11\/logo-final.jpg","width":609,"height":80,"caption":"Motoairbag - L&#039;airbag per i motociclisti"},"image":{"@id":"https:\/\/www.motoairbag.com\/#\/schema\/logo\/image\/"}}]}},"_links":{"self":[{"href":"https:\/\/www.motoairbag.com\/es\/wp-json\/wp\/v2\/product\/8596","targetHints":{"allow":["GET"]}}],"collection":[{"href":"https:\/\/www.motoairbag.com\/es\/wp-json\/wp\/v2\/product"}],"about":[{"href":"https:\/\/www.motoairbag.com\/es\/wp-json\/wp\/v2\/types\/product"}],"wp:featuredmedia":[{"embeddable":true,"href":"https:\/\/www.motoairbag.com\/es\/wp-json\/wp\/v2\/media\/8875"}],"wp:attachment":[{"href":"https:\/\/www.motoairbag.com\/es\/wp-json\/wp\/v2\/media?parent=8596"}],"wp:term":[{"taxonomy":"product_brand","embeddable":true,"href":"https:\/\/www.motoairbag.com\/es\/wp-json\/wp\/v2\/product_brand?post=8596"},{"taxonomy":"product_cat","embeddable":true,"href":"https:\/\/www.motoairbag.com\/es\/wp-json\/wp\/v2\/product_cat?post=8596"},{"taxonomy":"product_tag","embeddable":true,"href":"https:\/\/www.motoairbag.com\/es\/wp-json\/wp\/v2\/product_tag?post=8596"}],"curies":[{"name":"wp","href":"https:\/\/api.w.org\/{rel}","templated":true}]}}