{"id":8047,"date":"2023-12-13T13:34:56","date_gmt":"2023-12-13T13:34:56","guid":{"rendered":"https:\/\/www.motoairbag.com\/?post_type=product&#038;p=8047"},"modified":"2025-11-18T09:54:13","modified_gmt":"2025-11-18T09:54:13","slug":"chaqueta-impermeable-mab","status":"publish","type":"product","link":"https:\/\/www.motoairbag.com\/es\/shop\/accesorios-y-recargas\/chaqueta-impermeable-mab\/","title":{"rendered":"CHAQUETA IMPERMEABLE MAB"},"content":{"rendered":"<p class=\"\" data-start=\"38\" data-end=\"60\">MV-001 compatible con:<br \/>\nMAB V4 &#8211; MAB V4MODULAR: T0 (XXS\/XS) &#8211; T1 (S\/M)<br data-start=\"108\" data-end=\"111\" \/>MAB M1: XS, S, M<br \/>\nMAB V3: T1 (S\/M)<br \/>\nMAB V2.0: T1 (S\/M)<\/p>\n<p class=\"\" data-start=\"129\" data-end=\"151\">MV-002 compatible con:<br \/>\nMAB V4 &#8211; MAB V4MODULAR: T2 (L\/XL)<br data-start=\"186\" data-end=\"189\" \/>MAB M1: L, XL, XXL<br \/>\nMAB V3: T2 (L\/XL)<br \/>\nMAB V2.0: T2 (L\/XL)<\/p>\n<p class=\"\" data-start=\"209\" data-end=\"231\">MV-003 compatible con:<br \/>\nMAB V4 &#8211; MAB V4MODULAR: T3 (XXL\/3XL)<br \/>\nMAB V3: T3 (XXL\/3XL)<br \/>\nMAB V2.0: T3 (XXL\/3XL)<\/p>\n<p>&nbsp;<\/p>\n","protected":false},"excerpt":{"rendered":"<p class=\"\" data-start=\"38\" data-end=\"192\">Chubasquero desarrollado espec\u00edficamente para ser usado sobre MOTOAIRBAG, manteniendo intacta la eficacia del dispositivo y asegurando una alta ergonom\u00eda.<\/p>\n<p class=\"\" data-start=\"194\" data-end=\"485\">Fabricado con tejido t\u00e9cnico de alto rendimiento, que garantiza una protecci\u00f3n avanzada contra lluvias intensas. Las costuras est\u00e1n termoselladas para evitar la infiltraci\u00f3n de humedad, mientras que la estructura antiviento asegura un confort t\u00e9rmico \u00f3ptimo incluso a velocidades sostenidas.<\/p>\n<p class=\"\" data-start=\"487\" data-end=\"621\">La prenda es ligera y comprimible, equipada con capucha ajustable integrada, dise\u00f1ada para enfrentar condiciones ambientales adversas.<\/p>\n<p class=\"\" data-start=\"623\" data-end=\"703\">Cuando no se usa, se puede plegar f\u00e1cilmente en la bolsa de transporte incluida.<\/p>\n","protected":false},"featured_media":10557,"template":"","meta":[],"product_brand":[],"product_cat":[123],"product_tag":[],"class_list":{"0":"post-8047","1":"product","2":"type-product","3":"status-publish","4":"has-post-thumbnail","6":"product_cat-accesorios-y-recargas","8":"first","9":"instock","10":"taxable","11":"shipping-taxable","12":"purchasable","13":"product-type-variable"},"yoast_head":"<!-- This site is optimized with the Yoast SEO plugin v27.0 - https:\/\/yoast.com\/product\/yoast-seo-wordpress\/ -->\n<title>CHAQUETA IMPERMEABLE MAB - Motoairbag - L&#039;airbag per i motociclisti<\/title>\n<meta name=\"robots\" content=\"index, follow, max-snippet:-1, max-image-preview:large, max-video-preview:-1\" \/>\n<link rel=\"canonical\" href=\"https:\/\/www.motoairbag.com\/es\/shop\/accesorios-y-recargas\/chaqueta-impermeable-mab\/\" \/>\n<meta property=\"og:locale\" content=\"es_ES\" \/>\n<meta property=\"og:type\" content=\"article\" \/>\n<meta property=\"og:title\" content=\"CHAQUETA IMPERMEABLE MAB - Motoairbag - L&#039;airbag per i motociclisti\" \/>\n<meta property=\"og:description\" content=\"Chubasquero desarrollado espec\u00edficamente para ser usado sobre MOTOAIRBAG, manteniendo intacta la eficacia del dispositivo y asegurando una alta ergonom\u00eda. Fabricado con tejido t\u00e9cnico de alto rendimiento, que garantiza una protecci\u00f3n avanzada contra lluvias intensas. Las costuras est\u00e1n termoselladas para evitar la infiltraci\u00f3n de humedad, mientras que la estructura antiviento asegura un confort t\u00e9rmico \u00f3ptimo incluso a velocidades sostenidas. La prenda es ligera y comprimible, equipada con capucha ajustable integrada, dise\u00f1ada para enfrentar condiciones ambientales adversas. Cuando no se usa, se puede plegar f\u00e1cilmente en la bolsa de transporte incluida.\" \/>\n<meta property=\"og:url\" content=\"https:\/\/www.motoairbag.com\/es\/shop\/accesorios-y-recargas\/chaqueta-impermeable-mab\/\" \/>\n<meta property=\"og:site_name\" content=\"Motoairbag - L&#039;airbag per i motociclisti\" \/>\n<meta property=\"article:modified_time\" content=\"2025-11-18T09:54:13+00:00\" \/>\n<meta property=\"og:image\" content=\"https:\/\/www.motoairbag.com\/wp-content\/uploads\/2023\/12\/BUSTINA-2.png\" \/>\n\t<meta property=\"og:image:width\" content=\"1700\" \/>\n\t<meta property=\"og:image:height\" content=\"1700\" \/>\n\t<meta property=\"og:image:type\" content=\"image\/png\" \/>\n<meta name=\"twitter:card\" content=\"summary_large_image\" \/>\n<meta name=\"twitter:label1\" content=\"Tiempo de lectura\" \/>\n\t<meta name=\"twitter:data1\" content=\"1 minuto\" \/>\n<script type=\"application\/ld+json\" class=\"yoast-schema-graph\">{\"@context\":\"https:\/\/schema.org\",\"@graph\":[{\"@type\":\"WebPage\",\"@id\":\"https:\/\/www.motoairbag.com\/es\/shop\/accesorios-y-recargas\/chaqueta-impermeable-mab\/\",\"url\":\"https:\/\/www.motoairbag.com\/es\/shop\/accesorios-y-recargas\/chaqueta-impermeable-mab\/\",\"name\":\"CHAQUETA IMPERMEABLE MAB - Motoairbag - L&#039;airbag per i motociclisti\",\"isPartOf\":{\"@id\":\"https:\/\/www.motoairbag.com\/#website\"},\"primaryImageOfPage\":{\"@id\":\"https:\/\/www.motoairbag.com\/es\/shop\/accesorios-y-recargas\/chaqueta-impermeable-mab\/#primaryimage\"},\"image\":{\"@id\":\"https:\/\/www.motoairbag.com\/es\/shop\/accesorios-y-recargas\/chaqueta-impermeable-mab\/#primaryimage\"},\"thumbnailUrl\":\"https:\/\/www.motoairbag.com\/wp-content\/uploads\/2023\/12\/BUSTINA-2.png\",\"datePublished\":\"2023-12-13T13:34:56+00:00\",\"dateModified\":\"2025-11-18T09:54:13+00:00\",\"breadcrumb\":{\"@id\":\"https:\/\/www.motoairbag.com\/es\/shop\/accesorios-y-recargas\/chaqueta-impermeable-mab\/#breadcrumb\"},\"inLanguage\":\"es\",\"potentialAction\":[{\"@type\":\"ReadAction\",\"target\":[\"https:\/\/www.motoairbag.com\/es\/shop\/accesorios-y-recargas\/chaqueta-impermeable-mab\/\"]}]},{\"@type\":\"ImageObject\",\"inLanguage\":\"es\",\"@id\":\"https:\/\/www.motoairbag.com\/es\/shop\/accesorios-y-recargas\/chaqueta-impermeable-mab\/#primaryimage\",\"url\":\"https:\/\/www.motoairbag.com\/wp-content\/uploads\/2023\/12\/BUSTINA-2.png\",\"contentUrl\":\"https:\/\/www.motoairbag.com\/wp-content\/uploads\/2023\/12\/BUSTINA-2.png\",\"width\":1700,\"height\":1700},{\"@type\":\"BreadcrumbList\",\"@id\":\"https:\/\/www.motoairbag.com\/es\/shop\/accesorios-y-recargas\/chaqueta-impermeable-mab\/#breadcrumb\",\"itemListElement\":[{\"@type\":\"ListItem\",\"position\":1,\"name\":\"Home\",\"item\":\"https:\/\/www.motoairbag.com\/es\/\"},{\"@type\":\"ListItem\",\"position\":2,\"name\":\"Shop\",\"item\":\"https:\/\/www.motoairbag.com\/shop\/\"},{\"@type\":\"ListItem\",\"position\":3,\"name\":\"CHAQUETA IMPERMEABLE MAB\"}]},{\"@type\":\"WebSite\",\"@id\":\"https:\/\/www.motoairbag.com\/#website\",\"url\":\"https:\/\/www.motoairbag.com\/\",\"name\":\"Motoairbag - L&#039;airbag per i motociclisti\",\"description\":\"\",\"publisher\":{\"@id\":\"https:\/\/www.motoairbag.com\/#organization\"},\"potentialAction\":[{\"@type\":\"SearchAction\",\"target\":{\"@type\":\"EntryPoint\",\"urlTemplate\":\"https:\/\/www.motoairbag.com\/?s={search_term_string}\"},\"query-input\":{\"@type\":\"PropertyValueSpecification\",\"valueRequired\":true,\"valueName\":\"search_term_string\"}}],\"inLanguage\":\"es\"},{\"@type\":\"Organization\",\"@id\":\"https:\/\/www.motoairbag.com\/#organization\",\"name\":\"Motoairbag - L&#039;airbag per i motociclisti\",\"url\":\"https:\/\/www.motoairbag.com\/\",\"logo\":{\"@type\":\"ImageObject\",\"inLanguage\":\"es\",\"@id\":\"https:\/\/www.motoairbag.com\/#\/schema\/logo\/image\/\",\"url\":\"https:\/\/www.motoairbag.com\/wp-content\/uploads\/2022\/11\/logo-final.jpg\",\"contentUrl\":\"https:\/\/www.motoairbag.com\/wp-content\/uploads\/2022\/11\/logo-final.jpg\",\"width\":609,\"height\":80,\"caption\":\"Motoairbag - L&#039;airbag per i motociclisti\"},\"image\":{\"@id\":\"https:\/\/www.motoairbag.com\/#\/schema\/logo\/image\/\"}}]}<\/script>\n<!-- \/ Yoast SEO plugin. -->","yoast_head_json":{"title":"CHAQUETA IMPERMEABLE MAB - Motoairbag - L&#039;airbag per i motociclisti","robots":{"index":"index","follow":"follow","max-snippet":"max-snippet:-1","max-image-preview":"max-image-preview:large","max-video-preview":"max-video-preview:-1"},"canonical":"https:\/\/www.motoairbag.com\/es\/shop\/accesorios-y-recargas\/chaqueta-impermeable-mab\/","og_locale":"es_ES","og_type":"article","og_title":"CHAQUETA IMPERMEABLE MAB - Motoairbag - L&#039;airbag per i motociclisti","og_description":"Chubasquero desarrollado espec\u00edficamente para ser usado sobre MOTOAIRBAG, manteniendo intacta la eficacia del dispositivo y asegurando una alta ergonom\u00eda. Fabricado con tejido t\u00e9cnico de alto rendimiento, que garantiza una protecci\u00f3n avanzada contra lluvias intensas. Las costuras est\u00e1n termoselladas para evitar la infiltraci\u00f3n de humedad, mientras que la estructura antiviento asegura un confort t\u00e9rmico \u00f3ptimo incluso a velocidades sostenidas. La prenda es ligera y comprimible, equipada con capucha ajustable integrada, dise\u00f1ada para enfrentar condiciones ambientales adversas. Cuando no se usa, se puede plegar f\u00e1cilmente en la bolsa de transporte incluida.","og_url":"https:\/\/www.motoairbag.com\/es\/shop\/accesorios-y-recargas\/chaqueta-impermeable-mab\/","og_site_name":"Motoairbag - L&#039;airbag per i motociclisti","article_modified_time":"2025-11-18T09:54:13+00:00","og_image":[{"width":1700,"height":1700,"url":"https:\/\/www.motoairbag.com\/wp-content\/uploads\/2023\/12\/BUSTINA-2.png","type":"image\/png"}],"twitter_card":"summary_large_image","twitter_misc":{"Tiempo de lectura":"1 minuto"},"schema":{"@context":"https:\/\/schema.org","@graph":[{"@type":"WebPage","@id":"https:\/\/www.motoairbag.com\/es\/shop\/accesorios-y-recargas\/chaqueta-impermeable-mab\/","url":"https:\/\/www.motoairbag.com\/es\/shop\/accesorios-y-recargas\/chaqueta-impermeable-mab\/","name":"CHAQUETA IMPERMEABLE MAB - Motoairbag - L&#039;airbag per i motociclisti","isPartOf":{"@id":"https:\/\/www.motoairbag.com\/#website"},"primaryImageOfPage":{"@id":"https:\/\/www.motoairbag.com\/es\/shop\/accesorios-y-recargas\/chaqueta-impermeable-mab\/#primaryimage"},"image":{"@id":"https:\/\/www.motoairbag.com\/es\/shop\/accesorios-y-recargas\/chaqueta-impermeable-mab\/#primaryimage"},"thumbnailUrl":"https:\/\/www.motoairbag.com\/wp-content\/uploads\/2023\/12\/BUSTINA-2.png","datePublished":"2023-12-13T13:34:56+00:00","dateModified":"2025-11-18T09:54:13+00:00","breadcrumb":{"@id":"https:\/\/www.motoairbag.com\/es\/shop\/accesorios-y-recargas\/chaqueta-impermeable-mab\/#breadcrumb"},"inLanguage":"es","potentialAction":[{"@type":"ReadAction","target":["https:\/\/www.motoairbag.com\/es\/shop\/accesorios-y-recargas\/chaqueta-impermeable-mab\/"]}]},{"@type":"ImageObject","inLanguage":"es","@id":"https:\/\/www.motoairbag.com\/es\/shop\/accesorios-y-recargas\/chaqueta-impermeable-mab\/#primaryimage","url":"https:\/\/www.motoairbag.com\/wp-content\/uploads\/2023\/12\/BUSTINA-2.png","contentUrl":"https:\/\/www.motoairbag.com\/wp-content\/uploads\/2023\/12\/BUSTINA-2.png","width":1700,"height":1700},{"@type":"BreadcrumbList","@id":"https:\/\/www.motoairbag.com\/es\/shop\/accesorios-y-recargas\/chaqueta-impermeable-mab\/#breadcrumb","itemListElement":[{"@type":"ListItem","position":1,"name":"Home","item":"https:\/\/www.motoairbag.com\/es\/"},{"@type":"ListItem","position":2,"name":"Shop","item":"https:\/\/www.motoairbag.com\/shop\/"},{"@type":"ListItem","position":3,"name":"CHAQUETA IMPERMEABLE MAB"}]},{"@type":"WebSite","@id":"https:\/\/www.motoairbag.com\/#website","url":"https:\/\/www.motoairbag.com\/","name":"Motoairbag - L&#039;airbag per i motociclisti","description":"","publisher":{"@id":"https:\/\/www.motoairbag.com\/#organization"},"potentialAction":[{"@type":"SearchAction","target":{"@type":"EntryPoint","urlTemplate":"https:\/\/www.motoairbag.com\/?s={search_term_string}"},"query-input":{"@type":"PropertyValueSpecification","valueRequired":true,"valueName":"search_term_string"}}],"inLanguage":"es"},{"@type":"Organization","@id":"https:\/\/www.motoairbag.com\/#organization","name":"Motoairbag - L&#039;airbag per i motociclisti","url":"https:\/\/www.motoairbag.com\/","logo":{"@type":"ImageObject","inLanguage":"es","@id":"https:\/\/www.motoairbag.com\/#\/schema\/logo\/image\/","url":"https:\/\/www.motoairbag.com\/wp-content\/uploads\/2022\/11\/logo-final.jpg","contentUrl":"https:\/\/www.motoairbag.com\/wp-content\/uploads\/2022\/11\/logo-final.jpg","width":609,"height":80,"caption":"Motoairbag - L&#039;airbag per i motociclisti"},"image":{"@id":"https:\/\/www.motoairbag.com\/#\/schema\/logo\/image\/"}}]}},"_links":{"self":[{"href":"https:\/\/www.motoairbag.com\/es\/wp-json\/wp\/v2\/product\/8047","targetHints":{"allow":["GET"]}}],"collection":[{"href":"https:\/\/www.motoairbag.com\/es\/wp-json\/wp\/v2\/product"}],"about":[{"href":"https:\/\/www.motoairbag.com\/es\/wp-json\/wp\/v2\/types\/product"}],"wp:featuredmedia":[{"embeddable":true,"href":"https:\/\/www.motoairbag.com\/es\/wp-json\/wp\/v2\/media\/10557"}],"wp:attachment":[{"href":"https:\/\/www.motoairbag.com\/es\/wp-json\/wp\/v2\/media?parent=8047"}],"wp:term":[{"taxonomy":"product_brand","embeddable":true,"href":"https:\/\/www.motoairbag.com\/es\/wp-json\/wp\/v2\/product_brand?post=8047"},{"taxonomy":"product_cat","embeddable":true,"href":"https:\/\/www.motoairbag.com\/es\/wp-json\/wp\/v2\/product_cat?post=8047"},{"taxonomy":"product_tag","embeddable":true,"href":"https:\/\/www.motoairbag.com\/es\/wp-json\/wp\/v2\/product_tag?post=8047"}],"curies":[{"name":"wp","href":"https:\/\/api.w.org\/{rel}","templated":true}]}}