{"id":7411,"date":"2022-06-22T07:27:00","date_gmt":"2022-06-22T07:27:00","guid":{"rendered":"https:\/\/www.motoairbag.com\/shop\/sin%20categor\u00eda\/city-airbag\/"},"modified":"2026-04-03T08:07:17","modified_gmt":"2026-04-03T08:07:17","slug":"city-airbag","status":"publish","type":"product","link":"https:\/\/www.motoairbag.com\/es\/shop\/bolsas-de-aire\/city-airbag\/","title":{"rendered":"City Airbag"},"content":{"rendered":"<p>[vc_row disable_background_image=\u00bb\u00bb][vc_column][vc_tta_accordion][vc_tta_section title=\u00bbCARACTER\u00cdSTICAS GENERALES\u00bb tab_id=\u00bb1665647274320-421b536b-15c7&#8243;][vc_column_text]<\/p>\n<ul>\n<li style=\"list-style-type: none;\">\n<ul>\n<li>Certificado EN1621-4 como AIRBAG para motociclistas<\/li>\n<li>Activaci\u00f3n mec\u00e1nico 100% confiable<\/li>\n<li>Activado a trav\u00e9s de Fast Lock<\/li>\n<li>Un solo sistema de airbag<\/li>\n<li>Volumen de protecci\u00f3n = 15 litros<\/li>\n<li>Regenerable despu\u00e9s de una activaci\u00f3n<\/li>\n<li>Inserciones fluorescentes y r\u00e9flex<\/li>\n<li>Utilizar sobre la chaqueta<\/li>\n<li>Tambi\u00e9n hay ajustes laterales adicionales en caso se utilice el MAB en verano sobre una chaqueta ligera o en invierno sobre una chaqueta de tres capas<\/li>\n<li>Ajuste adicional en el pecho<\/li>\n<li>talla \u00fanica<\/li>\n<\/ul>\n<\/li>\n<\/ul>\n<p>[\/vc_column_text][\/vc_tta_section][vc_tta_section title=\u00bbESPECIFICACIONES T\u00c9CNICAS\u00bb tab_id=\u00bb1665647327764-f4d815c0-1938&#8243;][vc_column_text]<\/p>\n<ul>\n<li style=\"list-style-type: none;\">\n<ul>\n<li style=\"list-style-type: none;\">\n<ul>\n<li style=\"list-style-type: none;\">\n<ul>\n<li style=\"list-style-type: none;\">\n<ul>\n<li>Sistema de airbag individual<\/li>\n<li>El airbag trasero protege todo el ancho de la espalda, zona sacral y cervical. City (Urban) MAB cuenta con la certificaci\u00f3n AIRBAG EN1621\/4 FB Nivel 2. Fuerza residual despu\u00e9s de la prueba de impacto 1,4 kN (L\u00edmiteAIRBAG Nivel 1 = 4,5 kN; L\u00edmite AIRBAG Nivel 2 = 2,5 kN)<\/li>\n<li>Tecnolog\u00eda Fast Lock con aceler\u00f3metro anal\u00f3gico para gestionar de manera completa y fiable el reconocimiento del accidente<\/li>\n<li>Tiempo de inflado de 80 milisegundos para que se infle el sistema airbag<\/li>\n<li>Volumen total 15 litros airbag trasero<\/li>\n<li>Peso del sistema de airbag: 800 g airbag trasero. peso total 1,5 kg<\/li>\n<li>Reutilizable: una vez que se activa, el MAB City (Urbano) el usuario puede recargarlo en pocos minutos, utilizando el kit de recarga, previo un sencillo control descrito en el manual<\/li>\n<li>Hecho en cordura<\/li>\n<li>La parte posterior de la mochila est\u00e1 hecha de malla 3D<\/li>\n<li>Tanto el cintur\u00f3n como las c\u00f3modas correas para los hombros tienen un cierre ajustable en el pecho para mantener siempre el MAB en la posici\u00f3n correcta, tanto durante la conducci\u00f3n como en caso de activaci\u00f3n.<\/li>\n<li>El compartimento de carga te permite guardar una PC o una tableta con todo lo necesario para un d\u00eda en la oficina.<\/li>\n<li>El sistema de airbag est\u00e1 equipado con v\u00e1lvulas para el inflado autom\u00e1tico: el estado de protecci\u00f3n del MAB dura unos 30 segundos y luego se desinfla completamente en pocos minutos.<\/li>\n<li>Tiene un ojal que permite que el Fast Lock salga del chaleco. Fast Lock, despu\u00e9s de activar el MAB, se desengancha y queda conectado al sill\u00edn<\/li>\n<li>MAB est\u00e1 equipado con un sistema de activaci\u00f3n anti-accidente: antes de activar el sistema de airbag es necesario extender el cable, superar la fuerza de refuerzo el\u00e1stica de Fast Lock y aplicar una carga de 15 kg. . Es muy \u00fatil pegar la peque\u00f1a pegatina MOTOAIRBAG en el salpicadero de la moto como recordatorio.<\/li>\n<li>MAB City AIRBAG parece una mochila y se puede usar sobre cualquier tipo de chaqueta de invierno o de verano.<\/li>\n<li>Los tirantes son muy c\u00f3modos y sobre todo a la altura de los hombros se integra bien con las protecciones presentes en las chaquetas de moto.<\/li>\n<li>Sistema de activaci\u00f3n con Fast Lock con aceler\u00f3metro anal\u00f3gico<br \/>\n[\/vc_column_text][\/vc_tta_section][vc_tta_section title=\u00bbCERTIFICACIONES DE SEGURIDAD\u00bb tab_id=\u00bb1665647393215-fcd34d4d-e657&#8243;][vc_column_text]<\/li>\n<\/ul>\n<\/li>\n<\/ul>\n<\/li>\n<\/ul>\n<\/li>\n<\/ul>\n<\/li>\n<\/ul>\n<ul>\n<li>Certificaci\u00f3n AIRBAG<br \/>\nAirbag trasero \u2013 Certificado AIRBAG EN1621\/4 Nivel 2 FB (Nivel m\u00e1ximo)<br \/>\nSistema de activaci\u00f3n con Fast Lock con aceler\u00f3metro anal\u00f3gico<\/li>\n<\/ul>\n<p>[\/vc_column_text][\/vc_tta_section][\/vc_tta_accordion][\/vc_column][\/vc_row]<\/p>\n","protected":false},"excerpt":{"rendered":"<p>MAB City AIRBAG es una verdadera mochila para transportar PC, tabletas y documentos, y est\u00e1 equipada con airbag de tecnolog\u00eda Fast Lock. Dise\u00f1ado espec\u00edficamente para el uso urbano diario para ir al trabajo con seguridad. Color negro, dise\u00f1o urbano. Se suministra con correa con anilla en \u00abD\u00bb para fijar al sill\u00edn de la moto. El airbag est\u00e1 listo para su uso. Reutilizable, talla \u00fanica<\/p>\n<ul>\n<li>Certificaci\u00f3n AIRBAG trasero EN1621\/4 Nivel 2 FB Espalda<\/li>\n<li>El dispositivo es recargable mediante la compra del kit de recarga Motoairbag adecuado, lo que permite su reutilizaci\u00f3n despu\u00e9s de la activaci\u00f3n.<\/li>\n<\/ul>\n","protected":false},"featured_media":7203,"template":"","meta":[],"product_brand":[],"product_cat":[122],"product_tag":[],"class_list":{"0":"post-7411","1":"product","2":"type-product","3":"status-publish","4":"has-post-thumbnail","6":"product_cat-bolsas-de-aire","8":"first","9":"instock","10":"taxable","11":"shipping-taxable","12":"purchasable","13":"product-type-simple"},"yoast_head":"<!-- This site is optimized with the Yoast SEO plugin v27.0 - https:\/\/yoast.com\/product\/yoast-seo-wordpress\/ -->\n<title>City Airbag - Motoairbag - L&#039;airbag per i motociclisti<\/title>\n<meta name=\"robots\" content=\"index, follow, max-snippet:-1, max-image-preview:large, max-video-preview:-1\" \/>\n<link rel=\"canonical\" href=\"https:\/\/www.motoairbag.com\/es\/shop\/bolsas-de-aire\/city-airbag\/\" \/>\n<meta property=\"og:locale\" content=\"es_ES\" \/>\n<meta property=\"og:type\" content=\"article\" \/>\n<meta property=\"og:title\" content=\"City Airbag - Motoairbag - L&#039;airbag per i motociclisti\" \/>\n<meta property=\"og:description\" content=\"MAB City AIRBAG es una verdadera mochila para transportar PC, tabletas y documentos, y est\u00e1 equipada con airbag de tecnolog\u00eda Fast Lock. Dise\u00f1ado espec\u00edficamente para el uso urbano diario para ir al trabajo con seguridad. Color negro, dise\u00f1o urbano. Se suministra con correa con anilla en &quot;D&quot; para fijar al sill\u00edn de la moto. El airbag est\u00e1 listo para su uso. Reutilizable, talla \u00fanica   Certificaci\u00f3n AIRBAG trasero EN1621\/4 Nivel 2 FB Espalda  El dispositivo es recargable mediante la compra del kit de recarga Motoairbag adecuado, lo que permite su reutilizaci\u00f3n despu\u00e9s de la activaci\u00f3n.\" \/>\n<meta property=\"og:url\" content=\"https:\/\/www.motoairbag.com\/es\/shop\/bolsas-de-aire\/city-airbag\/\" \/>\n<meta property=\"og:site_name\" content=\"Motoairbag - L&#039;airbag per i motociclisti\" \/>\n<meta property=\"article:modified_time\" content=\"2026-04-03T08:07:17+00:00\" \/>\n<meta property=\"og:image\" content=\"https:\/\/www.motoairbag.com\/wp-content\/uploads\/2022\/06\/za1-scaled.jpg\" \/>\n\t<meta property=\"og:image:width\" content=\"2560\" \/>\n\t<meta property=\"og:image:height\" content=\"2560\" \/>\n\t<meta property=\"og:image:type\" content=\"image\/jpeg\" \/>\n<meta name=\"twitter:card\" content=\"summary_large_image\" \/>\n<meta name=\"twitter:label1\" content=\"Tiempo de lectura\" \/>\n\t<meta name=\"twitter:data1\" content=\"3 minutos\" \/>\n<script type=\"application\/ld+json\" class=\"yoast-schema-graph\">{\"@context\":\"https:\/\/schema.org\",\"@graph\":[{\"@type\":\"WebPage\",\"@id\":\"https:\/\/www.motoairbag.com\/es\/shop\/bolsas-de-aire\/city-airbag\/\",\"url\":\"https:\/\/www.motoairbag.com\/es\/shop\/bolsas-de-aire\/city-airbag\/\",\"name\":\"City Airbag - Motoairbag - L&#039;airbag per i motociclisti\",\"isPartOf\":{\"@id\":\"https:\/\/www.motoairbag.com\/#website\"},\"primaryImageOfPage\":{\"@id\":\"https:\/\/www.motoairbag.com\/es\/shop\/bolsas-de-aire\/city-airbag\/#primaryimage\"},\"image\":{\"@id\":\"https:\/\/www.motoairbag.com\/es\/shop\/bolsas-de-aire\/city-airbag\/#primaryimage\"},\"thumbnailUrl\":\"https:\/\/www.motoairbag.com\/wp-content\/uploads\/2022\/06\/za1-scaled.jpg\",\"datePublished\":\"2022-06-22T07:27:00+00:00\",\"dateModified\":\"2026-04-03T08:07:17+00:00\",\"breadcrumb\":{\"@id\":\"https:\/\/www.motoairbag.com\/es\/shop\/bolsas-de-aire\/city-airbag\/#breadcrumb\"},\"inLanguage\":\"es\",\"potentialAction\":[{\"@type\":\"ReadAction\",\"target\":[\"https:\/\/www.motoairbag.com\/es\/shop\/bolsas-de-aire\/city-airbag\/\"]}]},{\"@type\":\"ImageObject\",\"inLanguage\":\"es\",\"@id\":\"https:\/\/www.motoairbag.com\/es\/shop\/bolsas-de-aire\/city-airbag\/#primaryimage\",\"url\":\"https:\/\/www.motoairbag.com\/wp-content\/uploads\/2022\/06\/za1-scaled.jpg\",\"contentUrl\":\"https:\/\/www.motoairbag.com\/wp-content\/uploads\/2022\/06\/za1-scaled.jpg\",\"width\":2560,\"height\":2560},{\"@type\":\"BreadcrumbList\",\"@id\":\"https:\/\/www.motoairbag.com\/es\/shop\/bolsas-de-aire\/city-airbag\/#breadcrumb\",\"itemListElement\":[{\"@type\":\"ListItem\",\"position\":1,\"name\":\"Home\",\"item\":\"https:\/\/www.motoairbag.com\/es\/\"},{\"@type\":\"ListItem\",\"position\":2,\"name\":\"Shop\",\"item\":\"https:\/\/www.motoairbag.com\/shop\/\"},{\"@type\":\"ListItem\",\"position\":3,\"name\":\"City Airbag\"}]},{\"@type\":\"WebSite\",\"@id\":\"https:\/\/www.motoairbag.com\/#website\",\"url\":\"https:\/\/www.motoairbag.com\/\",\"name\":\"Motoairbag - L&#039;airbag per i motociclisti\",\"description\":\"\",\"publisher\":{\"@id\":\"https:\/\/www.motoairbag.com\/#organization\"},\"potentialAction\":[{\"@type\":\"SearchAction\",\"target\":{\"@type\":\"EntryPoint\",\"urlTemplate\":\"https:\/\/www.motoairbag.com\/?s={search_term_string}\"},\"query-input\":{\"@type\":\"PropertyValueSpecification\",\"valueRequired\":true,\"valueName\":\"search_term_string\"}}],\"inLanguage\":\"es\"},{\"@type\":\"Organization\",\"@id\":\"https:\/\/www.motoairbag.com\/#organization\",\"name\":\"Motoairbag - L&#039;airbag per i motociclisti\",\"url\":\"https:\/\/www.motoairbag.com\/\",\"logo\":{\"@type\":\"ImageObject\",\"inLanguage\":\"es\",\"@id\":\"https:\/\/www.motoairbag.com\/#\/schema\/logo\/image\/\",\"url\":\"https:\/\/www.motoairbag.com\/wp-content\/uploads\/2022\/11\/logo-final.jpg\",\"contentUrl\":\"https:\/\/www.motoairbag.com\/wp-content\/uploads\/2022\/11\/logo-final.jpg\",\"width\":609,\"height\":80,\"caption\":\"Motoairbag - L&#039;airbag per i motociclisti\"},\"image\":{\"@id\":\"https:\/\/www.motoairbag.com\/#\/schema\/logo\/image\/\"}}]}<\/script>\n<!-- \/ Yoast SEO plugin. -->","yoast_head_json":{"title":"City Airbag - Motoairbag - L&#039;airbag per i motociclisti","robots":{"index":"index","follow":"follow","max-snippet":"max-snippet:-1","max-image-preview":"max-image-preview:large","max-video-preview":"max-video-preview:-1"},"canonical":"https:\/\/www.motoairbag.com\/es\/shop\/bolsas-de-aire\/city-airbag\/","og_locale":"es_ES","og_type":"article","og_title":"City Airbag - Motoairbag - L&#039;airbag per i motociclisti","og_description":"MAB City AIRBAG es una verdadera mochila para transportar PC, tabletas y documentos, y est\u00e1 equipada con airbag de tecnolog\u00eda Fast Lock. Dise\u00f1ado espec\u00edficamente para el uso urbano diario para ir al trabajo con seguridad. Color negro, dise\u00f1o urbano. Se suministra con correa con anilla en \"D\" para fijar al sill\u00edn de la moto. El airbag est\u00e1 listo para su uso. Reutilizable, talla \u00fanica   Certificaci\u00f3n AIRBAG trasero EN1621\/4 Nivel 2 FB Espalda  El dispositivo es recargable mediante la compra del kit de recarga Motoairbag adecuado, lo que permite su reutilizaci\u00f3n despu\u00e9s de la activaci\u00f3n.","og_url":"https:\/\/www.motoairbag.com\/es\/shop\/bolsas-de-aire\/city-airbag\/","og_site_name":"Motoairbag - L&#039;airbag per i motociclisti","article_modified_time":"2026-04-03T08:07:17+00:00","og_image":[{"width":2560,"height":2560,"url":"https:\/\/www.motoairbag.com\/wp-content\/uploads\/2022\/06\/za1-scaled.jpg","type":"image\/jpeg"}],"twitter_card":"summary_large_image","twitter_misc":{"Tiempo de lectura":"3 minutos"},"schema":{"@context":"https:\/\/schema.org","@graph":[{"@type":"WebPage","@id":"https:\/\/www.motoairbag.com\/es\/shop\/bolsas-de-aire\/city-airbag\/","url":"https:\/\/www.motoairbag.com\/es\/shop\/bolsas-de-aire\/city-airbag\/","name":"City Airbag - Motoairbag - L&#039;airbag per i motociclisti","isPartOf":{"@id":"https:\/\/www.motoairbag.com\/#website"},"primaryImageOfPage":{"@id":"https:\/\/www.motoairbag.com\/es\/shop\/bolsas-de-aire\/city-airbag\/#primaryimage"},"image":{"@id":"https:\/\/www.motoairbag.com\/es\/shop\/bolsas-de-aire\/city-airbag\/#primaryimage"},"thumbnailUrl":"https:\/\/www.motoairbag.com\/wp-content\/uploads\/2022\/06\/za1-scaled.jpg","datePublished":"2022-06-22T07:27:00+00:00","dateModified":"2026-04-03T08:07:17+00:00","breadcrumb":{"@id":"https:\/\/www.motoairbag.com\/es\/shop\/bolsas-de-aire\/city-airbag\/#breadcrumb"},"inLanguage":"es","potentialAction":[{"@type":"ReadAction","target":["https:\/\/www.motoairbag.com\/es\/shop\/bolsas-de-aire\/city-airbag\/"]}]},{"@type":"ImageObject","inLanguage":"es","@id":"https:\/\/www.motoairbag.com\/es\/shop\/bolsas-de-aire\/city-airbag\/#primaryimage","url":"https:\/\/www.motoairbag.com\/wp-content\/uploads\/2022\/06\/za1-scaled.jpg","contentUrl":"https:\/\/www.motoairbag.com\/wp-content\/uploads\/2022\/06\/za1-scaled.jpg","width":2560,"height":2560},{"@type":"BreadcrumbList","@id":"https:\/\/www.motoairbag.com\/es\/shop\/bolsas-de-aire\/city-airbag\/#breadcrumb","itemListElement":[{"@type":"ListItem","position":1,"name":"Home","item":"https:\/\/www.motoairbag.com\/es\/"},{"@type":"ListItem","position":2,"name":"Shop","item":"https:\/\/www.motoairbag.com\/shop\/"},{"@type":"ListItem","position":3,"name":"City Airbag"}]},{"@type":"WebSite","@id":"https:\/\/www.motoairbag.com\/#website","url":"https:\/\/www.motoairbag.com\/","name":"Motoairbag - L&#039;airbag per i motociclisti","description":"","publisher":{"@id":"https:\/\/www.motoairbag.com\/#organization"},"potentialAction":[{"@type":"SearchAction","target":{"@type":"EntryPoint","urlTemplate":"https:\/\/www.motoairbag.com\/?s={search_term_string}"},"query-input":{"@type":"PropertyValueSpecification","valueRequired":true,"valueName":"search_term_string"}}],"inLanguage":"es"},{"@type":"Organization","@id":"https:\/\/www.motoairbag.com\/#organization","name":"Motoairbag - L&#039;airbag per i motociclisti","url":"https:\/\/www.motoairbag.com\/","logo":{"@type":"ImageObject","inLanguage":"es","@id":"https:\/\/www.motoairbag.com\/#\/schema\/logo\/image\/","url":"https:\/\/www.motoairbag.com\/wp-content\/uploads\/2022\/11\/logo-final.jpg","contentUrl":"https:\/\/www.motoairbag.com\/wp-content\/uploads\/2022\/11\/logo-final.jpg","width":609,"height":80,"caption":"Motoairbag - L&#039;airbag per i motociclisti"},"image":{"@id":"https:\/\/www.motoairbag.com\/#\/schema\/logo\/image\/"}}]}},"_links":{"self":[{"href":"https:\/\/www.motoairbag.com\/es\/wp-json\/wp\/v2\/product\/7411","targetHints":{"allow":["GET"]}}],"collection":[{"href":"https:\/\/www.motoairbag.com\/es\/wp-json\/wp\/v2\/product"}],"about":[{"href":"https:\/\/www.motoairbag.com\/es\/wp-json\/wp\/v2\/types\/product"}],"wp:featuredmedia":[{"embeddable":true,"href":"https:\/\/www.motoairbag.com\/es\/wp-json\/wp\/v2\/media\/7203"}],"wp:attachment":[{"href":"https:\/\/www.motoairbag.com\/es\/wp-json\/wp\/v2\/media?parent=7411"}],"wp:term":[{"taxonomy":"product_brand","embeddable":true,"href":"https:\/\/www.motoairbag.com\/es\/wp-json\/wp\/v2\/product_brand?post=7411"},{"taxonomy":"product_cat","embeddable":true,"href":"https:\/\/www.motoairbag.com\/es\/wp-json\/wp\/v2\/product_cat?post=7411"},{"taxonomy":"product_tag","embeddable":true,"href":"https:\/\/www.motoairbag.com\/es\/wp-json\/wp\/v2\/product_tag?post=7411"}],"curies":[{"name":"wp","href":"https:\/\/api.w.org\/{rel}","templated":true}]}}