{"id":7401,"date":"2022-06-22T07:27:42","date_gmt":"2022-06-22T07:27:42","guid":{"rendered":"https:\/\/www.motoairbag.com\/shop\/sin%20categor\u00eda\/mab-v4\/"},"modified":"2026-04-10T09:34:26","modified_gmt":"2026-04-10T09:34:26","slug":"mab-v4","status":"publish","type":"product","link":"https:\/\/www.motoairbag.com\/es\/shop\/bolsas-de-aire\/mab-v4\/","title":{"rendered":"MAB v4"},"content":{"rendered":"<p>[vc_row disable_background_image=\u00bb\u00bb][vc_column][vc_tta_accordion][vc_tta_section title=\u00bbCaracter\u00ecsticas generales\u00bb tab_id=\u00bb1665647274320-421b536b-15c7&#8243;][vc_column_text]<\/p>\n<ul>\n<li>Chaleco con chaqueta perforada integrada y extra\u00edble con protecciones en hombros y codos Nivel 2<\/li>\n<li>Certificado EN1621-4 Nivel 2 como airbag para motociclistas<\/li>\n<li>Activaci\u00f3n anal\u00f3gica mediante Fast-Lock<\/li>\n<li>Recargable<\/li>\n<li>Volumen de protecci\u00f3n: 25 litros<\/li>\n<li>Sincronizador para gestionar los dos sistemas de airbag<\/li>\n<li>Inserciones fluorescentes y reflectantes para una mayor visibilidad<\/li>\n<li>Bolsillo exterior pr\u00e1ctico y de f\u00e1cil acceso<\/li>\n<li>Para usar sobre la chaqueta<\/li>\n<li>Ajustes laterales para adaptarse a chaquetas gruesas o multicapa en invierno y m\u00e1s ligeras en verano<\/li>\n<\/ul>\n<p>[\/vc_column_text][\/vc_tta_section][vc_tta_section title=\u00bbEspecificaciones t\u00e9cnicas\u00bb tab_id=\u00bb1665647327764-f4d815c0-1938&#8243;][vc_column_text]<\/p>\n<ul>\n<li>Sistema de doble airbag (Dual Airbag System)<br \/>\n&#8211; Airbag trasero para la protecci\u00f3n de la espalda desde la cervical hasta el c\u00f3ccix. Certificado AIRBAG EN1621\/4 FB Nivel 2. Fuerza residual tras la prueba de impacto: 1,4 kN (l\u00edmite Nivel 1 AIRBAG = 4,5 kN; l\u00edmite Nivel 2 AIRBAG = 2,5 kN)<br \/>\n&#8211; Airbag delantero para la protecci\u00f3n del pecho, abdomen y cuello. AIRBAG certificado EN1621\/4 DC Nivel 2. Fuerza residual tras la prueba de impacto: 0,8 kN (l\u00edmite Nivel 1 AIRBAG = 4,5 kN; l\u00edmite Nivel 2 AIRBAG = 2,5 kN)<\/li>\n<li>Tecnolog\u00eda Fast Lock para una gesti\u00f3n completa y fiable del reconocimiento del accidente<\/li>\n<li>Tiempo de inflado: 80 milisegundos para ambos sistemas de airbag<\/li>\n<li>Volumen total de protecci\u00f3n: 25 litros (15 litros airbag trasero + 10 litros airbag delantero)<\/li>\n<li>Peso del sistema de airbag: 800 g airbag trasero \u2013 600 g airbag delantero. Peso total: 2,1 kg<\/li>\n<li>Reutilizable: recargable por el usuario en pocos minutos mediante un kit de recarga, tras una sencilla comprobaci\u00f3n indicada en el manual<\/li>\n<li>Equipado con un bolsillo exterior para usar como portadocumentos<\/li>\n<li>Fabricado en poli\u00e9ster de alta tenacidad con estructura perforada<\/li>\n<li>Forro interior de material 3D para favorecer la circulaci\u00f3n del aire<\/li>\n<li>Inserciones fluorescentes y reflectantes para aumentar la visibilidad<\/li>\n<li>Ajustes laterales con cremallera para adaptarse f\u00e1cilmente al cambio de tallas<\/li>\n<li>Chaqueta interior perforada con protecciones en hombros y codos Nivel 2 EN1621-1. Extra\u00edble del chaleco MAB v4 para permitir el uso del airbag tambi\u00e9n sobre chaquetas m\u00e1s gruesas<\/li>\n<li>Ajustes adicionales con correas laterales para su uso sobre chaquetas ligeras de verano o multicapa de invierno<\/li>\n<li>Cintur\u00f3n interior en la cintura para mantener el chaleco en la posici\u00f3n correcta, tanto durante la conducci\u00f3n como en caso de activaci\u00f3n<\/li>\n<li>Inserciones el\u00e1sticas en los costados y hombros que se expanden durante la activaci\u00f3n para permitir la correcta expansi\u00f3n de ambos airbags sin limitar los movimientos<\/li>\n<li>V\u00e1lvulas de desinflado autom\u00e1tico<\/li>\n<li>Sistema de sincronizaci\u00f3n Fast Lock: activa de forma inteligente el airbag m\u00e1s cercano al punto de impacto; por ejemplo, en caso de choque frontal se infla primero el airbag delantero y luego el trasero, mientras que en caso de impacto trasero se activa primero el airbag trasero y luego el delantero.<\/li>\n<li>Sistema anti-activaci\u00f3n accidental: para activar el chaleco es necesario extender completamente el cable, superar la fuerza el\u00e1stica de retorno del Fast Lock y aplicar una carga de 15 kg; para los primeros usos se incluye un adhesivo recordatorio para colocar en el salpicadero.<\/li>\n<li>Dise\u00f1o optimizado para un confort superior, compatible con cualquier tipo de chaqueta<\/li>\n<li>Fast Lock es compatible con el mosquet\u00f3n de liberaci\u00f3n r\u00e1pida<\/li>\n<\/ul>\n<p>[\/vc_column_text][\/vc_tta_section][vc_tta_section title=\u00bbCertificaciones de seguridad\u00bb tab_id=\u00bb1665647393215-fcd34d4d-e657&#8243;][vc_column_text]<\/p>\n<ul>\n<li>Airbag delantero \u2013 Certificado AIRBAG EN1621\/4 Nivel 2 DC (Nivel m\u00e1ximo)<\/li>\n<li>Airbag trasero \u2013 Certificado AIRBAG EN1621\/4 Nivel 2 FB (Nivel m\u00e1ximo)<\/li>\n<li>Coderas y hombreras certificadas EN1621-1 Nivel 2 (excepto para la talla XXS\/XS, que lleva protecciones de hombros de nivel 1 y codos para ni\u00f1os)<\/li>\n<li>Sistema de activaci\u00f3n Fast Lock con aceler\u00f3metro anal\u00f3gico<\/li>\n<li>Sincronizado<\/li>\n<\/ul>\n<p>[\/vc_column_text][\/vc_tta_section][\/vc_tta_accordion][\/vc_column][\/vc_row]<\/p>\n","protected":false},"excerpt":{"rendered":"<p data-start=\"0\" data-end=\"220\"><strong data-start=\"0\" data-end=\"10\">MAB V4<\/strong> es un dispositivo airbag dise\u00f1ado para garantizar la m\u00e1xima protecci\u00f3n al motociclista en caso de impacto, gracias a su <strong data-start=\"131\" data-end=\"179\">Sistema de Doble Airbag (Dual Airbag System)<\/strong> que ofrece cobertura frontal y trasera<\/p>\n<p data-start=\"222\" data-end=\"490\">Integra el <strong data-start=\"233\" data-end=\"281\">sistema de detecci\u00f3n de incidentes Fast Lock<\/strong> con aceler\u00f3metro anal\u00f3gico, que asegura una activaci\u00f3n r\u00e1pida y fiable. Fast Lock debe conectarse a la moto mediante las correas especiales incluidas en el paquete, creando el punto de anclaje en el asiento<\/p>\n<p data-start=\"492\" data-end=\"671\">Cuenta con una <strong data-start=\"507\" data-end=\"561\">chaqueta interior perforada, integrada y removible<\/strong>, ideal para las estaciones m\u00e1s c\u00e1lidas, equipada con <strong data-start=\"615\" data-end=\"669\">protecciones r\u00edgidas de nivel 2 en hombros y codos<\/strong><\/p>\n<p data-start=\"492\" data-end=\"671\">El dispositivo es recargable mediante la compra del kit de recarga Motoairbag adecuado, lo que permite su reutilizaci\u00f3n despu\u00e9s de la activaci\u00f3n.<\/p>\n<p data-start=\"673\" data-end=\"848\"><strong data-start=\"673\" data-end=\"683\">MAB V4<\/strong> est\u00e1 fabricado en <strong data-start=\"702\" data-end=\"733\">poli\u00e9ster de alta tenacidad<\/strong> y est\u00e1 disponible en <strong data-start=\"755\" data-end=\"769\">Gris\/Fl\u00faor<\/strong> y <strong data-start=\"772\" data-end=\"787\">Negro\/Fl\u00faor<\/strong>, con <strong data-start=\"793\" data-end=\"818\" data-is-only-node=\"\">insertos reflectantes<\/strong> para una visibilidad \u00f3ptima<\/p>\n<p data-start=\"850\" data-end=\"984\" data-is-last-node=\"\" data-is-only-node=\"\">\u26a0\ufe0f Recuerde desconectar Fast Lock de la moto antes de bajarse, para evitar la activaci\u00f3n accidental de uno o de ambos airbags en caso de una fuerza sobre el cable superior a 15 kg.<\/p>\n","protected":false},"featured_media":7283,"template":"","meta":[],"product_brand":[],"product_cat":[122],"product_tag":[],"class_list":{"0":"post-7401","1":"product","2":"type-product","3":"status-publish","4":"has-post-thumbnail","6":"product_cat-bolsas-de-aire","8":"first","9":"instock","10":"taxable","11":"shipping-taxable","12":"purchasable","13":"product-type-variable"},"yoast_head":"<!-- This site is optimized with the Yoast SEO plugin v27.0 - https:\/\/yoast.com\/product\/yoast-seo-wordpress\/ -->\n<title>MAB v4 - Motoairbag - L&#039;airbag per i motociclisti<\/title>\n<meta name=\"robots\" content=\"index, follow, max-snippet:-1, max-image-preview:large, max-video-preview:-1\" \/>\n<link rel=\"canonical\" href=\"https:\/\/www.motoairbag.com\/es\/shop\/bolsas-de-aire\/mab-v4\/\" \/>\n<meta property=\"og:locale\" content=\"es_ES\" \/>\n<meta property=\"og:type\" content=\"article\" \/>\n<meta property=\"og:title\" content=\"MAB v4 - Motoairbag - L&#039;airbag per i motociclisti\" \/>\n<meta property=\"og:description\" content=\"MAB V4 es un dispositivo airbag dise\u00f1ado para garantizar la m\u00e1xima protecci\u00f3n al motociclista en caso de impacto, gracias a su Sistema de Doble Airbag (Dual Airbag System) que ofrece cobertura frontal y trasera Integra el sistema de detecci\u00f3n de incidentes Fast Lock con aceler\u00f3metro anal\u00f3gico, que asegura una activaci\u00f3n r\u00e1pida y fiable. Fast Lock debe conectarse a la moto mediante las correas especiales incluidas en el paquete, creando el punto de anclaje en el asiento Cuenta con una chaqueta interior perforada, integrada y removible, ideal para las estaciones m\u00e1s c\u00e1lidas, equipada con protecciones r\u00edgidas de nivel 2 en hombros y codos El dispositivo es recargable mediante la compra del kit de recarga Motoairbag adecuado, lo que permite su reutilizaci\u00f3n despu\u00e9s de la activaci\u00f3n. MAB V4 est\u00e1 fabricado en poli\u00e9ster de alta tenacidad y est\u00e1 disponible en Gris\/Fl\u00faor y Negro\/Fl\u00faor, con insertos reflectantes para una visibilidad \u00f3ptima \u26a0\ufe0f Recuerde desconectar Fast Lock de la moto antes de bajarse, para evitar la activaci\u00f3n accidental de uno o de ambos airbags en caso de una fuerza sobre el cable superior a 15 kg.\" \/>\n<meta property=\"og:url\" content=\"https:\/\/www.motoairbag.com\/es\/shop\/bolsas-de-aire\/mab-v4\/\" \/>\n<meta property=\"og:site_name\" content=\"Motoairbag - L&#039;airbag per i motociclisti\" \/>\n<meta property=\"article:modified_time\" content=\"2026-04-10T09:34:26+00:00\" \/>\n<meta property=\"og:image\" content=\"https:\/\/www.motoairbag.com\/wp-content\/uploads\/2022\/06\/V4N_1rid.jpg\" \/>\n\t<meta property=\"og:image:width\" content=\"1748\" \/>\n\t<meta property=\"og:image:height\" content=\"1748\" \/>\n\t<meta property=\"og:image:type\" content=\"image\/jpeg\" \/>\n<meta name=\"twitter:card\" content=\"summary_large_image\" \/>\n<meta name=\"twitter:label1\" content=\"Tiempo de lectura\" \/>\n\t<meta name=\"twitter:data1\" content=\"4 minutos\" \/>\n<script type=\"application\/ld+json\" class=\"yoast-schema-graph\">{\"@context\":\"https:\/\/schema.org\",\"@graph\":[{\"@type\":\"WebPage\",\"@id\":\"https:\/\/www.motoairbag.com\/es\/shop\/bolsas-de-aire\/mab-v4\/\",\"url\":\"https:\/\/www.motoairbag.com\/es\/shop\/bolsas-de-aire\/mab-v4\/\",\"name\":\"MAB v4 - Motoairbag - L&#039;airbag per i motociclisti\",\"isPartOf\":{\"@id\":\"https:\/\/www.motoairbag.com\/#website\"},\"primaryImageOfPage\":{\"@id\":\"https:\/\/www.motoairbag.com\/es\/shop\/bolsas-de-aire\/mab-v4\/#primaryimage\"},\"image\":{\"@id\":\"https:\/\/www.motoairbag.com\/es\/shop\/bolsas-de-aire\/mab-v4\/#primaryimage\"},\"thumbnailUrl\":\"https:\/\/www.motoairbag.com\/wp-content\/uploads\/2022\/06\/V4N_1rid.jpg\",\"datePublished\":\"2022-06-22T07:27:42+00:00\",\"dateModified\":\"2026-04-10T09:34:26+00:00\",\"breadcrumb\":{\"@id\":\"https:\/\/www.motoairbag.com\/es\/shop\/bolsas-de-aire\/mab-v4\/#breadcrumb\"},\"inLanguage\":\"es\",\"potentialAction\":[{\"@type\":\"ReadAction\",\"target\":[\"https:\/\/www.motoairbag.com\/es\/shop\/bolsas-de-aire\/mab-v4\/\"]}]},{\"@type\":\"ImageObject\",\"inLanguage\":\"es\",\"@id\":\"https:\/\/www.motoairbag.com\/es\/shop\/bolsas-de-aire\/mab-v4\/#primaryimage\",\"url\":\"https:\/\/www.motoairbag.com\/wp-content\/uploads\/2022\/06\/V4N_1rid.jpg\",\"contentUrl\":\"https:\/\/www.motoairbag.com\/wp-content\/uploads\/2022\/06\/V4N_1rid.jpg\",\"width\":1748,\"height\":1748},{\"@type\":\"BreadcrumbList\",\"@id\":\"https:\/\/www.motoairbag.com\/es\/shop\/bolsas-de-aire\/mab-v4\/#breadcrumb\",\"itemListElement\":[{\"@type\":\"ListItem\",\"position\":1,\"name\":\"Home\",\"item\":\"https:\/\/www.motoairbag.com\/es\/\"},{\"@type\":\"ListItem\",\"position\":2,\"name\":\"Shop\",\"item\":\"https:\/\/www.motoairbag.com\/shop\/\"},{\"@type\":\"ListItem\",\"position\":3,\"name\":\"MAB v4\"}]},{\"@type\":\"WebSite\",\"@id\":\"https:\/\/www.motoairbag.com\/#website\",\"url\":\"https:\/\/www.motoairbag.com\/\",\"name\":\"Motoairbag - L&#039;airbag per i motociclisti\",\"description\":\"\",\"publisher\":{\"@id\":\"https:\/\/www.motoairbag.com\/#organization\"},\"potentialAction\":[{\"@type\":\"SearchAction\",\"target\":{\"@type\":\"EntryPoint\",\"urlTemplate\":\"https:\/\/www.motoairbag.com\/?s={search_term_string}\"},\"query-input\":{\"@type\":\"PropertyValueSpecification\",\"valueRequired\":true,\"valueName\":\"search_term_string\"}}],\"inLanguage\":\"es\"},{\"@type\":\"Organization\",\"@id\":\"https:\/\/www.motoairbag.com\/#organization\",\"name\":\"Motoairbag - L&#039;airbag per i motociclisti\",\"url\":\"https:\/\/www.motoairbag.com\/\",\"logo\":{\"@type\":\"ImageObject\",\"inLanguage\":\"es\",\"@id\":\"https:\/\/www.motoairbag.com\/#\/schema\/logo\/image\/\",\"url\":\"https:\/\/www.motoairbag.com\/wp-content\/uploads\/2022\/11\/logo-final.jpg\",\"contentUrl\":\"https:\/\/www.motoairbag.com\/wp-content\/uploads\/2022\/11\/logo-final.jpg\",\"width\":609,\"height\":80,\"caption\":\"Motoairbag - L&#039;airbag per i motociclisti\"},\"image\":{\"@id\":\"https:\/\/www.motoairbag.com\/#\/schema\/logo\/image\/\"}}]}<\/script>\n<!-- \/ Yoast SEO plugin. -->","yoast_head_json":{"title":"MAB v4 - Motoairbag - L&#039;airbag per i motociclisti","robots":{"index":"index","follow":"follow","max-snippet":"max-snippet:-1","max-image-preview":"max-image-preview:large","max-video-preview":"max-video-preview:-1"},"canonical":"https:\/\/www.motoairbag.com\/es\/shop\/bolsas-de-aire\/mab-v4\/","og_locale":"es_ES","og_type":"article","og_title":"MAB v4 - Motoairbag - L&#039;airbag per i motociclisti","og_description":"MAB V4 es un dispositivo airbag dise\u00f1ado para garantizar la m\u00e1xima protecci\u00f3n al motociclista en caso de impacto, gracias a su Sistema de Doble Airbag (Dual Airbag System) que ofrece cobertura frontal y trasera Integra el sistema de detecci\u00f3n de incidentes Fast Lock con aceler\u00f3metro anal\u00f3gico, que asegura una activaci\u00f3n r\u00e1pida y fiable. Fast Lock debe conectarse a la moto mediante las correas especiales incluidas en el paquete, creando el punto de anclaje en el asiento Cuenta con una chaqueta interior perforada, integrada y removible, ideal para las estaciones m\u00e1s c\u00e1lidas, equipada con protecciones r\u00edgidas de nivel 2 en hombros y codos El dispositivo es recargable mediante la compra del kit de recarga Motoairbag adecuado, lo que permite su reutilizaci\u00f3n despu\u00e9s de la activaci\u00f3n. MAB V4 est\u00e1 fabricado en poli\u00e9ster de alta tenacidad y est\u00e1 disponible en Gris\/Fl\u00faor y Negro\/Fl\u00faor, con insertos reflectantes para una visibilidad \u00f3ptima \u26a0\ufe0f Recuerde desconectar Fast Lock de la moto antes de bajarse, para evitar la activaci\u00f3n accidental de uno o de ambos airbags en caso de una fuerza sobre el cable superior a 15 kg.","og_url":"https:\/\/www.motoairbag.com\/es\/shop\/bolsas-de-aire\/mab-v4\/","og_site_name":"Motoairbag - L&#039;airbag per i motociclisti","article_modified_time":"2026-04-10T09:34:26+00:00","og_image":[{"width":1748,"height":1748,"url":"https:\/\/www.motoairbag.com\/wp-content\/uploads\/2022\/06\/V4N_1rid.jpg","type":"image\/jpeg"}],"twitter_card":"summary_large_image","twitter_misc":{"Tiempo de lectura":"4 minutos"},"schema":{"@context":"https:\/\/schema.org","@graph":[{"@type":"WebPage","@id":"https:\/\/www.motoairbag.com\/es\/shop\/bolsas-de-aire\/mab-v4\/","url":"https:\/\/www.motoairbag.com\/es\/shop\/bolsas-de-aire\/mab-v4\/","name":"MAB v4 - Motoairbag - L&#039;airbag per i motociclisti","isPartOf":{"@id":"https:\/\/www.motoairbag.com\/#website"},"primaryImageOfPage":{"@id":"https:\/\/www.motoairbag.com\/es\/shop\/bolsas-de-aire\/mab-v4\/#primaryimage"},"image":{"@id":"https:\/\/www.motoairbag.com\/es\/shop\/bolsas-de-aire\/mab-v4\/#primaryimage"},"thumbnailUrl":"https:\/\/www.motoairbag.com\/wp-content\/uploads\/2022\/06\/V4N_1rid.jpg","datePublished":"2022-06-22T07:27:42+00:00","dateModified":"2026-04-10T09:34:26+00:00","breadcrumb":{"@id":"https:\/\/www.motoairbag.com\/es\/shop\/bolsas-de-aire\/mab-v4\/#breadcrumb"},"inLanguage":"es","potentialAction":[{"@type":"ReadAction","target":["https:\/\/www.motoairbag.com\/es\/shop\/bolsas-de-aire\/mab-v4\/"]}]},{"@type":"ImageObject","inLanguage":"es","@id":"https:\/\/www.motoairbag.com\/es\/shop\/bolsas-de-aire\/mab-v4\/#primaryimage","url":"https:\/\/www.motoairbag.com\/wp-content\/uploads\/2022\/06\/V4N_1rid.jpg","contentUrl":"https:\/\/www.motoairbag.com\/wp-content\/uploads\/2022\/06\/V4N_1rid.jpg","width":1748,"height":1748},{"@type":"BreadcrumbList","@id":"https:\/\/www.motoairbag.com\/es\/shop\/bolsas-de-aire\/mab-v4\/#breadcrumb","itemListElement":[{"@type":"ListItem","position":1,"name":"Home","item":"https:\/\/www.motoairbag.com\/es\/"},{"@type":"ListItem","position":2,"name":"Shop","item":"https:\/\/www.motoairbag.com\/shop\/"},{"@type":"ListItem","position":3,"name":"MAB v4"}]},{"@type":"WebSite","@id":"https:\/\/www.motoairbag.com\/#website","url":"https:\/\/www.motoairbag.com\/","name":"Motoairbag - L&#039;airbag per i motociclisti","description":"","publisher":{"@id":"https:\/\/www.motoairbag.com\/#organization"},"potentialAction":[{"@type":"SearchAction","target":{"@type":"EntryPoint","urlTemplate":"https:\/\/www.motoairbag.com\/?s={search_term_string}"},"query-input":{"@type":"PropertyValueSpecification","valueRequired":true,"valueName":"search_term_string"}}],"inLanguage":"es"},{"@type":"Organization","@id":"https:\/\/www.motoairbag.com\/#organization","name":"Motoairbag - L&#039;airbag per i motociclisti","url":"https:\/\/www.motoairbag.com\/","logo":{"@type":"ImageObject","inLanguage":"es","@id":"https:\/\/www.motoairbag.com\/#\/schema\/logo\/image\/","url":"https:\/\/www.motoairbag.com\/wp-content\/uploads\/2022\/11\/logo-final.jpg","contentUrl":"https:\/\/www.motoairbag.com\/wp-content\/uploads\/2022\/11\/logo-final.jpg","width":609,"height":80,"caption":"Motoairbag - L&#039;airbag per i motociclisti"},"image":{"@id":"https:\/\/www.motoairbag.com\/#\/schema\/logo\/image\/"}}]}},"_links":{"self":[{"href":"https:\/\/www.motoairbag.com\/es\/wp-json\/wp\/v2\/product\/7401","targetHints":{"allow":["GET"]}}],"collection":[{"href":"https:\/\/www.motoairbag.com\/es\/wp-json\/wp\/v2\/product"}],"about":[{"href":"https:\/\/www.motoairbag.com\/es\/wp-json\/wp\/v2\/types\/product"}],"wp:featuredmedia":[{"embeddable":true,"href":"https:\/\/www.motoairbag.com\/es\/wp-json\/wp\/v2\/media\/7283"}],"wp:attachment":[{"href":"https:\/\/www.motoairbag.com\/es\/wp-json\/wp\/v2\/media?parent=7401"}],"wp:term":[{"taxonomy":"product_brand","embeddable":true,"href":"https:\/\/www.motoairbag.com\/es\/wp-json\/wp\/v2\/product_brand?post=7401"},{"taxonomy":"product_cat","embeddable":true,"href":"https:\/\/www.motoairbag.com\/es\/wp-json\/wp\/v2\/product_cat?post=7401"},{"taxonomy":"product_tag","embeddable":true,"href":"https:\/\/www.motoairbag.com\/es\/wp-json\/wp\/v2\/product_tag?post=7401"}],"curies":[{"name":"wp","href":"https:\/\/api.w.org\/{rel}","templated":true}]}}