{"id":7385,"date":"2022-06-23T10:15:14","date_gmt":"2022-06-23T10:15:14","guid":{"rendered":"https:\/\/www.motoairbag.com\/shop\/sin%20categor\u00eda\/mab-kit-ricarica-1\/"},"modified":"2025-11-07T10:50:51","modified_gmt":"2025-11-07T10:50:51","slug":"mab-kit-ricarica-1","status":"publish","type":"product","link":"https:\/\/www.motoairbag.com\/es\/shop\/accesorios-y-recargas\/mab-kit-ricarica-1\/","title":{"rendered":"MAB KIT RECARGA A 1"},"content":{"rendered":"<p data-start=\"947\" data-end=\"1149\">Dentro del kit de recarga encontrar\u00e1s\u00a0<strong data-start=\"1001\" data-end=\"1022\">todo lo necesario<\/strong>\u00a0para devolver a tu MOTOAIRBAG su pleno funcionamiento: la llave de recarga y los dos cartuchos de CO2 (di\u00f3xido de carbono).<\/p>\n<p data-start=\"1151\" data-end=\"1205\">Un kit dise\u00f1ado para ser\u00a0<strong data-start=\"1176\" data-end=\"1202\">simple y f\u00e1cil de usar<\/strong>.<\/p>\n<p data-start=\"1207\" data-end=\"1255\" data-is-last-node=\"\" data-is-only-node=\"\">Compatible con todos los modelos de MOTOAIRBAG, recomendado para los modelos: VZERO, CITY AIRBAG.<\/p>\n","protected":false},"excerpt":{"rendered":"<p data-start=\"1895\" data-end=\"2041\">El kit permite\u00a0<strong data-start=\"1926\" data-end=\"1966\">restaurar r\u00e1pidamente tu MOTOAIRBAG<\/strong>\u00a0en caso de activaci\u00f3n accidental o cuando no ha ocurrido ning\u00fan impacto.<\/p>\n<p data-start=\"2043\" data-end=\"2147\">El procedimiento de recarga es simple y est\u00e1 dise\u00f1ado para ser\u00a0<strong data-start=\"2106\" data-end=\"2144\">completamente seguro y sin errores<\/strong>.<\/p>\n<p data-start=\"2149\" data-end=\"2249\">Antes de recargar, es fundamental seguir cuidadosamente las comprobaciones indicadas en el manual.<\/p>\n<p data-start=\"2251\" data-end=\"2410\">No intentes\u00a0<strong data-start=\"2263\" data-end=\"2307\">recargar el airbag despu\u00e9s de un impacto<\/strong>; en estos casos, contacta inmediatamente con el servicio de asistencia en\u00a0assistenza@motoairbag.com.<\/p>\n<p data-start=\"2412\" data-end=\"2530\" data-is-last-node=\"\" data-is-only-node=\"\">Recuerda que MOTOAIRBAG funciona\u00a0<strong data-start=\"2446\" data-end=\"2479\">solo con cartuchos originales<\/strong>, para asegurar un rendimiento y seguridad \u00f3ptimos.<\/p>\n","protected":false},"featured_media":7196,"template":"","meta":[],"product_brand":[],"product_cat":[123],"product_tag":[],"class_list":{"0":"post-7385","1":"product","2":"type-product","3":"status-publish","4":"has-post-thumbnail","6":"product_cat-accesorios-y-recargas","8":"first","9":"instock","10":"taxable","11":"shipping-taxable","12":"purchasable","13":"product-type-simple"},"yoast_head":"<!-- This site is optimized with the Yoast SEO plugin v27.0 - https:\/\/yoast.com\/product\/yoast-seo-wordpress\/ -->\n<title>MAB KIT RECARGA A 1 - Motoairbag - L&#039;airbag per i motociclisti<\/title>\n<meta name=\"robots\" content=\"index, follow, max-snippet:-1, max-image-preview:large, max-video-preview:-1\" \/>\n<link rel=\"canonical\" href=\"https:\/\/www.motoairbag.com\/es\/shop\/accesorios-y-recargas\/mab-kit-ricarica-1\/\" \/>\n<meta property=\"og:locale\" content=\"es_ES\" \/>\n<meta property=\"og:type\" content=\"article\" \/>\n<meta property=\"og:title\" content=\"MAB KIT RECARGA A 1 - Motoairbag - L&#039;airbag per i motociclisti\" \/>\n<meta property=\"og:description\" content=\"El kit permite\u00a0restaurar r\u00e1pidamente tu MOTOAIRBAG\u00a0en caso de activaci\u00f3n accidental o cuando no ha ocurrido ning\u00fan impacto. El procedimiento de recarga es simple y est\u00e1 dise\u00f1ado para ser\u00a0completamente seguro y sin errores. Antes de recargar, es fundamental seguir cuidadosamente las comprobaciones indicadas en el manual. No intentes\u00a0recargar el airbag despu\u00e9s de un impacto; en estos casos, contacta inmediatamente con el servicio de asistencia en\u00a0assistenza@motoairbag.com. Recuerda que MOTOAIRBAG funciona\u00a0solo con cartuchos originales, para asegurar un rendimiento y seguridad \u00f3ptimos.\" \/>\n<meta property=\"og:url\" content=\"https:\/\/www.motoairbag.com\/es\/shop\/accesorios-y-recargas\/mab-kit-ricarica-1\/\" \/>\n<meta property=\"og:site_name\" content=\"Motoairbag - L&#039;airbag per i motociclisti\" \/>\n<meta property=\"article:modified_time\" content=\"2025-11-07T10:50:51+00:00\" \/>\n<meta property=\"og:image\" content=\"https:\/\/www.motoairbag.com\/wp-content\/uploads\/2022\/06\/D4210-Kit-1-bombola-2-scaled.jpg\" \/>\n\t<meta property=\"og:image:width\" content=\"2551\" \/>\n\t<meta property=\"og:image:height\" content=\"2560\" \/>\n\t<meta property=\"og:image:type\" content=\"image\/jpeg\" \/>\n<meta name=\"twitter:card\" content=\"summary_large_image\" \/>\n<meta name=\"twitter:label1\" content=\"Tiempo de lectura\" \/>\n\t<meta name=\"twitter:data1\" content=\"1 minuto\" \/>\n<script type=\"application\/ld+json\" class=\"yoast-schema-graph\">{\"@context\":\"https:\/\/schema.org\",\"@graph\":[{\"@type\":\"WebPage\",\"@id\":\"https:\/\/www.motoairbag.com\/es\/shop\/accesorios-y-recargas\/mab-kit-ricarica-1\/\",\"url\":\"https:\/\/www.motoairbag.com\/es\/shop\/accesorios-y-recargas\/mab-kit-ricarica-1\/\",\"name\":\"MAB KIT RECARGA A 1 - Motoairbag - L&#039;airbag per i motociclisti\",\"isPartOf\":{\"@id\":\"https:\/\/www.motoairbag.com\/#website\"},\"primaryImageOfPage\":{\"@id\":\"https:\/\/www.motoairbag.com\/es\/shop\/accesorios-y-recargas\/mab-kit-ricarica-1\/#primaryimage\"},\"image\":{\"@id\":\"https:\/\/www.motoairbag.com\/es\/shop\/accesorios-y-recargas\/mab-kit-ricarica-1\/#primaryimage\"},\"thumbnailUrl\":\"https:\/\/www.motoairbag.com\/wp-content\/uploads\/2022\/06\/D4210-Kit-1-bombola-2-scaled.jpg\",\"datePublished\":\"2022-06-23T10:15:14+00:00\",\"dateModified\":\"2025-11-07T10:50:51+00:00\",\"breadcrumb\":{\"@id\":\"https:\/\/www.motoairbag.com\/es\/shop\/accesorios-y-recargas\/mab-kit-ricarica-1\/#breadcrumb\"},\"inLanguage\":\"es\",\"potentialAction\":[{\"@type\":\"ReadAction\",\"target\":[\"https:\/\/www.motoairbag.com\/es\/shop\/accesorios-y-recargas\/mab-kit-ricarica-1\/\"]}]},{\"@type\":\"ImageObject\",\"inLanguage\":\"es\",\"@id\":\"https:\/\/www.motoairbag.com\/es\/shop\/accesorios-y-recargas\/mab-kit-ricarica-1\/#primaryimage\",\"url\":\"https:\/\/www.motoairbag.com\/wp-content\/uploads\/2022\/06\/D4210-Kit-1-bombola-2-scaled.jpg\",\"contentUrl\":\"https:\/\/www.motoairbag.com\/wp-content\/uploads\/2022\/06\/D4210-Kit-1-bombola-2-scaled.jpg\",\"width\":2551,\"height\":2560},{\"@type\":\"BreadcrumbList\",\"@id\":\"https:\/\/www.motoairbag.com\/es\/shop\/accesorios-y-recargas\/mab-kit-ricarica-1\/#breadcrumb\",\"itemListElement\":[{\"@type\":\"ListItem\",\"position\":1,\"name\":\"Home\",\"item\":\"https:\/\/www.motoairbag.com\/es\/\"},{\"@type\":\"ListItem\",\"position\":2,\"name\":\"Shop\",\"item\":\"https:\/\/www.motoairbag.com\/shop\/\"},{\"@type\":\"ListItem\",\"position\":3,\"name\":\"MAB KIT RECARGA A 1\"}]},{\"@type\":\"WebSite\",\"@id\":\"https:\/\/www.motoairbag.com\/#website\",\"url\":\"https:\/\/www.motoairbag.com\/\",\"name\":\"Motoairbag - L&#039;airbag per i motociclisti\",\"description\":\"\",\"publisher\":{\"@id\":\"https:\/\/www.motoairbag.com\/#organization\"},\"potentialAction\":[{\"@type\":\"SearchAction\",\"target\":{\"@type\":\"EntryPoint\",\"urlTemplate\":\"https:\/\/www.motoairbag.com\/?s={search_term_string}\"},\"query-input\":{\"@type\":\"PropertyValueSpecification\",\"valueRequired\":true,\"valueName\":\"search_term_string\"}}],\"inLanguage\":\"es\"},{\"@type\":\"Organization\",\"@id\":\"https:\/\/www.motoairbag.com\/#organization\",\"name\":\"Motoairbag - L&#039;airbag per i motociclisti\",\"url\":\"https:\/\/www.motoairbag.com\/\",\"logo\":{\"@type\":\"ImageObject\",\"inLanguage\":\"es\",\"@id\":\"https:\/\/www.motoairbag.com\/#\/schema\/logo\/image\/\",\"url\":\"https:\/\/www.motoairbag.com\/wp-content\/uploads\/2022\/11\/logo-final.jpg\",\"contentUrl\":\"https:\/\/www.motoairbag.com\/wp-content\/uploads\/2022\/11\/logo-final.jpg\",\"width\":609,\"height\":80,\"caption\":\"Motoairbag - L&#039;airbag per i motociclisti\"},\"image\":{\"@id\":\"https:\/\/www.motoairbag.com\/#\/schema\/logo\/image\/\"}}]}<\/script>\n<!-- \/ Yoast SEO plugin. -->","yoast_head_json":{"title":"MAB KIT RECARGA A 1 - Motoairbag - L&#039;airbag per i motociclisti","robots":{"index":"index","follow":"follow","max-snippet":"max-snippet:-1","max-image-preview":"max-image-preview:large","max-video-preview":"max-video-preview:-1"},"canonical":"https:\/\/www.motoairbag.com\/es\/shop\/accesorios-y-recargas\/mab-kit-ricarica-1\/","og_locale":"es_ES","og_type":"article","og_title":"MAB KIT RECARGA A 1 - Motoairbag - L&#039;airbag per i motociclisti","og_description":"El kit permite\u00a0restaurar r\u00e1pidamente tu MOTOAIRBAG\u00a0en caso de activaci\u00f3n accidental o cuando no ha ocurrido ning\u00fan impacto. El procedimiento de recarga es simple y est\u00e1 dise\u00f1ado para ser\u00a0completamente seguro y sin errores. Antes de recargar, es fundamental seguir cuidadosamente las comprobaciones indicadas en el manual. No intentes\u00a0recargar el airbag despu\u00e9s de un impacto; en estos casos, contacta inmediatamente con el servicio de asistencia en\u00a0assistenza@motoairbag.com. Recuerda que MOTOAIRBAG funciona\u00a0solo con cartuchos originales, para asegurar un rendimiento y seguridad \u00f3ptimos.","og_url":"https:\/\/www.motoairbag.com\/es\/shop\/accesorios-y-recargas\/mab-kit-ricarica-1\/","og_site_name":"Motoairbag - L&#039;airbag per i motociclisti","article_modified_time":"2025-11-07T10:50:51+00:00","og_image":[{"width":2551,"height":2560,"url":"https:\/\/www.motoairbag.com\/wp-content\/uploads\/2022\/06\/D4210-Kit-1-bombola-2-scaled.jpg","type":"image\/jpeg"}],"twitter_card":"summary_large_image","twitter_misc":{"Tiempo de lectura":"1 minuto"},"schema":{"@context":"https:\/\/schema.org","@graph":[{"@type":"WebPage","@id":"https:\/\/www.motoairbag.com\/es\/shop\/accesorios-y-recargas\/mab-kit-ricarica-1\/","url":"https:\/\/www.motoairbag.com\/es\/shop\/accesorios-y-recargas\/mab-kit-ricarica-1\/","name":"MAB KIT RECARGA A 1 - Motoairbag - L&#039;airbag per i motociclisti","isPartOf":{"@id":"https:\/\/www.motoairbag.com\/#website"},"primaryImageOfPage":{"@id":"https:\/\/www.motoairbag.com\/es\/shop\/accesorios-y-recargas\/mab-kit-ricarica-1\/#primaryimage"},"image":{"@id":"https:\/\/www.motoairbag.com\/es\/shop\/accesorios-y-recargas\/mab-kit-ricarica-1\/#primaryimage"},"thumbnailUrl":"https:\/\/www.motoairbag.com\/wp-content\/uploads\/2022\/06\/D4210-Kit-1-bombola-2-scaled.jpg","datePublished":"2022-06-23T10:15:14+00:00","dateModified":"2025-11-07T10:50:51+00:00","breadcrumb":{"@id":"https:\/\/www.motoairbag.com\/es\/shop\/accesorios-y-recargas\/mab-kit-ricarica-1\/#breadcrumb"},"inLanguage":"es","potentialAction":[{"@type":"ReadAction","target":["https:\/\/www.motoairbag.com\/es\/shop\/accesorios-y-recargas\/mab-kit-ricarica-1\/"]}]},{"@type":"ImageObject","inLanguage":"es","@id":"https:\/\/www.motoairbag.com\/es\/shop\/accesorios-y-recargas\/mab-kit-ricarica-1\/#primaryimage","url":"https:\/\/www.motoairbag.com\/wp-content\/uploads\/2022\/06\/D4210-Kit-1-bombola-2-scaled.jpg","contentUrl":"https:\/\/www.motoairbag.com\/wp-content\/uploads\/2022\/06\/D4210-Kit-1-bombola-2-scaled.jpg","width":2551,"height":2560},{"@type":"BreadcrumbList","@id":"https:\/\/www.motoairbag.com\/es\/shop\/accesorios-y-recargas\/mab-kit-ricarica-1\/#breadcrumb","itemListElement":[{"@type":"ListItem","position":1,"name":"Home","item":"https:\/\/www.motoairbag.com\/es\/"},{"@type":"ListItem","position":2,"name":"Shop","item":"https:\/\/www.motoairbag.com\/shop\/"},{"@type":"ListItem","position":3,"name":"MAB KIT RECARGA A 1"}]},{"@type":"WebSite","@id":"https:\/\/www.motoairbag.com\/#website","url":"https:\/\/www.motoairbag.com\/","name":"Motoairbag - L&#039;airbag per i motociclisti","description":"","publisher":{"@id":"https:\/\/www.motoairbag.com\/#organization"},"potentialAction":[{"@type":"SearchAction","target":{"@type":"EntryPoint","urlTemplate":"https:\/\/www.motoairbag.com\/?s={search_term_string}"},"query-input":{"@type":"PropertyValueSpecification","valueRequired":true,"valueName":"search_term_string"}}],"inLanguage":"es"},{"@type":"Organization","@id":"https:\/\/www.motoairbag.com\/#organization","name":"Motoairbag - L&#039;airbag per i motociclisti","url":"https:\/\/www.motoairbag.com\/","logo":{"@type":"ImageObject","inLanguage":"es","@id":"https:\/\/www.motoairbag.com\/#\/schema\/logo\/image\/","url":"https:\/\/www.motoairbag.com\/wp-content\/uploads\/2022\/11\/logo-final.jpg","contentUrl":"https:\/\/www.motoairbag.com\/wp-content\/uploads\/2022\/11\/logo-final.jpg","width":609,"height":80,"caption":"Motoairbag - L&#039;airbag per i motociclisti"},"image":{"@id":"https:\/\/www.motoairbag.com\/#\/schema\/logo\/image\/"}}]}},"_links":{"self":[{"href":"https:\/\/www.motoairbag.com\/es\/wp-json\/wp\/v2\/product\/7385","targetHints":{"allow":["GET"]}}],"collection":[{"href":"https:\/\/www.motoairbag.com\/es\/wp-json\/wp\/v2\/product"}],"about":[{"href":"https:\/\/www.motoairbag.com\/es\/wp-json\/wp\/v2\/types\/product"}],"wp:featuredmedia":[{"embeddable":true,"href":"https:\/\/www.motoairbag.com\/es\/wp-json\/wp\/v2\/media\/7196"}],"wp:attachment":[{"href":"https:\/\/www.motoairbag.com\/es\/wp-json\/wp\/v2\/media?parent=7385"}],"wp:term":[{"taxonomy":"product_brand","embeddable":true,"href":"https:\/\/www.motoairbag.com\/es\/wp-json\/wp\/v2\/product_brand?post=7385"},{"taxonomy":"product_cat","embeddable":true,"href":"https:\/\/www.motoairbag.com\/es\/wp-json\/wp\/v2\/product_cat?post=7385"},{"taxonomy":"product_tag","embeddable":true,"href":"https:\/\/www.motoairbag.com\/es\/wp-json\/wp\/v2\/product_tag?post=7385"}],"curies":[{"name":"wp","href":"https:\/\/api.w.org\/{rel}","templated":true}]}}