{"id":7384,"date":"2022-06-23T10:15:42","date_gmt":"2022-06-23T10:15:42","guid":{"rendered":"https:\/\/www.motoairbag.com\/shop\/sin%20categor\u00eda\/mab-cartuccia\/"},"modified":"2025-11-04T14:58:42","modified_gmt":"2025-11-04T14:58:42","slug":"mab-cartuccia","status":"publish","type":"product","link":"https:\/\/www.motoairbag.com\/es\/shop\/accesorios-y-recargas\/mab-cartuccia\/","title":{"rendered":"CARTUCHO MAB"},"content":{"rendered":"<p data-start=\"1205\" data-end=\"1464\"><br data-start=\"1363\" data-end=\"1366\" \/>Tambi\u00e9n son aptos para el transporte a\u00e9reo, de acuerdo con las normativas de seguridad vigentes.<\/p>\n<p data-start=\"1466\" data-end=\"1716\">Para comprobar si un cartucho se ha activado, verifique la presencia de un orificio: si lo tiene, el cartucho debe ser reemplazado.<br data-start=\"1597\" data-end=\"1600\" \/>Para realizar correctamente la recarga, siga las instrucciones disponibles en el sitio web oficial de MOTOAIRBAG.<\/p>\n","protected":false},"excerpt":{"rendered":"<p data-start=\"1057\" data-end=\"1284\">Los cartuchos originales MOTOAIRBAG garantizan el correcto funcionamiento y el m\u00e1ximo rendimiento del sistema de seguridad.<br data-start=\"1181\" data-end=\"1184\" \/>Est\u00e1n compuestos por di\u00f3xido de carbono (CO\u2082) y son compatibles con todos los modelos MOTOAIRBAG.<\/p>\n<p data-start=\"1286\" data-end=\"1375\">Pueden transportarse o almacenarse de forma segura, listos para cualquier eventualidad.<\/p>\n<p data-start=\"1377\" data-end=\"1517\">\u26a0\ufe0f <strong data-start=\"1380\" data-end=\"1393\">Atenci\u00f3n:<\/strong> Para la sustituci\u00f3n es necesario disponer de la <strong data-start=\"1442\" data-end=\"1462\">Llave de Recarga<\/strong>, incluida en el kit de recarga original MOTOAIRBAG.<\/p>\n","protected":false},"featured_media":7119,"template":"","meta":[],"product_brand":[],"product_cat":[123],"product_tag":[],"class_list":{"0":"post-7384","1":"product","2":"type-product","3":"status-publish","4":"has-post-thumbnail","6":"product_cat-accesorios-y-recargas","8":"first","9":"instock","10":"taxable","11":"shipping-taxable","12":"purchasable","13":"product-type-simple"},"yoast_head":"<!-- This site is optimized with the Yoast SEO plugin v27.0 - https:\/\/yoast.com\/product\/yoast-seo-wordpress\/ -->\n<title>CARTUCHO MAB - Motoairbag - L&#039;airbag per i motociclisti<\/title>\n<meta name=\"robots\" content=\"index, follow, max-snippet:-1, max-image-preview:large, max-video-preview:-1\" \/>\n<link rel=\"canonical\" href=\"https:\/\/www.motoairbag.com\/es\/shop\/accesorios-y-recargas\/mab-cartuccia\/\" \/>\n<meta property=\"og:locale\" content=\"es_ES\" \/>\n<meta property=\"og:type\" content=\"article\" \/>\n<meta property=\"og:title\" content=\"CARTUCHO MAB - Motoairbag - L&#039;airbag per i motociclisti\" \/>\n<meta property=\"og:description\" content=\"Los cartuchos originales MOTOAIRBAG garantizan el correcto funcionamiento y el m\u00e1ximo rendimiento del sistema de seguridad.Est\u00e1n compuestos por di\u00f3xido de carbono (CO\u2082) y son compatibles con todos los modelos MOTOAIRBAG. Pueden transportarse o almacenarse de forma segura, listos para cualquier eventualidad. \u26a0\ufe0f Atenci\u00f3n: Para la sustituci\u00f3n es necesario disponer de la Llave de Recarga, incluida en el kit de recarga original MOTOAIRBAG.\" \/>\n<meta property=\"og:url\" content=\"https:\/\/www.motoairbag.com\/es\/shop\/accesorios-y-recargas\/mab-cartuccia\/\" \/>\n<meta property=\"og:site_name\" content=\"Motoairbag - L&#039;airbag per i motociclisti\" \/>\n<meta property=\"article:modified_time\" content=\"2025-11-04T14:58:42+00:00\" \/>\n<meta property=\"og:image\" content=\"https:\/\/www.motoairbag.com\/wp-content\/uploads\/2022\/06\/D1010-bombola-1.jpg\" \/>\n\t<meta property=\"og:image:width\" content=\"1080\" \/>\n\t<meta property=\"og:image:height\" content=\"1080\" \/>\n\t<meta property=\"og:image:type\" content=\"image\/jpeg\" \/>\n<meta name=\"twitter:card\" content=\"summary_large_image\" \/>\n<meta name=\"twitter:label1\" content=\"Tiempo de lectura\" \/>\n\t<meta name=\"twitter:data1\" content=\"1 minuto\" \/>\n<script type=\"application\/ld+json\" class=\"yoast-schema-graph\">{\"@context\":\"https:\/\/schema.org\",\"@graph\":[{\"@type\":\"WebPage\",\"@id\":\"https:\/\/www.motoairbag.com\/es\/shop\/accesorios-y-recargas\/mab-cartuccia\/\",\"url\":\"https:\/\/www.motoairbag.com\/es\/shop\/accesorios-y-recargas\/mab-cartuccia\/\",\"name\":\"CARTUCHO MAB - Motoairbag - L&#039;airbag per i motociclisti\",\"isPartOf\":{\"@id\":\"https:\/\/www.motoairbag.com\/#website\"},\"primaryImageOfPage\":{\"@id\":\"https:\/\/www.motoairbag.com\/es\/shop\/accesorios-y-recargas\/mab-cartuccia\/#primaryimage\"},\"image\":{\"@id\":\"https:\/\/www.motoairbag.com\/es\/shop\/accesorios-y-recargas\/mab-cartuccia\/#primaryimage\"},\"thumbnailUrl\":\"https:\/\/www.motoairbag.com\/wp-content\/uploads\/2022\/06\/D1010-bombola-1.jpg\",\"datePublished\":\"2022-06-23T10:15:42+00:00\",\"dateModified\":\"2025-11-04T14:58:42+00:00\",\"breadcrumb\":{\"@id\":\"https:\/\/www.motoairbag.com\/es\/shop\/accesorios-y-recargas\/mab-cartuccia\/#breadcrumb\"},\"inLanguage\":\"es\",\"potentialAction\":[{\"@type\":\"ReadAction\",\"target\":[\"https:\/\/www.motoairbag.com\/es\/shop\/accesorios-y-recargas\/mab-cartuccia\/\"]}]},{\"@type\":\"ImageObject\",\"inLanguage\":\"es\",\"@id\":\"https:\/\/www.motoairbag.com\/es\/shop\/accesorios-y-recargas\/mab-cartuccia\/#primaryimage\",\"url\":\"https:\/\/www.motoairbag.com\/wp-content\/uploads\/2022\/06\/D1010-bombola-1.jpg\",\"contentUrl\":\"https:\/\/www.motoairbag.com\/wp-content\/uploads\/2022\/06\/D1010-bombola-1.jpg\",\"width\":1080,\"height\":1080},{\"@type\":\"BreadcrumbList\",\"@id\":\"https:\/\/www.motoairbag.com\/es\/shop\/accesorios-y-recargas\/mab-cartuccia\/#breadcrumb\",\"itemListElement\":[{\"@type\":\"ListItem\",\"position\":1,\"name\":\"Home\",\"item\":\"https:\/\/www.motoairbag.com\/es\/\"},{\"@type\":\"ListItem\",\"position\":2,\"name\":\"Shop\",\"item\":\"https:\/\/www.motoairbag.com\/shop\/\"},{\"@type\":\"ListItem\",\"position\":3,\"name\":\"CARTUCHO MAB\"}]},{\"@type\":\"WebSite\",\"@id\":\"https:\/\/www.motoairbag.com\/#website\",\"url\":\"https:\/\/www.motoairbag.com\/\",\"name\":\"Motoairbag - L&#039;airbag per i motociclisti\",\"description\":\"\",\"publisher\":{\"@id\":\"https:\/\/www.motoairbag.com\/#organization\"},\"potentialAction\":[{\"@type\":\"SearchAction\",\"target\":{\"@type\":\"EntryPoint\",\"urlTemplate\":\"https:\/\/www.motoairbag.com\/?s={search_term_string}\"},\"query-input\":{\"@type\":\"PropertyValueSpecification\",\"valueRequired\":true,\"valueName\":\"search_term_string\"}}],\"inLanguage\":\"es\"},{\"@type\":\"Organization\",\"@id\":\"https:\/\/www.motoairbag.com\/#organization\",\"name\":\"Motoairbag - L&#039;airbag per i motociclisti\",\"url\":\"https:\/\/www.motoairbag.com\/\",\"logo\":{\"@type\":\"ImageObject\",\"inLanguage\":\"es\",\"@id\":\"https:\/\/www.motoairbag.com\/#\/schema\/logo\/image\/\",\"url\":\"https:\/\/www.motoairbag.com\/wp-content\/uploads\/2022\/11\/logo-final.jpg\",\"contentUrl\":\"https:\/\/www.motoairbag.com\/wp-content\/uploads\/2022\/11\/logo-final.jpg\",\"width\":609,\"height\":80,\"caption\":\"Motoairbag - L&#039;airbag per i motociclisti\"},\"image\":{\"@id\":\"https:\/\/www.motoairbag.com\/#\/schema\/logo\/image\/\"}}]}<\/script>\n<!-- \/ Yoast SEO plugin. -->","yoast_head_json":{"title":"CARTUCHO MAB - Motoairbag - L&#039;airbag per i motociclisti","robots":{"index":"index","follow":"follow","max-snippet":"max-snippet:-1","max-image-preview":"max-image-preview:large","max-video-preview":"max-video-preview:-1"},"canonical":"https:\/\/www.motoairbag.com\/es\/shop\/accesorios-y-recargas\/mab-cartuccia\/","og_locale":"es_ES","og_type":"article","og_title":"CARTUCHO MAB - Motoairbag - L&#039;airbag per i motociclisti","og_description":"Los cartuchos originales MOTOAIRBAG garantizan el correcto funcionamiento y el m\u00e1ximo rendimiento del sistema de seguridad.Est\u00e1n compuestos por di\u00f3xido de carbono (CO\u2082) y son compatibles con todos los modelos MOTOAIRBAG. Pueden transportarse o almacenarse de forma segura, listos para cualquier eventualidad. \u26a0\ufe0f Atenci\u00f3n: Para la sustituci\u00f3n es necesario disponer de la Llave de Recarga, incluida en el kit de recarga original MOTOAIRBAG.","og_url":"https:\/\/www.motoairbag.com\/es\/shop\/accesorios-y-recargas\/mab-cartuccia\/","og_site_name":"Motoairbag - L&#039;airbag per i motociclisti","article_modified_time":"2025-11-04T14:58:42+00:00","og_image":[{"width":1080,"height":1080,"url":"https:\/\/www.motoairbag.com\/wp-content\/uploads\/2022\/06\/D1010-bombola-1.jpg","type":"image\/jpeg"}],"twitter_card":"summary_large_image","twitter_misc":{"Tiempo de lectura":"1 minuto"},"schema":{"@context":"https:\/\/schema.org","@graph":[{"@type":"WebPage","@id":"https:\/\/www.motoairbag.com\/es\/shop\/accesorios-y-recargas\/mab-cartuccia\/","url":"https:\/\/www.motoairbag.com\/es\/shop\/accesorios-y-recargas\/mab-cartuccia\/","name":"CARTUCHO MAB - Motoairbag - L&#039;airbag per i motociclisti","isPartOf":{"@id":"https:\/\/www.motoairbag.com\/#website"},"primaryImageOfPage":{"@id":"https:\/\/www.motoairbag.com\/es\/shop\/accesorios-y-recargas\/mab-cartuccia\/#primaryimage"},"image":{"@id":"https:\/\/www.motoairbag.com\/es\/shop\/accesorios-y-recargas\/mab-cartuccia\/#primaryimage"},"thumbnailUrl":"https:\/\/www.motoairbag.com\/wp-content\/uploads\/2022\/06\/D1010-bombola-1.jpg","datePublished":"2022-06-23T10:15:42+00:00","dateModified":"2025-11-04T14:58:42+00:00","breadcrumb":{"@id":"https:\/\/www.motoairbag.com\/es\/shop\/accesorios-y-recargas\/mab-cartuccia\/#breadcrumb"},"inLanguage":"es","potentialAction":[{"@type":"ReadAction","target":["https:\/\/www.motoairbag.com\/es\/shop\/accesorios-y-recargas\/mab-cartuccia\/"]}]},{"@type":"ImageObject","inLanguage":"es","@id":"https:\/\/www.motoairbag.com\/es\/shop\/accesorios-y-recargas\/mab-cartuccia\/#primaryimage","url":"https:\/\/www.motoairbag.com\/wp-content\/uploads\/2022\/06\/D1010-bombola-1.jpg","contentUrl":"https:\/\/www.motoairbag.com\/wp-content\/uploads\/2022\/06\/D1010-bombola-1.jpg","width":1080,"height":1080},{"@type":"BreadcrumbList","@id":"https:\/\/www.motoairbag.com\/es\/shop\/accesorios-y-recargas\/mab-cartuccia\/#breadcrumb","itemListElement":[{"@type":"ListItem","position":1,"name":"Home","item":"https:\/\/www.motoairbag.com\/es\/"},{"@type":"ListItem","position":2,"name":"Shop","item":"https:\/\/www.motoairbag.com\/shop\/"},{"@type":"ListItem","position":3,"name":"CARTUCHO MAB"}]},{"@type":"WebSite","@id":"https:\/\/www.motoairbag.com\/#website","url":"https:\/\/www.motoairbag.com\/","name":"Motoairbag - L&#039;airbag per i motociclisti","description":"","publisher":{"@id":"https:\/\/www.motoairbag.com\/#organization"},"potentialAction":[{"@type":"SearchAction","target":{"@type":"EntryPoint","urlTemplate":"https:\/\/www.motoairbag.com\/?s={search_term_string}"},"query-input":{"@type":"PropertyValueSpecification","valueRequired":true,"valueName":"search_term_string"}}],"inLanguage":"es"},{"@type":"Organization","@id":"https:\/\/www.motoairbag.com\/#organization","name":"Motoairbag - L&#039;airbag per i motociclisti","url":"https:\/\/www.motoairbag.com\/","logo":{"@type":"ImageObject","inLanguage":"es","@id":"https:\/\/www.motoairbag.com\/#\/schema\/logo\/image\/","url":"https:\/\/www.motoairbag.com\/wp-content\/uploads\/2022\/11\/logo-final.jpg","contentUrl":"https:\/\/www.motoairbag.com\/wp-content\/uploads\/2022\/11\/logo-final.jpg","width":609,"height":80,"caption":"Motoairbag - L&#039;airbag per i motociclisti"},"image":{"@id":"https:\/\/www.motoairbag.com\/#\/schema\/logo\/image\/"}}]}},"_links":{"self":[{"href":"https:\/\/www.motoairbag.com\/es\/wp-json\/wp\/v2\/product\/7384","targetHints":{"allow":["GET"]}}],"collection":[{"href":"https:\/\/www.motoairbag.com\/es\/wp-json\/wp\/v2\/product"}],"about":[{"href":"https:\/\/www.motoairbag.com\/es\/wp-json\/wp\/v2\/types\/product"}],"wp:featuredmedia":[{"embeddable":true,"href":"https:\/\/www.motoairbag.com\/es\/wp-json\/wp\/v2\/media\/7119"}],"wp:attachment":[{"href":"https:\/\/www.motoairbag.com\/es\/wp-json\/wp\/v2\/media?parent=7384"}],"wp:term":[{"taxonomy":"product_brand","embeddable":true,"href":"https:\/\/www.motoairbag.com\/es\/wp-json\/wp\/v2\/product_brand?post=7384"},{"taxonomy":"product_cat","embeddable":true,"href":"https:\/\/www.motoairbag.com\/es\/wp-json\/wp\/v2\/product_cat?post=7384"},{"taxonomy":"product_tag","embeddable":true,"href":"https:\/\/www.motoairbag.com\/es\/wp-json\/wp\/v2\/product_tag?post=7384"}],"curies":[{"name":"wp","href":"https:\/\/api.w.org\/{rel}","templated":true}]}}