{"id":7381,"date":"2022-06-23T10:17:28","date_gmt":"2022-06-23T10:17:28","guid":{"rendered":"https:\/\/www.motoairbag.com\/shop\/sin%20categor\u00eda\/mab-kit-cinghia\/"},"modified":"2025-11-14T11:11:55","modified_gmt":"2025-11-14T11:11:55","slug":"mab-kit-cinghia","status":"publish","type":"product","link":"https:\/\/www.motoairbag.com\/es\/shop\/accesorios-y-recargas\/mab-kit-cinghia\/","title":{"rendered":"MAB KIT CORREA"},"content":{"rendered":"<p data-start=\"799\" data-end=\"860\">Debe colocarse siempre detr\u00e1s del conductor o del pasajero.<\/p>\n<p data-start=\"862\" data-end=\"987\">Cada MOTOAIRBAG requiere su propia correa, garantizando la m\u00e1xima seguridad y un funcionamiento \u00f3ptimo de cada dispositivo.<\/p>\n","protected":false},"excerpt":{"rendered":"<p data-start=\"1680\" data-end=\"2052\">La correa de asiento est\u00e1 dise\u00f1ada para adaptarse a cualquier tipo de motocicleta o scooter, o una segunda moto o scooter, ofreciendo una soluci\u00f3n universal cuando no hay un punto de fijaci\u00f3n directo al chasis con la correa de chasis.<br data-start=\"1914\" data-end=\"1917\" \/>Se instala f\u00e1cilmente alrededor del asiento, garantizando una sujeci\u00f3n estable, segura y compatible con todos los modelos de asiento.<\/p>\n<p data-start=\"2054\" data-end=\"2188\">La correa ya est\u00e1 incluida en el paquete del airbag MOTOAIRBAG, junto con la correa de chasis, lista para ser instalada f\u00e1cilmente.<\/p>\n","protected":false},"featured_media":10478,"template":"","meta":[],"product_brand":[],"product_cat":[123],"product_tag":[],"class_list":{"0":"post-7381","1":"product","2":"type-product","3":"status-publish","4":"has-post-thumbnail","6":"product_cat-accesorios-y-recargas","8":"first","9":"instock","10":"taxable","11":"shipping-taxable","12":"purchasable","13":"product-type-simple"},"yoast_head":"<!-- This site is optimized with the Yoast SEO plugin v27.0 - https:\/\/yoast.com\/product\/yoast-seo-wordpress\/ -->\n<title>MAB KIT CORREA - Motoairbag - L&#039;airbag per i motociclisti<\/title>\n<meta name=\"robots\" content=\"index, follow, max-snippet:-1, max-image-preview:large, max-video-preview:-1\" \/>\n<link rel=\"canonical\" href=\"https:\/\/www.motoairbag.com\/es\/shop\/accesorios-y-recargas\/mab-kit-cinghia\/\" \/>\n<meta property=\"og:locale\" content=\"es_ES\" \/>\n<meta property=\"og:type\" content=\"article\" \/>\n<meta property=\"og:title\" content=\"MAB KIT CORREA - Motoairbag - L&#039;airbag per i motociclisti\" \/>\n<meta property=\"og:description\" content=\"La correa de asiento est\u00e1 dise\u00f1ada para adaptarse a cualquier tipo de motocicleta o scooter, o una segunda moto o scooter, ofreciendo una soluci\u00f3n universal cuando no hay un punto de fijaci\u00f3n directo al chasis con la correa de chasis.Se instala f\u00e1cilmente alrededor del asiento, garantizando una sujeci\u00f3n estable, segura y compatible con todos los modelos de asiento. La correa ya est\u00e1 incluida en el paquete del airbag MOTOAIRBAG, junto con la correa de chasis, lista para ser instalada f\u00e1cilmente.\" \/>\n<meta property=\"og:url\" content=\"https:\/\/www.motoairbag.com\/es\/shop\/accesorios-y-recargas\/mab-kit-cinghia\/\" \/>\n<meta property=\"og:site_name\" content=\"Motoairbag - L&#039;airbag per i motociclisti\" \/>\n<meta property=\"article:modified_time\" content=\"2025-11-14T11:11:55+00:00\" \/>\n<meta property=\"og:image\" content=\"https:\/\/www.motoairbag.com\/wp-content\/uploads\/2022\/06\/D3701-cinghia-sella_1-2.jpg\" \/>\n\t<meta property=\"og:image:width\" content=\"1080\" \/>\n\t<meta property=\"og:image:height\" content=\"1080\" \/>\n\t<meta property=\"og:image:type\" content=\"image\/jpeg\" \/>\n<meta name=\"twitter:card\" content=\"summary_large_image\" \/>\n<meta name=\"twitter:label1\" content=\"Tiempo de lectura\" \/>\n\t<meta name=\"twitter:data1\" content=\"1 minuto\" \/>\n<script type=\"application\/ld+json\" class=\"yoast-schema-graph\">{\"@context\":\"https:\/\/schema.org\",\"@graph\":[{\"@type\":\"WebPage\",\"@id\":\"https:\/\/www.motoairbag.com\/es\/shop\/accesorios-y-recargas\/mab-kit-cinghia\/\",\"url\":\"https:\/\/www.motoairbag.com\/es\/shop\/accesorios-y-recargas\/mab-kit-cinghia\/\",\"name\":\"MAB KIT CORREA - Motoairbag - L&#039;airbag per i motociclisti\",\"isPartOf\":{\"@id\":\"https:\/\/www.motoairbag.com\/#website\"},\"primaryImageOfPage\":{\"@id\":\"https:\/\/www.motoairbag.com\/es\/shop\/accesorios-y-recargas\/mab-kit-cinghia\/#primaryimage\"},\"image\":{\"@id\":\"https:\/\/www.motoairbag.com\/es\/shop\/accesorios-y-recargas\/mab-kit-cinghia\/#primaryimage\"},\"thumbnailUrl\":\"https:\/\/www.motoairbag.com\/wp-content\/uploads\/2022\/06\/D3701-cinghia-sella_1-2.jpg\",\"datePublished\":\"2022-06-23T10:17:28+00:00\",\"dateModified\":\"2025-11-14T11:11:55+00:00\",\"breadcrumb\":{\"@id\":\"https:\/\/www.motoairbag.com\/es\/shop\/accesorios-y-recargas\/mab-kit-cinghia\/#breadcrumb\"},\"inLanguage\":\"es\",\"potentialAction\":[{\"@type\":\"ReadAction\",\"target\":[\"https:\/\/www.motoairbag.com\/es\/shop\/accesorios-y-recargas\/mab-kit-cinghia\/\"]}]},{\"@type\":\"ImageObject\",\"inLanguage\":\"es\",\"@id\":\"https:\/\/www.motoairbag.com\/es\/shop\/accesorios-y-recargas\/mab-kit-cinghia\/#primaryimage\",\"url\":\"https:\/\/www.motoairbag.com\/wp-content\/uploads\/2022\/06\/D3701-cinghia-sella_1-2.jpg\",\"contentUrl\":\"https:\/\/www.motoairbag.com\/wp-content\/uploads\/2022\/06\/D3701-cinghia-sella_1-2.jpg\",\"width\":1080,\"height\":1080},{\"@type\":\"BreadcrumbList\",\"@id\":\"https:\/\/www.motoairbag.com\/es\/shop\/accesorios-y-recargas\/mab-kit-cinghia\/#breadcrumb\",\"itemListElement\":[{\"@type\":\"ListItem\",\"position\":1,\"name\":\"Home\",\"item\":\"https:\/\/www.motoairbag.com\/es\/\"},{\"@type\":\"ListItem\",\"position\":2,\"name\":\"Shop\",\"item\":\"https:\/\/www.motoairbag.com\/shop\/\"},{\"@type\":\"ListItem\",\"position\":3,\"name\":\"MAB KIT CORREA\"}]},{\"@type\":\"WebSite\",\"@id\":\"https:\/\/www.motoairbag.com\/#website\",\"url\":\"https:\/\/www.motoairbag.com\/\",\"name\":\"Motoairbag - L&#039;airbag per i motociclisti\",\"description\":\"\",\"publisher\":{\"@id\":\"https:\/\/www.motoairbag.com\/#organization\"},\"potentialAction\":[{\"@type\":\"SearchAction\",\"target\":{\"@type\":\"EntryPoint\",\"urlTemplate\":\"https:\/\/www.motoairbag.com\/?s={search_term_string}\"},\"query-input\":{\"@type\":\"PropertyValueSpecification\",\"valueRequired\":true,\"valueName\":\"search_term_string\"}}],\"inLanguage\":\"es\"},{\"@type\":\"Organization\",\"@id\":\"https:\/\/www.motoairbag.com\/#organization\",\"name\":\"Motoairbag - L&#039;airbag per i motociclisti\",\"url\":\"https:\/\/www.motoairbag.com\/\",\"logo\":{\"@type\":\"ImageObject\",\"inLanguage\":\"es\",\"@id\":\"https:\/\/www.motoairbag.com\/#\/schema\/logo\/image\/\",\"url\":\"https:\/\/www.motoairbag.com\/wp-content\/uploads\/2022\/11\/logo-final.jpg\",\"contentUrl\":\"https:\/\/www.motoairbag.com\/wp-content\/uploads\/2022\/11\/logo-final.jpg\",\"width\":609,\"height\":80,\"caption\":\"Motoairbag - L&#039;airbag per i motociclisti\"},\"image\":{\"@id\":\"https:\/\/www.motoairbag.com\/#\/schema\/logo\/image\/\"}}]}<\/script>\n<!-- \/ Yoast SEO plugin. -->","yoast_head_json":{"title":"MAB KIT CORREA - Motoairbag - L&#039;airbag per i motociclisti","robots":{"index":"index","follow":"follow","max-snippet":"max-snippet:-1","max-image-preview":"max-image-preview:large","max-video-preview":"max-video-preview:-1"},"canonical":"https:\/\/www.motoairbag.com\/es\/shop\/accesorios-y-recargas\/mab-kit-cinghia\/","og_locale":"es_ES","og_type":"article","og_title":"MAB KIT CORREA - Motoairbag - L&#039;airbag per i motociclisti","og_description":"La correa de asiento est\u00e1 dise\u00f1ada para adaptarse a cualquier tipo de motocicleta o scooter, o una segunda moto o scooter, ofreciendo una soluci\u00f3n universal cuando no hay un punto de fijaci\u00f3n directo al chasis con la correa de chasis.Se instala f\u00e1cilmente alrededor del asiento, garantizando una sujeci\u00f3n estable, segura y compatible con todos los modelos de asiento. La correa ya est\u00e1 incluida en el paquete del airbag MOTOAIRBAG, junto con la correa de chasis, lista para ser instalada f\u00e1cilmente.","og_url":"https:\/\/www.motoairbag.com\/es\/shop\/accesorios-y-recargas\/mab-kit-cinghia\/","og_site_name":"Motoairbag - L&#039;airbag per i motociclisti","article_modified_time":"2025-11-14T11:11:55+00:00","og_image":[{"width":1080,"height":1080,"url":"https:\/\/www.motoairbag.com\/wp-content\/uploads\/2022\/06\/D3701-cinghia-sella_1-2.jpg","type":"image\/jpeg"}],"twitter_card":"summary_large_image","twitter_misc":{"Tiempo de lectura":"1 minuto"},"schema":{"@context":"https:\/\/schema.org","@graph":[{"@type":"WebPage","@id":"https:\/\/www.motoairbag.com\/es\/shop\/accesorios-y-recargas\/mab-kit-cinghia\/","url":"https:\/\/www.motoairbag.com\/es\/shop\/accesorios-y-recargas\/mab-kit-cinghia\/","name":"MAB KIT CORREA - Motoairbag - L&#039;airbag per i motociclisti","isPartOf":{"@id":"https:\/\/www.motoairbag.com\/#website"},"primaryImageOfPage":{"@id":"https:\/\/www.motoairbag.com\/es\/shop\/accesorios-y-recargas\/mab-kit-cinghia\/#primaryimage"},"image":{"@id":"https:\/\/www.motoairbag.com\/es\/shop\/accesorios-y-recargas\/mab-kit-cinghia\/#primaryimage"},"thumbnailUrl":"https:\/\/www.motoairbag.com\/wp-content\/uploads\/2022\/06\/D3701-cinghia-sella_1-2.jpg","datePublished":"2022-06-23T10:17:28+00:00","dateModified":"2025-11-14T11:11:55+00:00","breadcrumb":{"@id":"https:\/\/www.motoairbag.com\/es\/shop\/accesorios-y-recargas\/mab-kit-cinghia\/#breadcrumb"},"inLanguage":"es","potentialAction":[{"@type":"ReadAction","target":["https:\/\/www.motoairbag.com\/es\/shop\/accesorios-y-recargas\/mab-kit-cinghia\/"]}]},{"@type":"ImageObject","inLanguage":"es","@id":"https:\/\/www.motoairbag.com\/es\/shop\/accesorios-y-recargas\/mab-kit-cinghia\/#primaryimage","url":"https:\/\/www.motoairbag.com\/wp-content\/uploads\/2022\/06\/D3701-cinghia-sella_1-2.jpg","contentUrl":"https:\/\/www.motoairbag.com\/wp-content\/uploads\/2022\/06\/D3701-cinghia-sella_1-2.jpg","width":1080,"height":1080},{"@type":"BreadcrumbList","@id":"https:\/\/www.motoairbag.com\/es\/shop\/accesorios-y-recargas\/mab-kit-cinghia\/#breadcrumb","itemListElement":[{"@type":"ListItem","position":1,"name":"Home","item":"https:\/\/www.motoairbag.com\/es\/"},{"@type":"ListItem","position":2,"name":"Shop","item":"https:\/\/www.motoairbag.com\/shop\/"},{"@type":"ListItem","position":3,"name":"MAB KIT CORREA"}]},{"@type":"WebSite","@id":"https:\/\/www.motoairbag.com\/#website","url":"https:\/\/www.motoairbag.com\/","name":"Motoairbag - L&#039;airbag per i motociclisti","description":"","publisher":{"@id":"https:\/\/www.motoairbag.com\/#organization"},"potentialAction":[{"@type":"SearchAction","target":{"@type":"EntryPoint","urlTemplate":"https:\/\/www.motoairbag.com\/?s={search_term_string}"},"query-input":{"@type":"PropertyValueSpecification","valueRequired":true,"valueName":"search_term_string"}}],"inLanguage":"es"},{"@type":"Organization","@id":"https:\/\/www.motoairbag.com\/#organization","name":"Motoairbag - L&#039;airbag per i motociclisti","url":"https:\/\/www.motoairbag.com\/","logo":{"@type":"ImageObject","inLanguage":"es","@id":"https:\/\/www.motoairbag.com\/#\/schema\/logo\/image\/","url":"https:\/\/www.motoairbag.com\/wp-content\/uploads\/2022\/11\/logo-final.jpg","contentUrl":"https:\/\/www.motoairbag.com\/wp-content\/uploads\/2022\/11\/logo-final.jpg","width":609,"height":80,"caption":"Motoairbag - L&#039;airbag per i motociclisti"},"image":{"@id":"https:\/\/www.motoairbag.com\/#\/schema\/logo\/image\/"}}]}},"_links":{"self":[{"href":"https:\/\/www.motoairbag.com\/es\/wp-json\/wp\/v2\/product\/7381","targetHints":{"allow":["GET"]}}],"collection":[{"href":"https:\/\/www.motoairbag.com\/es\/wp-json\/wp\/v2\/product"}],"about":[{"href":"https:\/\/www.motoairbag.com\/es\/wp-json\/wp\/v2\/types\/product"}],"wp:featuredmedia":[{"embeddable":true,"href":"https:\/\/www.motoairbag.com\/es\/wp-json\/wp\/v2\/media\/10478"}],"wp:attachment":[{"href":"https:\/\/www.motoairbag.com\/es\/wp-json\/wp\/v2\/media?parent=7381"}],"wp:term":[{"taxonomy":"product_brand","embeddable":true,"href":"https:\/\/www.motoairbag.com\/es\/wp-json\/wp\/v2\/product_brand?post=7381"},{"taxonomy":"product_cat","embeddable":true,"href":"https:\/\/www.motoairbag.com\/es\/wp-json\/wp\/v2\/product_cat?post=7381"},{"taxonomy":"product_tag","embeddable":true,"href":"https:\/\/www.motoairbag.com\/es\/wp-json\/wp\/v2\/product_tag?post=7381"}],"curies":[{"name":"wp","href":"https:\/\/api.w.org\/{rel}","templated":true}]}}