{"id":7380,"date":"2022-06-23T10:17:50","date_gmt":"2022-06-23T10:17:50","guid":{"rendered":"https:\/\/www.motoairbag.com\/shop\/sin%20categor\u00eda\/mab-kit-cinghia-sottosella\/"},"modified":"2025-10-30T11:17:31","modified_gmt":"2025-10-30T11:17:31","slug":"mab-kit-cinghia-sottosella","status":"publish","type":"product","link":"https:\/\/www.motoairbag.com\/es\/shop\/accesorios-y-recargas\/mab-kit-cinghia-sottosella\/","title":{"rendered":"MAB KIT CORREA \u00abD\u00bb PARA MOTO"},"content":{"rendered":"<p data-start=\"1360\" data-end=\"1440\">Debe colocarse siempre detr\u00e1s del conductor o del pasajero.<\/p>\n<p data-start=\"1442\" data-end=\"1562\">Cada MOTOAIRBAG requiere su propia correa, garantizando as\u00ed seguridad y funcionamiento \u00f3ptimos para cada dispositivo.<\/p>\n<p data-start=\"1564\" data-end=\"1682\">El sobre contiene instrucciones para la correcta instalaci\u00f3n, permitiendo un montaje sencillo, seguro y sin errores.<\/p>\n<p data-start=\"1684\" data-end=\"1773\">Presenta tres agujeros, ofreciendo mayor flexibilidad y opciones seg\u00fan el tipo de moto.<\/p>\n","protected":false},"excerpt":{"rendered":"<p data-start=\"1389\" data-end=\"1706\">La correa de marco permite preparar la moto, o una segunda moto, para el uso del MOTOAIRBAG, fij\u00e1ndose directamente al chasis mediante un tornillo dedicado.<br data-start=\"1567\" data-end=\"1570\" \/>La correa ya est\u00e1 incluida en el paquete del airbag MOTOAIRBAG, junto con la correa del asiento, lista para una instalaci\u00f3n sencilla.<\/p>\n<p data-start=\"1708\" data-end=\"1809\">Garantiza una sujeci\u00f3n s\u00f3lida, estable y discreta, combinando elegancia y seguridad en cada salida.<\/p>\n","protected":false},"featured_media":7124,"template":"","meta":[],"product_brand":[],"product_cat":[123],"product_tag":[],"class_list":{"0":"post-7380","1":"product","2":"type-product","3":"status-publish","4":"has-post-thumbnail","6":"product_cat-accesorios-y-recargas","8":"first","9":"instock","10":"taxable","11":"shipping-taxable","12":"purchasable","13":"product-type-simple"},"yoast_head":"<!-- This site is optimized with the Yoast SEO plugin v27.0 - https:\/\/yoast.com\/product\/yoast-seo-wordpress\/ -->\n<title>MAB KIT CORREA &quot;D&quot; PARA MOTO - Motoairbag - L&#039;airbag per i motociclisti<\/title>\n<meta name=\"robots\" content=\"index, follow, max-snippet:-1, max-image-preview:large, max-video-preview:-1\" \/>\n<link rel=\"canonical\" href=\"https:\/\/www.motoairbag.com\/es\/shop\/accesorios-y-recargas\/mab-kit-cinghia-sottosella\/\" \/>\n<meta property=\"og:locale\" content=\"es_ES\" \/>\n<meta property=\"og:type\" content=\"article\" \/>\n<meta property=\"og:title\" content=\"MAB KIT CORREA &quot;D&quot; PARA MOTO - Motoairbag - L&#039;airbag per i motociclisti\" \/>\n<meta property=\"og:description\" content=\"La correa de marco permite preparar la moto, o una segunda moto, para el uso del MOTOAIRBAG, fij\u00e1ndose directamente al chasis mediante un tornillo dedicado.La correa ya est\u00e1 incluida en el paquete del airbag MOTOAIRBAG, junto con la correa del asiento, lista para una instalaci\u00f3n sencilla. Garantiza una sujeci\u00f3n s\u00f3lida, estable y discreta, combinando elegancia y seguridad en cada salida.\" \/>\n<meta property=\"og:url\" content=\"https:\/\/www.motoairbag.com\/es\/shop\/accesorios-y-recargas\/mab-kit-cinghia-sottosella\/\" \/>\n<meta property=\"og:site_name\" content=\"Motoairbag - L&#039;airbag per i motociclisti\" \/>\n<meta property=\"article:modified_time\" content=\"2025-10-30T11:17:31+00:00\" \/>\n<meta property=\"og:image\" content=\"https:\/\/www.motoairbag.com\/wp-content\/uploads\/2022\/06\/D3701F-cinghia-sottosella_1-1.jpg\" \/>\n\t<meta property=\"og:image:width\" content=\"1080\" \/>\n\t<meta property=\"og:image:height\" content=\"1080\" \/>\n\t<meta property=\"og:image:type\" content=\"image\/jpeg\" \/>\n<meta name=\"twitter:card\" content=\"summary_large_image\" \/>\n<meta name=\"twitter:label1\" content=\"Tiempo de lectura\" \/>\n\t<meta name=\"twitter:data1\" content=\"1 minuto\" \/>\n<script type=\"application\/ld+json\" class=\"yoast-schema-graph\">{\"@context\":\"https:\/\/schema.org\",\"@graph\":[{\"@type\":\"WebPage\",\"@id\":\"https:\/\/www.motoairbag.com\/es\/shop\/accesorios-y-recargas\/mab-kit-cinghia-sottosella\/\",\"url\":\"https:\/\/www.motoairbag.com\/es\/shop\/accesorios-y-recargas\/mab-kit-cinghia-sottosella\/\",\"name\":\"MAB KIT CORREA \\\"D\\\" PARA MOTO - Motoairbag - L&#039;airbag per i motociclisti\",\"isPartOf\":{\"@id\":\"https:\/\/www.motoairbag.com\/#website\"},\"primaryImageOfPage\":{\"@id\":\"https:\/\/www.motoairbag.com\/es\/shop\/accesorios-y-recargas\/mab-kit-cinghia-sottosella\/#primaryimage\"},\"image\":{\"@id\":\"https:\/\/www.motoairbag.com\/es\/shop\/accesorios-y-recargas\/mab-kit-cinghia-sottosella\/#primaryimage\"},\"thumbnailUrl\":\"https:\/\/www.motoairbag.com\/wp-content\/uploads\/2022\/06\/D3701F-cinghia-sottosella_1-1.jpg\",\"datePublished\":\"2022-06-23T10:17:50+00:00\",\"dateModified\":\"2025-10-30T11:17:31+00:00\",\"breadcrumb\":{\"@id\":\"https:\/\/www.motoairbag.com\/es\/shop\/accesorios-y-recargas\/mab-kit-cinghia-sottosella\/#breadcrumb\"},\"inLanguage\":\"es\",\"potentialAction\":[{\"@type\":\"ReadAction\",\"target\":[\"https:\/\/www.motoairbag.com\/es\/shop\/accesorios-y-recargas\/mab-kit-cinghia-sottosella\/\"]}]},{\"@type\":\"ImageObject\",\"inLanguage\":\"es\",\"@id\":\"https:\/\/www.motoairbag.com\/es\/shop\/accesorios-y-recargas\/mab-kit-cinghia-sottosella\/#primaryimage\",\"url\":\"https:\/\/www.motoairbag.com\/wp-content\/uploads\/2022\/06\/D3701F-cinghia-sottosella_1-1.jpg\",\"contentUrl\":\"https:\/\/www.motoairbag.com\/wp-content\/uploads\/2022\/06\/D3701F-cinghia-sottosella_1-1.jpg\",\"width\":1080,\"height\":1080},{\"@type\":\"BreadcrumbList\",\"@id\":\"https:\/\/www.motoairbag.com\/es\/shop\/accesorios-y-recargas\/mab-kit-cinghia-sottosella\/#breadcrumb\",\"itemListElement\":[{\"@type\":\"ListItem\",\"position\":1,\"name\":\"Home\",\"item\":\"https:\/\/www.motoairbag.com\/es\/\"},{\"@type\":\"ListItem\",\"position\":2,\"name\":\"Shop\",\"item\":\"https:\/\/www.motoairbag.com\/shop\/\"},{\"@type\":\"ListItem\",\"position\":3,\"name\":\"MAB KIT CORREA &#8220;D&#8221; PARA MOTO\"}]},{\"@type\":\"WebSite\",\"@id\":\"https:\/\/www.motoairbag.com\/#website\",\"url\":\"https:\/\/www.motoairbag.com\/\",\"name\":\"Motoairbag - L&#039;airbag per i motociclisti\",\"description\":\"\",\"publisher\":{\"@id\":\"https:\/\/www.motoairbag.com\/#organization\"},\"potentialAction\":[{\"@type\":\"SearchAction\",\"target\":{\"@type\":\"EntryPoint\",\"urlTemplate\":\"https:\/\/www.motoairbag.com\/?s={search_term_string}\"},\"query-input\":{\"@type\":\"PropertyValueSpecification\",\"valueRequired\":true,\"valueName\":\"search_term_string\"}}],\"inLanguage\":\"es\"},{\"@type\":\"Organization\",\"@id\":\"https:\/\/www.motoairbag.com\/#organization\",\"name\":\"Motoairbag - L&#039;airbag per i motociclisti\",\"url\":\"https:\/\/www.motoairbag.com\/\",\"logo\":{\"@type\":\"ImageObject\",\"inLanguage\":\"es\",\"@id\":\"https:\/\/www.motoairbag.com\/#\/schema\/logo\/image\/\",\"url\":\"https:\/\/www.motoairbag.com\/wp-content\/uploads\/2022\/11\/logo-final.jpg\",\"contentUrl\":\"https:\/\/www.motoairbag.com\/wp-content\/uploads\/2022\/11\/logo-final.jpg\",\"width\":609,\"height\":80,\"caption\":\"Motoairbag - L&#039;airbag per i motociclisti\"},\"image\":{\"@id\":\"https:\/\/www.motoairbag.com\/#\/schema\/logo\/image\/\"}}]}<\/script>\n<!-- \/ Yoast SEO plugin. -->","yoast_head_json":{"title":"MAB KIT CORREA \"D\" PARA MOTO - Motoairbag - L&#039;airbag per i motociclisti","robots":{"index":"index","follow":"follow","max-snippet":"max-snippet:-1","max-image-preview":"max-image-preview:large","max-video-preview":"max-video-preview:-1"},"canonical":"https:\/\/www.motoairbag.com\/es\/shop\/accesorios-y-recargas\/mab-kit-cinghia-sottosella\/","og_locale":"es_ES","og_type":"article","og_title":"MAB KIT CORREA \"D\" PARA MOTO - Motoairbag - L&#039;airbag per i motociclisti","og_description":"La correa de marco permite preparar la moto, o una segunda moto, para el uso del MOTOAIRBAG, fij\u00e1ndose directamente al chasis mediante un tornillo dedicado.La correa ya est\u00e1 incluida en el paquete del airbag MOTOAIRBAG, junto con la correa del asiento, lista para una instalaci\u00f3n sencilla. Garantiza una sujeci\u00f3n s\u00f3lida, estable y discreta, combinando elegancia y seguridad en cada salida.","og_url":"https:\/\/www.motoairbag.com\/es\/shop\/accesorios-y-recargas\/mab-kit-cinghia-sottosella\/","og_site_name":"Motoairbag - L&#039;airbag per i motociclisti","article_modified_time":"2025-10-30T11:17:31+00:00","og_image":[{"width":1080,"height":1080,"url":"https:\/\/www.motoairbag.com\/wp-content\/uploads\/2022\/06\/D3701F-cinghia-sottosella_1-1.jpg","type":"image\/jpeg"}],"twitter_card":"summary_large_image","twitter_misc":{"Tiempo de lectura":"1 minuto"},"schema":{"@context":"https:\/\/schema.org","@graph":[{"@type":"WebPage","@id":"https:\/\/www.motoairbag.com\/es\/shop\/accesorios-y-recargas\/mab-kit-cinghia-sottosella\/","url":"https:\/\/www.motoairbag.com\/es\/shop\/accesorios-y-recargas\/mab-kit-cinghia-sottosella\/","name":"MAB KIT CORREA \"D\" PARA MOTO - Motoairbag - L&#039;airbag per i motociclisti","isPartOf":{"@id":"https:\/\/www.motoairbag.com\/#website"},"primaryImageOfPage":{"@id":"https:\/\/www.motoairbag.com\/es\/shop\/accesorios-y-recargas\/mab-kit-cinghia-sottosella\/#primaryimage"},"image":{"@id":"https:\/\/www.motoairbag.com\/es\/shop\/accesorios-y-recargas\/mab-kit-cinghia-sottosella\/#primaryimage"},"thumbnailUrl":"https:\/\/www.motoairbag.com\/wp-content\/uploads\/2022\/06\/D3701F-cinghia-sottosella_1-1.jpg","datePublished":"2022-06-23T10:17:50+00:00","dateModified":"2025-10-30T11:17:31+00:00","breadcrumb":{"@id":"https:\/\/www.motoairbag.com\/es\/shop\/accesorios-y-recargas\/mab-kit-cinghia-sottosella\/#breadcrumb"},"inLanguage":"es","potentialAction":[{"@type":"ReadAction","target":["https:\/\/www.motoairbag.com\/es\/shop\/accesorios-y-recargas\/mab-kit-cinghia-sottosella\/"]}]},{"@type":"ImageObject","inLanguage":"es","@id":"https:\/\/www.motoairbag.com\/es\/shop\/accesorios-y-recargas\/mab-kit-cinghia-sottosella\/#primaryimage","url":"https:\/\/www.motoairbag.com\/wp-content\/uploads\/2022\/06\/D3701F-cinghia-sottosella_1-1.jpg","contentUrl":"https:\/\/www.motoairbag.com\/wp-content\/uploads\/2022\/06\/D3701F-cinghia-sottosella_1-1.jpg","width":1080,"height":1080},{"@type":"BreadcrumbList","@id":"https:\/\/www.motoairbag.com\/es\/shop\/accesorios-y-recargas\/mab-kit-cinghia-sottosella\/#breadcrumb","itemListElement":[{"@type":"ListItem","position":1,"name":"Home","item":"https:\/\/www.motoairbag.com\/es\/"},{"@type":"ListItem","position":2,"name":"Shop","item":"https:\/\/www.motoairbag.com\/shop\/"},{"@type":"ListItem","position":3,"name":"MAB KIT CORREA &#8220;D&#8221; PARA MOTO"}]},{"@type":"WebSite","@id":"https:\/\/www.motoairbag.com\/#website","url":"https:\/\/www.motoairbag.com\/","name":"Motoairbag - L&#039;airbag per i motociclisti","description":"","publisher":{"@id":"https:\/\/www.motoairbag.com\/#organization"},"potentialAction":[{"@type":"SearchAction","target":{"@type":"EntryPoint","urlTemplate":"https:\/\/www.motoairbag.com\/?s={search_term_string}"},"query-input":{"@type":"PropertyValueSpecification","valueRequired":true,"valueName":"search_term_string"}}],"inLanguage":"es"},{"@type":"Organization","@id":"https:\/\/www.motoairbag.com\/#organization","name":"Motoairbag - L&#039;airbag per i motociclisti","url":"https:\/\/www.motoairbag.com\/","logo":{"@type":"ImageObject","inLanguage":"es","@id":"https:\/\/www.motoairbag.com\/#\/schema\/logo\/image\/","url":"https:\/\/www.motoairbag.com\/wp-content\/uploads\/2022\/11\/logo-final.jpg","contentUrl":"https:\/\/www.motoairbag.com\/wp-content\/uploads\/2022\/11\/logo-final.jpg","width":609,"height":80,"caption":"Motoairbag - L&#039;airbag per i motociclisti"},"image":{"@id":"https:\/\/www.motoairbag.com\/#\/schema\/logo\/image\/"}}]}},"_links":{"self":[{"href":"https:\/\/www.motoairbag.com\/es\/wp-json\/wp\/v2\/product\/7380","targetHints":{"allow":["GET"]}}],"collection":[{"href":"https:\/\/www.motoairbag.com\/es\/wp-json\/wp\/v2\/product"}],"about":[{"href":"https:\/\/www.motoairbag.com\/es\/wp-json\/wp\/v2\/types\/product"}],"wp:featuredmedia":[{"embeddable":true,"href":"https:\/\/www.motoairbag.com\/es\/wp-json\/wp\/v2\/media\/7124"}],"wp:attachment":[{"href":"https:\/\/www.motoairbag.com\/es\/wp-json\/wp\/v2\/media?parent=7380"}],"wp:term":[{"taxonomy":"product_brand","embeddable":true,"href":"https:\/\/www.motoairbag.com\/es\/wp-json\/wp\/v2\/product_brand?post=7380"},{"taxonomy":"product_cat","embeddable":true,"href":"https:\/\/www.motoairbag.com\/es\/wp-json\/wp\/v2\/product_cat?post=7380"},{"taxonomy":"product_tag","embeddable":true,"href":"https:\/\/www.motoairbag.com\/es\/wp-json\/wp\/v2\/product_tag?post=7380"}],"curies":[{"name":"wp","href":"https:\/\/api.w.org\/{rel}","templated":true}]}}