{"id":7371,"date":"2023-04-11T13:07:41","date_gmt":"2023-04-11T13:07:41","guid":{"rendered":"https:\/\/www.motoairbag.com\/shop\/sin%20categor\u00eda\/mab-v2-plus-fluo\/"},"modified":"2026-04-03T08:05:20","modified_gmt":"2026-04-03T08:05:20","slug":"mab-v2-plus-fluo","status":"publish","type":"product","link":"https:\/\/www.motoairbag.com\/es\/shop\/bolsas-de-aire\/mab-v2-plus-fluo\/","title":{"rendered":"MAB v2 Plus Fluo"},"content":{"rendered":"<p>[vc_row disable_background_image=\u00bb\u00bb][vc_column][vc_column_text]<\/p>\n<ul>\n<li style=\"list-style-type: none;\">\n<ul>\n<li>[\/vc_column_text][\/vc_column][\/vc_row][vc_row disable_background_image=\u00bb\u00bb][vc_column][vc_tta_accordion][vc_tta_section title=\u00bbCaracter\u00edsticas generales\u00bb tab_id=\u00bb1665647274320-421b536b-15c7&#8243;][vc_column_text]\n<ul>\n<li style=\"list-style-type: none;\">\n<ul>\n<li style=\"list-style-type: none;\">\n<ul>\n<li>Certificado EN1621-4 como AIRBAG para motociclistas<\/li>\n<li>Activaci\u00f3n mec\u00e1nico 100% confiable<\/li>\n<li>Encendido a trav\u00e9s de Fast Lock<\/li>\n<li>Dos sistemas de airbag con sincronizador<\/li>\n<li>Volumen de protecci\u00f3n = 25 litros<\/li>\n<li>Regenerable despu\u00e9s de una activaci\u00f3n<\/li>\n<li>Inserciones fluorescentes y r\u00e9flex<\/li>\n<li>Utilizar sobre la chaquet<\/li>\n<li>Tambi\u00e9n hay ajustes laterales adicionales en caso se utilice MAB en verano sobre una chaqueta ligera o en invierno sobre una chaqueta de tres capas<\/li>\n<li>Bolsillo externo<br \/>\nChaleco disponible en 3 tallas ajustables<\/li>\n<li>ESPECIFICACIONES T\u00c9CNICAS<br \/>\n2 sistemas de bolsas de aire<\/li>\n<li>El airbag trasero protege todo el ancho de la espalda, zona sacral y cervical. MAB v2Plus cuenta con la certificaci\u00f3n AIRBAG EN1621\/4 FB Nivel 2. Fuerza residual despu\u00e9s de la prueba de impacto 1,4 kN (L\u00edmite AIRBAG Nivel 1 = 4,5 kN; L\u00edmite AIRBAG Nivel 2 = 2,5 kN)<\/li>\n<li>El airbag delantero protege el t\u00f3rax, el cuello, y el abdomen. Certificado AIRBAG EN1621\/4 DC Nivel 2 Fuerza residual despu\u00e9s de la prueba de impacto 0,8 kN (l\u00edmite de nivel 1 AIRBAG= 4,5 kN; l\u00edmite de nivel 2 AIRBAG = 2,5 kN<\/li>\n<li>Tecnolog\u00eda Fast Lock con aceler\u00f3metro anal\u00f3gico para gestionar de manera completa y confiable el reconocimiento del accidente<br \/>\nTiempo de inflado de 80 milisegundos para inflar ambos sistemas de airbag<\/li>\n<li>Volumen total 25 litros (15 litros airbag trasero y 10 litros airbag delantero)<\/li>\n<li>Peso del sistema de airbag: 800 gr airbag trasero &#8211; 600 gr airbag delantero. Peso total 2,1 kg<\/li>\n<li>Reutilizable: una vez que se activa, el MAB v2Plus el usuario puede recargarlo en pocos minutos, utilizando el kit de recarga, previo un sencillo control descrito en el manual<\/li>\n<li>Lavable<\/li>\n<li>Equipado con dos bolsillos externos para ser utilizado como portadocumentos<\/li>\n<li>Fabricado en Cordura 500 de alta tenacidad con estructura perforada<\/li>\n<li>La parte interna est\u00e1 hecha de material 3D que permite el paso del aire a trav\u00e9s de las cavidades<\/li>\n<li>Tiene insertos reflectantes para aumentar el grado de visibilidad del chaleco.<\/li>\n<li>Lateralmente tiene ajustes que permiten el paso de una talla a otra,<\/li>\n<li>Tambi\u00e9n hay ajustes laterales adicionales en caso se utilice MAB v2Plus en verano sobre una chaqueta ligera o en invierno sobre una chaqueta de tres capas<\/li>\n<li>En el interior hay un cintur\u00f3n y correas de hombro para ajustar y conectar para mantener el MAB v2Plus siempre en la posici\u00f3n correcta, tanto cuando se conduce como en caso de activaci\u00f3n.<\/li>\n<li>En los costados y los hombros hay inserciones el\u00e1sticas que se expanden en caso de activaci\u00f3n, tanto para permitir que los dos sistemas de airbag se expandan correctamente como para garantizar que el piloto no sea presionado por el sistema de airbag: con el airbag inflado todav\u00eda puede seguir conduciendo, bajar de la moto, girar la cabeza para mirar a su alrededor, respirar normalmente.<\/li>\n<li>Ambos sistemas de airbag est\u00e1n equipados con v\u00e1lvulas para el inflado autom\u00e1tico: el estado de protecci\u00f3n del MAB v2Plus dura unos 30 segundos y luego se desinfla completamente en pocos minutos.<\/li>\n<li>El Fast Lock est\u00e1 conectado al sistema de sincronizaci\u00f3n que permite activar el airbag m\u00e1s cercano a la situaci\u00f3n de impacto. Por ejemplo, en caso de impacto frontal, el airbag frontal se activa antes y despu\u00e9s de algunas mil\u00e9simas el airbag trasero. En caso de colisi\u00f3n trasera, primero se activa el airbag trasero y luego el frontal. En cualquier caso, ambos airbags se activan<\/li>\n<li>El chaleco tiene ojales que permite que el Fast Lock salga del chaleco. Fast Lock, despu\u00e9s de activar el MAB v2Plus, se desengancha y queda conectado al sill\u00edn<\/li>\n<li>MAB v2Plus est\u00e1 equipado con un sistema de activaci\u00f3n anti-accidente: antes de activar el sistema de airbag es necesario extender el cable, superar la fuerza de refuerzo el\u00e1stica de Fast Lock y aplicar una carga de 15 kg. . Es muy \u00fatil pegar la peque\u00f1a pegatina MOTOAIRBAG en el salpicadero de la moto como recordatorio.<\/li>\n<li>MAB v2 Plus se puede usar sobre cualquier tipo de chaqueta de una manera muy c\u00f3moda y se integra bien con los protectores de hombro que se encuentran en las chaquetas de motocicleta.<\/li>\n<li>Fast Lock es compatible con el conector r\u00e1pido miniaturizado Mini Frog<\/li>\n<\/ul>\n<\/li>\n<\/ul>\n<\/li>\n<\/ul>\n<\/li>\n<\/ul>\n<\/li>\n<\/ul>\n<p>[\/vc_column_text][\/vc_tta_section][vc_tta_section title=\u00bbCertificaciones de seguridad\u00bb tab_id=\u00bb1665647393215-fcd34d4d-e657&#8243;][vc_column_text]<\/p>\n<ul>\n<li>Airbag frontal \u2013 Certificado AIRBAG EN1621\/4 Nivel 2 DC (Nivel m\u00e1ximo)<\/li>\n<li>Airbag trasero \u2013 Certificado AIRBAG EN1621\/4 Nivel 2 FB (Nivel m\u00e1ximo)<\/li>\n<li>Sistema de activaci\u00f3n con Fast Lock con aceler\u00f3metro anal\u00f3gico<\/li>\n<li>Sincronizador<\/li>\n<\/ul>\n<p>[\/vc_column_text][\/vc_tta_section][\/vc_tta_accordion][\/vc_column][\/vc_row]<\/p>\n","protected":false},"excerpt":{"rendered":"<p>MABS v2 Plus contiene los mismos dispositivos que el modelo MAB v3. Utiliza tecnolog\u00eda Fast Lock con aceler\u00f3metro anal\u00f3gico.La diferencia entre MAB v3 y MAB v2 Plus est\u00e1 solo en la parte textil. El MAB v2 Plus tiene el dise\u00f1o 2020 y est\u00e1 fabricado en Cordura 500, el MAB V3 est\u00e1 hecho en poli\u00e9ster de alta tenacidad El arn\u00e9s interno del MAB v2 Plus tiene 4 puntos (tirantes + cintur\u00f3n) en lugar de 2 c\u00f3mo El desarrollo y el ajuste de tama\u00f1o sigue siendo id\u00e9ntico. Color negro con inserciones fluorescentes.<\/p>\n<p>El dispositivo es recargable mediante la compra del kit de recarga Motoairbag adecuado, lo que permite su reutilizaci\u00f3n despu\u00e9s de la activaci\u00f3n.<\/p>\n","protected":false},"featured_media":10582,"template":"","meta":[],"product_brand":[],"product_cat":[122],"product_tag":[],"class_list":{"0":"post-7371","1":"product","2":"type-product","3":"status-publish","4":"has-post-thumbnail","6":"product_cat-bolsas-de-aire","8":"first","9":"instock","10":"sale","11":"taxable","12":"shipping-taxable","13":"purchasable","14":"product-type-variable"},"yoast_head":"<!-- This site is optimized with the Yoast SEO plugin v27.0 - https:\/\/yoast.com\/product\/yoast-seo-wordpress\/ -->\n<title>MAB v2 Plus Fluo - Motoairbag - L&#039;airbag per i motociclisti<\/title>\n<meta name=\"robots\" content=\"index, follow, max-snippet:-1, max-image-preview:large, max-video-preview:-1\" \/>\n<link rel=\"canonical\" href=\"https:\/\/www.motoairbag.com\/es\/shop\/bolsas-de-aire\/mab-v2-plus-fluo\/\" \/>\n<meta property=\"og:locale\" content=\"es_ES\" \/>\n<meta property=\"og:type\" content=\"article\" \/>\n<meta property=\"og:title\" content=\"MAB v2 Plus Fluo - Motoairbag - L&#039;airbag per i motociclisti\" \/>\n<meta property=\"og:description\" content=\"MABS v2 Plus contiene los mismos dispositivos que el modelo MAB v3. Utiliza tecnolog\u00eda Fast Lock con aceler\u00f3metro anal\u00f3gico.La diferencia entre MAB v3 y MAB v2 Plus est\u00e1 solo en la parte textil. El MAB v2 Plus tiene el dise\u00f1o 2020 y est\u00e1 fabricado en Cordura 500, el MAB V3 est\u00e1 hecho en poli\u00e9ster de alta tenacidad El arn\u00e9s interno del MAB v2 Plus tiene 4 puntos (tirantes + cintur\u00f3n) en lugar de 2 c\u00f3mo El desarrollo y el ajuste de tama\u00f1o sigue siendo id\u00e9ntico. Color negro con inserciones fluorescentes.  El dispositivo es recargable mediante la compra del kit de recarga Motoairbag adecuado, lo que permite su reutilizaci\u00f3n despu\u00e9s de la activaci\u00f3n.\" \/>\n<meta property=\"og:url\" content=\"https:\/\/www.motoairbag.com\/es\/shop\/bolsas-de-aire\/mab-v2-plus-fluo\/\" \/>\n<meta property=\"og:site_name\" content=\"Motoairbag - L&#039;airbag per i motociclisti\" \/>\n<meta property=\"article:modified_time\" content=\"2026-04-03T08:05:20+00:00\" \/>\n<meta property=\"og:image\" content=\"https:\/\/www.motoairbag.com\/wp-content\/uploads\/2023\/04\/MAB-v2-fluo-front-2.png\" \/>\n\t<meta property=\"og:image:width\" content=\"1200\" \/>\n\t<meta property=\"og:image:height\" content=\"1200\" \/>\n\t<meta property=\"og:image:type\" content=\"image\/png\" \/>\n<meta name=\"twitter:card\" content=\"summary_large_image\" \/>\n<meta name=\"twitter:label1\" content=\"Tiempo de lectura\" \/>\n\t<meta name=\"twitter:data1\" content=\"4 minutos\" \/>\n<script type=\"application\/ld+json\" class=\"yoast-schema-graph\">{\"@context\":\"https:\/\/schema.org\",\"@graph\":[{\"@type\":\"WebPage\",\"@id\":\"https:\/\/www.motoairbag.com\/es\/shop\/bolsas-de-aire\/mab-v2-plus-fluo\/\",\"url\":\"https:\/\/www.motoairbag.com\/es\/shop\/bolsas-de-aire\/mab-v2-plus-fluo\/\",\"name\":\"MAB v2 Plus Fluo - Motoairbag - L&#039;airbag per i motociclisti\",\"isPartOf\":{\"@id\":\"https:\/\/www.motoairbag.com\/#website\"},\"primaryImageOfPage\":{\"@id\":\"https:\/\/www.motoairbag.com\/es\/shop\/bolsas-de-aire\/mab-v2-plus-fluo\/#primaryimage\"},\"image\":{\"@id\":\"https:\/\/www.motoairbag.com\/es\/shop\/bolsas-de-aire\/mab-v2-plus-fluo\/#primaryimage\"},\"thumbnailUrl\":\"https:\/\/www.motoairbag.com\/wp-content\/uploads\/2023\/04\/MAB-v2-fluo-front-2.png\",\"datePublished\":\"2023-04-11T13:07:41+00:00\",\"dateModified\":\"2026-04-03T08:05:20+00:00\",\"breadcrumb\":{\"@id\":\"https:\/\/www.motoairbag.com\/es\/shop\/bolsas-de-aire\/mab-v2-plus-fluo\/#breadcrumb\"},\"inLanguage\":\"es\",\"potentialAction\":[{\"@type\":\"ReadAction\",\"target\":[\"https:\/\/www.motoairbag.com\/es\/shop\/bolsas-de-aire\/mab-v2-plus-fluo\/\"]}]},{\"@type\":\"ImageObject\",\"inLanguage\":\"es\",\"@id\":\"https:\/\/www.motoairbag.com\/es\/shop\/bolsas-de-aire\/mab-v2-plus-fluo\/#primaryimage\",\"url\":\"https:\/\/www.motoairbag.com\/wp-content\/uploads\/2023\/04\/MAB-v2-fluo-front-2.png\",\"contentUrl\":\"https:\/\/www.motoairbag.com\/wp-content\/uploads\/2023\/04\/MAB-v2-fluo-front-2.png\",\"width\":1200,\"height\":1200},{\"@type\":\"BreadcrumbList\",\"@id\":\"https:\/\/www.motoairbag.com\/es\/shop\/bolsas-de-aire\/mab-v2-plus-fluo\/#breadcrumb\",\"itemListElement\":[{\"@type\":\"ListItem\",\"position\":1,\"name\":\"Home\",\"item\":\"https:\/\/www.motoairbag.com\/es\/\"},{\"@type\":\"ListItem\",\"position\":2,\"name\":\"Shop\",\"item\":\"https:\/\/www.motoairbag.com\/shop\/\"},{\"@type\":\"ListItem\",\"position\":3,\"name\":\"MAB v2 Plus Fluo\"}]},{\"@type\":\"WebSite\",\"@id\":\"https:\/\/www.motoairbag.com\/#website\",\"url\":\"https:\/\/www.motoairbag.com\/\",\"name\":\"Motoairbag - L&#039;airbag per i motociclisti\",\"description\":\"\",\"publisher\":{\"@id\":\"https:\/\/www.motoairbag.com\/#organization\"},\"potentialAction\":[{\"@type\":\"SearchAction\",\"target\":{\"@type\":\"EntryPoint\",\"urlTemplate\":\"https:\/\/www.motoairbag.com\/?s={search_term_string}\"},\"query-input\":{\"@type\":\"PropertyValueSpecification\",\"valueRequired\":true,\"valueName\":\"search_term_string\"}}],\"inLanguage\":\"es\"},{\"@type\":\"Organization\",\"@id\":\"https:\/\/www.motoairbag.com\/#organization\",\"name\":\"Motoairbag - L&#039;airbag per i motociclisti\",\"url\":\"https:\/\/www.motoairbag.com\/\",\"logo\":{\"@type\":\"ImageObject\",\"inLanguage\":\"es\",\"@id\":\"https:\/\/www.motoairbag.com\/#\/schema\/logo\/image\/\",\"url\":\"https:\/\/www.motoairbag.com\/wp-content\/uploads\/2022\/11\/logo-final.jpg\",\"contentUrl\":\"https:\/\/www.motoairbag.com\/wp-content\/uploads\/2022\/11\/logo-final.jpg\",\"width\":609,\"height\":80,\"caption\":\"Motoairbag - L&#039;airbag per i motociclisti\"},\"image\":{\"@id\":\"https:\/\/www.motoairbag.com\/#\/schema\/logo\/image\/\"}}]}<\/script>\n<!-- \/ Yoast SEO plugin. -->","yoast_head_json":{"title":"MAB v2 Plus Fluo - Motoairbag - L&#039;airbag per i motociclisti","robots":{"index":"index","follow":"follow","max-snippet":"max-snippet:-1","max-image-preview":"max-image-preview:large","max-video-preview":"max-video-preview:-1"},"canonical":"https:\/\/www.motoairbag.com\/es\/shop\/bolsas-de-aire\/mab-v2-plus-fluo\/","og_locale":"es_ES","og_type":"article","og_title":"MAB v2 Plus Fluo - Motoairbag - L&#039;airbag per i motociclisti","og_description":"MABS v2 Plus contiene los mismos dispositivos que el modelo MAB v3. Utiliza tecnolog\u00eda Fast Lock con aceler\u00f3metro anal\u00f3gico.La diferencia entre MAB v3 y MAB v2 Plus est\u00e1 solo en la parte textil. El MAB v2 Plus tiene el dise\u00f1o 2020 y est\u00e1 fabricado en Cordura 500, el MAB V3 est\u00e1 hecho en poli\u00e9ster de alta tenacidad El arn\u00e9s interno del MAB v2 Plus tiene 4 puntos (tirantes + cintur\u00f3n) en lugar de 2 c\u00f3mo El desarrollo y el ajuste de tama\u00f1o sigue siendo id\u00e9ntico. Color negro con inserciones fluorescentes.  El dispositivo es recargable mediante la compra del kit de recarga Motoairbag adecuado, lo que permite su reutilizaci\u00f3n despu\u00e9s de la activaci\u00f3n.","og_url":"https:\/\/www.motoairbag.com\/es\/shop\/bolsas-de-aire\/mab-v2-plus-fluo\/","og_site_name":"Motoairbag - L&#039;airbag per i motociclisti","article_modified_time":"2026-04-03T08:05:20+00:00","og_image":[{"width":1200,"height":1200,"url":"https:\/\/www.motoairbag.com\/wp-content\/uploads\/2023\/04\/MAB-v2-fluo-front-2.png","type":"image\/png"}],"twitter_card":"summary_large_image","twitter_misc":{"Tiempo de lectura":"4 minutos"},"schema":{"@context":"https:\/\/schema.org","@graph":[{"@type":"WebPage","@id":"https:\/\/www.motoairbag.com\/es\/shop\/bolsas-de-aire\/mab-v2-plus-fluo\/","url":"https:\/\/www.motoairbag.com\/es\/shop\/bolsas-de-aire\/mab-v2-plus-fluo\/","name":"MAB v2 Plus Fluo - Motoairbag - L&#039;airbag per i motociclisti","isPartOf":{"@id":"https:\/\/www.motoairbag.com\/#website"},"primaryImageOfPage":{"@id":"https:\/\/www.motoairbag.com\/es\/shop\/bolsas-de-aire\/mab-v2-plus-fluo\/#primaryimage"},"image":{"@id":"https:\/\/www.motoairbag.com\/es\/shop\/bolsas-de-aire\/mab-v2-plus-fluo\/#primaryimage"},"thumbnailUrl":"https:\/\/www.motoairbag.com\/wp-content\/uploads\/2023\/04\/MAB-v2-fluo-front-2.png","datePublished":"2023-04-11T13:07:41+00:00","dateModified":"2026-04-03T08:05:20+00:00","breadcrumb":{"@id":"https:\/\/www.motoairbag.com\/es\/shop\/bolsas-de-aire\/mab-v2-plus-fluo\/#breadcrumb"},"inLanguage":"es","potentialAction":[{"@type":"ReadAction","target":["https:\/\/www.motoairbag.com\/es\/shop\/bolsas-de-aire\/mab-v2-plus-fluo\/"]}]},{"@type":"ImageObject","inLanguage":"es","@id":"https:\/\/www.motoairbag.com\/es\/shop\/bolsas-de-aire\/mab-v2-plus-fluo\/#primaryimage","url":"https:\/\/www.motoairbag.com\/wp-content\/uploads\/2023\/04\/MAB-v2-fluo-front-2.png","contentUrl":"https:\/\/www.motoairbag.com\/wp-content\/uploads\/2023\/04\/MAB-v2-fluo-front-2.png","width":1200,"height":1200},{"@type":"BreadcrumbList","@id":"https:\/\/www.motoairbag.com\/es\/shop\/bolsas-de-aire\/mab-v2-plus-fluo\/#breadcrumb","itemListElement":[{"@type":"ListItem","position":1,"name":"Home","item":"https:\/\/www.motoairbag.com\/es\/"},{"@type":"ListItem","position":2,"name":"Shop","item":"https:\/\/www.motoairbag.com\/shop\/"},{"@type":"ListItem","position":3,"name":"MAB v2 Plus Fluo"}]},{"@type":"WebSite","@id":"https:\/\/www.motoairbag.com\/#website","url":"https:\/\/www.motoairbag.com\/","name":"Motoairbag - L&#039;airbag per i motociclisti","description":"","publisher":{"@id":"https:\/\/www.motoairbag.com\/#organization"},"potentialAction":[{"@type":"SearchAction","target":{"@type":"EntryPoint","urlTemplate":"https:\/\/www.motoairbag.com\/?s={search_term_string}"},"query-input":{"@type":"PropertyValueSpecification","valueRequired":true,"valueName":"search_term_string"}}],"inLanguage":"es"},{"@type":"Organization","@id":"https:\/\/www.motoairbag.com\/#organization","name":"Motoairbag - L&#039;airbag per i motociclisti","url":"https:\/\/www.motoairbag.com\/","logo":{"@type":"ImageObject","inLanguage":"es","@id":"https:\/\/www.motoairbag.com\/#\/schema\/logo\/image\/","url":"https:\/\/www.motoairbag.com\/wp-content\/uploads\/2022\/11\/logo-final.jpg","contentUrl":"https:\/\/www.motoairbag.com\/wp-content\/uploads\/2022\/11\/logo-final.jpg","width":609,"height":80,"caption":"Motoairbag - L&#039;airbag per i motociclisti"},"image":{"@id":"https:\/\/www.motoairbag.com\/#\/schema\/logo\/image\/"}}]}},"_links":{"self":[{"href":"https:\/\/www.motoairbag.com\/es\/wp-json\/wp\/v2\/product\/7371","targetHints":{"allow":["GET"]}}],"collection":[{"href":"https:\/\/www.motoairbag.com\/es\/wp-json\/wp\/v2\/product"}],"about":[{"href":"https:\/\/www.motoairbag.com\/es\/wp-json\/wp\/v2\/types\/product"}],"wp:featuredmedia":[{"embeddable":true,"href":"https:\/\/www.motoairbag.com\/es\/wp-json\/wp\/v2\/media\/10582"}],"wp:attachment":[{"href":"https:\/\/www.motoairbag.com\/es\/wp-json\/wp\/v2\/media?parent=7371"}],"wp:term":[{"taxonomy":"product_brand","embeddable":true,"href":"https:\/\/www.motoairbag.com\/es\/wp-json\/wp\/v2\/product_brand?post=7371"},{"taxonomy":"product_cat","embeddable":true,"href":"https:\/\/www.motoairbag.com\/es\/wp-json\/wp\/v2\/product_cat?post=7371"},{"taxonomy":"product_tag","embeddable":true,"href":"https:\/\/www.motoairbag.com\/es\/wp-json\/wp\/v2\/product_tag?post=7371"}],"curies":[{"name":"wp","href":"https:\/\/api.w.org\/{rel}","templated":true}]}}