{"id":7367,"date":"2022-06-22T07:29:12","date_gmt":"2022-06-22T07:29:12","guid":{"rendered":"https:\/\/www.motoairbag.com\/shop\/sin%20categor\u00eda\/mab-vzero\/"},"modified":"2026-04-03T08:06:23","modified_gmt":"2026-04-03T08:06:23","slug":"mab-vzero","status":"publish","type":"product","link":"https:\/\/www.motoairbag.com\/es\/shop\/bolsas-de-aire\/mab-vzero\/","title":{"rendered":"MAB vZero Plus"},"content":{"rendered":"<p>[vc_row disable_background_image=\u00bb\u00bb][vc_column][vc_tta_accordion][vc_tta_section title=\u00bbCARACTER\u00cdSTICAS GENERALES\u00bb tab_id=\u00bb1665647274320-421b536b-15c7&#8243;][vc_column_text]<\/p>\n<ul>\n<li style=\"list-style-type: none;\">\n<ul>\n<li>Certificado EN1621-4 como AIRBAG para motociclistas<\/li>\n<li>Activaci\u00f3n mec\u00e1nico 100% confiable<\/li>\n<li>Regenerable despu\u00e9s de una activaci\u00f3n<\/li>\n<li>Volumen de protecci\u00f3n = 15 litros<\/li>\n<li>Encendido a trav\u00e9s de Fast Lock<\/li>\n<li>Inserciones fluorescentes y r\u00e9flex<\/li>\n<li>De usar sobre la chaqueta<\/li>\n<li>talla \u00fanica<\/li>\n<\/ul>\n<\/li>\n<\/ul>\n<p>[\/vc_column_text][\/vc_tta_section][vc_tta_section title=\u00bbESPECIFICACIONES T\u00c9CNICAS\u00bb tab_id=\u00bb1665647327764-f4d815c0-1938&#8243;][vc_column_text]<\/p>\n<ul>\n<li style=\"list-style-type: none;\">\n<ul>\n<li style=\"list-style-type: none;\">\n<ul>\n<li style=\"list-style-type: none;\">\n<ul>\n<li>Sistema de airbag individual<\/li>\n<li>El airbag trasero protege todo el ancho de la espalda, zona sacral y cervical. MAB vZero cuenta con la certificaci\u00f3n AIRBAG EN1621\/4 FB Nivel 2. Fuerza residual despu\u00e9s de la prueba de impacto 1,4 kN (L\u00edmite AIRBAG Nivel 1 = 4,5 kN; L\u00edmite AIRBAG Nivel 2 = 2,5 kN<\/li>\n<li>Tecnolog\u00eda Fast Lock con aceler\u00f3metro anal\u00f3gico para gestionar de manera completa y confiable el reconocimiento del accidente<\/li>\n<li>Tiempo de inflado de 80 milisegundos para que se infle el sistema airbag<\/li>\n<li>Volumen total 15 litros airbag trasero<\/li>\n<li>Peso del sistema de airbag: 800 g airbag posterior. Peso total 1,3 kg<\/li>\n<li>Reutilizable: una vez que se activa el MAB el utente puede recargarlo en pocos minutos, utilizando el kit de recarga, previo un sencillo control descrito en el manual<\/li>\n<li>Lavable<\/li>\n<li>Hecho en Cordura<\/li>\n<li>La parte interna est\u00e1 hecha de material 3D que permite el paso del aire a trav\u00e9s de las cavidades<\/li>\n<li>Hay inserciones fluorescentes y partes reflectantes para aumentar el grado de visibilidad del chaleco.<\/li>\n<li>Las correas de los hombros y el cintur\u00f3n est\u00e1n equipados con cierre para mantener el MAB siempre en la posici\u00f3n correcta, tanto cuando se conduce o en caso de activaci\u00f3n.<\/li>\n<li>El sistema de airbag est\u00e1 equipado con v\u00e1lvulas para el inflado autom\u00e1tico: el estado de protecci\u00f3n del MAB dura unos 30 segundos y luego se desinfla completamente en pocos minutos.<\/li>\n<li>Hay un ojal que permite que el Fast Lock salga del chaleco. Fast Lock, despu\u00e9s de activar el MAB, se desengancha y queda conectado al sill\u00edn<\/li>\n<li>MAB est\u00e1 equipado con un sistema de activaci\u00f3n anti-accidente: antes de activar el sistema de airbag es necesario extender el cable, superar la fuerza de refuerzo el\u00e1stica de Fast Lock y aplicar una carga de 15 kg. . Es muy \u00fatil pegar la peque\u00f1a pegatina MOTOAIRBAG en el salpicadero de la moto como recordatorio.<\/li>\n<li>MAB vZero parece una mochila y se puede usar sobre cualquier tipo de chaqueta de invierno o de verano. Los tirantes son muy c\u00f3modos y sobre todo a la altura de los hombros se integra bien con las protecciones presentes en las chaquetas de moto.<\/li>\n<li>Fast Lock es compatible con el conector r\u00e1pido miniaturizado Mini Frog<\/li>\n<\/ul>\n<\/li>\n<\/ul>\n<\/li>\n<\/ul>\n<\/li>\n<\/ul>\n<p>[\/vc_column_text][\/vc_tta_section][vc_tta_section title=\u00bbCERTIFICACIONES DE SEGURIDAD\u00bb tab_id=\u00bb1665647393215-fcd34d4d-e657&#8243;][vc_column_text]<\/p>\n<ul>\n<li>Certificaci\u00f3n AIRBAG\n<ul>\n<li>Airbag trasero \u2013 Certificado AIRBAG EN1621\/4 Nivel 2 FB (Nivel m\u00e1ximo)<\/li>\n<li>Sistema de activaci\u00f3n con Fast Lock con aceler\u00f3metro anal\u00f3gico<\/li>\n<\/ul>\n<\/li>\n<\/ul>\n<p>[\/vc_column_text][\/vc_tta_section][\/vc_tta_accordion][\/vc_column][\/vc_row]<\/p>\n","protected":false},"excerpt":{"rendered":"<p>Mochila airbag equipada con un solo dispositivo de airbag con tecnolog\u00eda Fast Lock para usar sobre la chaqueta, talla \u00fanica, hecha de cordura. Color Fluo\/Rojo con inserciones r\u00e9flex. Se suministra con anillo para conectar al sill\u00edn de la moto. El airbag ya est\u00e1 activado. Reutilizable<\/p>\n<p>El dispositivo es recargable mediante la compra del kit de recarga Motoairbag adecuado, lo que permite su reutilizaci\u00f3n despu\u00e9s de la activaci\u00f3n.<\/p>\n","protected":false},"featured_media":10537,"template":"","meta":[],"product_brand":[],"product_cat":[122],"product_tag":[],"class_list":{"0":"post-7367","1":"product","2":"type-product","3":"status-publish","4":"has-post-thumbnail","6":"product_cat-bolsas-de-aire","8":"first","9":"instock","10":"taxable","11":"shipping-taxable","12":"purchasable","13":"product-type-variable"},"yoast_head":"<!-- This site is optimized with the Yoast SEO plugin v27.0 - https:\/\/yoast.com\/product\/yoast-seo-wordpress\/ -->\n<title>MAB vZero Plus - Motoairbag - L&#039;airbag per i motociclisti<\/title>\n<meta name=\"robots\" content=\"index, follow, max-snippet:-1, max-image-preview:large, max-video-preview:-1\" \/>\n<link rel=\"canonical\" href=\"https:\/\/www.motoairbag.com\/es\/shop\/bolsas-de-aire\/mab-vzero\/\" \/>\n<meta property=\"og:locale\" content=\"es_ES\" \/>\n<meta property=\"og:type\" content=\"article\" \/>\n<meta property=\"og:title\" content=\"MAB vZero Plus - Motoairbag - L&#039;airbag per i motociclisti\" \/>\n<meta property=\"og:description\" content=\"Mochila airbag equipada con un solo dispositivo de airbag con tecnolog\u00eda Fast Lock para usar sobre la chaqueta, talla \u00fanica, hecha de cordura. Color Fluo\/Rojo con inserciones r\u00e9flex. Se suministra con anillo para conectar al sill\u00edn de la moto. El airbag ya est\u00e1 activado. Reutilizable  El dispositivo es recargable mediante la compra del kit de recarga Motoairbag adecuado, lo que permite su reutilizaci\u00f3n despu\u00e9s de la activaci\u00f3n.\" \/>\n<meta property=\"og:url\" content=\"https:\/\/www.motoairbag.com\/es\/shop\/bolsas-de-aire\/mab-vzero\/\" \/>\n<meta property=\"og:site_name\" content=\"Motoairbag - L&#039;airbag per i motociclisti\" \/>\n<meta property=\"article:modified_time\" content=\"2026-04-03T08:06:23+00:00\" \/>\n<meta property=\"og:image\" content=\"https:\/\/www.motoairbag.com\/wp-content\/uploads\/2022\/06\/HOME-B1-c-MABvZERO-red-fastlock-fronte-retro-2.png\" \/>\n\t<meta property=\"og:image:width\" content=\"1080\" \/>\n\t<meta property=\"og:image:height\" content=\"1080\" \/>\n\t<meta property=\"og:image:type\" content=\"image\/png\" \/>\n<meta name=\"twitter:card\" content=\"summary_large_image\" \/>\n<meta name=\"twitter:label1\" content=\"Tiempo de lectura\" \/>\n\t<meta name=\"twitter:data1\" content=\"3 minutos\" \/>\n<script type=\"application\/ld+json\" class=\"yoast-schema-graph\">{\"@context\":\"https:\/\/schema.org\",\"@graph\":[{\"@type\":\"WebPage\",\"@id\":\"https:\/\/www.motoairbag.com\/es\/shop\/bolsas-de-aire\/mab-vzero\/\",\"url\":\"https:\/\/www.motoairbag.com\/es\/shop\/bolsas-de-aire\/mab-vzero\/\",\"name\":\"MAB vZero Plus - Motoairbag - L&#039;airbag per i motociclisti\",\"isPartOf\":{\"@id\":\"https:\/\/www.motoairbag.com\/#website\"},\"primaryImageOfPage\":{\"@id\":\"https:\/\/www.motoairbag.com\/es\/shop\/bolsas-de-aire\/mab-vzero\/#primaryimage\"},\"image\":{\"@id\":\"https:\/\/www.motoairbag.com\/es\/shop\/bolsas-de-aire\/mab-vzero\/#primaryimage\"},\"thumbnailUrl\":\"https:\/\/www.motoairbag.com\/wp-content\/uploads\/2022\/06\/HOME-B1-c-MABvZERO-red-fastlock-fronte-retro-2.png\",\"datePublished\":\"2022-06-22T07:29:12+00:00\",\"dateModified\":\"2026-04-03T08:06:23+00:00\",\"breadcrumb\":{\"@id\":\"https:\/\/www.motoairbag.com\/es\/shop\/bolsas-de-aire\/mab-vzero\/#breadcrumb\"},\"inLanguage\":\"es\",\"potentialAction\":[{\"@type\":\"ReadAction\",\"target\":[\"https:\/\/www.motoairbag.com\/es\/shop\/bolsas-de-aire\/mab-vzero\/\"]}]},{\"@type\":\"ImageObject\",\"inLanguage\":\"es\",\"@id\":\"https:\/\/www.motoairbag.com\/es\/shop\/bolsas-de-aire\/mab-vzero\/#primaryimage\",\"url\":\"https:\/\/www.motoairbag.com\/wp-content\/uploads\/2022\/06\/HOME-B1-c-MABvZERO-red-fastlock-fronte-retro-2.png\",\"contentUrl\":\"https:\/\/www.motoairbag.com\/wp-content\/uploads\/2022\/06\/HOME-B1-c-MABvZERO-red-fastlock-fronte-retro-2.png\",\"width\":1080,\"height\":1080},{\"@type\":\"BreadcrumbList\",\"@id\":\"https:\/\/www.motoairbag.com\/es\/shop\/bolsas-de-aire\/mab-vzero\/#breadcrumb\",\"itemListElement\":[{\"@type\":\"ListItem\",\"position\":1,\"name\":\"Home\",\"item\":\"https:\/\/www.motoairbag.com\/es\/\"},{\"@type\":\"ListItem\",\"position\":2,\"name\":\"Shop\",\"item\":\"https:\/\/www.motoairbag.com\/shop\/\"},{\"@type\":\"ListItem\",\"position\":3,\"name\":\"MAB vZero Plus\"}]},{\"@type\":\"WebSite\",\"@id\":\"https:\/\/www.motoairbag.com\/#website\",\"url\":\"https:\/\/www.motoairbag.com\/\",\"name\":\"Motoairbag - L&#039;airbag per i motociclisti\",\"description\":\"\",\"publisher\":{\"@id\":\"https:\/\/www.motoairbag.com\/#organization\"},\"potentialAction\":[{\"@type\":\"SearchAction\",\"target\":{\"@type\":\"EntryPoint\",\"urlTemplate\":\"https:\/\/www.motoairbag.com\/?s={search_term_string}\"},\"query-input\":{\"@type\":\"PropertyValueSpecification\",\"valueRequired\":true,\"valueName\":\"search_term_string\"}}],\"inLanguage\":\"es\"},{\"@type\":\"Organization\",\"@id\":\"https:\/\/www.motoairbag.com\/#organization\",\"name\":\"Motoairbag - L&#039;airbag per i motociclisti\",\"url\":\"https:\/\/www.motoairbag.com\/\",\"logo\":{\"@type\":\"ImageObject\",\"inLanguage\":\"es\",\"@id\":\"https:\/\/www.motoairbag.com\/#\/schema\/logo\/image\/\",\"url\":\"https:\/\/www.motoairbag.com\/wp-content\/uploads\/2022\/11\/logo-final.jpg\",\"contentUrl\":\"https:\/\/www.motoairbag.com\/wp-content\/uploads\/2022\/11\/logo-final.jpg\",\"width\":609,\"height\":80,\"caption\":\"Motoairbag - L&#039;airbag per i motociclisti\"},\"image\":{\"@id\":\"https:\/\/www.motoairbag.com\/#\/schema\/logo\/image\/\"}}]}<\/script>\n<!-- \/ Yoast SEO plugin. -->","yoast_head_json":{"title":"MAB vZero Plus - Motoairbag - L&#039;airbag per i motociclisti","robots":{"index":"index","follow":"follow","max-snippet":"max-snippet:-1","max-image-preview":"max-image-preview:large","max-video-preview":"max-video-preview:-1"},"canonical":"https:\/\/www.motoairbag.com\/es\/shop\/bolsas-de-aire\/mab-vzero\/","og_locale":"es_ES","og_type":"article","og_title":"MAB vZero Plus - Motoairbag - L&#039;airbag per i motociclisti","og_description":"Mochila airbag equipada con un solo dispositivo de airbag con tecnolog\u00eda Fast Lock para usar sobre la chaqueta, talla \u00fanica, hecha de cordura. Color Fluo\/Rojo con inserciones r\u00e9flex. Se suministra con anillo para conectar al sill\u00edn de la moto. El airbag ya est\u00e1 activado. Reutilizable  El dispositivo es recargable mediante la compra del kit de recarga Motoairbag adecuado, lo que permite su reutilizaci\u00f3n despu\u00e9s de la activaci\u00f3n.","og_url":"https:\/\/www.motoairbag.com\/es\/shop\/bolsas-de-aire\/mab-vzero\/","og_site_name":"Motoairbag - L&#039;airbag per i motociclisti","article_modified_time":"2026-04-03T08:06:23+00:00","og_image":[{"width":1080,"height":1080,"url":"https:\/\/www.motoairbag.com\/wp-content\/uploads\/2022\/06\/HOME-B1-c-MABvZERO-red-fastlock-fronte-retro-2.png","type":"image\/png"}],"twitter_card":"summary_large_image","twitter_misc":{"Tiempo de lectura":"3 minutos"},"schema":{"@context":"https:\/\/schema.org","@graph":[{"@type":"WebPage","@id":"https:\/\/www.motoairbag.com\/es\/shop\/bolsas-de-aire\/mab-vzero\/","url":"https:\/\/www.motoairbag.com\/es\/shop\/bolsas-de-aire\/mab-vzero\/","name":"MAB vZero Plus - Motoairbag - L&#039;airbag per i motociclisti","isPartOf":{"@id":"https:\/\/www.motoairbag.com\/#website"},"primaryImageOfPage":{"@id":"https:\/\/www.motoairbag.com\/es\/shop\/bolsas-de-aire\/mab-vzero\/#primaryimage"},"image":{"@id":"https:\/\/www.motoairbag.com\/es\/shop\/bolsas-de-aire\/mab-vzero\/#primaryimage"},"thumbnailUrl":"https:\/\/www.motoairbag.com\/wp-content\/uploads\/2022\/06\/HOME-B1-c-MABvZERO-red-fastlock-fronte-retro-2.png","datePublished":"2022-06-22T07:29:12+00:00","dateModified":"2026-04-03T08:06:23+00:00","breadcrumb":{"@id":"https:\/\/www.motoairbag.com\/es\/shop\/bolsas-de-aire\/mab-vzero\/#breadcrumb"},"inLanguage":"es","potentialAction":[{"@type":"ReadAction","target":["https:\/\/www.motoairbag.com\/es\/shop\/bolsas-de-aire\/mab-vzero\/"]}]},{"@type":"ImageObject","inLanguage":"es","@id":"https:\/\/www.motoairbag.com\/es\/shop\/bolsas-de-aire\/mab-vzero\/#primaryimage","url":"https:\/\/www.motoairbag.com\/wp-content\/uploads\/2022\/06\/HOME-B1-c-MABvZERO-red-fastlock-fronte-retro-2.png","contentUrl":"https:\/\/www.motoairbag.com\/wp-content\/uploads\/2022\/06\/HOME-B1-c-MABvZERO-red-fastlock-fronte-retro-2.png","width":1080,"height":1080},{"@type":"BreadcrumbList","@id":"https:\/\/www.motoairbag.com\/es\/shop\/bolsas-de-aire\/mab-vzero\/#breadcrumb","itemListElement":[{"@type":"ListItem","position":1,"name":"Home","item":"https:\/\/www.motoairbag.com\/es\/"},{"@type":"ListItem","position":2,"name":"Shop","item":"https:\/\/www.motoairbag.com\/shop\/"},{"@type":"ListItem","position":3,"name":"MAB vZero Plus"}]},{"@type":"WebSite","@id":"https:\/\/www.motoairbag.com\/#website","url":"https:\/\/www.motoairbag.com\/","name":"Motoairbag - L&#039;airbag per i motociclisti","description":"","publisher":{"@id":"https:\/\/www.motoairbag.com\/#organization"},"potentialAction":[{"@type":"SearchAction","target":{"@type":"EntryPoint","urlTemplate":"https:\/\/www.motoairbag.com\/?s={search_term_string}"},"query-input":{"@type":"PropertyValueSpecification","valueRequired":true,"valueName":"search_term_string"}}],"inLanguage":"es"},{"@type":"Organization","@id":"https:\/\/www.motoairbag.com\/#organization","name":"Motoairbag - L&#039;airbag per i motociclisti","url":"https:\/\/www.motoairbag.com\/","logo":{"@type":"ImageObject","inLanguage":"es","@id":"https:\/\/www.motoairbag.com\/#\/schema\/logo\/image\/","url":"https:\/\/www.motoairbag.com\/wp-content\/uploads\/2022\/11\/logo-final.jpg","contentUrl":"https:\/\/www.motoairbag.com\/wp-content\/uploads\/2022\/11\/logo-final.jpg","width":609,"height":80,"caption":"Motoairbag - L&#039;airbag per i motociclisti"},"image":{"@id":"https:\/\/www.motoairbag.com\/#\/schema\/logo\/image\/"}}]}},"_links":{"self":[{"href":"https:\/\/www.motoairbag.com\/es\/wp-json\/wp\/v2\/product\/7367","targetHints":{"allow":["GET"]}}],"collection":[{"href":"https:\/\/www.motoairbag.com\/es\/wp-json\/wp\/v2\/product"}],"about":[{"href":"https:\/\/www.motoairbag.com\/es\/wp-json\/wp\/v2\/types\/product"}],"wp:featuredmedia":[{"embeddable":true,"href":"https:\/\/www.motoairbag.com\/es\/wp-json\/wp\/v2\/media\/10537"}],"wp:attachment":[{"href":"https:\/\/www.motoairbag.com\/es\/wp-json\/wp\/v2\/media?parent=7367"}],"wp:term":[{"taxonomy":"product_brand","embeddable":true,"href":"https:\/\/www.motoairbag.com\/es\/wp-json\/wp\/v2\/product_brand?post=7367"},{"taxonomy":"product_cat","embeddable":true,"href":"https:\/\/www.motoairbag.com\/es\/wp-json\/wp\/v2\/product_cat?post=7367"},{"taxonomy":"product_tag","embeddable":true,"href":"https:\/\/www.motoairbag.com\/es\/wp-json\/wp\/v2\/product_tag?post=7367"}],"curies":[{"name":"wp","href":"https:\/\/api.w.org\/{rel}","templated":true}]}}