{"id":7350,"date":"2022-06-22T10:30:09","date_gmt":"2022-06-22T10:30:09","guid":{"rendered":"https:\/\/www.motoairbag.com\/activacion\/"},"modified":"2023-05-04T14:07:09","modified_gmt":"2023-05-04T14:07:09","slug":"activacion","status":"publish","type":"page","link":"https:\/\/www.motoairbag.com\/es\/post-vendita\/activacion\/","title":{"rendered":"ACTIVACI\u00d3N"},"content":{"rendered":"<p>[vc_row disable_background_image=\u00bb\u00bb][vc_column][\/vc_column][vc_column_text]<strong>SIN IMPACTO: Proceder a la inspecci\u00f3n como se describe en el manual de instrucciones (enlace al manual)<\/strong><\/p>\n<p><strong>CON IMPACTO (accidente): p\u00f3ngase en contacto con el servicio de asistencia para proceder con la inspecci\u00f3n o revisi\u00f3n del airbag.<\/strong><\/p>\n<p><strong><br \/>\nUna vez recibido en la empresa, MOTOAIRBAG ser\u00e1 desmontado en todas sus partes y se identificar\u00e1n los componentes da\u00f1ados. A continuaci\u00f3n se prepara un presupuesto por escrito para la reparaci\u00f3n (que puede presentarse a la compa\u00f1\u00eda de seguros)<br \/>\n<\/strong><\/p>\n<p><strong>El tiempo de intervenci\u00f3n es de 48\/72 horas desde la aceptaci\u00f3n del presupuesto.<\/strong>[\/vc_column_text][\/vc_row][vc_row disable_background_image=\u00bb\u00bb][vc_column][vc_custom_heading text=\u00bbP\u00f3ngase en contacto con el servicio de asistencia:\u00bb font_container=\u00bbtag:h4|text_align:left\u00bb use_theme_fonts=\u00bbyes\u00bb][vc_empty_space height=\u00bb10px\u00bb]<a itemprop=\"url\" href=\"mailto:assistenza@motoairbag.com\" target=\"_self\"  class=\"mkdf-btn mkdf-btn-medium mkdf-btn-predefined\"  >\n            <span class=\"mkdf-btn-predefined-line-holder\">\n            <span class=\"mkdf-btn-line-hidden\"><\/span>\n            <span class=\"mkdf-btn-text\">E-mail<\/span>\n\t        <span class=\"mkdf-btn-line\"><\/span>\n            <i class=\"mkdf-btn-predefined-icon mkdf-icon-ion-icon ion-ios-play \"><\/i>\n        <\/span>\n    <\/a>[vc_empty_space height=\u00bb10px\u00bb]<a itemprop=\"url\" href=\"https:\/\/wa.me\/message\/35DF2K6FQIFNH1\" target=\"_self\" style=\"background-color: #25d366;border-color: #25d366\" class=\"mkdf-btn mkdf-btn-medium mkdf-btn-predefined\"  >\n            <span class=\"mkdf-btn-predefined-line-holder\">\n            <span class=\"mkdf-btn-line-hidden\"><\/span>\n            <span class=\"mkdf-btn-text\">Whatsapp<\/span>\n\t        <span class=\"mkdf-btn-line\"><\/span>\n            <i class=\"mkdf-btn-predefined-icon mkdf-icon-ion-icon ion-ios-play \"><\/i>\n        <\/span>\n    <\/a>[\/vc_column][\/vc_row]<\/p>\n","protected":false},"excerpt":{"rendered":"<p>[vc_row disable_background_image=\u00bb\u00bb][vc_column][\/vc_column][vc_column_text]SIN IMPACTO: Proceder a la inspecci\u00f3n como se describe en el manual de instrucciones (enlace al manual) CON IMPACTO (accidente): p\u00f3ngase en contacto con el servicio de asistencia para proceder con la inspecci\u00f3n o revisi\u00f3n del airbag. Una vez recibido en la empresa, MOTOAIRBAG ser\u00e1 desmontado en todas sus partes [&hellip;]<\/p>\n","protected":false},"author":1,"featured_media":0,"parent":7423,"menu_order":0,"comment_status":"closed","ping_status":"closed","template":"","meta":{"footnotes":""},"class_list":["post-7350","page","type-page","status-publish","hentry"],"yoast_head":"<!-- This site is optimized with the Yoast SEO plugin v27.0 - https:\/\/yoast.com\/product\/yoast-seo-wordpress\/ -->\n<title>ACTIVACI\u00d3N - Motoairbag - L&#039;airbag per i motociclisti<\/title>\n<meta name=\"robots\" content=\"index, follow, max-snippet:-1, max-image-preview:large, max-video-preview:-1\" \/>\n<link rel=\"canonical\" href=\"https:\/\/www.motoairbag.com\/post-vendita\/ripristino-con-o-senza-incidente\/\" \/>\n<meta property=\"og:locale\" content=\"es_ES\" \/>\n<meta property=\"og:type\" content=\"article\" \/>\n<meta property=\"og:title\" content=\"ACTIVACI\u00d3N - Motoairbag - L&#039;airbag per i motociclisti\" \/>\n<meta property=\"og:description\" content=\"[vc_row disable_background_image=\u00bb\u00bb][vc_column][\/vc_column][vc_column_text]SIN IMPACTO: Proceder a la inspecci\u00f3n como se describe en el manual de instrucciones (enlace al manual) CON IMPACTO (accidente): p\u00f3ngase en contacto con el servicio de asistencia para proceder con la inspecci\u00f3n o revisi\u00f3n del airbag. Una vez recibido en la empresa, MOTOAIRBAG ser\u00e1 desmontado en todas sus partes [&hellip;]\" \/>\n<meta property=\"og:url\" content=\"https:\/\/www.motoairbag.com\/post-vendita\/ripristino-con-o-senza-incidente\/\" \/>\n<meta property=\"og:site_name\" content=\"Motoairbag - L&#039;airbag per i motociclisti\" \/>\n<meta property=\"article:modified_time\" content=\"2023-05-04T14:07:09+00:00\" \/>\n<meta name=\"twitter:card\" content=\"summary_large_image\" \/>\n<meta name=\"twitter:label1\" content=\"Tiempo de lectura\" \/>\n\t<meta name=\"twitter:data1\" content=\"1 minuto\" \/>\n<script type=\"application\/ld+json\" class=\"yoast-schema-graph\">{\"@context\":\"https:\/\/schema.org\",\"@graph\":[{\"@type\":\"WebPage\",\"@id\":\"https:\/\/www.motoairbag.com\/post-vendita\/ripristino-con-o-senza-incidente\/\",\"url\":\"https:\/\/www.motoairbag.com\/post-vendita\/ripristino-con-o-senza-incidente\/\",\"name\":\"ACTIVACI\u00d3N - Motoairbag - L&#039;airbag per i motociclisti\",\"isPartOf\":{\"@id\":\"https:\/\/www.motoairbag.com\/#website\"},\"datePublished\":\"2022-06-22T10:30:09+00:00\",\"dateModified\":\"2023-05-04T14:07:09+00:00\",\"breadcrumb\":{\"@id\":\"https:\/\/www.motoairbag.com\/post-vendita\/ripristino-con-o-senza-incidente\/#breadcrumb\"},\"inLanguage\":\"es\",\"potentialAction\":[{\"@type\":\"ReadAction\",\"target\":[\"https:\/\/www.motoairbag.com\/post-vendita\/ripristino-con-o-senza-incidente\/\"]}]},{\"@type\":\"BreadcrumbList\",\"@id\":\"https:\/\/www.motoairbag.com\/post-vendita\/ripristino-con-o-senza-incidente\/#breadcrumb\",\"itemListElement\":[{\"@type\":\"ListItem\",\"position\":1,\"name\":\"Home\",\"item\":\"https:\/\/www.motoairbag.com\/es\/\"},{\"@type\":\"ListItem\",\"position\":2,\"name\":\"ACTIVACI\u00d3N\"}]},{\"@type\":\"WebSite\",\"@id\":\"https:\/\/www.motoairbag.com\/#website\",\"url\":\"https:\/\/www.motoairbag.com\/\",\"name\":\"Motoairbag - L&#039;airbag per i motociclisti\",\"description\":\"\",\"publisher\":{\"@id\":\"https:\/\/www.motoairbag.com\/#organization\"},\"potentialAction\":[{\"@type\":\"SearchAction\",\"target\":{\"@type\":\"EntryPoint\",\"urlTemplate\":\"https:\/\/www.motoairbag.com\/?s={search_term_string}\"},\"query-input\":{\"@type\":\"PropertyValueSpecification\",\"valueRequired\":true,\"valueName\":\"search_term_string\"}}],\"inLanguage\":\"es\"},{\"@type\":\"Organization\",\"@id\":\"https:\/\/www.motoairbag.com\/#organization\",\"name\":\"Motoairbag - L&#039;airbag per i motociclisti\",\"url\":\"https:\/\/www.motoairbag.com\/\",\"logo\":{\"@type\":\"ImageObject\",\"inLanguage\":\"es\",\"@id\":\"https:\/\/www.motoairbag.com\/#\/schema\/logo\/image\/\",\"url\":\"https:\/\/www.motoairbag.com\/wp-content\/uploads\/2022\/11\/logo-final.jpg\",\"contentUrl\":\"https:\/\/www.motoairbag.com\/wp-content\/uploads\/2022\/11\/logo-final.jpg\",\"width\":609,\"height\":80,\"caption\":\"Motoairbag - L&#039;airbag per i motociclisti\"},\"image\":{\"@id\":\"https:\/\/www.motoairbag.com\/#\/schema\/logo\/image\/\"}}]}<\/script>\n<!-- \/ Yoast SEO plugin. -->","yoast_head_json":{"title":"ACTIVACI\u00d3N - Motoairbag - L&#039;airbag per i motociclisti","robots":{"index":"index","follow":"follow","max-snippet":"max-snippet:-1","max-image-preview":"max-image-preview:large","max-video-preview":"max-video-preview:-1"},"canonical":"https:\/\/www.motoairbag.com\/post-vendita\/ripristino-con-o-senza-incidente\/","og_locale":"es_ES","og_type":"article","og_title":"ACTIVACI\u00d3N - Motoairbag - L&#039;airbag per i motociclisti","og_description":"[vc_row disable_background_image=\u00bb\u00bb][vc_column][\/vc_column][vc_column_text]SIN IMPACTO: Proceder a la inspecci\u00f3n como se describe en el manual de instrucciones (enlace al manual) CON IMPACTO (accidente): p\u00f3ngase en contacto con el servicio de asistencia para proceder con la inspecci\u00f3n o revisi\u00f3n del airbag. Una vez recibido en la empresa, MOTOAIRBAG ser\u00e1 desmontado en todas sus partes [&hellip;]","og_url":"https:\/\/www.motoairbag.com\/post-vendita\/ripristino-con-o-senza-incidente\/","og_site_name":"Motoairbag - L&#039;airbag per i motociclisti","article_modified_time":"2023-05-04T14:07:09+00:00","twitter_card":"summary_large_image","twitter_misc":{"Tiempo de lectura":"1 minuto"},"schema":{"@context":"https:\/\/schema.org","@graph":[{"@type":"WebPage","@id":"https:\/\/www.motoairbag.com\/post-vendita\/ripristino-con-o-senza-incidente\/","url":"https:\/\/www.motoairbag.com\/post-vendita\/ripristino-con-o-senza-incidente\/","name":"ACTIVACI\u00d3N - Motoairbag - L&#039;airbag per i motociclisti","isPartOf":{"@id":"https:\/\/www.motoairbag.com\/#website"},"datePublished":"2022-06-22T10:30:09+00:00","dateModified":"2023-05-04T14:07:09+00:00","breadcrumb":{"@id":"https:\/\/www.motoairbag.com\/post-vendita\/ripristino-con-o-senza-incidente\/#breadcrumb"},"inLanguage":"es","potentialAction":[{"@type":"ReadAction","target":["https:\/\/www.motoairbag.com\/post-vendita\/ripristino-con-o-senza-incidente\/"]}]},{"@type":"BreadcrumbList","@id":"https:\/\/www.motoairbag.com\/post-vendita\/ripristino-con-o-senza-incidente\/#breadcrumb","itemListElement":[{"@type":"ListItem","position":1,"name":"Home","item":"https:\/\/www.motoairbag.com\/es\/"},{"@type":"ListItem","position":2,"name":"ACTIVACI\u00d3N"}]},{"@type":"WebSite","@id":"https:\/\/www.motoairbag.com\/#website","url":"https:\/\/www.motoairbag.com\/","name":"Motoairbag - L&#039;airbag per i motociclisti","description":"","publisher":{"@id":"https:\/\/www.motoairbag.com\/#organization"},"potentialAction":[{"@type":"SearchAction","target":{"@type":"EntryPoint","urlTemplate":"https:\/\/www.motoairbag.com\/?s={search_term_string}"},"query-input":{"@type":"PropertyValueSpecification","valueRequired":true,"valueName":"search_term_string"}}],"inLanguage":"es"},{"@type":"Organization","@id":"https:\/\/www.motoairbag.com\/#organization","name":"Motoairbag - L&#039;airbag per i motociclisti","url":"https:\/\/www.motoairbag.com\/","logo":{"@type":"ImageObject","inLanguage":"es","@id":"https:\/\/www.motoairbag.com\/#\/schema\/logo\/image\/","url":"https:\/\/www.motoairbag.com\/wp-content\/uploads\/2022\/11\/logo-final.jpg","contentUrl":"https:\/\/www.motoairbag.com\/wp-content\/uploads\/2022\/11\/logo-final.jpg","width":609,"height":80,"caption":"Motoairbag - L&#039;airbag per i motociclisti"},"image":{"@id":"https:\/\/www.motoairbag.com\/#\/schema\/logo\/image\/"}}]}},"_links":{"self":[{"href":"https:\/\/www.motoairbag.com\/es\/wp-json\/wp\/v2\/pages\/7350","targetHints":{"allow":["GET"]}}],"collection":[{"href":"https:\/\/www.motoairbag.com\/es\/wp-json\/wp\/v2\/pages"}],"about":[{"href":"https:\/\/www.motoairbag.com\/es\/wp-json\/wp\/v2\/types\/page"}],"author":[{"embeddable":true,"href":"https:\/\/www.motoairbag.com\/es\/wp-json\/wp\/v2\/users\/1"}],"replies":[{"embeddable":true,"href":"https:\/\/www.motoairbag.com\/es\/wp-json\/wp\/v2\/comments?post=7350"}],"version-history":[{"count":2,"href":"https:\/\/www.motoairbag.com\/es\/wp-json\/wp\/v2\/pages\/7350\/revisions"}],"predecessor-version":[{"id":7352,"href":"https:\/\/www.motoairbag.com\/es\/wp-json\/wp\/v2\/pages\/7350\/revisions\/7352"}],"up":[{"embeddable":true,"href":"https:\/\/www.motoairbag.com\/es\/wp-json\/wp\/v2\/pages\/7423"}],"wp:attachment":[{"href":"https:\/\/www.motoairbag.com\/es\/wp-json\/wp\/v2\/media?parent=7350"}],"curies":[{"name":"wp","href":"https:\/\/api.w.org\/{rel}","templated":true}]}}