{"id":7342,"date":"2022-06-22T10:33:46","date_gmt":"2022-06-22T10:33:46","guid":{"rendered":"https:\/\/www.motoairbag.com\/tutorial\/"},"modified":"2025-08-05T08:17:33","modified_gmt":"2025-08-05T08:17:33","slug":"tutorial","status":"publish","type":"page","link":"https:\/\/www.motoairbag.com\/es\/post-vendita\/tutorial\/","title":{"rendered":"Tutorial"},"content":{"rendered":"<p>[vc_row row_content_width=\u00bbgrid\u00bb disable_background_image=\u00bb\u00bb vertical_lines=\u00bbyes\u00bb css=\u00bb.vc_custom_1568362251225{padding-top: 124px !important;padding-bottom: 82px !important;}\u00bb][vc_column][vc_row_inner row_content_width=\u00bbgrid\u00bb][vc_column_inner][vc_column_text css=\u00bb.vc_custom_1671710258667{margin-top: -230px !important;}\u00bb]En esta secci\u00f3n puede acceder a las instrucciones y videos para entender mejor el funcionamento de MOTOAIRBAG. Tambi\u00e9n hay indicaciones que te permiten de trasnportarlo por v\u00eda a\u00e9rea en caso de que tengas que viajar.<\/p>\n<p>[\/vc_column_text][vc_custom_heading text=\u00bbP\u00f3ngase en contacto con el servicio de asistencia:\u00bb font_container=\u00bbtag:h4|text_align:left\u00bb use_theme_fonts=\u00bbyes\u00bb][vc_empty_space height=\u00bb10px\u00bb]<a itemprop=\"url\" href=\"mailto:assistenza@motoairbag.com\" target=\"_self\"  class=\"mkdf-btn mkdf-btn-medium mkdf-btn-predefined\"  >\n            <span class=\"mkdf-btn-predefined-line-holder\">\n            <span class=\"mkdf-btn-line-hidden\"><\/span>\n            <span class=\"mkdf-btn-text\">E-mail<\/span>\n\t        <span class=\"mkdf-btn-line\"><\/span>\n            <i class=\"mkdf-btn-predefined-icon mkdf-icon-ion-icon ion-ios-play \"><\/i>\n        <\/span>\n    <\/a>[vc_empty_space height=\u00bb10px\u00bb]<a itemprop=\"url\" href=\"https:\/\/wa.me\/message\/35DF2K6FQIFNH1\" target=\"_self\" style=\"background-color: #25d366;border-color: #25d366\" class=\"mkdf-btn mkdf-btn-medium mkdf-btn-predefined\"  >\n            <span class=\"mkdf-btn-predefined-line-holder\">\n            <span class=\"mkdf-btn-line-hidden\"><\/span>\n            <span class=\"mkdf-btn-text\">Whatsapp<\/span>\n\t        <span class=\"mkdf-btn-line\"><\/span>\n            <i class=\"mkdf-btn-predefined-icon mkdf-icon-ion-icon ion-ios-play \"><\/i>\n        <\/span>\n    <\/a>[\/vc_column_inner][\/vc_row_inner][\/vc_column][\/vc_row][vc_row disable_background_image=\u00bb\u00bb][vc_column][vc_custom_heading text=\u00bbVIDEO TUTORIAL DEl USO\u00bb font_container=\u00bbtag:h3|text_align:center\u00bb use_theme_fonts=\u00bbyes\u00bb][vc_video link=\u00bbhttps:\/\/www.youtube.com\/watch?v=QZNMDjVVQ3w&amp;t=2s\u00bb el_width=\u00bb70&#8243; align=\u00bbcenter\u00bb][vc_empty_space height=\u00bb50px\u00bb][\/vc_column][\/vc_row][vc_row disable_background_image=\u00bb\u00bb][vc_column width=\u00bb1\/3&#8243;][vc_custom_heading text=\u00bbINSTRUCCIONES MAB\u00bb font_container=\u00bbtag:h5|text_align:left\u00bb use_theme_fonts=\u00bbyes\u00bb]<a itemprop=\"url\" href=\"https:\/\/www.motoairbag.com\/wp-content\/uploads\/2024\/11\/D1322-NOTA-INFORMATIVA-MOTOAIRBAG-ver-240101.pdf\" target=\"_blank\"  class=\"mkdf-btn mkdf-btn-medium mkdf-btn-predefined\"  >\n            <span class=\"mkdf-btn-predefined-line-holder\">\n            <span class=\"mkdf-btn-line-hidden\"><\/span>\n            <span class=\"mkdf-btn-text\">descarga aqu\u00ed<\/span>\n\t        <span class=\"mkdf-btn-line\"><\/span>\n            <i class=\"mkdf-btn-predefined-icon mkdf-icon-ion-icon ion-ios-play \"><\/i>\n        <\/span>\n    <\/a>[\/vc_column][vc_column width=\u00bb1\/3&#8243;][vc_custom_heading text=\u00bbINSTRUCCIONES DEL KIT DE RECARGA\u00bb font_container=\u00bbtag:h5|text_align:left\u00bb use_theme_fonts=\u00bbyes\u00bb]<a itemprop=\"url\" href=\"\/wp-content\/uploads\/2022\/11\/Istruzioni-Kit-Ricarica-v2.2_compressed.pdf\" target=\"_blank\"  class=\"mkdf-btn mkdf-btn-medium mkdf-btn-predefined\"  >\n            <span class=\"mkdf-btn-predefined-line-holder\">\n            <span class=\"mkdf-btn-line-hidden\"><\/span>\n            <span class=\"mkdf-btn-text\">descarga aqu\u00ed<\/span>\n\t        <span class=\"mkdf-btn-line\"><\/span>\n            <i class=\"mkdf-btn-predefined-icon mkdf-icon-ion-icon ion-ios-play \"><\/i>\n        <\/span>\n    <\/a>[vc_empty_space height=\u00bb10px\u00bb]<a itemprop=\"url\" href=\"https:\/\/www.youtube.com\/watch?v=G5PduYgi8ho&#038;t=3s\" target=\"_blank\"  class=\"mkdf-btn mkdf-btn-medium mkdf-btn-predefined\"  >\n            <span class=\"mkdf-btn-predefined-line-holder\">\n            <span class=\"mkdf-btn-line-hidden\"><\/span>\n            <span class=\"mkdf-btn-text\">video<\/span>\n\t        <span class=\"mkdf-btn-line\"><\/span>\n            <i class=\"mkdf-btn-predefined-icon mkdf-icon-ion-icon ion-ios-play \"><\/i>\n        <\/span>\n    <\/a>[\/vc_column][vc_column width=\u00bb1\/3&#8243;][vc_custom_heading text=\u00bbINSTRUCCIONES DE MONTAJE DE LA CORREA\u00bb font_container=\u00bbtag:h5|text_align:left\u00bb use_theme_fonts=\u00bbyes\u00bb]<a itemprop=\"url\" href=\"\/wp-content\/uploads\/2022\/11\/Istruzioni-Montaggio-kit-cinghia-con-fori-ver-220504.pdf\" target=\"_blank\"  class=\"mkdf-btn mkdf-btn-medium mkdf-btn-predefined\"  >\n            <span class=\"mkdf-btn-predefined-line-holder\">\n            <span class=\"mkdf-btn-line-hidden\"><\/span>\n            <span class=\"mkdf-btn-text\">descarga aqu\u00ed<\/span>\n\t        <span class=\"mkdf-btn-line\"><\/span>\n            <i class=\"mkdf-btn-predefined-icon mkdf-icon-ion-icon ion-ios-play \"><\/i>\n        <\/span>\n    <\/a>[vc_empty_space height=\u00bb10px\u00bb]<a itemprop=\"url\" href=\"https:\/\/www.youtube.com\/watch?v=-66RirU-ujY&#038;t=1s\" target=\"_blank\"  class=\"mkdf-btn mkdf-btn-medium mkdf-btn-predefined\"  >\n            <span class=\"mkdf-btn-predefined-line-holder\">\n            <span class=\"mkdf-btn-line-hidden\"><\/span>\n            <span class=\"mkdf-btn-text\">video<\/span>\n\t        <span class=\"mkdf-btn-line\"><\/span>\n            <i class=\"mkdf-btn-predefined-icon mkdf-icon-ion-icon ion-ios-play \"><\/i>\n        <\/span>\n    <\/a>[\/vc_column][\/vc_row][vc_row disable_background_image=\u00bb\u00bb][vc_column][vc_empty_space height=\u00bb30px\u00bb][\/vc_column][\/vc_row][vc_row disable_background_image=\u00bb\u00bb][vc_column width=\u00bb1\/3&#8243;][vc_custom_heading text=\u00bbDOCUMENTACI\u00d3N PARA EL TRANSPORTE A\u00c9REO\u00bb font_container=\u00bbtag:h5|text_align:left\u00bb use_theme_fonts=\u00bbyes\u00bb]<a itemprop=\"url\" href=\"\/wp-content\/uploads\/2022\/11\/Trasporto-aereo-MAB-scheda-di-sicurezza.pdf\" target=\"_blank\"  class=\"mkdf-btn mkdf-btn-medium mkdf-btn-predefined\"  >\n            <span class=\"mkdf-btn-predefined-line-holder\">\n            <span class=\"mkdf-btn-line-hidden\"><\/span>\n            <span class=\"mkdf-btn-text\">descarga aqu\u00ed<\/span>\n\t        <span class=\"mkdf-btn-line\"><\/span>\n            <i class=\"mkdf-btn-predefined-icon mkdf-icon-ion-icon ion-ios-play \"><\/i>\n        <\/span>\n    <\/a>[\/vc_column][vc_column width=\u00bb1\/3&#8243;][vc_custom_heading text=\u00bbDECLARACI\u00d3N DE MERCANC\u00cdAS NO PELIGROSAS\u00bb font_container=\u00bbtag:h5|text_align:left\u00bb use_theme_fonts=\u00bbyes\u00bb]<a itemprop=\"url\" href=\"\/wp-content\/uploads\/2024\/05\/NDGD-MAB-EAB-x-IATA.pdf\" target=\"_blank\"  class=\"mkdf-btn mkdf-btn-medium mkdf-btn-predefined\"  >\n            <span class=\"mkdf-btn-predefined-line-holder\">\n            <span class=\"mkdf-btn-line-hidden\"><\/span>\n            <span class=\"mkdf-btn-text\">descarga aqu\u00ed<\/span>\n\t        <span class=\"mkdf-btn-line\"><\/span>\n            <i class=\"mkdf-btn-predefined-icon mkdf-icon-ion-icon ion-ios-play \"><\/i>\n        <\/span>\n    <\/a>[\/vc_column][vc_column width=\u00bb1\/3&#8243;][vc_custom_heading text=\u00bbCERTIFICACI\u00d3N DE CONFORMIDAD\u00bb font_container=\u00bbtag:h5|text_align:left\u00bb use_theme_fonts=\u00bbyes\u00bb]<a itemprop=\"url\" href=\"https:\/\/www.motoairbag.com\/wp-content\/uploads\/2024\/03\/8-CERTIFICATION-OF-CONFORMITY-DPI-SAFETY-UK.pdf\" target=\"_self\"  class=\"mkdf-btn mkdf-btn-medium mkdf-btn-predefined\"  >\n            <span class=\"mkdf-btn-predefined-line-holder\">\n            <span class=\"mkdf-btn-line-hidden\"><\/span>\n            <span class=\"mkdf-btn-text\">descarga aqu\u00ed<\/span>\n\t        <span class=\"mkdf-btn-line\"><\/span>\n            <i class=\"mkdf-btn-predefined-icon mkdf-icon-ion-icon ion-ios-play \"><\/i>\n        <\/span>\n    <\/a>[\/vc_column][\/vc_row]<\/p>\n","protected":false},"excerpt":{"rendered":"<p>[vc_row row_content_width=\u00bbgrid\u00bb disable_background_image=\u00bb\u00bb vertical_lines=\u00bbyes\u00bb css=\u00bb.vc_custom_1568362251225{padding-top: 124px !important;padding-bottom: 82px !important;}\u00bb][vc_column][vc_row_inner row_content_width=\u00bbgrid\u00bb][vc_column_inner][vc_column_text css=\u00bb.vc_custom_1671710258667{margin-top: -230px !important;}\u00bb]En esta secci\u00f3n puede acceder a las instrucciones y videos para entender mejor el funcionamento de MOTOAIRBAG. Tambi\u00e9n hay indicaciones que te permiten de trasnportarlo por v\u00eda a\u00e9rea en caso de que tengas que viajar. [\/vc_column_text][vc_custom_heading text=\u00bbP\u00f3ngase en contacto [&hellip;]<\/p>\n","protected":false},"author":1,"featured_media":0,"parent":7423,"menu_order":0,"comment_status":"closed","ping_status":"closed","template":"","meta":{"footnotes":""},"class_list":["post-7342","page","type-page","status-publish","hentry"],"yoast_head":"<!-- This site is optimized with the Yoast SEO plugin v27.0 - https:\/\/yoast.com\/product\/yoast-seo-wordpress\/ -->\n<title>Tutorial - Motoairbag - L&#039;airbag per i motociclisti<\/title>\n<meta name=\"robots\" content=\"index, follow, max-snippet:-1, max-image-preview:large, max-video-preview:-1\" \/>\n<link rel=\"canonical\" href=\"https:\/\/www.motoairbag.com\/es\/post-vendita\/tutorial\/\" \/>\n<meta property=\"og:locale\" content=\"es_ES\" \/>\n<meta property=\"og:type\" content=\"article\" \/>\n<meta property=\"og:title\" content=\"Tutorial - Motoairbag - L&#039;airbag per i motociclisti\" \/>\n<meta property=\"og:description\" content=\"[vc_row row_content_width=\u00bbgrid\u00bb disable_background_image=\u00bb\u00bb vertical_lines=\u00bbyes\u00bb css=\u00bb.vc_custom_1568362251225{padding-top: 124px !important;padding-bottom: 82px !important;}\u00bb][vc_column][vc_row_inner row_content_width=\u00bbgrid\u00bb][vc_column_inner][vc_column_text css=\u00bb.vc_custom_1671710258667{margin-top: -230px !important;}\u00bb]En esta secci\u00f3n puede acceder a las instrucciones y videos para entender mejor el funcionamento de MOTOAIRBAG. Tambi\u00e9n hay indicaciones que te permiten de trasnportarlo por v\u00eda a\u00e9rea en caso de que tengas que viajar. [\/vc_column_text][vc_custom_heading text=\u00bbP\u00f3ngase en contacto [&hellip;]\" \/>\n<meta property=\"og:url\" content=\"https:\/\/www.motoairbag.com\/es\/post-vendita\/tutorial\/\" \/>\n<meta property=\"og:site_name\" content=\"Motoairbag - L&#039;airbag per i motociclisti\" \/>\n<meta property=\"article:modified_time\" content=\"2025-08-05T08:17:33+00:00\" \/>\n<meta name=\"twitter:card\" content=\"summary_large_image\" \/>\n<meta name=\"twitter:label1\" content=\"Tiempo de lectura\" \/>\n\t<meta name=\"twitter:data1\" content=\"2 minutos\" \/>\n<script type=\"application\/ld+json\" class=\"yoast-schema-graph\">{\"@context\":\"https:\/\/schema.org\",\"@graph\":[{\"@type\":\"WebPage\",\"@id\":\"https:\/\/www.motoairbag.com\/es\/post-vendita\/tutorial\/\",\"url\":\"https:\/\/www.motoairbag.com\/es\/post-vendita\/tutorial\/\",\"name\":\"Tutorial - Motoairbag - L&#039;airbag per i motociclisti\",\"isPartOf\":{\"@id\":\"https:\/\/www.motoairbag.com\/#website\"},\"datePublished\":\"2022-06-22T10:33:46+00:00\",\"dateModified\":\"2025-08-05T08:17:33+00:00\",\"breadcrumb\":{\"@id\":\"https:\/\/www.motoairbag.com\/es\/post-vendita\/tutorial\/#breadcrumb\"},\"inLanguage\":\"es\",\"potentialAction\":[{\"@type\":\"ReadAction\",\"target\":[\"https:\/\/www.motoairbag.com\/es\/post-vendita\/tutorial\/\"]}]},{\"@type\":\"BreadcrumbList\",\"@id\":\"https:\/\/www.motoairbag.com\/es\/post-vendita\/tutorial\/#breadcrumb\",\"itemListElement\":[{\"@type\":\"ListItem\",\"position\":1,\"name\":\"Home\",\"item\":\"https:\/\/www.motoairbag.com\/es\/\"},{\"@type\":\"ListItem\",\"position\":2,\"name\":\"Post Vendita\",\"item\":\"https:\/\/www.motoairbag.com\/es\/post-vendita\/\"},{\"@type\":\"ListItem\",\"position\":3,\"name\":\"Tutorial\"}]},{\"@type\":\"WebSite\",\"@id\":\"https:\/\/www.motoairbag.com\/#website\",\"url\":\"https:\/\/www.motoairbag.com\/\",\"name\":\"Motoairbag - L&#039;airbag per i motociclisti\",\"description\":\"\",\"publisher\":{\"@id\":\"https:\/\/www.motoairbag.com\/#organization\"},\"potentialAction\":[{\"@type\":\"SearchAction\",\"target\":{\"@type\":\"EntryPoint\",\"urlTemplate\":\"https:\/\/www.motoairbag.com\/?s={search_term_string}\"},\"query-input\":{\"@type\":\"PropertyValueSpecification\",\"valueRequired\":true,\"valueName\":\"search_term_string\"}}],\"inLanguage\":\"es\"},{\"@type\":\"Organization\",\"@id\":\"https:\/\/www.motoairbag.com\/#organization\",\"name\":\"Motoairbag - L&#039;airbag per i motociclisti\",\"url\":\"https:\/\/www.motoairbag.com\/\",\"logo\":{\"@type\":\"ImageObject\",\"inLanguage\":\"es\",\"@id\":\"https:\/\/www.motoairbag.com\/#\/schema\/logo\/image\/\",\"url\":\"https:\/\/www.motoairbag.com\/wp-content\/uploads\/2022\/11\/logo-final.jpg\",\"contentUrl\":\"https:\/\/www.motoairbag.com\/wp-content\/uploads\/2022\/11\/logo-final.jpg\",\"width\":609,\"height\":80,\"caption\":\"Motoairbag - L&#039;airbag per i motociclisti\"},\"image\":{\"@id\":\"https:\/\/www.motoairbag.com\/#\/schema\/logo\/image\/\"}}]}<\/script>\n<!-- \/ Yoast SEO plugin. -->","yoast_head_json":{"title":"Tutorial - Motoairbag - L&#039;airbag per i motociclisti","robots":{"index":"index","follow":"follow","max-snippet":"max-snippet:-1","max-image-preview":"max-image-preview:large","max-video-preview":"max-video-preview:-1"},"canonical":"https:\/\/www.motoairbag.com\/es\/post-vendita\/tutorial\/","og_locale":"es_ES","og_type":"article","og_title":"Tutorial - Motoairbag - L&#039;airbag per i motociclisti","og_description":"[vc_row row_content_width=\u00bbgrid\u00bb disable_background_image=\u00bb\u00bb vertical_lines=\u00bbyes\u00bb css=\u00bb.vc_custom_1568362251225{padding-top: 124px !important;padding-bottom: 82px !important;}\u00bb][vc_column][vc_row_inner row_content_width=\u00bbgrid\u00bb][vc_column_inner][vc_column_text css=\u00bb.vc_custom_1671710258667{margin-top: -230px !important;}\u00bb]En esta secci\u00f3n puede acceder a las instrucciones y videos para entender mejor el funcionamento de MOTOAIRBAG. Tambi\u00e9n hay indicaciones que te permiten de trasnportarlo por v\u00eda a\u00e9rea en caso de que tengas que viajar. [\/vc_column_text][vc_custom_heading text=\u00bbP\u00f3ngase en contacto [&hellip;]","og_url":"https:\/\/www.motoairbag.com\/es\/post-vendita\/tutorial\/","og_site_name":"Motoairbag - L&#039;airbag per i motociclisti","article_modified_time":"2025-08-05T08:17:33+00:00","twitter_card":"summary_large_image","twitter_misc":{"Tiempo de lectura":"2 minutos"},"schema":{"@context":"https:\/\/schema.org","@graph":[{"@type":"WebPage","@id":"https:\/\/www.motoairbag.com\/es\/post-vendita\/tutorial\/","url":"https:\/\/www.motoairbag.com\/es\/post-vendita\/tutorial\/","name":"Tutorial - Motoairbag - L&#039;airbag per i motociclisti","isPartOf":{"@id":"https:\/\/www.motoairbag.com\/#website"},"datePublished":"2022-06-22T10:33:46+00:00","dateModified":"2025-08-05T08:17:33+00:00","breadcrumb":{"@id":"https:\/\/www.motoairbag.com\/es\/post-vendita\/tutorial\/#breadcrumb"},"inLanguage":"es","potentialAction":[{"@type":"ReadAction","target":["https:\/\/www.motoairbag.com\/es\/post-vendita\/tutorial\/"]}]},{"@type":"BreadcrumbList","@id":"https:\/\/www.motoairbag.com\/es\/post-vendita\/tutorial\/#breadcrumb","itemListElement":[{"@type":"ListItem","position":1,"name":"Home","item":"https:\/\/www.motoairbag.com\/es\/"},{"@type":"ListItem","position":2,"name":"Post Vendita","item":"https:\/\/www.motoairbag.com\/es\/post-vendita\/"},{"@type":"ListItem","position":3,"name":"Tutorial"}]},{"@type":"WebSite","@id":"https:\/\/www.motoairbag.com\/#website","url":"https:\/\/www.motoairbag.com\/","name":"Motoairbag - L&#039;airbag per i motociclisti","description":"","publisher":{"@id":"https:\/\/www.motoairbag.com\/#organization"},"potentialAction":[{"@type":"SearchAction","target":{"@type":"EntryPoint","urlTemplate":"https:\/\/www.motoairbag.com\/?s={search_term_string}"},"query-input":{"@type":"PropertyValueSpecification","valueRequired":true,"valueName":"search_term_string"}}],"inLanguage":"es"},{"@type":"Organization","@id":"https:\/\/www.motoairbag.com\/#organization","name":"Motoairbag - L&#039;airbag per i motociclisti","url":"https:\/\/www.motoairbag.com\/","logo":{"@type":"ImageObject","inLanguage":"es","@id":"https:\/\/www.motoairbag.com\/#\/schema\/logo\/image\/","url":"https:\/\/www.motoairbag.com\/wp-content\/uploads\/2022\/11\/logo-final.jpg","contentUrl":"https:\/\/www.motoairbag.com\/wp-content\/uploads\/2022\/11\/logo-final.jpg","width":609,"height":80,"caption":"Motoairbag - L&#039;airbag per i motociclisti"},"image":{"@id":"https:\/\/www.motoairbag.com\/#\/schema\/logo\/image\/"}}]}},"_links":{"self":[{"href":"https:\/\/www.motoairbag.com\/es\/wp-json\/wp\/v2\/pages\/7342","targetHints":{"allow":["GET"]}}],"collection":[{"href":"https:\/\/www.motoairbag.com\/es\/wp-json\/wp\/v2\/pages"}],"about":[{"href":"https:\/\/www.motoairbag.com\/es\/wp-json\/wp\/v2\/types\/page"}],"author":[{"embeddable":true,"href":"https:\/\/www.motoairbag.com\/es\/wp-json\/wp\/v2\/users\/1"}],"replies":[{"embeddable":true,"href":"https:\/\/www.motoairbag.com\/es\/wp-json\/wp\/v2\/comments?post=7342"}],"version-history":[{"count":8,"href":"https:\/\/www.motoairbag.com\/es\/wp-json\/wp\/v2\/pages\/7342\/revisions"}],"predecessor-version":[{"id":10137,"href":"https:\/\/www.motoairbag.com\/es\/wp-json\/wp\/v2\/pages\/7342\/revisions\/10137"}],"up":[{"embeddable":true,"href":"https:\/\/www.motoairbag.com\/es\/wp-json\/wp\/v2\/pages\/7423"}],"wp:attachment":[{"href":"https:\/\/www.motoairbag.com\/es\/wp-json\/wp\/v2\/media?parent=7342"}],"curies":[{"name":"wp","href":"https:\/\/api.w.org\/{rel}","templated":true}]}}