{"id":8582,"date":"2024-06-20T09:51:27","date_gmt":"2024-06-20T09:51:27","guid":{"rendered":"https:\/\/www.motoairbag.com\/?post_type=product&#038;p=8582"},"modified":"2026-04-24T10:28:17","modified_gmt":"2026-04-24T10:28:17","slug":"mab-m1","status":"publish","type":"product","link":"https:\/\/www.motoairbag.com\/de\/shop\/motorrad-airbags\/mab-m1\/","title":{"rendered":"MAB M1"},"content":{"rendered":"<p>[vc_row disable_background_image=&#8220;&#8220;][vc_column][vc_tta_accordion][vc_tta_section title=&#8220;ALLGEMEINE MERKMALE&#8220; tab_id=&#8220;1665647274320-421b536b-15c7&#8243;][vc_column_text]<\/p>\n<ul>\n<li>Zertifiziert nach EN1621-4 Stufe 2 als Motorrad-Airbag<\/li>\n<li>Analoge Aktivierung \u00fcber Fast-Lock<\/li>\n<li>Wiederaufladbar<\/li>\n<li>Schutzvolumen: 25 Liter<\/li>\n<li>Synchronisator zur Steuerung der beiden Airbag-Systeme<\/li>\n<li>Reflexeins\u00e4tze f\u00fcr bessere Sichtbarkeit<\/li>\n<li>Praktische und zug\u00e4ngliche Au\u00dfentasche<\/li>\n<li>\u00dcber der Jacke zu tragen<\/li>\n<li>Seitliche Anpassungen f\u00fcr dicke oder mehrlagige Winterjacken und leichtere Sommerjackenitliche Rei\u00dfverschl\u00fcsse zur Anpassung an verschiedene Jackentypen<\/li>\n<\/ul>\n<p>[\/vc_column_text][\/vc_tta_section][vc_tta_section title=&#8220;TECHNISCHE DATEN&#8220; tab_id=&#8220;1665647327764-f4d815c0-1938&#8243;][vc_column_text]<\/p>\n<ul>\n<li>Doppelt-Airbag-System (Dual Airbag System)<br \/>\n&#8211; R\u00fcckenairbag zum Schutz des R\u00fcckens von der Halswirbels\u00e4ule bis zum Stei\u00dfbein. Zertifiziert AIRBAG EN1621\/4 FB Stufe 2. Restkraft nach Aufpralltest: 1,4 kN (Grenze Level 1 AIRBAG = 4,5 kN; Grenze Level 2 AIRBAG = 2,5 kN)<br \/>\n&#8211; Frontairbag zum Schutz von Brust, Bauch und Hals. Zertifiziert AIRBAG EN1621\/4 DC Stufe 2. Restkraft nach Aufpralltest: 0,8 kN (Grenze Level 1 AIRBAG = 4,5 kN; Grenze Level 2 AIRBAG = 2,5 kN)<\/li>\n<li>Fast-Lock-Technologie f\u00fcr ein vollst\u00e4ndiges und zuverl\u00e4ssiges Unfallerkennungssystem<\/li>\n<li>Aufblaszeit: 80 Millisekunden f\u00fcr beide Airbagsysteme<\/li>\n<li>Gesamtschutzvolumen: 25 Liter (15 Liter R\u00fcckenairbag + 10 Liter Frontairbag)<\/li>\n<li>Gewicht Airbagsystem: 800 g R\u00fcckenairbag \u2013 600 g Frontairbag. Gesamtgewicht 2,1 kg<\/li>\n<li>Wiederverwendbar: vom Benutzer in wenigen Minuten mit dem Nachf\u00fcllset aufladbar, nach einfacher Kontrolle laut Handbuch<\/li>\n<li>Ausgestattet mit einer Au\u00dfentasche zur Nutzung als Dokumentenfach<\/li>\n<li>Hergestellt aus bi-elastischem Stoff<\/li>\n<li>Innenfutter aus 3D-Material zur F\u00f6rderung der Luftzirkulation<\/li>\n<li>Seitliche Rei\u00dfverschlussanpassungen f\u00fcr eine einfache Anpassung an dicke oder mehrlagige Winterjacken und leichtere Sommerjacken<\/li>\n<li>Innere Taillengurt zur korrekten Positionierung der Weste w\u00e4hrend der Fahrt und im Falle einer Ausl\u00f6sung<\/li>\n<li>Automatische Entl\u00fcftungsventile<\/li>\n<li>Fast-Lock-Synchronisationssystem: aktiviert intelligent den Airbag, der dem Aufprallpunkt am n\u00e4chsten ist; z. B. bei Frontalaufprall wird zuerst der Frontairbag aufgeblasen, dann der R\u00fcckenairbag, bei Heckaufprall zuerst der R\u00fcckenairbag, dann der Frontairbag<\/li>\n<li>Anti-Fehlausl\u00f6se-System: Zum Aktivieren der Weste muss das Kabel vollst\u00e4ndig ausgezogen werden, die R\u00fcckstellkraft des Fast Lock \u00fcberwunden und eine Last von 15 kg angewendet werden; f\u00fcr die ersten Anwendungen wird ein Erinnerungsetikett mitgeliefert, das auf das Armaturenbrett zu kleben ist<\/li>\n<li>Optimiertes Design f\u00fcr h\u00f6heren Komfort, kompatibel mit allen Arten von Jacken<\/li>\n<li>Fast Lock ist mit dem Schnellverschluss-Karabiner kompatibel<\/li>\n<\/ul>\n<p>[\/vc_column_text][\/vc_tta_section][vc_tta_section title=&#8220;SICHERHEITSZERTIFIKATE&#8220; tab_id=&#8220;1665647393215-fcd34d4d-e657&#8243;][vc_column_text]<\/p>\n<ul>\n<li>Frontairbag \u2013 Zertifiziert AIRBAG EN1621\/4 Stufe 2 DC (maximales Niveau)<\/li>\n<li>R\u00fcckenairbag \u2013 Zertifiziert AIRBAG EN1621\/4 Stufe 2 FB (maximales Niveau)<\/li>\n<li>Ausl\u00f6sesystem mit Fast Lock und analogem Beschleunigungssensor<\/li>\n<li>Synchronisierer<\/li>\n<\/ul>\n<p>[\/vc_column_text][\/vc_tta_section][\/vc_tta_accordion][\/vc_column][\/vc_row]<\/p>\n","protected":false},"excerpt":{"rendered":"<p data-start=\"834\" data-end=\"1349\">MAB M1 ist ein Airbag-System, das entwickelt wurde, um dem Motorradfahrer im Falle eines Aufpralls maximalen Schutz zu bieten, dank des Doppel-Airbag-Systems (Dual Airbag System), das Vorder- und R\u00fcckseite abdeckt<br data-start=\"1062\" data-end=\"1065\" \/>Es integriert das Fast Lock Unfallerkennungssystem mit analogem Beschleunigungsmesser, das eine schnelle und zuverl\u00e4ssige Ausl\u00f6sung gew\u00e4hrleistet. Fast Lock muss \u00fcber die im Lieferumfang enthaltenen Gurte mit dem Motorrad verbunden werden und bildet so den Befestigungspunkt am Sitz<\/p>\n<p data-start=\"1351\" data-end=\"1402\">MAB M1 ist aus bi-elastischem AA-Gewebe gefertigt<\/p>\n<p data-start=\"1351\" data-end=\"1402\">Das Ger\u00e4t ist durch den Kauf des entsprechenden Motoairbag-Wiederaufladekits wiederaufladbar und kann nach der Ausl\u00f6sung erneut verwendet werden.<\/p>\n<p data-start=\"1404\" data-end=\"1543\">Bequem und elegant, ist der MAB M1 ausschlie\u00dflich in Schwarz und in 5 Gr\u00f6\u00dfen von S bis XXL erh\u00e4ltlich, f\u00fcr eine ma\u00dfgeschneiderte Passform<\/p>\n<p data-start=\"1545\" data-end=\"1700\" data-is-last-node=\"\" data-is-only-node=\"\">\u26a0\ufe0f Denken Sie daran, den Fast Lock vor dem Absteigen vom Motorrad zu trennen, um eine unbeabsichtigte Ausl\u00f6sung eines oder beider Airbags bei einer Zugkraft am Kabel von \u00fcber 15 kg zu vermeiden.<\/p>\n","protected":false},"featured_media":8874,"template":"","meta":[],"product_brand":[],"product_cat":[108],"product_tag":[],"class_list":{"0":"post-8582","1":"product","2":"type-product","3":"status-publish","4":"has-post-thumbnail","6":"product_cat-motorrad-airbags","8":"first","9":"instock","10":"taxable","11":"shipping-taxable","12":"purchasable","13":"product-type-variable","14":"has-default-attributes"},"yoast_head":"<!-- This site is optimized with the Yoast SEO plugin v27.0 - https:\/\/yoast.com\/product\/yoast-seo-wordpress\/ -->\n<title>MAB M1 - Motoairbag - L&#039;airbag per i motociclisti<\/title>\n<meta name=\"robots\" content=\"index, follow, max-snippet:-1, max-image-preview:large, max-video-preview:-1\" \/>\n<link rel=\"canonical\" href=\"https:\/\/www.motoairbag.com\/de\/shop\/motorrad-airbags\/mab-m1\/\" \/>\n<meta property=\"og:locale\" content=\"de_DE\" \/>\n<meta property=\"og:type\" content=\"article\" \/>\n<meta property=\"og:title\" content=\"MAB M1 - Motoairbag - L&#039;airbag per i motociclisti\" \/>\n<meta property=\"og:description\" content=\"MAB M1 ist ein Airbag-System, das entwickelt wurde, um dem Motorradfahrer im Falle eines Aufpralls maximalen Schutz zu bieten, dank des Doppel-Airbag-Systems (Dual Airbag System), das Vorder- und R\u00fcckseite abdecktEs integriert das Fast Lock Unfallerkennungssystem mit analogem Beschleunigungsmesser, das eine schnelle und zuverl\u00e4ssige Ausl\u00f6sung gew\u00e4hrleistet. Fast Lock muss \u00fcber die im Lieferumfang enthaltenen Gurte mit dem Motorrad verbunden werden und bildet so den Befestigungspunkt am Sitz MAB M1 ist aus bi-elastischem AA-Gewebe gefertigt Das Ger\u00e4t ist durch den Kauf des entsprechenden Motoairbag-Wiederaufladekits wiederaufladbar und kann nach der Ausl\u00f6sung erneut verwendet werden. Bequem und elegant, ist der MAB M1 ausschlie\u00dflich in Schwarz und in 5 Gr\u00f6\u00dfen von S bis XXL erh\u00e4ltlich, f\u00fcr eine ma\u00dfgeschneiderte Passform \u26a0\ufe0f Denken Sie daran, den Fast Lock vor dem Absteigen vom Motorrad zu trennen, um eine unbeabsichtigte Ausl\u00f6sung eines oder beider Airbags bei einer Zugkraft am Kabel von \u00fcber 15 kg zu vermeiden.\" \/>\n<meta property=\"og:url\" content=\"https:\/\/www.motoairbag.com\/de\/shop\/motorrad-airbags\/mab-m1\/\" \/>\n<meta property=\"og:site_name\" content=\"Motoairbag - L&#039;airbag per i motociclisti\" \/>\n<meta property=\"article:modified_time\" content=\"2026-04-24T10:28:17+00:00\" \/>\n<meta property=\"og:image\" content=\"https:\/\/www.motoairbag.com\/wp-content\/uploads\/2024\/06\/MAB-M1-fronte-1.jpg\" \/>\n\t<meta property=\"og:image:width\" content=\"2550\" \/>\n\t<meta property=\"og:image:height\" content=\"2550\" \/>\n\t<meta property=\"og:image:type\" content=\"image\/jpeg\" \/>\n<meta name=\"twitter:card\" content=\"summary_large_image\" \/>\n<meta name=\"twitter:label1\" content=\"Gesch\u00e4tzte Lesezeit\" \/>\n\t<meta name=\"twitter:data1\" content=\"3\u00a0Minuten\" \/>\n<script type=\"application\/ld+json\" class=\"yoast-schema-graph\">{\"@context\":\"https:\/\/schema.org\",\"@graph\":[{\"@type\":\"WebPage\",\"@id\":\"https:\/\/www.motoairbag.com\/de\/shop\/motorrad-airbags\/mab-m1\/\",\"url\":\"https:\/\/www.motoairbag.com\/de\/shop\/motorrad-airbags\/mab-m1\/\",\"name\":\"MAB M1 - Motoairbag - L&#039;airbag per i motociclisti\",\"isPartOf\":{\"@id\":\"https:\/\/www.motoairbag.com\/#website\"},\"primaryImageOfPage\":{\"@id\":\"https:\/\/www.motoairbag.com\/de\/shop\/motorrad-airbags\/mab-m1\/#primaryimage\"},\"image\":{\"@id\":\"https:\/\/www.motoairbag.com\/de\/shop\/motorrad-airbags\/mab-m1\/#primaryimage\"},\"thumbnailUrl\":\"https:\/\/www.motoairbag.com\/wp-content\/uploads\/2024\/06\/MAB-M1-fronte-1.jpg\",\"datePublished\":\"2024-06-20T09:51:27+00:00\",\"dateModified\":\"2026-04-24T10:28:17+00:00\",\"breadcrumb\":{\"@id\":\"https:\/\/www.motoairbag.com\/de\/shop\/motorrad-airbags\/mab-m1\/#breadcrumb\"},\"inLanguage\":\"de\",\"potentialAction\":[{\"@type\":\"ReadAction\",\"target\":[\"https:\/\/www.motoairbag.com\/de\/shop\/motorrad-airbags\/mab-m1\/\"]}]},{\"@type\":\"ImageObject\",\"inLanguage\":\"de\",\"@id\":\"https:\/\/www.motoairbag.com\/de\/shop\/motorrad-airbags\/mab-m1\/#primaryimage\",\"url\":\"https:\/\/www.motoairbag.com\/wp-content\/uploads\/2024\/06\/MAB-M1-fronte-1.jpg\",\"contentUrl\":\"https:\/\/www.motoairbag.com\/wp-content\/uploads\/2024\/06\/MAB-M1-fronte-1.jpg\",\"width\":2550,\"height\":2550},{\"@type\":\"BreadcrumbList\",\"@id\":\"https:\/\/www.motoairbag.com\/de\/shop\/motorrad-airbags\/mab-m1\/#breadcrumb\",\"itemListElement\":[{\"@type\":\"ListItem\",\"position\":1,\"name\":\"Home\",\"item\":\"https:\/\/www.motoairbag.com\/de\/\"},{\"@type\":\"ListItem\",\"position\":2,\"name\":\"Shop\",\"item\":\"https:\/\/www.motoairbag.com\/shop\/\"},{\"@type\":\"ListItem\",\"position\":3,\"name\":\"MAB M1\"}]},{\"@type\":\"WebSite\",\"@id\":\"https:\/\/www.motoairbag.com\/#website\",\"url\":\"https:\/\/www.motoairbag.com\/\",\"name\":\"Motoairbag - L&#039;airbag per i motociclisti\",\"description\":\"\",\"publisher\":{\"@id\":\"https:\/\/www.motoairbag.com\/#organization\"},\"potentialAction\":[{\"@type\":\"SearchAction\",\"target\":{\"@type\":\"EntryPoint\",\"urlTemplate\":\"https:\/\/www.motoairbag.com\/?s={search_term_string}\"},\"query-input\":{\"@type\":\"PropertyValueSpecification\",\"valueRequired\":true,\"valueName\":\"search_term_string\"}}],\"inLanguage\":\"de\"},{\"@type\":\"Organization\",\"@id\":\"https:\/\/www.motoairbag.com\/#organization\",\"name\":\"Motoairbag - L&#039;airbag per i motociclisti\",\"url\":\"https:\/\/www.motoairbag.com\/\",\"logo\":{\"@type\":\"ImageObject\",\"inLanguage\":\"de\",\"@id\":\"https:\/\/www.motoairbag.com\/#\/schema\/logo\/image\/\",\"url\":\"https:\/\/www.motoairbag.com\/wp-content\/uploads\/2022\/11\/logo-final.jpg\",\"contentUrl\":\"https:\/\/www.motoairbag.com\/wp-content\/uploads\/2022\/11\/logo-final.jpg\",\"width\":609,\"height\":80,\"caption\":\"Motoairbag - L&#039;airbag per i motociclisti\"},\"image\":{\"@id\":\"https:\/\/www.motoairbag.com\/#\/schema\/logo\/image\/\"}}]}<\/script>\n<!-- \/ Yoast SEO plugin. -->","yoast_head_json":{"title":"MAB M1 - Motoairbag - L&#039;airbag per i motociclisti","robots":{"index":"index","follow":"follow","max-snippet":"max-snippet:-1","max-image-preview":"max-image-preview:large","max-video-preview":"max-video-preview:-1"},"canonical":"https:\/\/www.motoairbag.com\/de\/shop\/motorrad-airbags\/mab-m1\/","og_locale":"de_DE","og_type":"article","og_title":"MAB M1 - Motoairbag - L&#039;airbag per i motociclisti","og_description":"MAB M1 ist ein Airbag-System, das entwickelt wurde, um dem Motorradfahrer im Falle eines Aufpralls maximalen Schutz zu bieten, dank des Doppel-Airbag-Systems (Dual Airbag System), das Vorder- und R\u00fcckseite abdecktEs integriert das Fast Lock Unfallerkennungssystem mit analogem Beschleunigungsmesser, das eine schnelle und zuverl\u00e4ssige Ausl\u00f6sung gew\u00e4hrleistet. Fast Lock muss \u00fcber die im Lieferumfang enthaltenen Gurte mit dem Motorrad verbunden werden und bildet so den Befestigungspunkt am Sitz MAB M1 ist aus bi-elastischem AA-Gewebe gefertigt Das Ger\u00e4t ist durch den Kauf des entsprechenden Motoairbag-Wiederaufladekits wiederaufladbar und kann nach der Ausl\u00f6sung erneut verwendet werden. Bequem und elegant, ist der MAB M1 ausschlie\u00dflich in Schwarz und in 5 Gr\u00f6\u00dfen von S bis XXL erh\u00e4ltlich, f\u00fcr eine ma\u00dfgeschneiderte Passform \u26a0\ufe0f Denken Sie daran, den Fast Lock vor dem Absteigen vom Motorrad zu trennen, um eine unbeabsichtigte Ausl\u00f6sung eines oder beider Airbags bei einer Zugkraft am Kabel von \u00fcber 15 kg zu vermeiden.","og_url":"https:\/\/www.motoairbag.com\/de\/shop\/motorrad-airbags\/mab-m1\/","og_site_name":"Motoairbag - L&#039;airbag per i motociclisti","article_modified_time":"2026-04-24T10:28:17+00:00","og_image":[{"width":2550,"height":2550,"url":"https:\/\/www.motoairbag.com\/wp-content\/uploads\/2024\/06\/MAB-M1-fronte-1.jpg","type":"image\/jpeg"}],"twitter_card":"summary_large_image","twitter_misc":{"Gesch\u00e4tzte Lesezeit":"3\u00a0Minuten"},"schema":{"@context":"https:\/\/schema.org","@graph":[{"@type":"WebPage","@id":"https:\/\/www.motoairbag.com\/de\/shop\/motorrad-airbags\/mab-m1\/","url":"https:\/\/www.motoairbag.com\/de\/shop\/motorrad-airbags\/mab-m1\/","name":"MAB M1 - Motoairbag - L&#039;airbag per i motociclisti","isPartOf":{"@id":"https:\/\/www.motoairbag.com\/#website"},"primaryImageOfPage":{"@id":"https:\/\/www.motoairbag.com\/de\/shop\/motorrad-airbags\/mab-m1\/#primaryimage"},"image":{"@id":"https:\/\/www.motoairbag.com\/de\/shop\/motorrad-airbags\/mab-m1\/#primaryimage"},"thumbnailUrl":"https:\/\/www.motoairbag.com\/wp-content\/uploads\/2024\/06\/MAB-M1-fronte-1.jpg","datePublished":"2024-06-20T09:51:27+00:00","dateModified":"2026-04-24T10:28:17+00:00","breadcrumb":{"@id":"https:\/\/www.motoairbag.com\/de\/shop\/motorrad-airbags\/mab-m1\/#breadcrumb"},"inLanguage":"de","potentialAction":[{"@type":"ReadAction","target":["https:\/\/www.motoairbag.com\/de\/shop\/motorrad-airbags\/mab-m1\/"]}]},{"@type":"ImageObject","inLanguage":"de","@id":"https:\/\/www.motoairbag.com\/de\/shop\/motorrad-airbags\/mab-m1\/#primaryimage","url":"https:\/\/www.motoairbag.com\/wp-content\/uploads\/2024\/06\/MAB-M1-fronte-1.jpg","contentUrl":"https:\/\/www.motoairbag.com\/wp-content\/uploads\/2024\/06\/MAB-M1-fronte-1.jpg","width":2550,"height":2550},{"@type":"BreadcrumbList","@id":"https:\/\/www.motoairbag.com\/de\/shop\/motorrad-airbags\/mab-m1\/#breadcrumb","itemListElement":[{"@type":"ListItem","position":1,"name":"Home","item":"https:\/\/www.motoairbag.com\/de\/"},{"@type":"ListItem","position":2,"name":"Shop","item":"https:\/\/www.motoairbag.com\/shop\/"},{"@type":"ListItem","position":3,"name":"MAB M1"}]},{"@type":"WebSite","@id":"https:\/\/www.motoairbag.com\/#website","url":"https:\/\/www.motoairbag.com\/","name":"Motoairbag - L&#039;airbag per i motociclisti","description":"","publisher":{"@id":"https:\/\/www.motoairbag.com\/#organization"},"potentialAction":[{"@type":"SearchAction","target":{"@type":"EntryPoint","urlTemplate":"https:\/\/www.motoairbag.com\/?s={search_term_string}"},"query-input":{"@type":"PropertyValueSpecification","valueRequired":true,"valueName":"search_term_string"}}],"inLanguage":"de"},{"@type":"Organization","@id":"https:\/\/www.motoairbag.com\/#organization","name":"Motoairbag - L&#039;airbag per i motociclisti","url":"https:\/\/www.motoairbag.com\/","logo":{"@type":"ImageObject","inLanguage":"de","@id":"https:\/\/www.motoairbag.com\/#\/schema\/logo\/image\/","url":"https:\/\/www.motoairbag.com\/wp-content\/uploads\/2022\/11\/logo-final.jpg","contentUrl":"https:\/\/www.motoairbag.com\/wp-content\/uploads\/2022\/11\/logo-final.jpg","width":609,"height":80,"caption":"Motoairbag - L&#039;airbag per i motociclisti"},"image":{"@id":"https:\/\/www.motoairbag.com\/#\/schema\/logo\/image\/"}}]}},"_links":{"self":[{"href":"https:\/\/www.motoairbag.com\/de\/wp-json\/wp\/v2\/product\/8582","targetHints":{"allow":["GET"]}}],"collection":[{"href":"https:\/\/www.motoairbag.com\/de\/wp-json\/wp\/v2\/product"}],"about":[{"href":"https:\/\/www.motoairbag.com\/de\/wp-json\/wp\/v2\/types\/product"}],"wp:featuredmedia":[{"embeddable":true,"href":"https:\/\/www.motoairbag.com\/de\/wp-json\/wp\/v2\/media\/8874"}],"wp:attachment":[{"href":"https:\/\/www.motoairbag.com\/de\/wp-json\/wp\/v2\/media?parent=8582"}],"wp:term":[{"taxonomy":"product_brand","embeddable":true,"href":"https:\/\/www.motoairbag.com\/de\/wp-json\/wp\/v2\/product_brand?post=8582"},{"taxonomy":"product_cat","embeddable":true,"href":"https:\/\/www.motoairbag.com\/de\/wp-json\/wp\/v2\/product_cat?post=8582"},{"taxonomy":"product_tag","embeddable":true,"href":"https:\/\/www.motoairbag.com\/de\/wp-json\/wp\/v2\/product_tag?post=8582"}],"curies":[{"name":"wp","href":"https:\/\/api.w.org\/{rel}","templated":true}]}}