{"id":7961,"date":"2023-11-28T10:34:43","date_gmt":"2023-11-28T10:34:43","guid":{"rendered":"https:\/\/www.motoairbag.com\/?post_type=product&#038;p=7961"},"modified":"2026-03-30T08:52:43","modified_gmt":"2026-03-30T08:52:43","slug":"jacke-mab-v4","status":"publish","type":"product","link":"https:\/\/www.motoairbag.com\/de\/shop\/zubehor-und-nachfullpackungen\/jacke-mab-v4\/","title":{"rendered":"JACKE MAB V4"},"content":{"rendered":"<p>Entwickelt, um eine nat\u00fcrliche Luftzirkulation zu erm\u00f6glichen: Die Luft tritt \u00fcber die Arme ein und verteilt sich im gesamten K\u00f6rper, wodurch dieser k\u00fchl und bel\u00fcftet bleibt.<\/p>\n<p>Die Vorder- und R\u00fcckseite sind stark perforiert und f\u00f6rdern den Luftstrom.<\/p>\n<p>Nicht kompatibel mit dem Modell V3 oder anderen Modellen und darf NICHT allein verwendet werden: Sie muss ausschlie\u00dflich in Kombination mit dem MOTOAIRBAG getragen werden.<\/p>\n","protected":false},"excerpt":{"rendered":"<p data-start=\"1537\" data-end=\"1839\">Fr\u00fchlings-\/Sommerjacke, perfekt f\u00fcr alle, die Komfort und Sicherheit suchen, ausschlie\u00dflich kompatibel mit den Modellen MAB V4 und MAB V4 MODULAR.<br data-start=\"1702\" data-end=\"1705\" \/>Mit starren Schulter- und Ellbogenprotektoren EN1621-1 Level 2 ausgestattet, bietet sie Schutz, ohne auf Leichtigkeit zu verzichten.<\/p>\n<p data-start=\"1841\" data-end=\"2003\">Die Jacke ist daf\u00fcr konzipiert, zusammen mit der MOTOAIRBAG V4-Weste getragen zu werden, und bietet so eine komplette und sichere L\u00f6sung f\u00fcr jede Motorradfahrt.<\/p>\n<p data-start=\"2005\" data-end=\"2158\">Hergestellt aus hochfestem Polyester, ist sie widerstandsf\u00e4hig im t\u00e4glichen Gebrauch und sorgt f\u00fcr Komfort und Atmungsaktivit\u00e4t an den hei\u00dfesten Tagen.<\/p>\n<p data-start=\"2160\" data-end=\"2268\">Erh\u00e4ltlich in drei Gr\u00f6\u00dfen, pflegeleicht und bereit, Ihr idealer Begleiter auf jeder Motorradreise zu werden.<\/p>\n","protected":false},"featured_media":6269,"template":"","meta":[],"product_brand":[],"product_cat":[109],"product_tag":[],"class_list":{"0":"post-7961","1":"product","2":"type-product","3":"status-publish","4":"has-post-thumbnail","6":"product_cat-zubehor-und-nachfullpackungen","8":"first","9":"instock","10":"taxable","11":"shipping-taxable","12":"purchasable","13":"product-type-variable"},"yoast_head":"<!-- This site is optimized with the Yoast SEO plugin v27.0 - https:\/\/yoast.com\/product\/yoast-seo-wordpress\/ -->\n<title>JACKE MAB V4 - Motoairbag - L&#039;airbag per i motociclisti<\/title>\n<meta name=\"robots\" content=\"index, follow, max-snippet:-1, max-image-preview:large, max-video-preview:-1\" \/>\n<link rel=\"canonical\" href=\"https:\/\/www.motoairbag.com\/de\/shop\/zubehor-und-nachfullpackungen\/jacke-mab-v4\/\" \/>\n<meta property=\"og:locale\" content=\"de_DE\" \/>\n<meta property=\"og:type\" content=\"article\" \/>\n<meta property=\"og:title\" content=\"JACKE MAB V4 - Motoairbag - L&#039;airbag per i motociclisti\" \/>\n<meta property=\"og:description\" content=\"Fr\u00fchlings-\/Sommerjacke, perfekt f\u00fcr alle, die Komfort und Sicherheit suchen, ausschlie\u00dflich kompatibel mit den Modellen MAB V4 und MAB V4 MODULAR.Mit starren Schulter- und Ellbogenprotektoren EN1621-1 Level 2 ausgestattet, bietet sie Schutz, ohne auf Leichtigkeit zu verzichten. Die Jacke ist daf\u00fcr konzipiert, zusammen mit der MOTOAIRBAG V4-Weste getragen zu werden, und bietet so eine komplette und sichere L\u00f6sung f\u00fcr jede Motorradfahrt. Hergestellt aus hochfestem Polyester, ist sie widerstandsf\u00e4hig im t\u00e4glichen Gebrauch und sorgt f\u00fcr Komfort und Atmungsaktivit\u00e4t an den hei\u00dfesten Tagen. Erh\u00e4ltlich in drei Gr\u00f6\u00dfen, pflegeleicht und bereit, Ihr idealer Begleiter auf jeder Motorradreise zu werden.\" \/>\n<meta property=\"og:url\" content=\"https:\/\/www.motoairbag.com\/de\/shop\/zubehor-und-nachfullpackungen\/jacke-mab-v4\/\" \/>\n<meta property=\"og:site_name\" content=\"Motoairbag - L&#039;airbag per i motociclisti\" \/>\n<meta property=\"article:modified_time\" content=\"2026-03-30T08:52:43+00:00\" \/>\n<meta property=\"og:image\" content=\"https:\/\/www.motoairbag.com\/wp-content\/uploads\/2022\/06\/maniche1_rid-scaled.jpg\" \/>\n\t<meta property=\"og:image:width\" content=\"2560\" \/>\n\t<meta property=\"og:image:height\" content=\"2560\" \/>\n\t<meta property=\"og:image:type\" content=\"image\/jpeg\" \/>\n<meta name=\"twitter:card\" content=\"summary_large_image\" \/>\n<meta name=\"twitter:label1\" content=\"Gesch\u00e4tzte Lesezeit\" \/>\n\t<meta name=\"twitter:data1\" content=\"1\u00a0Minute\" \/>\n<script type=\"application\/ld+json\" class=\"yoast-schema-graph\">{\"@context\":\"https:\/\/schema.org\",\"@graph\":[{\"@type\":\"WebPage\",\"@id\":\"https:\/\/www.motoairbag.com\/de\/shop\/zubehor-und-nachfullpackungen\/jacke-mab-v4\/\",\"url\":\"https:\/\/www.motoairbag.com\/de\/shop\/zubehor-und-nachfullpackungen\/jacke-mab-v4\/\",\"name\":\"JACKE MAB V4 - Motoairbag - L&#039;airbag per i motociclisti\",\"isPartOf\":{\"@id\":\"https:\/\/www.motoairbag.com\/#website\"},\"primaryImageOfPage\":{\"@id\":\"https:\/\/www.motoairbag.com\/de\/shop\/zubehor-und-nachfullpackungen\/jacke-mab-v4\/#primaryimage\"},\"image\":{\"@id\":\"https:\/\/www.motoairbag.com\/de\/shop\/zubehor-und-nachfullpackungen\/jacke-mab-v4\/#primaryimage\"},\"thumbnailUrl\":\"https:\/\/www.motoairbag.com\/wp-content\/uploads\/2022\/06\/maniche1_rid-scaled.jpg\",\"datePublished\":\"2023-11-28T10:34:43+00:00\",\"dateModified\":\"2026-03-30T08:52:43+00:00\",\"breadcrumb\":{\"@id\":\"https:\/\/www.motoairbag.com\/de\/shop\/zubehor-und-nachfullpackungen\/jacke-mab-v4\/#breadcrumb\"},\"inLanguage\":\"de\",\"potentialAction\":[{\"@type\":\"ReadAction\",\"target\":[\"https:\/\/www.motoairbag.com\/de\/shop\/zubehor-und-nachfullpackungen\/jacke-mab-v4\/\"]}]},{\"@type\":\"ImageObject\",\"inLanguage\":\"de\",\"@id\":\"https:\/\/www.motoairbag.com\/de\/shop\/zubehor-und-nachfullpackungen\/jacke-mab-v4\/#primaryimage\",\"url\":\"https:\/\/www.motoairbag.com\/wp-content\/uploads\/2022\/06\/maniche1_rid-scaled.jpg\",\"contentUrl\":\"https:\/\/www.motoairbag.com\/wp-content\/uploads\/2022\/06\/maniche1_rid-scaled.jpg\",\"width\":2560,\"height\":2560},{\"@type\":\"BreadcrumbList\",\"@id\":\"https:\/\/www.motoairbag.com\/de\/shop\/zubehor-und-nachfullpackungen\/jacke-mab-v4\/#breadcrumb\",\"itemListElement\":[{\"@type\":\"ListItem\",\"position\":1,\"name\":\"Home\",\"item\":\"https:\/\/www.motoairbag.com\/de\/\"},{\"@type\":\"ListItem\",\"position\":2,\"name\":\"Shop\",\"item\":\"https:\/\/www.motoairbag.com\/shop\/\"},{\"@type\":\"ListItem\",\"position\":3,\"name\":\"JACKE MAB V4\"}]},{\"@type\":\"WebSite\",\"@id\":\"https:\/\/www.motoairbag.com\/#website\",\"url\":\"https:\/\/www.motoairbag.com\/\",\"name\":\"Motoairbag - L&#039;airbag per i motociclisti\",\"description\":\"\",\"publisher\":{\"@id\":\"https:\/\/www.motoairbag.com\/#organization\"},\"potentialAction\":[{\"@type\":\"SearchAction\",\"target\":{\"@type\":\"EntryPoint\",\"urlTemplate\":\"https:\/\/www.motoairbag.com\/?s={search_term_string}\"},\"query-input\":{\"@type\":\"PropertyValueSpecification\",\"valueRequired\":true,\"valueName\":\"search_term_string\"}}],\"inLanguage\":\"de\"},{\"@type\":\"Organization\",\"@id\":\"https:\/\/www.motoairbag.com\/#organization\",\"name\":\"Motoairbag - L&#039;airbag per i motociclisti\",\"url\":\"https:\/\/www.motoairbag.com\/\",\"logo\":{\"@type\":\"ImageObject\",\"inLanguage\":\"de\",\"@id\":\"https:\/\/www.motoairbag.com\/#\/schema\/logo\/image\/\",\"url\":\"https:\/\/www.motoairbag.com\/wp-content\/uploads\/2022\/11\/logo-final.jpg\",\"contentUrl\":\"https:\/\/www.motoairbag.com\/wp-content\/uploads\/2022\/11\/logo-final.jpg\",\"width\":609,\"height\":80,\"caption\":\"Motoairbag - L&#039;airbag per i motociclisti\"},\"image\":{\"@id\":\"https:\/\/www.motoairbag.com\/#\/schema\/logo\/image\/\"}}]}<\/script>\n<!-- \/ Yoast SEO plugin. -->","yoast_head_json":{"title":"JACKE MAB V4 - Motoairbag - L&#039;airbag per i motociclisti","robots":{"index":"index","follow":"follow","max-snippet":"max-snippet:-1","max-image-preview":"max-image-preview:large","max-video-preview":"max-video-preview:-1"},"canonical":"https:\/\/www.motoairbag.com\/de\/shop\/zubehor-und-nachfullpackungen\/jacke-mab-v4\/","og_locale":"de_DE","og_type":"article","og_title":"JACKE MAB V4 - Motoairbag - L&#039;airbag per i motociclisti","og_description":"Fr\u00fchlings-\/Sommerjacke, perfekt f\u00fcr alle, die Komfort und Sicherheit suchen, ausschlie\u00dflich kompatibel mit den Modellen MAB V4 und MAB V4 MODULAR.Mit starren Schulter- und Ellbogenprotektoren EN1621-1 Level 2 ausgestattet, bietet sie Schutz, ohne auf Leichtigkeit zu verzichten. Die Jacke ist daf\u00fcr konzipiert, zusammen mit der MOTOAIRBAG V4-Weste getragen zu werden, und bietet so eine komplette und sichere L\u00f6sung f\u00fcr jede Motorradfahrt. Hergestellt aus hochfestem Polyester, ist sie widerstandsf\u00e4hig im t\u00e4glichen Gebrauch und sorgt f\u00fcr Komfort und Atmungsaktivit\u00e4t an den hei\u00dfesten Tagen. Erh\u00e4ltlich in drei Gr\u00f6\u00dfen, pflegeleicht und bereit, Ihr idealer Begleiter auf jeder Motorradreise zu werden.","og_url":"https:\/\/www.motoairbag.com\/de\/shop\/zubehor-und-nachfullpackungen\/jacke-mab-v4\/","og_site_name":"Motoairbag - L&#039;airbag per i motociclisti","article_modified_time":"2026-03-30T08:52:43+00:00","og_image":[{"width":2560,"height":2560,"url":"https:\/\/www.motoairbag.com\/wp-content\/uploads\/2022\/06\/maniche1_rid-scaled.jpg","type":"image\/jpeg"}],"twitter_card":"summary_large_image","twitter_misc":{"Gesch\u00e4tzte Lesezeit":"1\u00a0Minute"},"schema":{"@context":"https:\/\/schema.org","@graph":[{"@type":"WebPage","@id":"https:\/\/www.motoairbag.com\/de\/shop\/zubehor-und-nachfullpackungen\/jacke-mab-v4\/","url":"https:\/\/www.motoairbag.com\/de\/shop\/zubehor-und-nachfullpackungen\/jacke-mab-v4\/","name":"JACKE MAB V4 - Motoairbag - L&#039;airbag per i motociclisti","isPartOf":{"@id":"https:\/\/www.motoairbag.com\/#website"},"primaryImageOfPage":{"@id":"https:\/\/www.motoairbag.com\/de\/shop\/zubehor-und-nachfullpackungen\/jacke-mab-v4\/#primaryimage"},"image":{"@id":"https:\/\/www.motoairbag.com\/de\/shop\/zubehor-und-nachfullpackungen\/jacke-mab-v4\/#primaryimage"},"thumbnailUrl":"https:\/\/www.motoairbag.com\/wp-content\/uploads\/2022\/06\/maniche1_rid-scaled.jpg","datePublished":"2023-11-28T10:34:43+00:00","dateModified":"2026-03-30T08:52:43+00:00","breadcrumb":{"@id":"https:\/\/www.motoairbag.com\/de\/shop\/zubehor-und-nachfullpackungen\/jacke-mab-v4\/#breadcrumb"},"inLanguage":"de","potentialAction":[{"@type":"ReadAction","target":["https:\/\/www.motoairbag.com\/de\/shop\/zubehor-und-nachfullpackungen\/jacke-mab-v4\/"]}]},{"@type":"ImageObject","inLanguage":"de","@id":"https:\/\/www.motoairbag.com\/de\/shop\/zubehor-und-nachfullpackungen\/jacke-mab-v4\/#primaryimage","url":"https:\/\/www.motoairbag.com\/wp-content\/uploads\/2022\/06\/maniche1_rid-scaled.jpg","contentUrl":"https:\/\/www.motoairbag.com\/wp-content\/uploads\/2022\/06\/maniche1_rid-scaled.jpg","width":2560,"height":2560},{"@type":"BreadcrumbList","@id":"https:\/\/www.motoairbag.com\/de\/shop\/zubehor-und-nachfullpackungen\/jacke-mab-v4\/#breadcrumb","itemListElement":[{"@type":"ListItem","position":1,"name":"Home","item":"https:\/\/www.motoairbag.com\/de\/"},{"@type":"ListItem","position":2,"name":"Shop","item":"https:\/\/www.motoairbag.com\/shop\/"},{"@type":"ListItem","position":3,"name":"JACKE MAB V4"}]},{"@type":"WebSite","@id":"https:\/\/www.motoairbag.com\/#website","url":"https:\/\/www.motoairbag.com\/","name":"Motoairbag - L&#039;airbag per i motociclisti","description":"","publisher":{"@id":"https:\/\/www.motoairbag.com\/#organization"},"potentialAction":[{"@type":"SearchAction","target":{"@type":"EntryPoint","urlTemplate":"https:\/\/www.motoairbag.com\/?s={search_term_string}"},"query-input":{"@type":"PropertyValueSpecification","valueRequired":true,"valueName":"search_term_string"}}],"inLanguage":"de"},{"@type":"Organization","@id":"https:\/\/www.motoairbag.com\/#organization","name":"Motoairbag - L&#039;airbag per i motociclisti","url":"https:\/\/www.motoairbag.com\/","logo":{"@type":"ImageObject","inLanguage":"de","@id":"https:\/\/www.motoairbag.com\/#\/schema\/logo\/image\/","url":"https:\/\/www.motoairbag.com\/wp-content\/uploads\/2022\/11\/logo-final.jpg","contentUrl":"https:\/\/www.motoairbag.com\/wp-content\/uploads\/2022\/11\/logo-final.jpg","width":609,"height":80,"caption":"Motoairbag - L&#039;airbag per i motociclisti"},"image":{"@id":"https:\/\/www.motoairbag.com\/#\/schema\/logo\/image\/"}}]}},"_links":{"self":[{"href":"https:\/\/www.motoairbag.com\/de\/wp-json\/wp\/v2\/product\/7961","targetHints":{"allow":["GET"]}}],"collection":[{"href":"https:\/\/www.motoairbag.com\/de\/wp-json\/wp\/v2\/product"}],"about":[{"href":"https:\/\/www.motoairbag.com\/de\/wp-json\/wp\/v2\/types\/product"}],"wp:featuredmedia":[{"embeddable":true,"href":"https:\/\/www.motoairbag.com\/de\/wp-json\/wp\/v2\/media\/6269"}],"wp:attachment":[{"href":"https:\/\/www.motoairbag.com\/de\/wp-json\/wp\/v2\/media?parent=7961"}],"wp:term":[{"taxonomy":"product_brand","embeddable":true,"href":"https:\/\/www.motoairbag.com\/de\/wp-json\/wp\/v2\/product_brand?post=7961"},{"taxonomy":"product_cat","embeddable":true,"href":"https:\/\/www.motoairbag.com\/de\/wp-json\/wp\/v2\/product_cat?post=7961"},{"taxonomy":"product_tag","embeddable":true,"href":"https:\/\/www.motoairbag.com\/de\/wp-json\/wp\/v2\/product_tag?post=7961"}],"curies":[{"name":"wp","href":"https:\/\/api.w.org\/{rel}","templated":true}]}}