{"id":7826,"date":"2023-11-23T11:32:11","date_gmt":"2023-11-23T11:32:11","guid":{"rendered":"https:\/\/www.motoairbag.com\/?post_type=product&#038;p=7826"},"modified":"2026-04-24T10:29:03","modified_gmt":"2026-04-24T10:29:03","slug":"mab-v4-gilet-modular","status":"publish","type":"product","link":"https:\/\/www.motoairbag.com\/de\/shop\/motorrad-airbags\/mab-v4-gilet-modular\/","title":{"rendered":"MAB V4 GILET MODULAR"},"content":{"rendered":"<p>[vc_row disable_background_image=&#8220;&#8220;][vc_column][vc_tta_accordion][vc_tta_section title=&#8220;ALLGEMEINE MERKMALE&#8220; tab_id=&#8220;1665647274320-421b536b-15c7&#8243;][vc_column_text]<\/p>\n<ul>\n<li>Weste mit interner Vorbereitung f\u00fcr perforierte Sommerjacke (nicht enthalten)<\/li>\n<li>Zertifiziert nach EN1621-4 Level 2 als Airbag f\u00fcr Motorradfahrer<\/li>\n<li>Analoge Ausl\u00f6sung \u00fcber Fast-Lock<\/li>\n<li>Wiederaufladbar<\/li>\n<li>Schutzvolumen: 25 Liter<\/li>\n<li>Synchronisierer zur Steuerung der beiden Airbagsysteme<\/li>\n<li>Fluo- und Reflexeins\u00e4tze f\u00fcr bessere Sichtbarkeit<\/li>\n<li>Praktische und zug\u00e4ngliche Au\u00dfentasche<\/li>\n<li>\u00dcber der Jacke zu tragen<\/li>\n<li>Seitliche Verstellm\u00f6glichkeiten, um sich an dicke oder mehrlagige Winterjacken und leichtere Sommerjacken anzupassen<\/li>\n<\/ul>\n<p>[\/vc_column_text][\/vc_tta_section][vc_tta_section title=&#8220;TECHNISCHE DATEN&#8220; tab_id=&#8220;1665647327764-f4d815c0-1938&#8243;][vc_column_text]<\/p>\n<ul>\n<li data-start=\"43\" data-end=\"568\">Doppel-Airbag-System (Dual Airbag System)<br data-start=\"88\" data-end=\"91\" \/>\u2013 R\u00fcckw\u00e4rtiger Airbag zum Schutz des R\u00fcckens von der Halswirbels\u00e4ule bis zum Stei\u00dfbein. Zertifiziert nach AIRBAG EN1621\/4 FB Level 2. Restkraft nach Aufpralltest: 1,4 kN (Grenzwert Level 1 AIRBAG = 4,5 kN; Grenzwert Level 2 AIRBAG = 2,5 kN)<br data-start=\"343\" data-end=\"346\" \/>\u2013 Vorderer Airbag zum Schutz von Brust, Bauch und Hals. Zertifiziert nach AIRBAG EN1621\/4 DC Level 2. Restkraft nach Aufpralltest: 0,8 kN (Grenzwert Level 1 AIRBAG = 4,5 kN; Grenzwert Level 2 AIRBAG = 2,5 kN)<\/li>\n<li data-start=\"570\" data-end=\"915\">Fast-Lock-Technologie f\u00fcr eine vollst\u00e4ndige und zuverl\u00e4ssige Unfallerkennung<\/li>\n<li data-start=\"570\" data-end=\"915\">Aufblaszeit: 80 Millisekunden f\u00fcr beide Airbagsysteme<\/li>\n<li data-start=\"570\" data-end=\"915\">Gesamtes Schutzvolumen: 25 Liter (15 Liter hinterer Airbag + 10 Liter vorderer Airbag)<\/li>\n<li data-start=\"570\" data-end=\"915\">Gewicht des Airbagsystems: 800 g (hinterer Airbag) \u2013 600 g (vorderer Airbag). Gesamtgewicht: 2,1 kg<\/li>\n<li data-start=\"917\" data-end=\"1903\">Wiederverwendbar: durch den Benutzer in wenigen Minuten \u00fcber das Nachf\u00fcllkit wiederaufladbar, nach einfacher Kontrolle gem\u00e4\u00df Handbuch<\/li>\n<li data-start=\"917\" data-end=\"1903\">Ausgestattet mit einer praktischen Au\u00dfentasche als Dokumententasche<\/li>\n<li data-start=\"917\" data-end=\"1903\">Hergestellt aus hochfestem Polyester mit perforierter Struktur<\/li>\n<li data-start=\"917\" data-end=\"1903\">Innenfutter aus 3D-Material zur besseren Luftzirkulation<\/li>\n<li data-start=\"917\" data-end=\"1903\">Fluo- und reflektierende Eins\u00e4tze f\u00fcr erh\u00f6hte Sichtbarkeit<\/li>\n<li data-start=\"917\" data-end=\"1903\">Seitliche Rei\u00dfverschlussverstellungen f\u00fcr einfache Anpassung an unterschiedliche Gr\u00f6\u00dfen<\/li>\n<li data-start=\"917\" data-end=\"1903\">Zus\u00e4tzliche seitliche Riemenverstellungen f\u00fcr die Nutzung \u00fcber leichten Sommerjacken oder mehrlagigen Winterjacken<\/li>\n<li data-start=\"917\" data-end=\"1903\">Integrierter Taillengurt, um die Weste korrekt zu positionieren \u2013 sowohl w\u00e4hrend der Fahrt als auch im Falle einer Aktivierung<\/li>\n<li data-start=\"917\" data-end=\"1903\">Elastische Eins\u00e4tze an H\u00fcften und Schultern, die sich beim Aufblasen ausdehnen, um die korrekte Entfaltung beider Airbags zu erm\u00f6glichen, ohne die Bewegungsfreiheit einzuschr\u00e4nken<\/li>\n<li data-start=\"917\" data-end=\"1903\">Automatische Entl\u00fcftungsventile<\/li>\n<li data-start=\"1905\" data-end=\"2178\">Fast-Lock-Synchronisationssystem: aktiviert intelligent den Airbag, der dem Aufprallpunkt am n\u00e4chsten ist; z.\u202fB. bei einem Frontalaufprall bl\u00e4st sich zuerst der vordere Airbag auf, dann der hintere, bei einem Auffahrunfall zuerst der hintere, dann der vordere Airbag.<\/li>\n<li data-start=\"2180\" data-end=\"2528\">System zur Vermeidung unbeabsichtigter Ausl\u00f6sung: zum Aktivieren der Weste muss das Kabel vollst\u00e4ndig herausgezogen, die R\u00fcckholfederkraft des Fast Lock \u00fcberwunden und eine Zugkraft von 15 kg angewendet werden; f\u00fcr die ersten Eins\u00e4tze wird ein Erinnerungsaufkleber mitgeliefert, der auf das Armaturenbrett geklebt werden kann.<\/li>\n<li data-start=\"2530\" data-end=\"2686\">Optimiertes Design f\u00fcr \u00fcberlegenen Komfort, kompatibel mit allen Arten von Jacken<\/li>\n<li data-start=\"2530\" data-end=\"2686\">Fast Lock ist kompatibel mit Schnellverschluss-Karabiner<\/li>\n<\/ul>\n<p>[\/vc_column_text][\/vc_tta_section][vc_tta_section title=&#8220;SICHERHEITSZERTIFIKATE&#8220; tab_id=&#8220;1665647393215-fcd34d4d-e657&#8243;][vc_column_text]<\/p>\n<article class=\"text-token-text-primary w-full focus:outline-none [--shadow-height:45px] has-data-writing-block:pointer-events-none has-data-writing-block:-mt-(--shadow-height) has-data-writing-block:pt-(--shadow-height) [&amp;:has([data-writing-block])&gt;*]:pointer-events-auto [content-visibility:auto] supports-[content-visibility:auto]:[contain-intrinsic-size:auto_100lvh] scroll-mt-[calc(var(--header-height)+min(200px,max(70px,20svh)))]\" dir=\"auto\" tabindex=\"-1\" data-turn-id=\"request-WEB:d2b79239-dd33-47ff-a6f3-99f1eaec4cd7-18\" data-testid=\"conversation-turn-38\" data-scroll-anchor=\"true\" data-turn=\"assistant\">\n<div class=\"text-base my-auto mx-auto pb-10 [--thread-content-margin:--spacing(4)] thread-sm:[--thread-content-margin:--spacing(6)] thread-lg:[--thread-content-margin:--spacing(16)] px-(--thread-content-margin)\">\n<div class=\"[--thread-content-max-width:40rem] thread-lg:[--thread-content-max-width:48rem] mx-auto max-w-(--thread-content-max-width) flex-1 group\/turn-messages focus-visible:outline-hidden relative flex w-full min-w-0 flex-col agent-turn\" tabindex=\"-1\">\n<div class=\"flex max-w-full flex-col grow\">\n<div class=\"min-h-8 text-message relative flex w-full flex-col items-end gap-2 text-start break-words whitespace-normal [.text-message+&amp;]:mt-1\" dir=\"auto\" data-message-author-role=\"assistant\" data-message-id=\"30d756bf-70eb-45bc-a916-8ca944f11d44\" data-message-model-slug=\"gpt-5-mini\">\n<div class=\"flex w-full flex-col gap-1 empty:hidden first:pt-[1px]\">\n<div class=\"markdown prose dark:prose-invert w-full break-words light markdown-new-styling\">\n<ul>\n<li data-start=\"43\" data-end=\"313\">Vorderer Airbag \u2013 Zertifiziert AIRBAG EN1621\/4 Level 2 DC (maximales Niveau)<\/li>\n<li data-start=\"43\" data-end=\"313\">Hinterer Airbag \u2013 Zertifiziert AIRBAG EN1621\/4 Level 2 FB (maximales Niveau)<\/li>\n<li data-start=\"43\" data-end=\"313\">Ausl\u00f6sesystem mit Fast Lock und analogem Beschleunigungsmesser<\/li>\n<li data-start=\"43\" data-end=\"313\">Synchronisierer<\/li>\n<\/ul>\n<\/div>\n<\/div>\n<\/div>\n<\/div>\n<div class=\"z-0 flex min-h-[46px] justify-start\">[\/vc_column_text][\/vc_tta_section][\/vc_tta_accordion][\/vc_column][\/vc_row]<\/div>\n<\/div>\n<\/div>\n<\/article>\n","protected":false},"excerpt":{"rendered":"<p data-start=\"1013\" data-end=\"1548\">MAB V4 MODULAR ist ein Airbag-System, das entwickelt wurde, um dem Motorradfahrer im Falle eines Aufpralls maximalen Schutz zu bieten, dank des Doppel-Airbag-Systems (Dual Airbag System), das vorne und hinten Schutz bietet<br data-start=\"1250\" data-end=\"1253\" \/>Es integriert das Fast-Lock-Unfallerkennungssystem mit analogem Beschleunigungsmesser, das eine schnelle und zuverl\u00e4ssige Ausl\u00f6sung gew\u00e4hrleistet. Fast Lock muss \u00fcber die im Lieferumfang enthaltenen speziellen Gurte mit dem Motorrad verbunden werden und den Befestigungspunkt am Sitz erstellen<\/p>\n<p data-start=\"1550\" data-end=\"1761\">MAB V4 MODULAR verf\u00fcgt \u00fcber eine interne Vorbereitung, um mit der herausnehmbaren perforierten Weste f\u00fcr die Sommermonate mit harten Schulter- und Ellbogensch\u00fctzern kombiniert zu werden (Jacke nicht enthalten)<\/p>\n<p data-start=\"1550\" data-end=\"1761\">Das Ger\u00e4t ist durch den Kauf des entsprechenden Motoairbag-Wiederaufladekits wiederaufladbar und kann nach der Ausl\u00f6sung erneut verwendet werden.<\/p>\n<p data-start=\"1763\" data-end=\"1917\">MAB V4 MODULAR besteht aus hochfestem Polyester und ist in Grau\/Fluo und Schwarz\/Fluo mit reflektierenden Eins\u00e4tzen f\u00fcr optimale Sichtbarkeit erh\u00e4ltlich<\/p>\n<p data-start=\"1919\" data-end=\"2076\" data-is-last-node=\"\" data-is-only-node=\"\">\u26a0\ufe0f Denken Sie daran, den Fast Lock vor dem Absteigen vom Motorrad zu trennen, um eine unbeabsichtigte Ausl\u00f6sung eines oder beider Airbags bei einer Zugkraft am Kabel von \u00fcber 15 kg zu vermeiden.<\/p>\n","protected":false},"featured_media":7879,"template":"","meta":[],"product_brand":[],"product_cat":[108],"product_tag":[],"class_list":{"0":"post-7826","1":"product","2":"type-product","3":"status-publish","4":"has-post-thumbnail","6":"product_cat-motorrad-airbags","8":"first","9":"instock","10":"taxable","11":"shipping-taxable","12":"purchasable","13":"product-type-variable"},"yoast_head":"<!-- This site is optimized with the Yoast SEO plugin v27.0 - https:\/\/yoast.com\/product\/yoast-seo-wordpress\/ -->\n<title>MAB V4 GILET MODULAR - Motoairbag - L&#039;airbag per i motociclisti<\/title>\n<meta name=\"robots\" content=\"index, follow, max-snippet:-1, max-image-preview:large, max-video-preview:-1\" \/>\n<link rel=\"canonical\" href=\"https:\/\/www.motoairbag.com\/de\/shop\/motorrad-airbags\/mab-v4-gilet-modular\/\" \/>\n<meta property=\"og:locale\" content=\"de_DE\" \/>\n<meta property=\"og:type\" content=\"article\" \/>\n<meta property=\"og:title\" content=\"MAB V4 GILET MODULAR - Motoairbag - L&#039;airbag per i motociclisti\" \/>\n<meta property=\"og:description\" content=\"MAB V4 MODULAR ist ein Airbag-System, das entwickelt wurde, um dem Motorradfahrer im Falle eines Aufpralls maximalen Schutz zu bieten, dank des Doppel-Airbag-Systems (Dual Airbag System), das vorne und hinten Schutz bietetEs integriert das Fast-Lock-Unfallerkennungssystem mit analogem Beschleunigungsmesser, das eine schnelle und zuverl\u00e4ssige Ausl\u00f6sung gew\u00e4hrleistet. Fast Lock muss \u00fcber die im Lieferumfang enthaltenen speziellen Gurte mit dem Motorrad verbunden werden und den Befestigungspunkt am Sitz erstellen MAB V4 MODULAR verf\u00fcgt \u00fcber eine interne Vorbereitung, um mit der herausnehmbaren perforierten Weste f\u00fcr die Sommermonate mit harten Schulter- und Ellbogensch\u00fctzern kombiniert zu werden (Jacke nicht enthalten) Das Ger\u00e4t ist durch den Kauf des entsprechenden Motoairbag-Wiederaufladekits wiederaufladbar und kann nach der Ausl\u00f6sung erneut verwendet werden. MAB V4 MODULAR besteht aus hochfestem Polyester und ist in Grau\/Fluo und Schwarz\/Fluo mit reflektierenden Eins\u00e4tzen f\u00fcr optimale Sichtbarkeit erh\u00e4ltlich \u26a0\ufe0f Denken Sie daran, den Fast Lock vor dem Absteigen vom Motorrad zu trennen, um eine unbeabsichtigte Ausl\u00f6sung eines oder beider Airbags bei einer Zugkraft am Kabel von \u00fcber 15 kg zu vermeiden.\" \/>\n<meta property=\"og:url\" content=\"https:\/\/www.motoairbag.com\/de\/shop\/motorrad-airbags\/mab-v4-gilet-modular\/\" \/>\n<meta property=\"og:site_name\" content=\"Motoairbag - L&#039;airbag per i motociclisti\" \/>\n<meta property=\"article:modified_time\" content=\"2026-04-24T10:29:03+00:00\" \/>\n<meta property=\"og:image\" content=\"https:\/\/www.motoairbag.com\/wp-content\/uploads\/2023\/11\/V4Mg_1.jpg\" \/>\n\t<meta property=\"og:image:width\" content=\"2500\" \/>\n\t<meta property=\"og:image:height\" content=\"2500\" \/>\n\t<meta property=\"og:image:type\" content=\"image\/jpeg\" \/>\n<meta name=\"twitter:card\" content=\"summary_large_image\" \/>\n<meta name=\"twitter:label1\" content=\"Gesch\u00e4tzte Lesezeit\" \/>\n\t<meta name=\"twitter:data1\" content=\"3\u00a0Minuten\" \/>\n<script type=\"application\/ld+json\" class=\"yoast-schema-graph\">{\"@context\":\"https:\/\/schema.org\",\"@graph\":[{\"@type\":\"WebPage\",\"@id\":\"https:\/\/www.motoairbag.com\/de\/shop\/motorrad-airbags\/mab-v4-gilet-modular\/\",\"url\":\"https:\/\/www.motoairbag.com\/de\/shop\/motorrad-airbags\/mab-v4-gilet-modular\/\",\"name\":\"MAB V4 GILET MODULAR - Motoairbag - L&#039;airbag per i motociclisti\",\"isPartOf\":{\"@id\":\"https:\/\/www.motoairbag.com\/#website\"},\"primaryImageOfPage\":{\"@id\":\"https:\/\/www.motoairbag.com\/de\/shop\/motorrad-airbags\/mab-v4-gilet-modular\/#primaryimage\"},\"image\":{\"@id\":\"https:\/\/www.motoairbag.com\/de\/shop\/motorrad-airbags\/mab-v4-gilet-modular\/#primaryimage\"},\"thumbnailUrl\":\"https:\/\/www.motoairbag.com\/wp-content\/uploads\/2023\/11\/V4Mg_1.jpg\",\"datePublished\":\"2023-11-23T11:32:11+00:00\",\"dateModified\":\"2026-04-24T10:29:03+00:00\",\"breadcrumb\":{\"@id\":\"https:\/\/www.motoairbag.com\/de\/shop\/motorrad-airbags\/mab-v4-gilet-modular\/#breadcrumb\"},\"inLanguage\":\"de\",\"potentialAction\":[{\"@type\":\"ReadAction\",\"target\":[\"https:\/\/www.motoairbag.com\/de\/shop\/motorrad-airbags\/mab-v4-gilet-modular\/\"]}]},{\"@type\":\"ImageObject\",\"inLanguage\":\"de\",\"@id\":\"https:\/\/www.motoairbag.com\/de\/shop\/motorrad-airbags\/mab-v4-gilet-modular\/#primaryimage\",\"url\":\"https:\/\/www.motoairbag.com\/wp-content\/uploads\/2023\/11\/V4Mg_1.jpg\",\"contentUrl\":\"https:\/\/www.motoairbag.com\/wp-content\/uploads\/2023\/11\/V4Mg_1.jpg\",\"width\":2500,\"height\":2500},{\"@type\":\"BreadcrumbList\",\"@id\":\"https:\/\/www.motoairbag.com\/de\/shop\/motorrad-airbags\/mab-v4-gilet-modular\/#breadcrumb\",\"itemListElement\":[{\"@type\":\"ListItem\",\"position\":1,\"name\":\"Home\",\"item\":\"https:\/\/www.motoairbag.com\/de\/\"},{\"@type\":\"ListItem\",\"position\":2,\"name\":\"Shop\",\"item\":\"https:\/\/www.motoairbag.com\/shop\/\"},{\"@type\":\"ListItem\",\"position\":3,\"name\":\"MAB V4 GILET MODULAR\"}]},{\"@type\":\"WebSite\",\"@id\":\"https:\/\/www.motoairbag.com\/#website\",\"url\":\"https:\/\/www.motoairbag.com\/\",\"name\":\"Motoairbag - L&#039;airbag per i motociclisti\",\"description\":\"\",\"publisher\":{\"@id\":\"https:\/\/www.motoairbag.com\/#organization\"},\"potentialAction\":[{\"@type\":\"SearchAction\",\"target\":{\"@type\":\"EntryPoint\",\"urlTemplate\":\"https:\/\/www.motoairbag.com\/?s={search_term_string}\"},\"query-input\":{\"@type\":\"PropertyValueSpecification\",\"valueRequired\":true,\"valueName\":\"search_term_string\"}}],\"inLanguage\":\"de\"},{\"@type\":\"Organization\",\"@id\":\"https:\/\/www.motoairbag.com\/#organization\",\"name\":\"Motoairbag - L&#039;airbag per i motociclisti\",\"url\":\"https:\/\/www.motoairbag.com\/\",\"logo\":{\"@type\":\"ImageObject\",\"inLanguage\":\"de\",\"@id\":\"https:\/\/www.motoairbag.com\/#\/schema\/logo\/image\/\",\"url\":\"https:\/\/www.motoairbag.com\/wp-content\/uploads\/2022\/11\/logo-final.jpg\",\"contentUrl\":\"https:\/\/www.motoairbag.com\/wp-content\/uploads\/2022\/11\/logo-final.jpg\",\"width\":609,\"height\":80,\"caption\":\"Motoairbag - L&#039;airbag per i motociclisti\"},\"image\":{\"@id\":\"https:\/\/www.motoairbag.com\/#\/schema\/logo\/image\/\"}}]}<\/script>\n<!-- \/ Yoast SEO plugin. -->","yoast_head_json":{"title":"MAB V4 GILET MODULAR - Motoairbag - L&#039;airbag per i motociclisti","robots":{"index":"index","follow":"follow","max-snippet":"max-snippet:-1","max-image-preview":"max-image-preview:large","max-video-preview":"max-video-preview:-1"},"canonical":"https:\/\/www.motoairbag.com\/de\/shop\/motorrad-airbags\/mab-v4-gilet-modular\/","og_locale":"de_DE","og_type":"article","og_title":"MAB V4 GILET MODULAR - Motoairbag - L&#039;airbag per i motociclisti","og_description":"MAB V4 MODULAR ist ein Airbag-System, das entwickelt wurde, um dem Motorradfahrer im Falle eines Aufpralls maximalen Schutz zu bieten, dank des Doppel-Airbag-Systems (Dual Airbag System), das vorne und hinten Schutz bietetEs integriert das Fast-Lock-Unfallerkennungssystem mit analogem Beschleunigungsmesser, das eine schnelle und zuverl\u00e4ssige Ausl\u00f6sung gew\u00e4hrleistet. Fast Lock muss \u00fcber die im Lieferumfang enthaltenen speziellen Gurte mit dem Motorrad verbunden werden und den Befestigungspunkt am Sitz erstellen MAB V4 MODULAR verf\u00fcgt \u00fcber eine interne Vorbereitung, um mit der herausnehmbaren perforierten Weste f\u00fcr die Sommermonate mit harten Schulter- und Ellbogensch\u00fctzern kombiniert zu werden (Jacke nicht enthalten) Das Ger\u00e4t ist durch den Kauf des entsprechenden Motoairbag-Wiederaufladekits wiederaufladbar und kann nach der Ausl\u00f6sung erneut verwendet werden. MAB V4 MODULAR besteht aus hochfestem Polyester und ist in Grau\/Fluo und Schwarz\/Fluo mit reflektierenden Eins\u00e4tzen f\u00fcr optimale Sichtbarkeit erh\u00e4ltlich \u26a0\ufe0f Denken Sie daran, den Fast Lock vor dem Absteigen vom Motorrad zu trennen, um eine unbeabsichtigte Ausl\u00f6sung eines oder beider Airbags bei einer Zugkraft am Kabel von \u00fcber 15 kg zu vermeiden.","og_url":"https:\/\/www.motoairbag.com\/de\/shop\/motorrad-airbags\/mab-v4-gilet-modular\/","og_site_name":"Motoairbag - L&#039;airbag per i motociclisti","article_modified_time":"2026-04-24T10:29:03+00:00","og_image":[{"width":2500,"height":2500,"url":"https:\/\/www.motoairbag.com\/wp-content\/uploads\/2023\/11\/V4Mg_1.jpg","type":"image\/jpeg"}],"twitter_card":"summary_large_image","twitter_misc":{"Gesch\u00e4tzte Lesezeit":"3\u00a0Minuten"},"schema":{"@context":"https:\/\/schema.org","@graph":[{"@type":"WebPage","@id":"https:\/\/www.motoairbag.com\/de\/shop\/motorrad-airbags\/mab-v4-gilet-modular\/","url":"https:\/\/www.motoairbag.com\/de\/shop\/motorrad-airbags\/mab-v4-gilet-modular\/","name":"MAB V4 GILET MODULAR - Motoairbag - L&#039;airbag per i motociclisti","isPartOf":{"@id":"https:\/\/www.motoairbag.com\/#website"},"primaryImageOfPage":{"@id":"https:\/\/www.motoairbag.com\/de\/shop\/motorrad-airbags\/mab-v4-gilet-modular\/#primaryimage"},"image":{"@id":"https:\/\/www.motoairbag.com\/de\/shop\/motorrad-airbags\/mab-v4-gilet-modular\/#primaryimage"},"thumbnailUrl":"https:\/\/www.motoairbag.com\/wp-content\/uploads\/2023\/11\/V4Mg_1.jpg","datePublished":"2023-11-23T11:32:11+00:00","dateModified":"2026-04-24T10:29:03+00:00","breadcrumb":{"@id":"https:\/\/www.motoairbag.com\/de\/shop\/motorrad-airbags\/mab-v4-gilet-modular\/#breadcrumb"},"inLanguage":"de","potentialAction":[{"@type":"ReadAction","target":["https:\/\/www.motoairbag.com\/de\/shop\/motorrad-airbags\/mab-v4-gilet-modular\/"]}]},{"@type":"ImageObject","inLanguage":"de","@id":"https:\/\/www.motoairbag.com\/de\/shop\/motorrad-airbags\/mab-v4-gilet-modular\/#primaryimage","url":"https:\/\/www.motoairbag.com\/wp-content\/uploads\/2023\/11\/V4Mg_1.jpg","contentUrl":"https:\/\/www.motoairbag.com\/wp-content\/uploads\/2023\/11\/V4Mg_1.jpg","width":2500,"height":2500},{"@type":"BreadcrumbList","@id":"https:\/\/www.motoairbag.com\/de\/shop\/motorrad-airbags\/mab-v4-gilet-modular\/#breadcrumb","itemListElement":[{"@type":"ListItem","position":1,"name":"Home","item":"https:\/\/www.motoairbag.com\/de\/"},{"@type":"ListItem","position":2,"name":"Shop","item":"https:\/\/www.motoairbag.com\/shop\/"},{"@type":"ListItem","position":3,"name":"MAB V4 GILET MODULAR"}]},{"@type":"WebSite","@id":"https:\/\/www.motoairbag.com\/#website","url":"https:\/\/www.motoairbag.com\/","name":"Motoairbag - L&#039;airbag per i motociclisti","description":"","publisher":{"@id":"https:\/\/www.motoairbag.com\/#organization"},"potentialAction":[{"@type":"SearchAction","target":{"@type":"EntryPoint","urlTemplate":"https:\/\/www.motoairbag.com\/?s={search_term_string}"},"query-input":{"@type":"PropertyValueSpecification","valueRequired":true,"valueName":"search_term_string"}}],"inLanguage":"de"},{"@type":"Organization","@id":"https:\/\/www.motoairbag.com\/#organization","name":"Motoairbag - L&#039;airbag per i motociclisti","url":"https:\/\/www.motoairbag.com\/","logo":{"@type":"ImageObject","inLanguage":"de","@id":"https:\/\/www.motoairbag.com\/#\/schema\/logo\/image\/","url":"https:\/\/www.motoairbag.com\/wp-content\/uploads\/2022\/11\/logo-final.jpg","contentUrl":"https:\/\/www.motoairbag.com\/wp-content\/uploads\/2022\/11\/logo-final.jpg","width":609,"height":80,"caption":"Motoairbag - L&#039;airbag per i motociclisti"},"image":{"@id":"https:\/\/www.motoairbag.com\/#\/schema\/logo\/image\/"}}]}},"_links":{"self":[{"href":"https:\/\/www.motoairbag.com\/de\/wp-json\/wp\/v2\/product\/7826","targetHints":{"allow":["GET"]}}],"collection":[{"href":"https:\/\/www.motoairbag.com\/de\/wp-json\/wp\/v2\/product"}],"about":[{"href":"https:\/\/www.motoairbag.com\/de\/wp-json\/wp\/v2\/types\/product"}],"wp:featuredmedia":[{"embeddable":true,"href":"https:\/\/www.motoairbag.com\/de\/wp-json\/wp\/v2\/media\/7879"}],"wp:attachment":[{"href":"https:\/\/www.motoairbag.com\/de\/wp-json\/wp\/v2\/media?parent=7826"}],"wp:term":[{"taxonomy":"product_brand","embeddable":true,"href":"https:\/\/www.motoairbag.com\/de\/wp-json\/wp\/v2\/product_brand?post=7826"},{"taxonomy":"product_cat","embeddable":true,"href":"https:\/\/www.motoairbag.com\/de\/wp-json\/wp\/v2\/product_cat?post=7826"},{"taxonomy":"product_tag","embeddable":true,"href":"https:\/\/www.motoairbag.com\/de\/wp-json\/wp\/v2\/product_tag?post=7826"}],"curies":[{"name":"wp","href":"https:\/\/api.w.org\/{rel}","templated":true}]}}