{"id":7505,"date":"2023-06-20T14:21:21","date_gmt":"2023-06-20T14:21:21","guid":{"rendered":"https:\/\/www.motoairbag.com\/?post_type=product&#038;p=7505"},"modified":"2025-10-30T10:06:12","modified_gmt":"2025-10-30T10:06:12","slug":"mab-off-road-adapter","status":"publish","type":"product","link":"https:\/\/www.motoairbag.com\/de\/shop\/zubehor-und-nachfullpackungen\/mab-off-road-adapter\/","title":{"rendered":"MAB OFF-ROAD-ADAPTER"},"content":{"rendered":"<p data-start=\"860\" data-end=\"1043\">Der spezielle elastische Gurt erm\u00f6glicht es, die Empfindlichkeit von Fast Lock anzupassen, wenn der MOTOAIRBAG unter extremen OFF-ROAD-Bedingungen verwendet wird.<\/p>\n<p data-start=\"1045\" data-end=\"1301\">Mit einer L\u00e4nge von ca. 15 cm passt er sich den Bewegungen des anspruchsvollsten Gel\u00e4ndes an und sorgt f\u00fcr Sicherheit und Vielseitigkeit. Leicht zu installieren und zu entfernen, kann er auch direkt \u00fcber die Schnellverschlussbefestigung verbunden werden.<\/p>\n","protected":false},"excerpt":{"rendered":"<p data-start=\"1050\" data-end=\"1277\">Speziell f\u00fcr anspruchsvolles OFF-ROAD entwickelt, bietet dieser Gurt kontrollierte Elastizit\u00e4t und Robustheit, wodurch das Fast Lock-System auch unter den schwierigsten Bedingungen zuverl\u00e4ssig funktioniert.<\/p>\n<p data-start=\"1279\" data-end=\"1532\">Um zur klassischen Empfindlichkeit zur\u00fcckzukehren, die f\u00fcr Stra\u00dfenfahrten oder normale Off-Road-Strecken empfohlen wird, einfach den Adapter abkoppeln und Fast Lock direkt am Motorrad anschlie\u00dfen, um Gleichgewicht, Schutz und Fahrfreiheit zu bewahren.<\/p>\n","protected":false},"featured_media":7512,"template":"","meta":[],"product_brand":[],"product_cat":[109],"product_tag":[],"class_list":{"0":"post-7505","1":"product","2":"type-product","3":"status-publish","4":"has-post-thumbnail","6":"product_cat-zubehor-und-nachfullpackungen","8":"first","9":"instock","10":"taxable","11":"shipping-taxable","12":"purchasable","13":"product-type-simple"},"yoast_head":"<!-- This site is optimized with the Yoast SEO plugin v27.0 - https:\/\/yoast.com\/product\/yoast-seo-wordpress\/ -->\n<title>MAB OFF-ROAD-ADAPTER - Motoairbag - L&#039;airbag per i motociclisti<\/title>\n<meta name=\"robots\" content=\"index, follow, max-snippet:-1, max-image-preview:large, max-video-preview:-1\" \/>\n<link rel=\"canonical\" href=\"https:\/\/www.motoairbag.com\/de\/shop\/zubehor-und-nachfullpackungen\/mab-off-road-adapter\/\" \/>\n<meta property=\"og:locale\" content=\"de_DE\" \/>\n<meta property=\"og:type\" content=\"article\" \/>\n<meta property=\"og:title\" content=\"MAB OFF-ROAD-ADAPTER - Motoairbag - L&#039;airbag per i motociclisti\" \/>\n<meta property=\"og:description\" content=\"Speziell f\u00fcr anspruchsvolles OFF-ROAD entwickelt, bietet dieser Gurt kontrollierte Elastizit\u00e4t und Robustheit, wodurch das Fast Lock-System auch unter den schwierigsten Bedingungen zuverl\u00e4ssig funktioniert. Um zur klassischen Empfindlichkeit zur\u00fcckzukehren, die f\u00fcr Stra\u00dfenfahrten oder normale Off-Road-Strecken empfohlen wird, einfach den Adapter abkoppeln und Fast Lock direkt am Motorrad anschlie\u00dfen, um Gleichgewicht, Schutz und Fahrfreiheit zu bewahren.\" \/>\n<meta property=\"og:url\" content=\"https:\/\/www.motoairbag.com\/de\/shop\/zubehor-und-nachfullpackungen\/mab-off-road-adapter\/\" \/>\n<meta property=\"og:site_name\" content=\"Motoairbag - L&#039;airbag per i motociclisti\" \/>\n<meta property=\"article:modified_time\" content=\"2025-10-30T10:06:12+00:00\" \/>\n<meta property=\"og:image\" content=\"https:\/\/www.motoairbag.com\/wp-content\/uploads\/2023\/06\/adattatore.jpg\" \/>\n\t<meta property=\"og:image:width\" content=\"1647\" \/>\n\t<meta property=\"og:image:height\" content=\"1647\" \/>\n\t<meta property=\"og:image:type\" content=\"image\/jpeg\" \/>\n<meta name=\"twitter:card\" content=\"summary_large_image\" \/>\n<meta name=\"twitter:label1\" content=\"Gesch\u00e4tzte Lesezeit\" \/>\n\t<meta name=\"twitter:data1\" content=\"1\u00a0Minute\" \/>\n<script type=\"application\/ld+json\" class=\"yoast-schema-graph\">{\"@context\":\"https:\/\/schema.org\",\"@graph\":[{\"@type\":\"WebPage\",\"@id\":\"https:\/\/www.motoairbag.com\/de\/shop\/zubehor-und-nachfullpackungen\/mab-off-road-adapter\/\",\"url\":\"https:\/\/www.motoairbag.com\/de\/shop\/zubehor-und-nachfullpackungen\/mab-off-road-adapter\/\",\"name\":\"MAB OFF-ROAD-ADAPTER - Motoairbag - L&#039;airbag per i motociclisti\",\"isPartOf\":{\"@id\":\"https:\/\/www.motoairbag.com\/#website\"},\"primaryImageOfPage\":{\"@id\":\"https:\/\/www.motoairbag.com\/de\/shop\/zubehor-und-nachfullpackungen\/mab-off-road-adapter\/#primaryimage\"},\"image\":{\"@id\":\"https:\/\/www.motoairbag.com\/de\/shop\/zubehor-und-nachfullpackungen\/mab-off-road-adapter\/#primaryimage\"},\"thumbnailUrl\":\"https:\/\/www.motoairbag.com\/wp-content\/uploads\/2023\/06\/adattatore.jpg\",\"datePublished\":\"2023-06-20T14:21:21+00:00\",\"dateModified\":\"2025-10-30T10:06:12+00:00\",\"breadcrumb\":{\"@id\":\"https:\/\/www.motoairbag.com\/de\/shop\/zubehor-und-nachfullpackungen\/mab-off-road-adapter\/#breadcrumb\"},\"inLanguage\":\"de\",\"potentialAction\":[{\"@type\":\"ReadAction\",\"target\":[\"https:\/\/www.motoairbag.com\/de\/shop\/zubehor-und-nachfullpackungen\/mab-off-road-adapter\/\"]}]},{\"@type\":\"ImageObject\",\"inLanguage\":\"de\",\"@id\":\"https:\/\/www.motoairbag.com\/de\/shop\/zubehor-und-nachfullpackungen\/mab-off-road-adapter\/#primaryimage\",\"url\":\"https:\/\/www.motoairbag.com\/wp-content\/uploads\/2023\/06\/adattatore.jpg\",\"contentUrl\":\"https:\/\/www.motoairbag.com\/wp-content\/uploads\/2023\/06\/adattatore.jpg\",\"width\":1647,\"height\":1647},{\"@type\":\"BreadcrumbList\",\"@id\":\"https:\/\/www.motoairbag.com\/de\/shop\/zubehor-und-nachfullpackungen\/mab-off-road-adapter\/#breadcrumb\",\"itemListElement\":[{\"@type\":\"ListItem\",\"position\":1,\"name\":\"Home\",\"item\":\"https:\/\/www.motoairbag.com\/de\/\"},{\"@type\":\"ListItem\",\"position\":2,\"name\":\"Shop\",\"item\":\"https:\/\/www.motoairbag.com\/shop\/\"},{\"@type\":\"ListItem\",\"position\":3,\"name\":\"MAB OFF-ROAD-ADAPTER\"}]},{\"@type\":\"WebSite\",\"@id\":\"https:\/\/www.motoairbag.com\/#website\",\"url\":\"https:\/\/www.motoairbag.com\/\",\"name\":\"Motoairbag - L&#039;airbag per i motociclisti\",\"description\":\"\",\"publisher\":{\"@id\":\"https:\/\/www.motoairbag.com\/#organization\"},\"potentialAction\":[{\"@type\":\"SearchAction\",\"target\":{\"@type\":\"EntryPoint\",\"urlTemplate\":\"https:\/\/www.motoairbag.com\/?s={search_term_string}\"},\"query-input\":{\"@type\":\"PropertyValueSpecification\",\"valueRequired\":true,\"valueName\":\"search_term_string\"}}],\"inLanguage\":\"de\"},{\"@type\":\"Organization\",\"@id\":\"https:\/\/www.motoairbag.com\/#organization\",\"name\":\"Motoairbag - L&#039;airbag per i motociclisti\",\"url\":\"https:\/\/www.motoairbag.com\/\",\"logo\":{\"@type\":\"ImageObject\",\"inLanguage\":\"de\",\"@id\":\"https:\/\/www.motoairbag.com\/#\/schema\/logo\/image\/\",\"url\":\"https:\/\/www.motoairbag.com\/wp-content\/uploads\/2022\/11\/logo-final.jpg\",\"contentUrl\":\"https:\/\/www.motoairbag.com\/wp-content\/uploads\/2022\/11\/logo-final.jpg\",\"width\":609,\"height\":80,\"caption\":\"Motoairbag - L&#039;airbag per i motociclisti\"},\"image\":{\"@id\":\"https:\/\/www.motoairbag.com\/#\/schema\/logo\/image\/\"}}]}<\/script>\n<!-- \/ Yoast SEO plugin. -->","yoast_head_json":{"title":"MAB OFF-ROAD-ADAPTER - Motoairbag - L&#039;airbag per i motociclisti","robots":{"index":"index","follow":"follow","max-snippet":"max-snippet:-1","max-image-preview":"max-image-preview:large","max-video-preview":"max-video-preview:-1"},"canonical":"https:\/\/www.motoairbag.com\/de\/shop\/zubehor-und-nachfullpackungen\/mab-off-road-adapter\/","og_locale":"de_DE","og_type":"article","og_title":"MAB OFF-ROAD-ADAPTER - Motoairbag - L&#039;airbag per i motociclisti","og_description":"Speziell f\u00fcr anspruchsvolles OFF-ROAD entwickelt, bietet dieser Gurt kontrollierte Elastizit\u00e4t und Robustheit, wodurch das Fast Lock-System auch unter den schwierigsten Bedingungen zuverl\u00e4ssig funktioniert. Um zur klassischen Empfindlichkeit zur\u00fcckzukehren, die f\u00fcr Stra\u00dfenfahrten oder normale Off-Road-Strecken empfohlen wird, einfach den Adapter abkoppeln und Fast Lock direkt am Motorrad anschlie\u00dfen, um Gleichgewicht, Schutz und Fahrfreiheit zu bewahren.","og_url":"https:\/\/www.motoairbag.com\/de\/shop\/zubehor-und-nachfullpackungen\/mab-off-road-adapter\/","og_site_name":"Motoairbag - L&#039;airbag per i motociclisti","article_modified_time":"2025-10-30T10:06:12+00:00","og_image":[{"width":1647,"height":1647,"url":"https:\/\/www.motoairbag.com\/wp-content\/uploads\/2023\/06\/adattatore.jpg","type":"image\/jpeg"}],"twitter_card":"summary_large_image","twitter_misc":{"Gesch\u00e4tzte Lesezeit":"1\u00a0Minute"},"schema":{"@context":"https:\/\/schema.org","@graph":[{"@type":"WebPage","@id":"https:\/\/www.motoairbag.com\/de\/shop\/zubehor-und-nachfullpackungen\/mab-off-road-adapter\/","url":"https:\/\/www.motoairbag.com\/de\/shop\/zubehor-und-nachfullpackungen\/mab-off-road-adapter\/","name":"MAB OFF-ROAD-ADAPTER - Motoairbag - L&#039;airbag per i motociclisti","isPartOf":{"@id":"https:\/\/www.motoairbag.com\/#website"},"primaryImageOfPage":{"@id":"https:\/\/www.motoairbag.com\/de\/shop\/zubehor-und-nachfullpackungen\/mab-off-road-adapter\/#primaryimage"},"image":{"@id":"https:\/\/www.motoairbag.com\/de\/shop\/zubehor-und-nachfullpackungen\/mab-off-road-adapter\/#primaryimage"},"thumbnailUrl":"https:\/\/www.motoairbag.com\/wp-content\/uploads\/2023\/06\/adattatore.jpg","datePublished":"2023-06-20T14:21:21+00:00","dateModified":"2025-10-30T10:06:12+00:00","breadcrumb":{"@id":"https:\/\/www.motoairbag.com\/de\/shop\/zubehor-und-nachfullpackungen\/mab-off-road-adapter\/#breadcrumb"},"inLanguage":"de","potentialAction":[{"@type":"ReadAction","target":["https:\/\/www.motoairbag.com\/de\/shop\/zubehor-und-nachfullpackungen\/mab-off-road-adapter\/"]}]},{"@type":"ImageObject","inLanguage":"de","@id":"https:\/\/www.motoairbag.com\/de\/shop\/zubehor-und-nachfullpackungen\/mab-off-road-adapter\/#primaryimage","url":"https:\/\/www.motoairbag.com\/wp-content\/uploads\/2023\/06\/adattatore.jpg","contentUrl":"https:\/\/www.motoairbag.com\/wp-content\/uploads\/2023\/06\/adattatore.jpg","width":1647,"height":1647},{"@type":"BreadcrumbList","@id":"https:\/\/www.motoairbag.com\/de\/shop\/zubehor-und-nachfullpackungen\/mab-off-road-adapter\/#breadcrumb","itemListElement":[{"@type":"ListItem","position":1,"name":"Home","item":"https:\/\/www.motoairbag.com\/de\/"},{"@type":"ListItem","position":2,"name":"Shop","item":"https:\/\/www.motoairbag.com\/shop\/"},{"@type":"ListItem","position":3,"name":"MAB OFF-ROAD-ADAPTER"}]},{"@type":"WebSite","@id":"https:\/\/www.motoairbag.com\/#website","url":"https:\/\/www.motoairbag.com\/","name":"Motoairbag - L&#039;airbag per i motociclisti","description":"","publisher":{"@id":"https:\/\/www.motoairbag.com\/#organization"},"potentialAction":[{"@type":"SearchAction","target":{"@type":"EntryPoint","urlTemplate":"https:\/\/www.motoairbag.com\/?s={search_term_string}"},"query-input":{"@type":"PropertyValueSpecification","valueRequired":true,"valueName":"search_term_string"}}],"inLanguage":"de"},{"@type":"Organization","@id":"https:\/\/www.motoairbag.com\/#organization","name":"Motoairbag - L&#039;airbag per i motociclisti","url":"https:\/\/www.motoairbag.com\/","logo":{"@type":"ImageObject","inLanguage":"de","@id":"https:\/\/www.motoairbag.com\/#\/schema\/logo\/image\/","url":"https:\/\/www.motoairbag.com\/wp-content\/uploads\/2022\/11\/logo-final.jpg","contentUrl":"https:\/\/www.motoairbag.com\/wp-content\/uploads\/2022\/11\/logo-final.jpg","width":609,"height":80,"caption":"Motoairbag - L&#039;airbag per i motociclisti"},"image":{"@id":"https:\/\/www.motoairbag.com\/#\/schema\/logo\/image\/"}}]}},"_links":{"self":[{"href":"https:\/\/www.motoairbag.com\/de\/wp-json\/wp\/v2\/product\/7505","targetHints":{"allow":["GET"]}}],"collection":[{"href":"https:\/\/www.motoairbag.com\/de\/wp-json\/wp\/v2\/product"}],"about":[{"href":"https:\/\/www.motoairbag.com\/de\/wp-json\/wp\/v2\/types\/product"}],"wp:featuredmedia":[{"embeddable":true,"href":"https:\/\/www.motoairbag.com\/de\/wp-json\/wp\/v2\/media\/7512"}],"wp:attachment":[{"href":"https:\/\/www.motoairbag.com\/de\/wp-json\/wp\/v2\/media?parent=7505"}],"wp:term":[{"taxonomy":"product_brand","embeddable":true,"href":"https:\/\/www.motoairbag.com\/de\/wp-json\/wp\/v2\/product_brand?post=7505"},{"taxonomy":"product_cat","embeddable":true,"href":"https:\/\/www.motoairbag.com\/de\/wp-json\/wp\/v2\/product_cat?post=7505"},{"taxonomy":"product_tag","embeddable":true,"href":"https:\/\/www.motoairbag.com\/de\/wp-json\/wp\/v2\/product_tag?post=7505"}],"curies":[{"name":"wp","href":"https:\/\/api.w.org\/{rel}","templated":true}]}}