{"id":6399,"date":"2022-06-22T07:27:00","date_gmt":"2022-06-22T07:27:00","guid":{"rendered":"https:\/\/www.motoairbag.com\/shop\/unkategorisiert\/mab-city-airbag\/"},"modified":"2026-04-03T08:03:38","modified_gmt":"2026-04-03T08:03:38","slug":"mab-city-airbag","status":"publish","type":"product","link":"https:\/\/www.motoairbag.com\/de\/shop\/motorrad-airbags\/mab-city-airbag\/","title":{"rendered":"MAB CITY AIRBAG"},"content":{"rendered":"<p>[vc_row disable_background_image=&#8220;&#8220;][vc_column][vc_tta_accordion][vc_tta_section title=&#8220;ALLGEMEINE MERKMALE&#8220; tab_id=&#8220;1665647274320-421b536b-15c7&#8243;][vc_column_text]<\/p>\n<ul>\n<li style=\"list-style-type: none;\">\n<ul>\n<li>EN1621-4 zertifiziert als Motorrad-AIRBAG<\/li>\n<li>100 % zuverl\u00e4ssiger mechanischer Abzug<\/li>\n<li>Regenerierbar nach Aktivierung<\/li>\n<li>Schutzvolumen = 15 Liter<\/li>\n<li>Aktivierung \u00fcber Fast Lock<\/li>\n<li>Fluoreszierende und reflektierende Eins\u00e4tze<\/li>\n<li>Zum Tragen \u00fcber der Jacke<\/li>\n<li>Eine Gr\u00f6\u00dfe f\u00fcr alle<\/li>\n<\/ul>\n<\/li>\n<\/ul>\n<p>[\/vc_column_text][\/vc_tta_section][vc_tta_section title=&#8220;TECHNISCHE DATEN&#8220; tab_id=&#8220;1665647327764-f4d815c0-1938&#8243;][vc_column_text]<\/p>\n<ul>\n<li style=\"list-style-type: none;\">\n<ul>\n<li style=\"list-style-type: none;\">\n<ul>\n<li style=\"list-style-type: none;\">\n<ul>\n<li style=\"list-style-type: none;\">\n<ul>\n<li>Einzel-Airbag-System<\/li>\n<li>Heck-Airbag zum Schutz von R\u00fccken, Kreuzbein und Halswirbels\u00e4ule \u00fcber die gesamte Breite. City (Urban) MAB ist AIRBAG EN1621\/4 FB Level 2 zertifiziert. Restkraft nach Aufprallpr\u00fcfung 1,4 kN (Level 1 AIRBAG Grenzwert = 4,5 kN; Level 2 AIRBAG Grenzwert = 2,5 kN)<\/li>\n<li>Fast Lock Technologie mit analogem Beschleunigungssensor f\u00fcr umfassende und zuverl\u00e4ssige Ereigniserkennung<\/li>\n<li>80 Millisekunden Aufblaszeit f\u00fcr das Aufblasen des Airbag-Systems<\/li>\n<li>Gesamtvolumen 15 Liter Heck-Airbag<\/li>\n<li>Gewicht des Airbag-Systems: 800 g Heck-Airbag. Gesamtgewicht 1,5kg<\/li>\n<li>Wiederverwendbar: Sobald City (Urban) MAB aktiviert ist, kann es vom Benutzer mit Hilfe des Ladekits in wenigen Minuten wieder aufgeladen werden, nachdem ein einfacher, im Handbuch beschriebener Test durchgef\u00fchrt wurde.<\/li>\n<li>Hergestellt aus Polyester<\/li>\n<li>3D-Netz-R\u00fcckenlehne<\/li>\n<li>Es gibt sowohl einen H\u00fcftgurt als auch bequeme Schultergurte mit einem verstellbaren Brustgurt, um das MAB jederzeit in der richtigen Position zu halten, sowohl beim Fahren als auch bei der Aktivierung<\/li>\n<li>Das Ladefach bietet Platz f\u00fcr einen PC oder ein Tablet mit allem, was Sie f\u00fcr einen Tag im B\u00fcro brauchen.<\/li>\n<li>Das Airbag-System ist mit automatischen Entleerungsventilen ausgestattet: Der Schutzzustand des MAB h\u00e4lt ca. 30 Sekunden an und entleert sich dann innerhalb weniger Minuten vollst\u00e4ndig.<\/li>\n<li>Es gibt ein Knopfloch, durch das Fast Lock aus der Jacke entweichen kann. Fast Lock l\u00f6st sich nach der Aktivierung von MAB und bleibt am Sattel befestigt<\/li>\n<li>Die MAB ist mit einem Airbag-Aktivierungssystem ausgestattet: Bevor das Airbag-System aktiviert wird, muss das Kabel verl\u00e4ngert, die elastische R\u00fcckstellkraft von Fast Lock \u00fcberwunden und eine Last von 15 kg aufgebracht werden. Zur Erinnerung kann bei der ersten Benutzung ein kleiner Aufkleber auf das Armaturenbrett geklebt werden.<\/li>\n<li>Der MAB City AIRBAG sieht aus wie ein Rucksack und passt \u00fcber jede Winter- oder Sommerjacke. Die Schultergurte sind sehr bequem und lassen sich besonders im Schulterbereich gut mit den Schulterprotektoren von Motorradjacken kombinieren.<\/li>\n<\/ul>\n<\/li>\n<\/ul>\n<\/li>\n<\/ul>\n<\/li>\n<\/ul>\n<\/li>\n<\/ul>\n<p>[\/vc_column_text][\/vc_tta_section][vc_tta_section title=&#8220;SICHERHEITSZERTIFIKATE&#8220; tab_id=&#8220;1665647393215-fcd34d4d-e657&#8243;][vc_column_text]<\/p>\n<ul>\n<li>AIRBAG-Zertifizierung\n<ul>\n<li>Heck-Airbag &#8211; AIRBAG zertifiziert EN1621\/4 Stufe 2 FB (H\u00f6chststufe)<\/li>\n<li>Fast Lock Ausl\u00f6sesystem mit analogem Beschleunigungsmesser<\/li>\n<\/ul>\n<\/li>\n<\/ul>\n<p>[\/vc_column_text][\/vc_tta_section][\/vc_tta_accordion][\/vc_column][\/vc_row]<\/p>\n","protected":false},"excerpt":{"rendered":"<p>Der MAB City AIRBAG ist ein echter Rucksack f\u00fcr Laptop, Tablet und Dokumente. Er ist mit der Fast Lock Airbag-Technologie ausgestattet und wurde speziell f\u00fcr den t\u00e4glichen Gebrauch in der Stadt entwickelt, damit Sie sicher zur Arbeit kommen. Schwarze Farbe, Urbanes Design. Wird mit einem Ring zur Befestigung am Motorradsattel geliefert. Der Airbag ist bereits aktiviert. Wiederverwendbar, eine Gr\u00f6\u00dfe f\u00fcr alle<\/p>\n<p>Das Ger\u00e4t ist durch den Kauf des entsprechenden Motoairbag-Wiederaufladekits wiederaufladbar und kann nach der Ausl\u00f6sung erneut verwendet werden.<\/p>\n","protected":false},"featured_media":6192,"template":"","meta":[],"product_brand":[],"product_cat":[108],"product_tag":[],"class_list":{"0":"post-6399","1":"product","2":"type-product","3":"status-publish","4":"has-post-thumbnail","6":"product_cat-motorrad-airbags","8":"first","9":"instock","10":"taxable","11":"shipping-taxable","12":"purchasable","13":"product-type-simple"},"yoast_head":"<!-- This site is optimized with the Yoast SEO plugin v27.0 - https:\/\/yoast.com\/product\/yoast-seo-wordpress\/ -->\n<title>MAB CITY AIRBAG - Motoairbag - L&#039;airbag per i motociclisti<\/title>\n<meta name=\"robots\" content=\"index, follow, max-snippet:-1, max-image-preview:large, max-video-preview:-1\" \/>\n<link rel=\"canonical\" href=\"https:\/\/www.motoairbag.com\/de\/shop\/motorrad-airbags\/mab-city-airbag\/\" \/>\n<meta property=\"og:locale\" content=\"de_DE\" \/>\n<meta property=\"og:type\" content=\"article\" \/>\n<meta property=\"og:title\" content=\"MAB CITY AIRBAG - Motoairbag - L&#039;airbag per i motociclisti\" \/>\n<meta property=\"og:description\" content=\"Der MAB City AIRBAG ist ein echter Rucksack f\u00fcr Laptop, Tablet und Dokumente. Er ist mit der Fast Lock Airbag-Technologie ausgestattet und wurde speziell f\u00fcr den t\u00e4glichen Gebrauch in der Stadt entwickelt, damit Sie sicher zur Arbeit kommen. Schwarze Farbe, Urbanes Design. Wird mit einem Ring zur Befestigung am Motorradsattel geliefert. Der Airbag ist bereits aktiviert. Wiederverwendbar, eine Gr\u00f6\u00dfe f\u00fcr alle  Das Ger\u00e4t ist durch den Kauf des entsprechenden Motoairbag-Wiederaufladekits wiederaufladbar und kann nach der Ausl\u00f6sung erneut verwendet werden.\" \/>\n<meta property=\"og:url\" content=\"https:\/\/www.motoairbag.com\/de\/shop\/motorrad-airbags\/mab-city-airbag\/\" \/>\n<meta property=\"og:site_name\" content=\"Motoairbag - L&#039;airbag per i motociclisti\" \/>\n<meta property=\"article:modified_time\" content=\"2026-04-03T08:03:38+00:00\" \/>\n<meta property=\"og:image\" content=\"https:\/\/www.motoairbag.com\/wp-content\/uploads\/2022\/06\/za1-scaled.jpg\" \/>\n\t<meta property=\"og:image:width\" content=\"2560\" \/>\n\t<meta property=\"og:image:height\" content=\"2560\" \/>\n\t<meta property=\"og:image:type\" content=\"image\/jpeg\" \/>\n<meta name=\"twitter:card\" content=\"summary_large_image\" \/>\n<meta name=\"twitter:label1\" content=\"Gesch\u00e4tzte Lesezeit\" \/>\n\t<meta name=\"twitter:data1\" content=\"3\u00a0Minuten\" \/>\n<script type=\"application\/ld+json\" class=\"yoast-schema-graph\">{\"@context\":\"https:\/\/schema.org\",\"@graph\":[{\"@type\":\"WebPage\",\"@id\":\"https:\/\/www.motoairbag.com\/de\/shop\/motorrad-airbags\/mab-city-airbag\/\",\"url\":\"https:\/\/www.motoairbag.com\/de\/shop\/motorrad-airbags\/mab-city-airbag\/\",\"name\":\"MAB CITY AIRBAG - Motoairbag - L&#039;airbag per i motociclisti\",\"isPartOf\":{\"@id\":\"https:\/\/www.motoairbag.com\/#website\"},\"primaryImageOfPage\":{\"@id\":\"https:\/\/www.motoairbag.com\/de\/shop\/motorrad-airbags\/mab-city-airbag\/#primaryimage\"},\"image\":{\"@id\":\"https:\/\/www.motoairbag.com\/de\/shop\/motorrad-airbags\/mab-city-airbag\/#primaryimage\"},\"thumbnailUrl\":\"https:\/\/www.motoairbag.com\/wp-content\/uploads\/2022\/06\/za1-scaled.jpg\",\"datePublished\":\"2022-06-22T07:27:00+00:00\",\"dateModified\":\"2026-04-03T08:03:38+00:00\",\"breadcrumb\":{\"@id\":\"https:\/\/www.motoairbag.com\/de\/shop\/motorrad-airbags\/mab-city-airbag\/#breadcrumb\"},\"inLanguage\":\"de\",\"potentialAction\":[{\"@type\":\"ReadAction\",\"target\":[\"https:\/\/www.motoairbag.com\/de\/shop\/motorrad-airbags\/mab-city-airbag\/\"]}]},{\"@type\":\"ImageObject\",\"inLanguage\":\"de\",\"@id\":\"https:\/\/www.motoairbag.com\/de\/shop\/motorrad-airbags\/mab-city-airbag\/#primaryimage\",\"url\":\"https:\/\/www.motoairbag.com\/wp-content\/uploads\/2022\/06\/za1-scaled.jpg\",\"contentUrl\":\"https:\/\/www.motoairbag.com\/wp-content\/uploads\/2022\/06\/za1-scaled.jpg\",\"width\":2560,\"height\":2560},{\"@type\":\"BreadcrumbList\",\"@id\":\"https:\/\/www.motoairbag.com\/de\/shop\/motorrad-airbags\/mab-city-airbag\/#breadcrumb\",\"itemListElement\":[{\"@type\":\"ListItem\",\"position\":1,\"name\":\"Home\",\"item\":\"https:\/\/www.motoairbag.com\/de\/\"},{\"@type\":\"ListItem\",\"position\":2,\"name\":\"Shop\",\"item\":\"https:\/\/www.motoairbag.com\/shop\/\"},{\"@type\":\"ListItem\",\"position\":3,\"name\":\"MAB CITY AIRBAG\"}]},{\"@type\":\"WebSite\",\"@id\":\"https:\/\/www.motoairbag.com\/#website\",\"url\":\"https:\/\/www.motoairbag.com\/\",\"name\":\"Motoairbag - L&#039;airbag per i motociclisti\",\"description\":\"\",\"publisher\":{\"@id\":\"https:\/\/www.motoairbag.com\/#organization\"},\"potentialAction\":[{\"@type\":\"SearchAction\",\"target\":{\"@type\":\"EntryPoint\",\"urlTemplate\":\"https:\/\/www.motoairbag.com\/?s={search_term_string}\"},\"query-input\":{\"@type\":\"PropertyValueSpecification\",\"valueRequired\":true,\"valueName\":\"search_term_string\"}}],\"inLanguage\":\"de\"},{\"@type\":\"Organization\",\"@id\":\"https:\/\/www.motoairbag.com\/#organization\",\"name\":\"Motoairbag - L&#039;airbag per i motociclisti\",\"url\":\"https:\/\/www.motoairbag.com\/\",\"logo\":{\"@type\":\"ImageObject\",\"inLanguage\":\"de\",\"@id\":\"https:\/\/www.motoairbag.com\/#\/schema\/logo\/image\/\",\"url\":\"https:\/\/www.motoairbag.com\/wp-content\/uploads\/2022\/11\/logo-final.jpg\",\"contentUrl\":\"https:\/\/www.motoairbag.com\/wp-content\/uploads\/2022\/11\/logo-final.jpg\",\"width\":609,\"height\":80,\"caption\":\"Motoairbag - L&#039;airbag per i motociclisti\"},\"image\":{\"@id\":\"https:\/\/www.motoairbag.com\/#\/schema\/logo\/image\/\"}}]}<\/script>\n<!-- \/ Yoast SEO plugin. -->","yoast_head_json":{"title":"MAB CITY AIRBAG - Motoairbag - L&#039;airbag per i motociclisti","robots":{"index":"index","follow":"follow","max-snippet":"max-snippet:-1","max-image-preview":"max-image-preview:large","max-video-preview":"max-video-preview:-1"},"canonical":"https:\/\/www.motoairbag.com\/de\/shop\/motorrad-airbags\/mab-city-airbag\/","og_locale":"de_DE","og_type":"article","og_title":"MAB CITY AIRBAG - Motoairbag - L&#039;airbag per i motociclisti","og_description":"Der MAB City AIRBAG ist ein echter Rucksack f\u00fcr Laptop, Tablet und Dokumente. Er ist mit der Fast Lock Airbag-Technologie ausgestattet und wurde speziell f\u00fcr den t\u00e4glichen Gebrauch in der Stadt entwickelt, damit Sie sicher zur Arbeit kommen. Schwarze Farbe, Urbanes Design. Wird mit einem Ring zur Befestigung am Motorradsattel geliefert. Der Airbag ist bereits aktiviert. Wiederverwendbar, eine Gr\u00f6\u00dfe f\u00fcr alle  Das Ger\u00e4t ist durch den Kauf des entsprechenden Motoairbag-Wiederaufladekits wiederaufladbar und kann nach der Ausl\u00f6sung erneut verwendet werden.","og_url":"https:\/\/www.motoairbag.com\/de\/shop\/motorrad-airbags\/mab-city-airbag\/","og_site_name":"Motoairbag - L&#039;airbag per i motociclisti","article_modified_time":"2026-04-03T08:03:38+00:00","og_image":[{"width":2560,"height":2560,"url":"https:\/\/www.motoairbag.com\/wp-content\/uploads\/2022\/06\/za1-scaled.jpg","type":"image\/jpeg"}],"twitter_card":"summary_large_image","twitter_misc":{"Gesch\u00e4tzte Lesezeit":"3\u00a0Minuten"},"schema":{"@context":"https:\/\/schema.org","@graph":[{"@type":"WebPage","@id":"https:\/\/www.motoairbag.com\/de\/shop\/motorrad-airbags\/mab-city-airbag\/","url":"https:\/\/www.motoairbag.com\/de\/shop\/motorrad-airbags\/mab-city-airbag\/","name":"MAB CITY AIRBAG - Motoairbag - L&#039;airbag per i motociclisti","isPartOf":{"@id":"https:\/\/www.motoairbag.com\/#website"},"primaryImageOfPage":{"@id":"https:\/\/www.motoairbag.com\/de\/shop\/motorrad-airbags\/mab-city-airbag\/#primaryimage"},"image":{"@id":"https:\/\/www.motoairbag.com\/de\/shop\/motorrad-airbags\/mab-city-airbag\/#primaryimage"},"thumbnailUrl":"https:\/\/www.motoairbag.com\/wp-content\/uploads\/2022\/06\/za1-scaled.jpg","datePublished":"2022-06-22T07:27:00+00:00","dateModified":"2026-04-03T08:03:38+00:00","breadcrumb":{"@id":"https:\/\/www.motoairbag.com\/de\/shop\/motorrad-airbags\/mab-city-airbag\/#breadcrumb"},"inLanguage":"de","potentialAction":[{"@type":"ReadAction","target":["https:\/\/www.motoairbag.com\/de\/shop\/motorrad-airbags\/mab-city-airbag\/"]}]},{"@type":"ImageObject","inLanguage":"de","@id":"https:\/\/www.motoairbag.com\/de\/shop\/motorrad-airbags\/mab-city-airbag\/#primaryimage","url":"https:\/\/www.motoairbag.com\/wp-content\/uploads\/2022\/06\/za1-scaled.jpg","contentUrl":"https:\/\/www.motoairbag.com\/wp-content\/uploads\/2022\/06\/za1-scaled.jpg","width":2560,"height":2560},{"@type":"BreadcrumbList","@id":"https:\/\/www.motoairbag.com\/de\/shop\/motorrad-airbags\/mab-city-airbag\/#breadcrumb","itemListElement":[{"@type":"ListItem","position":1,"name":"Home","item":"https:\/\/www.motoairbag.com\/de\/"},{"@type":"ListItem","position":2,"name":"Shop","item":"https:\/\/www.motoairbag.com\/shop\/"},{"@type":"ListItem","position":3,"name":"MAB CITY AIRBAG"}]},{"@type":"WebSite","@id":"https:\/\/www.motoairbag.com\/#website","url":"https:\/\/www.motoairbag.com\/","name":"Motoairbag - L&#039;airbag per i motociclisti","description":"","publisher":{"@id":"https:\/\/www.motoairbag.com\/#organization"},"potentialAction":[{"@type":"SearchAction","target":{"@type":"EntryPoint","urlTemplate":"https:\/\/www.motoairbag.com\/?s={search_term_string}"},"query-input":{"@type":"PropertyValueSpecification","valueRequired":true,"valueName":"search_term_string"}}],"inLanguage":"de"},{"@type":"Organization","@id":"https:\/\/www.motoairbag.com\/#organization","name":"Motoairbag - L&#039;airbag per i motociclisti","url":"https:\/\/www.motoairbag.com\/","logo":{"@type":"ImageObject","inLanguage":"de","@id":"https:\/\/www.motoairbag.com\/#\/schema\/logo\/image\/","url":"https:\/\/www.motoairbag.com\/wp-content\/uploads\/2022\/11\/logo-final.jpg","contentUrl":"https:\/\/www.motoairbag.com\/wp-content\/uploads\/2022\/11\/logo-final.jpg","width":609,"height":80,"caption":"Motoairbag - L&#039;airbag per i motociclisti"},"image":{"@id":"https:\/\/www.motoairbag.com\/#\/schema\/logo\/image\/"}}]}},"_links":{"self":[{"href":"https:\/\/www.motoairbag.com\/de\/wp-json\/wp\/v2\/product\/6399","targetHints":{"allow":["GET"]}}],"collection":[{"href":"https:\/\/www.motoairbag.com\/de\/wp-json\/wp\/v2\/product"}],"about":[{"href":"https:\/\/www.motoairbag.com\/de\/wp-json\/wp\/v2\/types\/product"}],"wp:featuredmedia":[{"embeddable":true,"href":"https:\/\/www.motoairbag.com\/de\/wp-json\/wp\/v2\/media\/6192"}],"wp:attachment":[{"href":"https:\/\/www.motoairbag.com\/de\/wp-json\/wp\/v2\/media?parent=6399"}],"wp:term":[{"taxonomy":"product_brand","embeddable":true,"href":"https:\/\/www.motoairbag.com\/de\/wp-json\/wp\/v2\/product_brand?post=6399"},{"taxonomy":"product_cat","embeddable":true,"href":"https:\/\/www.motoairbag.com\/de\/wp-json\/wp\/v2\/product_cat?post=6399"},{"taxonomy":"product_tag","embeddable":true,"href":"https:\/\/www.motoairbag.com\/de\/wp-json\/wp\/v2\/product_tag?post=6399"}],"curies":[{"name":"wp","href":"https:\/\/api.w.org\/{rel}","templated":true}]}}