{"id":6398,"date":"2022-06-23T10:17:50","date_gmt":"2022-06-23T10:17:50","guid":{"rendered":"https:\/\/www.motoairbag.com\/shop\/unkategorisiert\/mab-unter-dem-sicherheitsgurt\/"},"modified":"2025-10-30T11:18:36","modified_gmt":"2025-10-30T11:18:36","slug":"mab-unter-dem-sicherheitsgurt","status":"publish","type":"product","link":"https:\/\/www.motoairbag.com\/de\/shop\/zubehor-und-nachfullpackungen\/mab-unter-dem-sicherheitsgurt\/","title":{"rendered":"MAB UNTER DEM SICHERHEITSGURT"},"content":{"rendered":"<p data-start=\"912\" data-end=\"986\">Immer hinter dem Fahrer oder Beifahrer positionieren.<\/p>\n<p data-start=\"988\" data-end=\"1113\">Jedes MOTOAIRBAG ben\u00f6tigt seinen eigenen Gurt, um optimale Sicherheit und Funktionalit\u00e4t f\u00fcr jedes Ger\u00e4t zu gew\u00e4hrleisten.<\/p>\n<p data-start=\"1115\" data-end=\"1241\">Im Umschlag befinden sich die Anweisungen f\u00fcr die korrekte Montage, f\u00fcr eine einfache, sichere und fehlerfreie Installation.<\/p>\n<p data-start=\"1243\" data-end=\"1353\">Es verf\u00fcgt \u00fcber drei L\u00f6cher und bietet so mehr Flexibilit\u00e4t und Auswahlm\u00f6glichkeiten je nach Motorradmuster.<\/p>\n","protected":false},"excerpt":{"rendered":"<p data-start=\"930\" data-end=\"1259\">Der Rahmengurt erm\u00f6glicht es, das Motorrad, oder ein zweites Motorrad, f\u00fcr die Nutzung des MOTOAIRBAG vorzubereiten, indem er direkt \u00fcber eine spezielle Schraube am Rahmen befestigt wird.<br data-start=\"1139\" data-end=\"1142\" \/>Der Gurt ist bereits im MOTOAIRBAG-Set zusammen mit dem Sattelgurt enthalten und bereit f\u00fcr eine einfache Montage.<\/p>\n<p data-start=\"1261\" data-end=\"1382\">Er gew\u00e4hrleistet eine solide, stabile und unauff\u00e4llige Befestigung, die Eleganz und Sicherheit bei jeder Fahrt vereint.<\/p>\n","protected":false},"featured_media":6113,"template":"","meta":[],"product_brand":[],"product_cat":[109],"product_tag":[],"class_list":{"0":"post-6398","1":"product","2":"type-product","3":"status-publish","4":"has-post-thumbnail","6":"product_cat-zubehor-und-nachfullpackungen","8":"first","9":"instock","10":"taxable","11":"shipping-taxable","12":"purchasable","13":"product-type-simple"},"yoast_head":"<!-- This site is optimized with the Yoast SEO plugin v27.0 - https:\/\/yoast.com\/product\/yoast-seo-wordpress\/ -->\n<title>MAB UNTER DEM SICHERHEITSGURT - Motoairbag - L&#039;airbag per i motociclisti<\/title>\n<meta name=\"robots\" content=\"index, follow, max-snippet:-1, max-image-preview:large, max-video-preview:-1\" \/>\n<link rel=\"canonical\" href=\"https:\/\/www.motoairbag.com\/de\/shop\/zubehor-und-nachfullpackungen\/mab-unter-dem-sicherheitsgurt\/\" \/>\n<meta property=\"og:locale\" content=\"de_DE\" \/>\n<meta property=\"og:type\" content=\"article\" \/>\n<meta property=\"og:title\" content=\"MAB UNTER DEM SICHERHEITSGURT - Motoairbag - L&#039;airbag per i motociclisti\" \/>\n<meta property=\"og:description\" content=\"Der Rahmengurt erm\u00f6glicht es, das Motorrad, oder ein zweites Motorrad, f\u00fcr die Nutzung des MOTOAIRBAG vorzubereiten, indem er direkt \u00fcber eine spezielle Schraube am Rahmen befestigt wird.Der Gurt ist bereits im MOTOAIRBAG-Set zusammen mit dem Sattelgurt enthalten und bereit f\u00fcr eine einfache Montage. Er gew\u00e4hrleistet eine solide, stabile und unauff\u00e4llige Befestigung, die Eleganz und Sicherheit bei jeder Fahrt vereint.\" \/>\n<meta property=\"og:url\" content=\"https:\/\/www.motoairbag.com\/de\/shop\/zubehor-und-nachfullpackungen\/mab-unter-dem-sicherheitsgurt\/\" \/>\n<meta property=\"og:site_name\" content=\"Motoairbag - L&#039;airbag per i motociclisti\" \/>\n<meta property=\"article:modified_time\" content=\"2025-10-30T11:18:36+00:00\" \/>\n<meta property=\"og:image\" content=\"https:\/\/www.motoairbag.com\/wp-content\/uploads\/2022\/06\/D3701F-cinghia-sottosella_1-1.jpg\" \/>\n\t<meta property=\"og:image:width\" content=\"1080\" \/>\n\t<meta property=\"og:image:height\" content=\"1080\" \/>\n\t<meta property=\"og:image:type\" content=\"image\/jpeg\" \/>\n<meta name=\"twitter:card\" content=\"summary_large_image\" \/>\n<meta name=\"twitter:label1\" content=\"Gesch\u00e4tzte Lesezeit\" \/>\n\t<meta name=\"twitter:data1\" content=\"1\u00a0Minute\" \/>\n<script type=\"application\/ld+json\" class=\"yoast-schema-graph\">{\"@context\":\"https:\/\/schema.org\",\"@graph\":[{\"@type\":\"WebPage\",\"@id\":\"https:\/\/www.motoairbag.com\/de\/shop\/zubehor-und-nachfullpackungen\/mab-unter-dem-sicherheitsgurt\/\",\"url\":\"https:\/\/www.motoairbag.com\/de\/shop\/zubehor-und-nachfullpackungen\/mab-unter-dem-sicherheitsgurt\/\",\"name\":\"MAB UNTER DEM SICHERHEITSGURT - Motoairbag - L&#039;airbag per i motociclisti\",\"isPartOf\":{\"@id\":\"https:\/\/www.motoairbag.com\/#website\"},\"primaryImageOfPage\":{\"@id\":\"https:\/\/www.motoairbag.com\/de\/shop\/zubehor-und-nachfullpackungen\/mab-unter-dem-sicherheitsgurt\/#primaryimage\"},\"image\":{\"@id\":\"https:\/\/www.motoairbag.com\/de\/shop\/zubehor-und-nachfullpackungen\/mab-unter-dem-sicherheitsgurt\/#primaryimage\"},\"thumbnailUrl\":\"https:\/\/www.motoairbag.com\/wp-content\/uploads\/2022\/06\/D3701F-cinghia-sottosella_1-1.jpg\",\"datePublished\":\"2022-06-23T10:17:50+00:00\",\"dateModified\":\"2025-10-30T11:18:36+00:00\",\"breadcrumb\":{\"@id\":\"https:\/\/www.motoairbag.com\/de\/shop\/zubehor-und-nachfullpackungen\/mab-unter-dem-sicherheitsgurt\/#breadcrumb\"},\"inLanguage\":\"de\",\"potentialAction\":[{\"@type\":\"ReadAction\",\"target\":[\"https:\/\/www.motoairbag.com\/de\/shop\/zubehor-und-nachfullpackungen\/mab-unter-dem-sicherheitsgurt\/\"]}]},{\"@type\":\"ImageObject\",\"inLanguage\":\"de\",\"@id\":\"https:\/\/www.motoairbag.com\/de\/shop\/zubehor-und-nachfullpackungen\/mab-unter-dem-sicherheitsgurt\/#primaryimage\",\"url\":\"https:\/\/www.motoairbag.com\/wp-content\/uploads\/2022\/06\/D3701F-cinghia-sottosella_1-1.jpg\",\"contentUrl\":\"https:\/\/www.motoairbag.com\/wp-content\/uploads\/2022\/06\/D3701F-cinghia-sottosella_1-1.jpg\",\"width\":1080,\"height\":1080},{\"@type\":\"BreadcrumbList\",\"@id\":\"https:\/\/www.motoairbag.com\/de\/shop\/zubehor-und-nachfullpackungen\/mab-unter-dem-sicherheitsgurt\/#breadcrumb\",\"itemListElement\":[{\"@type\":\"ListItem\",\"position\":1,\"name\":\"Home\",\"item\":\"https:\/\/www.motoairbag.com\/de\/\"},{\"@type\":\"ListItem\",\"position\":2,\"name\":\"Shop\",\"item\":\"https:\/\/www.motoairbag.com\/shop\/\"},{\"@type\":\"ListItem\",\"position\":3,\"name\":\"MAB UNTER DEM SICHERHEITSGURT\"}]},{\"@type\":\"WebSite\",\"@id\":\"https:\/\/www.motoairbag.com\/#website\",\"url\":\"https:\/\/www.motoairbag.com\/\",\"name\":\"Motoairbag - L&#039;airbag per i motociclisti\",\"description\":\"\",\"publisher\":{\"@id\":\"https:\/\/www.motoairbag.com\/#organization\"},\"potentialAction\":[{\"@type\":\"SearchAction\",\"target\":{\"@type\":\"EntryPoint\",\"urlTemplate\":\"https:\/\/www.motoairbag.com\/?s={search_term_string}\"},\"query-input\":{\"@type\":\"PropertyValueSpecification\",\"valueRequired\":true,\"valueName\":\"search_term_string\"}}],\"inLanguage\":\"de\"},{\"@type\":\"Organization\",\"@id\":\"https:\/\/www.motoairbag.com\/#organization\",\"name\":\"Motoairbag - L&#039;airbag per i motociclisti\",\"url\":\"https:\/\/www.motoairbag.com\/\",\"logo\":{\"@type\":\"ImageObject\",\"inLanguage\":\"de\",\"@id\":\"https:\/\/www.motoairbag.com\/#\/schema\/logo\/image\/\",\"url\":\"https:\/\/www.motoairbag.com\/wp-content\/uploads\/2022\/11\/logo-final.jpg\",\"contentUrl\":\"https:\/\/www.motoairbag.com\/wp-content\/uploads\/2022\/11\/logo-final.jpg\",\"width\":609,\"height\":80,\"caption\":\"Motoairbag - L&#039;airbag per i motociclisti\"},\"image\":{\"@id\":\"https:\/\/www.motoairbag.com\/#\/schema\/logo\/image\/\"}}]}<\/script>\n<!-- \/ Yoast SEO plugin. -->","yoast_head_json":{"title":"MAB UNTER DEM SICHERHEITSGURT - Motoairbag - L&#039;airbag per i motociclisti","robots":{"index":"index","follow":"follow","max-snippet":"max-snippet:-1","max-image-preview":"max-image-preview:large","max-video-preview":"max-video-preview:-1"},"canonical":"https:\/\/www.motoairbag.com\/de\/shop\/zubehor-und-nachfullpackungen\/mab-unter-dem-sicherheitsgurt\/","og_locale":"de_DE","og_type":"article","og_title":"MAB UNTER DEM SICHERHEITSGURT - Motoairbag - L&#039;airbag per i motociclisti","og_description":"Der Rahmengurt erm\u00f6glicht es, das Motorrad, oder ein zweites Motorrad, f\u00fcr die Nutzung des MOTOAIRBAG vorzubereiten, indem er direkt \u00fcber eine spezielle Schraube am Rahmen befestigt wird.Der Gurt ist bereits im MOTOAIRBAG-Set zusammen mit dem Sattelgurt enthalten und bereit f\u00fcr eine einfache Montage. Er gew\u00e4hrleistet eine solide, stabile und unauff\u00e4llige Befestigung, die Eleganz und Sicherheit bei jeder Fahrt vereint.","og_url":"https:\/\/www.motoairbag.com\/de\/shop\/zubehor-und-nachfullpackungen\/mab-unter-dem-sicherheitsgurt\/","og_site_name":"Motoairbag - L&#039;airbag per i motociclisti","article_modified_time":"2025-10-30T11:18:36+00:00","og_image":[{"width":1080,"height":1080,"url":"https:\/\/www.motoairbag.com\/wp-content\/uploads\/2022\/06\/D3701F-cinghia-sottosella_1-1.jpg","type":"image\/jpeg"}],"twitter_card":"summary_large_image","twitter_misc":{"Gesch\u00e4tzte Lesezeit":"1\u00a0Minute"},"schema":{"@context":"https:\/\/schema.org","@graph":[{"@type":"WebPage","@id":"https:\/\/www.motoairbag.com\/de\/shop\/zubehor-und-nachfullpackungen\/mab-unter-dem-sicherheitsgurt\/","url":"https:\/\/www.motoairbag.com\/de\/shop\/zubehor-und-nachfullpackungen\/mab-unter-dem-sicherheitsgurt\/","name":"MAB UNTER DEM SICHERHEITSGURT - Motoairbag - L&#039;airbag per i motociclisti","isPartOf":{"@id":"https:\/\/www.motoairbag.com\/#website"},"primaryImageOfPage":{"@id":"https:\/\/www.motoairbag.com\/de\/shop\/zubehor-und-nachfullpackungen\/mab-unter-dem-sicherheitsgurt\/#primaryimage"},"image":{"@id":"https:\/\/www.motoairbag.com\/de\/shop\/zubehor-und-nachfullpackungen\/mab-unter-dem-sicherheitsgurt\/#primaryimage"},"thumbnailUrl":"https:\/\/www.motoairbag.com\/wp-content\/uploads\/2022\/06\/D3701F-cinghia-sottosella_1-1.jpg","datePublished":"2022-06-23T10:17:50+00:00","dateModified":"2025-10-30T11:18:36+00:00","breadcrumb":{"@id":"https:\/\/www.motoairbag.com\/de\/shop\/zubehor-und-nachfullpackungen\/mab-unter-dem-sicherheitsgurt\/#breadcrumb"},"inLanguage":"de","potentialAction":[{"@type":"ReadAction","target":["https:\/\/www.motoairbag.com\/de\/shop\/zubehor-und-nachfullpackungen\/mab-unter-dem-sicherheitsgurt\/"]}]},{"@type":"ImageObject","inLanguage":"de","@id":"https:\/\/www.motoairbag.com\/de\/shop\/zubehor-und-nachfullpackungen\/mab-unter-dem-sicherheitsgurt\/#primaryimage","url":"https:\/\/www.motoairbag.com\/wp-content\/uploads\/2022\/06\/D3701F-cinghia-sottosella_1-1.jpg","contentUrl":"https:\/\/www.motoairbag.com\/wp-content\/uploads\/2022\/06\/D3701F-cinghia-sottosella_1-1.jpg","width":1080,"height":1080},{"@type":"BreadcrumbList","@id":"https:\/\/www.motoairbag.com\/de\/shop\/zubehor-und-nachfullpackungen\/mab-unter-dem-sicherheitsgurt\/#breadcrumb","itemListElement":[{"@type":"ListItem","position":1,"name":"Home","item":"https:\/\/www.motoairbag.com\/de\/"},{"@type":"ListItem","position":2,"name":"Shop","item":"https:\/\/www.motoairbag.com\/shop\/"},{"@type":"ListItem","position":3,"name":"MAB UNTER DEM SICHERHEITSGURT"}]},{"@type":"WebSite","@id":"https:\/\/www.motoairbag.com\/#website","url":"https:\/\/www.motoairbag.com\/","name":"Motoairbag - L&#039;airbag per i motociclisti","description":"","publisher":{"@id":"https:\/\/www.motoairbag.com\/#organization"},"potentialAction":[{"@type":"SearchAction","target":{"@type":"EntryPoint","urlTemplate":"https:\/\/www.motoairbag.com\/?s={search_term_string}"},"query-input":{"@type":"PropertyValueSpecification","valueRequired":true,"valueName":"search_term_string"}}],"inLanguage":"de"},{"@type":"Organization","@id":"https:\/\/www.motoairbag.com\/#organization","name":"Motoairbag - L&#039;airbag per i motociclisti","url":"https:\/\/www.motoairbag.com\/","logo":{"@type":"ImageObject","inLanguage":"de","@id":"https:\/\/www.motoairbag.com\/#\/schema\/logo\/image\/","url":"https:\/\/www.motoairbag.com\/wp-content\/uploads\/2022\/11\/logo-final.jpg","contentUrl":"https:\/\/www.motoairbag.com\/wp-content\/uploads\/2022\/11\/logo-final.jpg","width":609,"height":80,"caption":"Motoairbag - L&#039;airbag per i motociclisti"},"image":{"@id":"https:\/\/www.motoairbag.com\/#\/schema\/logo\/image\/"}}]}},"_links":{"self":[{"href":"https:\/\/www.motoairbag.com\/de\/wp-json\/wp\/v2\/product\/6398","targetHints":{"allow":["GET"]}}],"collection":[{"href":"https:\/\/www.motoairbag.com\/de\/wp-json\/wp\/v2\/product"}],"about":[{"href":"https:\/\/www.motoairbag.com\/de\/wp-json\/wp\/v2\/types\/product"}],"wp:featuredmedia":[{"embeddable":true,"href":"https:\/\/www.motoairbag.com\/de\/wp-json\/wp\/v2\/media\/6113"}],"wp:attachment":[{"href":"https:\/\/www.motoairbag.com\/de\/wp-json\/wp\/v2\/media?parent=6398"}],"wp:term":[{"taxonomy":"product_brand","embeddable":true,"href":"https:\/\/www.motoairbag.com\/de\/wp-json\/wp\/v2\/product_brand?post=6398"},{"taxonomy":"product_cat","embeddable":true,"href":"https:\/\/www.motoairbag.com\/de\/wp-json\/wp\/v2\/product_cat?post=6398"},{"taxonomy":"product_tag","embeddable":true,"href":"https:\/\/www.motoairbag.com\/de\/wp-json\/wp\/v2\/product_tag?post=6398"}],"curies":[{"name":"wp","href":"https:\/\/api.w.org\/{rel}","templated":true}]}}