{"id":6397,"date":"2022-06-23T10:17:28","date_gmt":"2022-06-23T10:17:28","guid":{"rendered":"https:\/\/www.motoairbag.com\/shop\/unkategorisiert\/mab-belt-kit\/"},"modified":"2025-11-14T11:11:29","modified_gmt":"2025-11-14T11:11:29","slug":"mab-belt-kit","status":"publish","type":"product","link":"https:\/\/www.motoairbag.com\/de\/shop\/zubehor-und-nachfullpackungen\/mab-belt-kit\/","title":{"rendered":"MAB BELT KIT"},"content":{"rendered":"<p data-start=\"577\" data-end=\"635\">Immer hinter dem Fahrer oder Beifahrer zu positionieren.<\/p>\n<p data-start=\"637\" data-end=\"774\">Jeder MOTOAIRBAG ben\u00f6tigt seinen eigenen Gurt, um maximale Sicherheit und optimale Funktion f\u00fcr jedes einzelne System zu gew\u00e4hrleisten.<\/p>\n","protected":false},"excerpt":{"rendered":"<p data-start=\"1159\" data-end=\"1533\">Der Sattelsgurt ist so konzipiert, dass er an jede Art von Motorrad oder Roller, auch an ein zweites Fahrzeug, passt und eine universelle L\u00f6sung bietet, wenn kein direkter Befestigungspunkt am Rahmen mit dem Rahmengurt verf\u00fcgbar ist.<br data-start=\"1394\" data-end=\"1397\" \/>Er l\u00e4sst sich leicht um den Sitz anbringen und sorgt f\u00fcr eine stabile, sichere Befestigung, die mit allen Sitzmodellen kompatibel ist.<\/p>\n<p data-start=\"1535\" data-end=\"1657\">Der Gurt ist bereits im MOTOAIRBAG-Airbag-Set enthalten, zusammen mit dem Rahmengurt, und kann einfach montiert werden.<\/p>\n","protected":false},"featured_media":10477,"template":"","meta":[],"product_brand":[],"product_cat":[109],"product_tag":[],"class_list":{"0":"post-6397","1":"product","2":"type-product","3":"status-publish","4":"has-post-thumbnail","6":"product_cat-zubehor-und-nachfullpackungen","8":"first","9":"instock","10":"taxable","11":"shipping-taxable","12":"purchasable","13":"product-type-simple"},"yoast_head":"<!-- This site is optimized with the Yoast SEO plugin v27.0 - https:\/\/yoast.com\/product\/yoast-seo-wordpress\/ -->\n<title>MAB BELT KIT - Motoairbag - L&#039;airbag per i motociclisti<\/title>\n<meta name=\"robots\" content=\"index, follow, max-snippet:-1, max-image-preview:large, max-video-preview:-1\" \/>\n<link rel=\"canonical\" href=\"https:\/\/www.motoairbag.com\/de\/shop\/zubehor-und-nachfullpackungen\/mab-belt-kit\/\" \/>\n<meta property=\"og:locale\" content=\"de_DE\" \/>\n<meta property=\"og:type\" content=\"article\" \/>\n<meta property=\"og:title\" content=\"MAB BELT KIT - Motoairbag - L&#039;airbag per i motociclisti\" \/>\n<meta property=\"og:description\" content=\"Der Sattelsgurt ist so konzipiert, dass er an jede Art von Motorrad oder Roller, auch an ein zweites Fahrzeug, passt und eine universelle L\u00f6sung bietet, wenn kein direkter Befestigungspunkt am Rahmen mit dem Rahmengurt verf\u00fcgbar ist.Er l\u00e4sst sich leicht um den Sitz anbringen und sorgt f\u00fcr eine stabile, sichere Befestigung, die mit allen Sitzmodellen kompatibel ist. Der Gurt ist bereits im MOTOAIRBAG-Airbag-Set enthalten, zusammen mit dem Rahmengurt, und kann einfach montiert werden.\" \/>\n<meta property=\"og:url\" content=\"https:\/\/www.motoairbag.com\/de\/shop\/zubehor-und-nachfullpackungen\/mab-belt-kit\/\" \/>\n<meta property=\"og:site_name\" content=\"Motoairbag - L&#039;airbag per i motociclisti\" \/>\n<meta property=\"article:modified_time\" content=\"2025-11-14T11:11:29+00:00\" \/>\n<meta property=\"og:image\" content=\"https:\/\/www.motoairbag.com\/wp-content\/uploads\/2022\/06\/D3701-cinghia-sella_1-2.jpg\" \/>\n\t<meta property=\"og:image:width\" content=\"1080\" \/>\n\t<meta property=\"og:image:height\" content=\"1080\" \/>\n\t<meta property=\"og:image:type\" content=\"image\/jpeg\" \/>\n<meta name=\"twitter:card\" content=\"summary_large_image\" \/>\n<meta name=\"twitter:label1\" content=\"Gesch\u00e4tzte Lesezeit\" \/>\n\t<meta name=\"twitter:data1\" content=\"1\u00a0Minute\" \/>\n<script type=\"application\/ld+json\" class=\"yoast-schema-graph\">{\"@context\":\"https:\/\/schema.org\",\"@graph\":[{\"@type\":\"WebPage\",\"@id\":\"https:\/\/www.motoairbag.com\/de\/shop\/zubehor-und-nachfullpackungen\/mab-belt-kit\/\",\"url\":\"https:\/\/www.motoairbag.com\/de\/shop\/zubehor-und-nachfullpackungen\/mab-belt-kit\/\",\"name\":\"MAB BELT KIT - Motoairbag - L&#039;airbag per i motociclisti\",\"isPartOf\":{\"@id\":\"https:\/\/www.motoairbag.com\/#website\"},\"primaryImageOfPage\":{\"@id\":\"https:\/\/www.motoairbag.com\/de\/shop\/zubehor-und-nachfullpackungen\/mab-belt-kit\/#primaryimage\"},\"image\":{\"@id\":\"https:\/\/www.motoairbag.com\/de\/shop\/zubehor-und-nachfullpackungen\/mab-belt-kit\/#primaryimage\"},\"thumbnailUrl\":\"https:\/\/www.motoairbag.com\/wp-content\/uploads\/2022\/06\/D3701-cinghia-sella_1-2.jpg\",\"datePublished\":\"2022-06-23T10:17:28+00:00\",\"dateModified\":\"2025-11-14T11:11:29+00:00\",\"breadcrumb\":{\"@id\":\"https:\/\/www.motoairbag.com\/de\/shop\/zubehor-und-nachfullpackungen\/mab-belt-kit\/#breadcrumb\"},\"inLanguage\":\"de\",\"potentialAction\":[{\"@type\":\"ReadAction\",\"target\":[\"https:\/\/www.motoairbag.com\/de\/shop\/zubehor-und-nachfullpackungen\/mab-belt-kit\/\"]}]},{\"@type\":\"ImageObject\",\"inLanguage\":\"de\",\"@id\":\"https:\/\/www.motoairbag.com\/de\/shop\/zubehor-und-nachfullpackungen\/mab-belt-kit\/#primaryimage\",\"url\":\"https:\/\/www.motoairbag.com\/wp-content\/uploads\/2022\/06\/D3701-cinghia-sella_1-2.jpg\",\"contentUrl\":\"https:\/\/www.motoairbag.com\/wp-content\/uploads\/2022\/06\/D3701-cinghia-sella_1-2.jpg\",\"width\":1080,\"height\":1080},{\"@type\":\"BreadcrumbList\",\"@id\":\"https:\/\/www.motoairbag.com\/de\/shop\/zubehor-und-nachfullpackungen\/mab-belt-kit\/#breadcrumb\",\"itemListElement\":[{\"@type\":\"ListItem\",\"position\":1,\"name\":\"Home\",\"item\":\"https:\/\/www.motoairbag.com\/de\/\"},{\"@type\":\"ListItem\",\"position\":2,\"name\":\"Shop\",\"item\":\"https:\/\/www.motoairbag.com\/shop\/\"},{\"@type\":\"ListItem\",\"position\":3,\"name\":\"MAB BELT KIT\"}]},{\"@type\":\"WebSite\",\"@id\":\"https:\/\/www.motoairbag.com\/#website\",\"url\":\"https:\/\/www.motoairbag.com\/\",\"name\":\"Motoairbag - L&#039;airbag per i motociclisti\",\"description\":\"\",\"publisher\":{\"@id\":\"https:\/\/www.motoairbag.com\/#organization\"},\"potentialAction\":[{\"@type\":\"SearchAction\",\"target\":{\"@type\":\"EntryPoint\",\"urlTemplate\":\"https:\/\/www.motoairbag.com\/?s={search_term_string}\"},\"query-input\":{\"@type\":\"PropertyValueSpecification\",\"valueRequired\":true,\"valueName\":\"search_term_string\"}}],\"inLanguage\":\"de\"},{\"@type\":\"Organization\",\"@id\":\"https:\/\/www.motoairbag.com\/#organization\",\"name\":\"Motoairbag - L&#039;airbag per i motociclisti\",\"url\":\"https:\/\/www.motoairbag.com\/\",\"logo\":{\"@type\":\"ImageObject\",\"inLanguage\":\"de\",\"@id\":\"https:\/\/www.motoairbag.com\/#\/schema\/logo\/image\/\",\"url\":\"https:\/\/www.motoairbag.com\/wp-content\/uploads\/2022\/11\/logo-final.jpg\",\"contentUrl\":\"https:\/\/www.motoairbag.com\/wp-content\/uploads\/2022\/11\/logo-final.jpg\",\"width\":609,\"height\":80,\"caption\":\"Motoairbag - L&#039;airbag per i motociclisti\"},\"image\":{\"@id\":\"https:\/\/www.motoairbag.com\/#\/schema\/logo\/image\/\"}}]}<\/script>\n<!-- \/ Yoast SEO plugin. -->","yoast_head_json":{"title":"MAB BELT KIT - Motoairbag - L&#039;airbag per i motociclisti","robots":{"index":"index","follow":"follow","max-snippet":"max-snippet:-1","max-image-preview":"max-image-preview:large","max-video-preview":"max-video-preview:-1"},"canonical":"https:\/\/www.motoairbag.com\/de\/shop\/zubehor-und-nachfullpackungen\/mab-belt-kit\/","og_locale":"de_DE","og_type":"article","og_title":"MAB BELT KIT - Motoairbag - L&#039;airbag per i motociclisti","og_description":"Der Sattelsgurt ist so konzipiert, dass er an jede Art von Motorrad oder Roller, auch an ein zweites Fahrzeug, passt und eine universelle L\u00f6sung bietet, wenn kein direkter Befestigungspunkt am Rahmen mit dem Rahmengurt verf\u00fcgbar ist.Er l\u00e4sst sich leicht um den Sitz anbringen und sorgt f\u00fcr eine stabile, sichere Befestigung, die mit allen Sitzmodellen kompatibel ist. Der Gurt ist bereits im MOTOAIRBAG-Airbag-Set enthalten, zusammen mit dem Rahmengurt, und kann einfach montiert werden.","og_url":"https:\/\/www.motoairbag.com\/de\/shop\/zubehor-und-nachfullpackungen\/mab-belt-kit\/","og_site_name":"Motoairbag - L&#039;airbag per i motociclisti","article_modified_time":"2025-11-14T11:11:29+00:00","og_image":[{"width":1080,"height":1080,"url":"https:\/\/www.motoairbag.com\/wp-content\/uploads\/2022\/06\/D3701-cinghia-sella_1-2.jpg","type":"image\/jpeg"}],"twitter_card":"summary_large_image","twitter_misc":{"Gesch\u00e4tzte Lesezeit":"1\u00a0Minute"},"schema":{"@context":"https:\/\/schema.org","@graph":[{"@type":"WebPage","@id":"https:\/\/www.motoairbag.com\/de\/shop\/zubehor-und-nachfullpackungen\/mab-belt-kit\/","url":"https:\/\/www.motoairbag.com\/de\/shop\/zubehor-und-nachfullpackungen\/mab-belt-kit\/","name":"MAB BELT KIT - Motoairbag - L&#039;airbag per i motociclisti","isPartOf":{"@id":"https:\/\/www.motoairbag.com\/#website"},"primaryImageOfPage":{"@id":"https:\/\/www.motoairbag.com\/de\/shop\/zubehor-und-nachfullpackungen\/mab-belt-kit\/#primaryimage"},"image":{"@id":"https:\/\/www.motoairbag.com\/de\/shop\/zubehor-und-nachfullpackungen\/mab-belt-kit\/#primaryimage"},"thumbnailUrl":"https:\/\/www.motoairbag.com\/wp-content\/uploads\/2022\/06\/D3701-cinghia-sella_1-2.jpg","datePublished":"2022-06-23T10:17:28+00:00","dateModified":"2025-11-14T11:11:29+00:00","breadcrumb":{"@id":"https:\/\/www.motoairbag.com\/de\/shop\/zubehor-und-nachfullpackungen\/mab-belt-kit\/#breadcrumb"},"inLanguage":"de","potentialAction":[{"@type":"ReadAction","target":["https:\/\/www.motoairbag.com\/de\/shop\/zubehor-und-nachfullpackungen\/mab-belt-kit\/"]}]},{"@type":"ImageObject","inLanguage":"de","@id":"https:\/\/www.motoairbag.com\/de\/shop\/zubehor-und-nachfullpackungen\/mab-belt-kit\/#primaryimage","url":"https:\/\/www.motoairbag.com\/wp-content\/uploads\/2022\/06\/D3701-cinghia-sella_1-2.jpg","contentUrl":"https:\/\/www.motoairbag.com\/wp-content\/uploads\/2022\/06\/D3701-cinghia-sella_1-2.jpg","width":1080,"height":1080},{"@type":"BreadcrumbList","@id":"https:\/\/www.motoairbag.com\/de\/shop\/zubehor-und-nachfullpackungen\/mab-belt-kit\/#breadcrumb","itemListElement":[{"@type":"ListItem","position":1,"name":"Home","item":"https:\/\/www.motoairbag.com\/de\/"},{"@type":"ListItem","position":2,"name":"Shop","item":"https:\/\/www.motoairbag.com\/shop\/"},{"@type":"ListItem","position":3,"name":"MAB BELT KIT"}]},{"@type":"WebSite","@id":"https:\/\/www.motoairbag.com\/#website","url":"https:\/\/www.motoairbag.com\/","name":"Motoairbag - L&#039;airbag per i motociclisti","description":"","publisher":{"@id":"https:\/\/www.motoairbag.com\/#organization"},"potentialAction":[{"@type":"SearchAction","target":{"@type":"EntryPoint","urlTemplate":"https:\/\/www.motoairbag.com\/?s={search_term_string}"},"query-input":{"@type":"PropertyValueSpecification","valueRequired":true,"valueName":"search_term_string"}}],"inLanguage":"de"},{"@type":"Organization","@id":"https:\/\/www.motoairbag.com\/#organization","name":"Motoairbag - L&#039;airbag per i motociclisti","url":"https:\/\/www.motoairbag.com\/","logo":{"@type":"ImageObject","inLanguage":"de","@id":"https:\/\/www.motoairbag.com\/#\/schema\/logo\/image\/","url":"https:\/\/www.motoairbag.com\/wp-content\/uploads\/2022\/11\/logo-final.jpg","contentUrl":"https:\/\/www.motoairbag.com\/wp-content\/uploads\/2022\/11\/logo-final.jpg","width":609,"height":80,"caption":"Motoairbag - L&#039;airbag per i motociclisti"},"image":{"@id":"https:\/\/www.motoairbag.com\/#\/schema\/logo\/image\/"}}]}},"_links":{"self":[{"href":"https:\/\/www.motoairbag.com\/de\/wp-json\/wp\/v2\/product\/6397","targetHints":{"allow":["GET"]}}],"collection":[{"href":"https:\/\/www.motoairbag.com\/de\/wp-json\/wp\/v2\/product"}],"about":[{"href":"https:\/\/www.motoairbag.com\/de\/wp-json\/wp\/v2\/types\/product"}],"wp:featuredmedia":[{"embeddable":true,"href":"https:\/\/www.motoairbag.com\/de\/wp-json\/wp\/v2\/media\/10477"}],"wp:attachment":[{"href":"https:\/\/www.motoairbag.com\/de\/wp-json\/wp\/v2\/media?parent=6397"}],"wp:term":[{"taxonomy":"product_brand","embeddable":true,"href":"https:\/\/www.motoairbag.com\/de\/wp-json\/wp\/v2\/product_brand?post=6397"},{"taxonomy":"product_cat","embeddable":true,"href":"https:\/\/www.motoairbag.com\/de\/wp-json\/wp\/v2\/product_cat?post=6397"},{"taxonomy":"product_tag","embeddable":true,"href":"https:\/\/www.motoairbag.com\/de\/wp-json\/wp\/v2\/product_tag?post=6397"}],"curies":[{"name":"wp","href":"https:\/\/api.w.org\/{rel}","templated":true}]}}