{"id":6394,"date":"2022-06-23T10:15:14","date_gmt":"2022-06-23T10:15:14","guid":{"rendered":"https:\/\/www.motoairbag.com\/shop\/unkategorisiert\/mab-aufladekit-1\/"},"modified":"2025-11-07T11:21:14","modified_gmt":"2025-11-07T11:21:14","slug":"mab-aufladekit-1","status":"publish","type":"product","link":"https:\/\/www.motoairbag.com\/de\/shop\/zubehor-und-nachfullpackungen\/mab-aufladekit-1\/","title":{"rendered":"MAB AUFLADEKIT 1"},"content":{"rendered":"<p data-start=\"634\" data-end=\"830\">Im Nachf\u00fcllset finden Sie\u00a0<strong data-start=\"675\" data-end=\"695\">alles Notwendige<\/strong>, um Ihr MOTOAIRBAG wieder vollst\u00e4ndig funktionsf\u00e4hig zu machen: den Nachf\u00fcllschl\u00fcssel und die beiden CO2-Kartuschen (Kohlendioxid).<\/p>\n<p data-start=\"832\" data-end=\"894\">Ein Set, das\u00a0<strong data-start=\"845\" data-end=\"887\">einfach und unkompliziert zu verwenden<\/strong>\u00a0ist.<\/p>\n<p data-start=\"896\" data-end=\"940\">Kompatibel mit allen MOTOAIRBAG-Modellen, empfohlen f\u00fcr die Modelle: VZERO, CITY AIRBAG.<\/p>\n","protected":false},"excerpt":{"rendered":"<p data-start=\"1226\" data-end=\"1385\">Das Kit erm\u00f6glicht es, Ihr MOTOAIRBAG\u00a0<strong data-start=\"1280\" data-end=\"1310\">schnell wiederherzustellen<\/strong>\u00a0bei versehentlicher Ausl\u00f6sung oder wenn kein Aufprall stattgefunden hat.<\/p>\n<p data-start=\"1387\" data-end=\"1485\">Das Nachf\u00fcllen ist einfach und so konzipiert, dass es\u00a0<strong data-start=\"1441\" data-end=\"1478\">vollst\u00e4ndig sicher und fehlerfrei<\/strong>\u00a0ist.<\/p>\n<p data-start=\"1487\" data-end=\"1589\">Vor dem Nachf\u00fcllen ist es wichtig, die im Handbuch beschriebenen Pr\u00fcfungen sorgf\u00e4ltig durchzuf\u00fchren.<\/p>\n<p data-start=\"1591\" data-end=\"1751\">Versuchen Sie\u00a0<strong data-start=\"1605\" data-end=\"1658\">nicht, das Airbag nach einem Aufprall aufzuf\u00fcllen<\/strong>; wenden Sie sich in diesen F\u00e4llen umgehend an den Support unter\u00a0<a class=\"decorated-link cursor-pointer\" rel=\"noopener\" data-start=\"1723\" data-end=\"1748\">assistenza@motoairbag.com<\/a>.<\/p>\n<p data-start=\"1753\" data-end=\"1888\">Denken Sie daran, dass MOTOAIRBAG\u00a0<strong data-start=\"1788\" data-end=\"1818\">nur mit Originalkartuschen<\/strong>\u00a0funktioniert, um optimale Leistung und Sicherheit zu gew\u00e4hrleisten.<\/p>\n","protected":false},"featured_media":6185,"template":"","meta":[],"product_brand":[],"product_cat":[109],"product_tag":[],"class_list":{"0":"post-6394","1":"product","2":"type-product","3":"status-publish","4":"has-post-thumbnail","6":"product_cat-zubehor-und-nachfullpackungen","8":"first","9":"instock","10":"taxable","11":"shipping-taxable","12":"purchasable","13":"product-type-simple"},"yoast_head":"<!-- This site is optimized with the Yoast SEO plugin v27.0 - https:\/\/yoast.com\/product\/yoast-seo-wordpress\/ -->\n<title>MAB AUFLADEKIT 1 - Motoairbag - L&#039;airbag per i motociclisti<\/title>\n<meta name=\"robots\" content=\"index, follow, max-snippet:-1, max-image-preview:large, max-video-preview:-1\" \/>\n<link rel=\"canonical\" href=\"https:\/\/www.motoairbag.com\/de\/shop\/zubehor-und-nachfullpackungen\/mab-aufladekit-1\/\" \/>\n<meta property=\"og:locale\" content=\"de_DE\" \/>\n<meta property=\"og:type\" content=\"article\" \/>\n<meta property=\"og:title\" content=\"MAB AUFLADEKIT 1 - Motoairbag - L&#039;airbag per i motociclisti\" \/>\n<meta property=\"og:description\" content=\"Das Kit erm\u00f6glicht es, Ihr MOTOAIRBAG\u00a0schnell wiederherzustellen\u00a0bei versehentlicher Ausl\u00f6sung oder wenn kein Aufprall stattgefunden hat. Das Nachf\u00fcllen ist einfach und so konzipiert, dass es\u00a0vollst\u00e4ndig sicher und fehlerfrei\u00a0ist. Vor dem Nachf\u00fcllen ist es wichtig, die im Handbuch beschriebenen Pr\u00fcfungen sorgf\u00e4ltig durchzuf\u00fchren. Versuchen Sie\u00a0nicht, das Airbag nach einem Aufprall aufzuf\u00fcllen; wenden Sie sich in diesen F\u00e4llen umgehend an den Support unter\u00a0assistenza@motoairbag.com. Denken Sie daran, dass MOTOAIRBAG\u00a0nur mit Originalkartuschen\u00a0funktioniert, um optimale Leistung und Sicherheit zu gew\u00e4hrleisten.\" \/>\n<meta property=\"og:url\" content=\"https:\/\/www.motoairbag.com\/de\/shop\/zubehor-und-nachfullpackungen\/mab-aufladekit-1\/\" \/>\n<meta property=\"og:site_name\" content=\"Motoairbag - L&#039;airbag per i motociclisti\" \/>\n<meta property=\"article:modified_time\" content=\"2025-11-07T11:21:14+00:00\" \/>\n<meta property=\"og:image\" content=\"https:\/\/www.motoairbag.com\/wp-content\/uploads\/2022\/06\/D4210-Kit-1-bombola-2-scaled.jpg\" \/>\n\t<meta property=\"og:image:width\" content=\"2551\" \/>\n\t<meta property=\"og:image:height\" content=\"2560\" \/>\n\t<meta property=\"og:image:type\" content=\"image\/jpeg\" \/>\n<meta name=\"twitter:card\" content=\"summary_large_image\" \/>\n<meta name=\"twitter:label1\" content=\"Gesch\u00e4tzte Lesezeit\" \/>\n\t<meta name=\"twitter:data1\" content=\"1\u00a0Minute\" \/>\n<script type=\"application\/ld+json\" class=\"yoast-schema-graph\">{\"@context\":\"https:\/\/schema.org\",\"@graph\":[{\"@type\":\"WebPage\",\"@id\":\"https:\/\/www.motoairbag.com\/de\/shop\/zubehor-und-nachfullpackungen\/mab-aufladekit-1\/\",\"url\":\"https:\/\/www.motoairbag.com\/de\/shop\/zubehor-und-nachfullpackungen\/mab-aufladekit-1\/\",\"name\":\"MAB AUFLADEKIT 1 - Motoairbag - L&#039;airbag per i motociclisti\",\"isPartOf\":{\"@id\":\"https:\/\/www.motoairbag.com\/#website\"},\"primaryImageOfPage\":{\"@id\":\"https:\/\/www.motoairbag.com\/de\/shop\/zubehor-und-nachfullpackungen\/mab-aufladekit-1\/#primaryimage\"},\"image\":{\"@id\":\"https:\/\/www.motoairbag.com\/de\/shop\/zubehor-und-nachfullpackungen\/mab-aufladekit-1\/#primaryimage\"},\"thumbnailUrl\":\"https:\/\/www.motoairbag.com\/wp-content\/uploads\/2022\/06\/D4210-Kit-1-bombola-2-scaled.jpg\",\"datePublished\":\"2022-06-23T10:15:14+00:00\",\"dateModified\":\"2025-11-07T11:21:14+00:00\",\"breadcrumb\":{\"@id\":\"https:\/\/www.motoairbag.com\/de\/shop\/zubehor-und-nachfullpackungen\/mab-aufladekit-1\/#breadcrumb\"},\"inLanguage\":\"de\",\"potentialAction\":[{\"@type\":\"ReadAction\",\"target\":[\"https:\/\/www.motoairbag.com\/de\/shop\/zubehor-und-nachfullpackungen\/mab-aufladekit-1\/\"]}]},{\"@type\":\"ImageObject\",\"inLanguage\":\"de\",\"@id\":\"https:\/\/www.motoairbag.com\/de\/shop\/zubehor-und-nachfullpackungen\/mab-aufladekit-1\/#primaryimage\",\"url\":\"https:\/\/www.motoairbag.com\/wp-content\/uploads\/2022\/06\/D4210-Kit-1-bombola-2-scaled.jpg\",\"contentUrl\":\"https:\/\/www.motoairbag.com\/wp-content\/uploads\/2022\/06\/D4210-Kit-1-bombola-2-scaled.jpg\",\"width\":2551,\"height\":2560},{\"@type\":\"BreadcrumbList\",\"@id\":\"https:\/\/www.motoairbag.com\/de\/shop\/zubehor-und-nachfullpackungen\/mab-aufladekit-1\/#breadcrumb\",\"itemListElement\":[{\"@type\":\"ListItem\",\"position\":1,\"name\":\"Home\",\"item\":\"https:\/\/www.motoairbag.com\/de\/\"},{\"@type\":\"ListItem\",\"position\":2,\"name\":\"Shop\",\"item\":\"https:\/\/www.motoairbag.com\/shop\/\"},{\"@type\":\"ListItem\",\"position\":3,\"name\":\"MAB AUFLADEKIT 1\"}]},{\"@type\":\"WebSite\",\"@id\":\"https:\/\/www.motoairbag.com\/#website\",\"url\":\"https:\/\/www.motoairbag.com\/\",\"name\":\"Motoairbag - L&#039;airbag per i motociclisti\",\"description\":\"\",\"publisher\":{\"@id\":\"https:\/\/www.motoairbag.com\/#organization\"},\"potentialAction\":[{\"@type\":\"SearchAction\",\"target\":{\"@type\":\"EntryPoint\",\"urlTemplate\":\"https:\/\/www.motoairbag.com\/?s={search_term_string}\"},\"query-input\":{\"@type\":\"PropertyValueSpecification\",\"valueRequired\":true,\"valueName\":\"search_term_string\"}}],\"inLanguage\":\"de\"},{\"@type\":\"Organization\",\"@id\":\"https:\/\/www.motoairbag.com\/#organization\",\"name\":\"Motoairbag - L&#039;airbag per i motociclisti\",\"url\":\"https:\/\/www.motoairbag.com\/\",\"logo\":{\"@type\":\"ImageObject\",\"inLanguage\":\"de\",\"@id\":\"https:\/\/www.motoairbag.com\/#\/schema\/logo\/image\/\",\"url\":\"https:\/\/www.motoairbag.com\/wp-content\/uploads\/2022\/11\/logo-final.jpg\",\"contentUrl\":\"https:\/\/www.motoairbag.com\/wp-content\/uploads\/2022\/11\/logo-final.jpg\",\"width\":609,\"height\":80,\"caption\":\"Motoairbag - L&#039;airbag per i motociclisti\"},\"image\":{\"@id\":\"https:\/\/www.motoairbag.com\/#\/schema\/logo\/image\/\"}}]}<\/script>\n<!-- \/ Yoast SEO plugin. -->","yoast_head_json":{"title":"MAB AUFLADEKIT 1 - Motoairbag - L&#039;airbag per i motociclisti","robots":{"index":"index","follow":"follow","max-snippet":"max-snippet:-1","max-image-preview":"max-image-preview:large","max-video-preview":"max-video-preview:-1"},"canonical":"https:\/\/www.motoairbag.com\/de\/shop\/zubehor-und-nachfullpackungen\/mab-aufladekit-1\/","og_locale":"de_DE","og_type":"article","og_title":"MAB AUFLADEKIT 1 - Motoairbag - L&#039;airbag per i motociclisti","og_description":"Das Kit erm\u00f6glicht es, Ihr MOTOAIRBAG\u00a0schnell wiederherzustellen\u00a0bei versehentlicher Ausl\u00f6sung oder wenn kein Aufprall stattgefunden hat. Das Nachf\u00fcllen ist einfach und so konzipiert, dass es\u00a0vollst\u00e4ndig sicher und fehlerfrei\u00a0ist. Vor dem Nachf\u00fcllen ist es wichtig, die im Handbuch beschriebenen Pr\u00fcfungen sorgf\u00e4ltig durchzuf\u00fchren. Versuchen Sie\u00a0nicht, das Airbag nach einem Aufprall aufzuf\u00fcllen; wenden Sie sich in diesen F\u00e4llen umgehend an den Support unter\u00a0assistenza@motoairbag.com. Denken Sie daran, dass MOTOAIRBAG\u00a0nur mit Originalkartuschen\u00a0funktioniert, um optimale Leistung und Sicherheit zu gew\u00e4hrleisten.","og_url":"https:\/\/www.motoairbag.com\/de\/shop\/zubehor-und-nachfullpackungen\/mab-aufladekit-1\/","og_site_name":"Motoairbag - L&#039;airbag per i motociclisti","article_modified_time":"2025-11-07T11:21:14+00:00","og_image":[{"width":2551,"height":2560,"url":"https:\/\/www.motoairbag.com\/wp-content\/uploads\/2022\/06\/D4210-Kit-1-bombola-2-scaled.jpg","type":"image\/jpeg"}],"twitter_card":"summary_large_image","twitter_misc":{"Gesch\u00e4tzte Lesezeit":"1\u00a0Minute"},"schema":{"@context":"https:\/\/schema.org","@graph":[{"@type":"WebPage","@id":"https:\/\/www.motoairbag.com\/de\/shop\/zubehor-und-nachfullpackungen\/mab-aufladekit-1\/","url":"https:\/\/www.motoairbag.com\/de\/shop\/zubehor-und-nachfullpackungen\/mab-aufladekit-1\/","name":"MAB AUFLADEKIT 1 - Motoairbag - L&#039;airbag per i motociclisti","isPartOf":{"@id":"https:\/\/www.motoairbag.com\/#website"},"primaryImageOfPage":{"@id":"https:\/\/www.motoairbag.com\/de\/shop\/zubehor-und-nachfullpackungen\/mab-aufladekit-1\/#primaryimage"},"image":{"@id":"https:\/\/www.motoairbag.com\/de\/shop\/zubehor-und-nachfullpackungen\/mab-aufladekit-1\/#primaryimage"},"thumbnailUrl":"https:\/\/www.motoairbag.com\/wp-content\/uploads\/2022\/06\/D4210-Kit-1-bombola-2-scaled.jpg","datePublished":"2022-06-23T10:15:14+00:00","dateModified":"2025-11-07T11:21:14+00:00","breadcrumb":{"@id":"https:\/\/www.motoairbag.com\/de\/shop\/zubehor-und-nachfullpackungen\/mab-aufladekit-1\/#breadcrumb"},"inLanguage":"de","potentialAction":[{"@type":"ReadAction","target":["https:\/\/www.motoairbag.com\/de\/shop\/zubehor-und-nachfullpackungen\/mab-aufladekit-1\/"]}]},{"@type":"ImageObject","inLanguage":"de","@id":"https:\/\/www.motoairbag.com\/de\/shop\/zubehor-und-nachfullpackungen\/mab-aufladekit-1\/#primaryimage","url":"https:\/\/www.motoairbag.com\/wp-content\/uploads\/2022\/06\/D4210-Kit-1-bombola-2-scaled.jpg","contentUrl":"https:\/\/www.motoairbag.com\/wp-content\/uploads\/2022\/06\/D4210-Kit-1-bombola-2-scaled.jpg","width":2551,"height":2560},{"@type":"BreadcrumbList","@id":"https:\/\/www.motoairbag.com\/de\/shop\/zubehor-und-nachfullpackungen\/mab-aufladekit-1\/#breadcrumb","itemListElement":[{"@type":"ListItem","position":1,"name":"Home","item":"https:\/\/www.motoairbag.com\/de\/"},{"@type":"ListItem","position":2,"name":"Shop","item":"https:\/\/www.motoairbag.com\/shop\/"},{"@type":"ListItem","position":3,"name":"MAB AUFLADEKIT 1"}]},{"@type":"WebSite","@id":"https:\/\/www.motoairbag.com\/#website","url":"https:\/\/www.motoairbag.com\/","name":"Motoairbag - L&#039;airbag per i motociclisti","description":"","publisher":{"@id":"https:\/\/www.motoairbag.com\/#organization"},"potentialAction":[{"@type":"SearchAction","target":{"@type":"EntryPoint","urlTemplate":"https:\/\/www.motoairbag.com\/?s={search_term_string}"},"query-input":{"@type":"PropertyValueSpecification","valueRequired":true,"valueName":"search_term_string"}}],"inLanguage":"de"},{"@type":"Organization","@id":"https:\/\/www.motoairbag.com\/#organization","name":"Motoairbag - L&#039;airbag per i motociclisti","url":"https:\/\/www.motoairbag.com\/","logo":{"@type":"ImageObject","inLanguage":"de","@id":"https:\/\/www.motoairbag.com\/#\/schema\/logo\/image\/","url":"https:\/\/www.motoairbag.com\/wp-content\/uploads\/2022\/11\/logo-final.jpg","contentUrl":"https:\/\/www.motoairbag.com\/wp-content\/uploads\/2022\/11\/logo-final.jpg","width":609,"height":80,"caption":"Motoairbag - L&#039;airbag per i motociclisti"},"image":{"@id":"https:\/\/www.motoairbag.com\/#\/schema\/logo\/image\/"}}]}},"_links":{"self":[{"href":"https:\/\/www.motoairbag.com\/de\/wp-json\/wp\/v2\/product\/6394","targetHints":{"allow":["GET"]}}],"collection":[{"href":"https:\/\/www.motoairbag.com\/de\/wp-json\/wp\/v2\/product"}],"about":[{"href":"https:\/\/www.motoairbag.com\/de\/wp-json\/wp\/v2\/types\/product"}],"wp:featuredmedia":[{"embeddable":true,"href":"https:\/\/www.motoairbag.com\/de\/wp-json\/wp\/v2\/media\/6185"}],"wp:attachment":[{"href":"https:\/\/www.motoairbag.com\/de\/wp-json\/wp\/v2\/media?parent=6394"}],"wp:term":[{"taxonomy":"product_brand","embeddable":true,"href":"https:\/\/www.motoairbag.com\/de\/wp-json\/wp\/v2\/product_brand?post=6394"},{"taxonomy":"product_cat","embeddable":true,"href":"https:\/\/www.motoairbag.com\/de\/wp-json\/wp\/v2\/product_cat?post=6394"},{"taxonomy":"product_tag","embeddable":true,"href":"https:\/\/www.motoairbag.com\/de\/wp-json\/wp\/v2\/product_tag?post=6394"}],"curies":[{"name":"wp","href":"https:\/\/api.w.org\/{rel}","templated":true}]}}