{"id":6381,"date":"2022-06-22T07:27:42","date_gmt":"2022-06-22T07:27:42","guid":{"rendered":"https:\/\/www.motoairbag.com\/shop\/unkategorisiert\/mab-v4\/"},"modified":"2026-04-24T10:31:04","modified_gmt":"2026-04-24T10:31:04","slug":"mab-v4","status":"publish","type":"product","link":"https:\/\/www.motoairbag.com\/de\/shop\/motorrad-airbags\/mab-v4\/","title":{"rendered":"MAB V4"},"content":{"rendered":"<p>[vc_row disable_background_image=&#8220;&#8220;][vc_column][vc_tta_accordion][vc_tta_section title=&#8220;ALLGEMEINE MERKMALE&#8220; tab_id=&#8220;1665647274320-421b536b-15c7&#8243;][vc_column_text]<\/p>\n<ul>\n<li>Weste mit integrierter und abnehmbarer perforierter Jacke, ausgestattet mit Schulter- und Ellbogenschutz Level 2<\/li>\n<li>Zertifiziert nach EN1621-4 Level 2 als Airbag f\u00fcr Motorradfahrer<\/li>\n<li>Analoge Ausl\u00f6sung \u00fcber Fast-Lock<\/li>\n<li>Wiederaufladbar<\/li>\n<li>Schutzvolumen: 25 Liter<\/li>\n<li>Synchronisator zur Steuerung der beiden Airbagsysteme<\/li>\n<li>Fluo- und Reflexeins\u00e4tze f\u00fcr bessere Sichtbarkeit<\/li>\n<li>Praktische und leicht zug\u00e4ngliche Au\u00dfentasche<\/li>\n<li>\u00dcber der Jacke zu tragen<\/li>\n<li>Seitliche Verstellm\u00f6glichkeiten, um sich an dicke oder mehrlagige Winterjacken und leichtere Sommerjacken anzupassen<\/li>\n<\/ul>\n<p>[\/vc_column_text][\/vc_tta_section][vc_tta_section title=&#8220;TECHNISCHE DATEN&#8220; tab_id=&#8220;1665647327764-f4d815c0-1938&#8243;][vc_column_text]<\/p>\n<ul>\n<li data-start=\"43\" data-end=\"569\">Doppelt-Airbag-System (Dual Airbag System)<br data-start=\"89\" data-end=\"92\" \/>\u2013 R\u00fcckseitiger Airbag zum Schutz des R\u00fcckens von der Halswirbels\u00e4ule bis zum Stei\u00dfbein. Zertifiziert nach AIRBAG EN1621\/4 FB Level 2. Restkraft nach Aufpralltest: 1,4 kN (Grenzwert Level 1 AIRBAG = 4,5 kN; Grenzwert Level 2 AIRBAG = 2,5 kN)<br data-start=\"344\" data-end=\"347\" \/>\u2013 Vorderer Airbag zum Schutz von Brust, Bauch und Hals. Zertifiziert nach AIRBAG EN1621\/4 DC Level 2. Restkraft nach Aufpralltest: 0,8 kN (Grenzwert Level 1 AIRBAG = 4,5 kN; Grenzwert Level 2 AIRBAG = 2,5 kN)<\/li>\n<li data-start=\"571\" data-end=\"923\">Fast-Lock-Technologie f\u00fcr eine vollst\u00e4ndige und zuverl\u00e4ssige Erkennung von Unf\u00e4llen<\/li>\n<li data-start=\"571\" data-end=\"923\">Aufblaszeit: 80 Millisekunden f\u00fcr beide Airbagsysteme<\/li>\n<li data-start=\"571\" data-end=\"923\">Gesamtes Schutzvolumen: 25 Liter (15 Liter hinterer Airbag + 10 Liter vorderer Airbag)<\/li>\n<li data-start=\"571\" data-end=\"923\">Gewicht des Airbagsystems: 800 g (hinterer Airbag) \u2013 600 g (vorderer Airbag). Gesamtgewicht: 2,1 kg<\/li>\n<li data-start=\"925\" data-end=\"1441\">Wiederverwendbar: vom Benutzer in wenigen Minuten \u00fcber das Nachf\u00fcllkit wiederaufladbar, nach einer einfachen Kontrolle gem\u00e4\u00df Handbuch<\/li>\n<li data-start=\"925\" data-end=\"1441\">Ausgestattet mit praktischer Au\u00dfentasche, verwendbar als Dokumententasche<\/li>\n<li data-start=\"925\" data-end=\"1441\">Hergestellt aus hochfestem Polyester mit perforierter Struktur<\/li>\n<li data-start=\"925\" data-end=\"1441\">Innenfutter aus 3D-Material zur besseren Luftzirkulation<\/li>\n<li data-start=\"925\" data-end=\"1441\">Fluo- und reflektierende Eins\u00e4tze f\u00fcr erh\u00f6hte Sichtbarkeit<\/li>\n<li data-start=\"925\" data-end=\"1441\">Seitliche Rei\u00dfverschlussverstellungen f\u00fcr eine einfache Anpassung zwischen den Gr\u00f6\u00dfen<\/li>\n<li data-start=\"1443\" data-end=\"2105\">Perforierte Innenjacke mit Schulter- und Ellbogenschutz Level 2 EN1621-1, abnehmbar vom MAB v4 Gilet, um den Airbag auch \u00fcber dickeren Jacken zu verwenden<\/li>\n<li data-start=\"1443\" data-end=\"2105\">Zus\u00e4tzliche seitliche Riemenverstellungen f\u00fcr den Einsatz \u00fcber leichten Sommerjacken oder mehrlagigen Winterjacken<\/li>\n<li data-start=\"1443\" data-end=\"2105\">Integrierter Taillengurt, um die Weste in der richtigen Position zu halten \u2013 sowohl w\u00e4hrend der Fahrt als auch im Falle einer Aktivierung<\/li>\n<li data-start=\"1443\" data-end=\"2105\">Elastische Eins\u00e4tze an H\u00fcften und Schultern, die sich beim Aufblasen ausdehnen und die korrekte Entfaltung beider Airbags erm\u00f6glichen, ohne die<\/li>\n<li data-start=\"1443\" data-end=\"2105\">Bewegungsfreiheit einzuschr\u00e4nken<\/li>\n<li data-start=\"1443\" data-end=\"2105\">Automatische Entl\u00fcftungsventile<\/li>\n<li data-start=\"2107\" data-end=\"2413\">Fast-Lock-Synchronisationssystem: aktiviert intelligent den Airbag, der dem Aufprallpunkt am n\u00e4chsten liegt; zum Beispiel bei einem Frontalaufprall bl\u00e4st sich zuerst der vordere Airbag und anschlie\u00dfend der hintere auf, w\u00e4hrend bei einem Auffahrunfall der hintere Airbag zuerst ausgel\u00f6st wird.<\/li>\n<li data-start=\"2415\" data-end=\"2769\">System zur Vermeidung unbeabsichtigter Ausl\u00f6sung: um die Weste zu aktivieren, muss das Kabel vollst\u00e4ndig herausgezogen, die R\u00fcckholfederkraft des Fast Lock \u00fcberwunden und eine Zugkraft von 15 kg angewendet werden; f\u00fcr die ersten Anwendungen wird ein Erinnerungsaufkleber mitgeliefert, der auf das Armaturenbrett geklebt werden kann.<\/li>\n<li data-start=\"2771\" data-end=\"2933\">Optimiertes Design f\u00fcr \u00fcberlegenen Komfort, kompatibel mit allen Arten von Jacken<\/li>\n<li data-start=\"2771\" data-end=\"2933\">Fast Lock ist kompatibel mit dem Schnellverschluss-Karabiner<\/li>\n<\/ul>\n<p>[\/vc_column_text][\/vc_tta_section][vc_tta_section title=&#8220;SICHERHEITSZERTIFIKATE&#8220; tab_id=&#8220;1665647393215-fcd34d4d-e657&#8243;][vc_column_text]<\/p>\n<ul>\n<li>Vorderer Airbag \u2013 Zertifiziert AIRBAG EN1621\/4 Level 2 DC (maximales Niveau)<\/li>\n<li>Hinterer Airbag \u2013 Zertifiziert AIRBAG EN1621\/4 Level 2 FB (maximales Niveau)<\/li>\n<li>Schulter- und Ellbogenschutz zertifiziert EN1621-1 Level 2<\/li>\n<li>Ausl\u00f6sesystem mit Fast Lock und analogem Beschleunigungsmesser<\/li>\n<li>Synchronisierer<\/li>\n<\/ul>\n<p>[\/vc_column_text][\/vc_tta_section][\/vc_tta_accordion][\/vc_column][\/vc_row]<\/p>\n","protected":false},"excerpt":{"rendered":"<p>MAB V4 ist ein Airbag-System, das entwickelt wurde, um dem Motorradfahrer im Falle eines Aufpralls maximalen Schutz zu bieten, dank des Doppel-Airbag-Systems (Dual Airbag System), das vorne und hinten Schutz bietet<br data-start=\"1197\" data-end=\"1200\" \/>Es integriert das Fast-Lock-Unfallerkennungssystem mit analogem Beschleunigungsmesser, das eine schnelle und zuverl\u00e4ssige Ausl\u00f6sung gew\u00e4hrleistet. Fast Lock muss \u00fcber die im Lieferumfang enthaltenen speziellen Gurte mit dem Motorrad verbunden werden und den Befestigungspunkt am Sitz erstellen<\/p>\n<p data-start=\"1497\" data-end=\"1666\">Es verf\u00fcgt \u00fcber eine integrierte, herausnehmbare Innenjacke, ideal f\u00fcr warme Jahreszeiten, ausgestattet mit harten Schutzpolstern an Schultern und Ellbogen der Stufe 2<\/p>\n<p data-start=\"1497\" data-end=\"1666\">Das Ger\u00e4t ist durch den Kauf des entsprechenden Motoairbag-Wiederaufladekits wiederaufladbar und kann nach der Ausl\u00f6sung erneut verwendet werden.<\/p>\n<p data-start=\"1668\" data-end=\"1814\">MAB V4 besteht aus hochfestem Polyester und ist in Grau\/Fluo und Schwarz\/Fluo mit reflektierenden Eins\u00e4tzen f\u00fcr optimale Sichtbarkeit erh\u00e4ltlich<\/p>\n<p data-start=\"1816\" data-end=\"1973\" data-is-last-node=\"\" data-is-only-node=\"\">\u26a0\ufe0f Denken Sie daran, den Fast Lock vor dem Absteigen vom Motorrad zu trennen, um eine unbeabsichtigte Ausl\u00f6sung eines oder beider Airbags bei einer Zugkraft am Kabel von \u00fcber 15 kg zu vermeiden.<\/p>\n","protected":false},"featured_media":6272,"template":"","meta":[],"product_brand":[],"product_cat":[108],"product_tag":[],"class_list":{"0":"post-6381","1":"product","2":"type-product","3":"status-publish","4":"has-post-thumbnail","6":"product_cat-motorrad-airbags","8":"first","9":"instock","10":"taxable","11":"shipping-taxable","12":"purchasable","13":"product-type-variable"},"yoast_head":"<!-- This site is optimized with the Yoast SEO plugin v27.0 - https:\/\/yoast.com\/product\/yoast-seo-wordpress\/ -->\n<title>MAB V4 - Motoairbag - L&#039;airbag per i motociclisti<\/title>\n<meta name=\"robots\" content=\"index, follow, max-snippet:-1, max-image-preview:large, max-video-preview:-1\" \/>\n<link rel=\"canonical\" href=\"https:\/\/www.motoairbag.com\/de\/shop\/motorrad-airbags\/mab-v4\/\" \/>\n<meta property=\"og:locale\" content=\"de_DE\" \/>\n<meta property=\"og:type\" content=\"article\" \/>\n<meta property=\"og:title\" content=\"MAB V4 - Motoairbag - L&#039;airbag per i motociclisti\" \/>\n<meta property=\"og:description\" content=\"MAB V4 ist ein Airbag-System, das entwickelt wurde, um dem Motorradfahrer im Falle eines Aufpralls maximalen Schutz zu bieten, dank des Doppel-Airbag-Systems (Dual Airbag System), das vorne und hinten Schutz bietetEs integriert das Fast-Lock-Unfallerkennungssystem mit analogem Beschleunigungsmesser, das eine schnelle und zuverl\u00e4ssige Ausl\u00f6sung gew\u00e4hrleistet. Fast Lock muss \u00fcber die im Lieferumfang enthaltenen speziellen Gurte mit dem Motorrad verbunden werden und den Befestigungspunkt am Sitz erstellen Es verf\u00fcgt \u00fcber eine integrierte, herausnehmbare Innenjacke, ideal f\u00fcr warme Jahreszeiten, ausgestattet mit harten Schutzpolstern an Schultern und Ellbogen der Stufe 2 Das Ger\u00e4t ist durch den Kauf des entsprechenden Motoairbag-Wiederaufladekits wiederaufladbar und kann nach der Ausl\u00f6sung erneut verwendet werden. MAB V4 besteht aus hochfestem Polyester und ist in Grau\/Fluo und Schwarz\/Fluo mit reflektierenden Eins\u00e4tzen f\u00fcr optimale Sichtbarkeit erh\u00e4ltlich \u26a0\ufe0f Denken Sie daran, den Fast Lock vor dem Absteigen vom Motorrad zu trennen, um eine unbeabsichtigte Ausl\u00f6sung eines oder beider Airbags bei einer Zugkraft am Kabel von \u00fcber 15 kg zu vermeiden.\" \/>\n<meta property=\"og:url\" content=\"https:\/\/www.motoairbag.com\/de\/shop\/motorrad-airbags\/mab-v4\/\" \/>\n<meta property=\"og:site_name\" content=\"Motoairbag - L&#039;airbag per i motociclisti\" \/>\n<meta property=\"article:modified_time\" content=\"2026-04-24T10:31:04+00:00\" \/>\n<meta property=\"og:image\" content=\"https:\/\/www.motoairbag.com\/wp-content\/uploads\/2022\/06\/V4N_1rid.jpg\" \/>\n\t<meta property=\"og:image:width\" content=\"1748\" \/>\n\t<meta property=\"og:image:height\" content=\"1748\" \/>\n\t<meta property=\"og:image:type\" content=\"image\/jpeg\" \/>\n<meta name=\"twitter:card\" content=\"summary_large_image\" \/>\n<meta name=\"twitter:label1\" content=\"Gesch\u00e4tzte Lesezeit\" \/>\n\t<meta name=\"twitter:data1\" content=\"3\u00a0Minuten\" \/>\n<script type=\"application\/ld+json\" class=\"yoast-schema-graph\">{\"@context\":\"https:\/\/schema.org\",\"@graph\":[{\"@type\":\"WebPage\",\"@id\":\"https:\/\/www.motoairbag.com\/de\/shop\/motorrad-airbags\/mab-v4\/\",\"url\":\"https:\/\/www.motoairbag.com\/de\/shop\/motorrad-airbags\/mab-v4\/\",\"name\":\"MAB V4 - Motoairbag - L&#039;airbag per i motociclisti\",\"isPartOf\":{\"@id\":\"https:\/\/www.motoairbag.com\/#website\"},\"primaryImageOfPage\":{\"@id\":\"https:\/\/www.motoairbag.com\/de\/shop\/motorrad-airbags\/mab-v4\/#primaryimage\"},\"image\":{\"@id\":\"https:\/\/www.motoairbag.com\/de\/shop\/motorrad-airbags\/mab-v4\/#primaryimage\"},\"thumbnailUrl\":\"https:\/\/www.motoairbag.com\/wp-content\/uploads\/2022\/06\/V4N_1rid.jpg\",\"datePublished\":\"2022-06-22T07:27:42+00:00\",\"dateModified\":\"2026-04-24T10:31:04+00:00\",\"breadcrumb\":{\"@id\":\"https:\/\/www.motoairbag.com\/de\/shop\/motorrad-airbags\/mab-v4\/#breadcrumb\"},\"inLanguage\":\"de\",\"potentialAction\":[{\"@type\":\"ReadAction\",\"target\":[\"https:\/\/www.motoairbag.com\/de\/shop\/motorrad-airbags\/mab-v4\/\"]}]},{\"@type\":\"ImageObject\",\"inLanguage\":\"de\",\"@id\":\"https:\/\/www.motoairbag.com\/de\/shop\/motorrad-airbags\/mab-v4\/#primaryimage\",\"url\":\"https:\/\/www.motoairbag.com\/wp-content\/uploads\/2022\/06\/V4N_1rid.jpg\",\"contentUrl\":\"https:\/\/www.motoairbag.com\/wp-content\/uploads\/2022\/06\/V4N_1rid.jpg\",\"width\":1748,\"height\":1748},{\"@type\":\"BreadcrumbList\",\"@id\":\"https:\/\/www.motoairbag.com\/de\/shop\/motorrad-airbags\/mab-v4\/#breadcrumb\",\"itemListElement\":[{\"@type\":\"ListItem\",\"position\":1,\"name\":\"Home\",\"item\":\"https:\/\/www.motoairbag.com\/de\/\"},{\"@type\":\"ListItem\",\"position\":2,\"name\":\"Shop\",\"item\":\"https:\/\/www.motoairbag.com\/shop\/\"},{\"@type\":\"ListItem\",\"position\":3,\"name\":\"MAB V4\"}]},{\"@type\":\"WebSite\",\"@id\":\"https:\/\/www.motoairbag.com\/#website\",\"url\":\"https:\/\/www.motoairbag.com\/\",\"name\":\"Motoairbag - L&#039;airbag per i motociclisti\",\"description\":\"\",\"publisher\":{\"@id\":\"https:\/\/www.motoairbag.com\/#organization\"},\"potentialAction\":[{\"@type\":\"SearchAction\",\"target\":{\"@type\":\"EntryPoint\",\"urlTemplate\":\"https:\/\/www.motoairbag.com\/?s={search_term_string}\"},\"query-input\":{\"@type\":\"PropertyValueSpecification\",\"valueRequired\":true,\"valueName\":\"search_term_string\"}}],\"inLanguage\":\"de\"},{\"@type\":\"Organization\",\"@id\":\"https:\/\/www.motoairbag.com\/#organization\",\"name\":\"Motoairbag - L&#039;airbag per i motociclisti\",\"url\":\"https:\/\/www.motoairbag.com\/\",\"logo\":{\"@type\":\"ImageObject\",\"inLanguage\":\"de\",\"@id\":\"https:\/\/www.motoairbag.com\/#\/schema\/logo\/image\/\",\"url\":\"https:\/\/www.motoairbag.com\/wp-content\/uploads\/2022\/11\/logo-final.jpg\",\"contentUrl\":\"https:\/\/www.motoairbag.com\/wp-content\/uploads\/2022\/11\/logo-final.jpg\",\"width\":609,\"height\":80,\"caption\":\"Motoairbag - L&#039;airbag per i motociclisti\"},\"image\":{\"@id\":\"https:\/\/www.motoairbag.com\/#\/schema\/logo\/image\/\"}}]}<\/script>\n<!-- \/ Yoast SEO plugin. -->","yoast_head_json":{"title":"MAB V4 - Motoairbag - L&#039;airbag per i motociclisti","robots":{"index":"index","follow":"follow","max-snippet":"max-snippet:-1","max-image-preview":"max-image-preview:large","max-video-preview":"max-video-preview:-1"},"canonical":"https:\/\/www.motoairbag.com\/de\/shop\/motorrad-airbags\/mab-v4\/","og_locale":"de_DE","og_type":"article","og_title":"MAB V4 - Motoairbag - L&#039;airbag per i motociclisti","og_description":"MAB V4 ist ein Airbag-System, das entwickelt wurde, um dem Motorradfahrer im Falle eines Aufpralls maximalen Schutz zu bieten, dank des Doppel-Airbag-Systems (Dual Airbag System), das vorne und hinten Schutz bietetEs integriert das Fast-Lock-Unfallerkennungssystem mit analogem Beschleunigungsmesser, das eine schnelle und zuverl\u00e4ssige Ausl\u00f6sung gew\u00e4hrleistet. Fast Lock muss \u00fcber die im Lieferumfang enthaltenen speziellen Gurte mit dem Motorrad verbunden werden und den Befestigungspunkt am Sitz erstellen Es verf\u00fcgt \u00fcber eine integrierte, herausnehmbare Innenjacke, ideal f\u00fcr warme Jahreszeiten, ausgestattet mit harten Schutzpolstern an Schultern und Ellbogen der Stufe 2 Das Ger\u00e4t ist durch den Kauf des entsprechenden Motoairbag-Wiederaufladekits wiederaufladbar und kann nach der Ausl\u00f6sung erneut verwendet werden. MAB V4 besteht aus hochfestem Polyester und ist in Grau\/Fluo und Schwarz\/Fluo mit reflektierenden Eins\u00e4tzen f\u00fcr optimale Sichtbarkeit erh\u00e4ltlich \u26a0\ufe0f Denken Sie daran, den Fast Lock vor dem Absteigen vom Motorrad zu trennen, um eine unbeabsichtigte Ausl\u00f6sung eines oder beider Airbags bei einer Zugkraft am Kabel von \u00fcber 15 kg zu vermeiden.","og_url":"https:\/\/www.motoairbag.com\/de\/shop\/motorrad-airbags\/mab-v4\/","og_site_name":"Motoairbag - L&#039;airbag per i motociclisti","article_modified_time":"2026-04-24T10:31:04+00:00","og_image":[{"width":1748,"height":1748,"url":"https:\/\/www.motoairbag.com\/wp-content\/uploads\/2022\/06\/V4N_1rid.jpg","type":"image\/jpeg"}],"twitter_card":"summary_large_image","twitter_misc":{"Gesch\u00e4tzte Lesezeit":"3\u00a0Minuten"},"schema":{"@context":"https:\/\/schema.org","@graph":[{"@type":"WebPage","@id":"https:\/\/www.motoairbag.com\/de\/shop\/motorrad-airbags\/mab-v4\/","url":"https:\/\/www.motoairbag.com\/de\/shop\/motorrad-airbags\/mab-v4\/","name":"MAB V4 - Motoairbag - L&#039;airbag per i motociclisti","isPartOf":{"@id":"https:\/\/www.motoairbag.com\/#website"},"primaryImageOfPage":{"@id":"https:\/\/www.motoairbag.com\/de\/shop\/motorrad-airbags\/mab-v4\/#primaryimage"},"image":{"@id":"https:\/\/www.motoairbag.com\/de\/shop\/motorrad-airbags\/mab-v4\/#primaryimage"},"thumbnailUrl":"https:\/\/www.motoairbag.com\/wp-content\/uploads\/2022\/06\/V4N_1rid.jpg","datePublished":"2022-06-22T07:27:42+00:00","dateModified":"2026-04-24T10:31:04+00:00","breadcrumb":{"@id":"https:\/\/www.motoairbag.com\/de\/shop\/motorrad-airbags\/mab-v4\/#breadcrumb"},"inLanguage":"de","potentialAction":[{"@type":"ReadAction","target":["https:\/\/www.motoairbag.com\/de\/shop\/motorrad-airbags\/mab-v4\/"]}]},{"@type":"ImageObject","inLanguage":"de","@id":"https:\/\/www.motoairbag.com\/de\/shop\/motorrad-airbags\/mab-v4\/#primaryimage","url":"https:\/\/www.motoairbag.com\/wp-content\/uploads\/2022\/06\/V4N_1rid.jpg","contentUrl":"https:\/\/www.motoairbag.com\/wp-content\/uploads\/2022\/06\/V4N_1rid.jpg","width":1748,"height":1748},{"@type":"BreadcrumbList","@id":"https:\/\/www.motoairbag.com\/de\/shop\/motorrad-airbags\/mab-v4\/#breadcrumb","itemListElement":[{"@type":"ListItem","position":1,"name":"Home","item":"https:\/\/www.motoairbag.com\/de\/"},{"@type":"ListItem","position":2,"name":"Shop","item":"https:\/\/www.motoairbag.com\/shop\/"},{"@type":"ListItem","position":3,"name":"MAB V4"}]},{"@type":"WebSite","@id":"https:\/\/www.motoairbag.com\/#website","url":"https:\/\/www.motoairbag.com\/","name":"Motoairbag - L&#039;airbag per i motociclisti","description":"","publisher":{"@id":"https:\/\/www.motoairbag.com\/#organization"},"potentialAction":[{"@type":"SearchAction","target":{"@type":"EntryPoint","urlTemplate":"https:\/\/www.motoairbag.com\/?s={search_term_string}"},"query-input":{"@type":"PropertyValueSpecification","valueRequired":true,"valueName":"search_term_string"}}],"inLanguage":"de"},{"@type":"Organization","@id":"https:\/\/www.motoairbag.com\/#organization","name":"Motoairbag - L&#039;airbag per i motociclisti","url":"https:\/\/www.motoairbag.com\/","logo":{"@type":"ImageObject","inLanguage":"de","@id":"https:\/\/www.motoairbag.com\/#\/schema\/logo\/image\/","url":"https:\/\/www.motoairbag.com\/wp-content\/uploads\/2022\/11\/logo-final.jpg","contentUrl":"https:\/\/www.motoairbag.com\/wp-content\/uploads\/2022\/11\/logo-final.jpg","width":609,"height":80,"caption":"Motoairbag - L&#039;airbag per i motociclisti"},"image":{"@id":"https:\/\/www.motoairbag.com\/#\/schema\/logo\/image\/"}}]}},"_links":{"self":[{"href":"https:\/\/www.motoairbag.com\/de\/wp-json\/wp\/v2\/product\/6381","targetHints":{"allow":["GET"]}}],"collection":[{"href":"https:\/\/www.motoairbag.com\/de\/wp-json\/wp\/v2\/product"}],"about":[{"href":"https:\/\/www.motoairbag.com\/de\/wp-json\/wp\/v2\/types\/product"}],"wp:featuredmedia":[{"embeddable":true,"href":"https:\/\/www.motoairbag.com\/de\/wp-json\/wp\/v2\/media\/6272"}],"wp:attachment":[{"href":"https:\/\/www.motoairbag.com\/de\/wp-json\/wp\/v2\/media?parent=6381"}],"wp:term":[{"taxonomy":"product_brand","embeddable":true,"href":"https:\/\/www.motoairbag.com\/de\/wp-json\/wp\/v2\/product_brand?post=6381"},{"taxonomy":"product_cat","embeddable":true,"href":"https:\/\/www.motoairbag.com\/de\/wp-json\/wp\/v2\/product_cat?post=6381"},{"taxonomy":"product_tag","embeddable":true,"href":"https:\/\/www.motoairbag.com\/de\/wp-json\/wp\/v2\/product_tag?post=6381"}],"curies":[{"name":"wp","href":"https:\/\/api.w.org\/{rel}","templated":true}]}}