{"id":6345,"date":"2022-06-22T10:32:21","date_gmt":"2022-06-22T10:32:21","guid":{"rendered":"https:\/\/www.motoairbag.com\/waesche\/"},"modified":"2023-02-15T13:08:07","modified_gmt":"2023-02-15T13:08:07","slug":"waesche","status":"publish","type":"page","link":"https:\/\/www.motoairbag.com\/de\/nach-dem-verkauf\/waesche\/","title":{"rendered":"W\u00c4SCHE"},"content":{"rendered":"<p>[vc_row disable_background_image=&#8220;&#8220;][vc_column][vc_column_text]<strong>IBei einer gr\u00fcndlichen W\u00e4sche wird das Airbag-System vollst\u00e4ndig entfernt und dann das Textilteil gewaschen. Nach dem Trocknen wird das Airbag-System wieder zusammengebaut.<\/strong><\/p>\n<p><strong>Die Kosten liegen je nach Modell zwischen 35\u20ac-50\u20ac.<\/strong><\/p>\n<p>Laufzeit: 48\/72 Stunden nach Erhalt des Airbags.[\/vc_column_text][\/vc_column][\/vc_row][vc_row disable_background_image=&#8220;&#8220;][vc_column][vc_empty_space]<a itemprop=\"url\" href=\"mailto:assistenza@motoairbag.com\" target=\"_self\"  class=\"mkdf-btn mkdf-btn-medium mkdf-btn-predefined\"  >\n            <span class=\"mkdf-btn-predefined-line-holder\">\n            <span class=\"mkdf-btn-line-hidden\"><\/span>\n            <span class=\"mkdf-btn-text\">E-mail<\/span>\n\t        <span class=\"mkdf-btn-line\"><\/span>\n            <i class=\"mkdf-btn-predefined-icon mkdf-icon-ion-icon ion-ios-play \"><\/i>\n        <\/span>\n    <\/a>[vc_empty_space height=&#8220;10px&#8220;]<a itemprop=\"url\" href=\"https:\/\/wa.me\/message\/35DF2K6FQIFNH1\" target=\"_self\" style=\"background-color: #25d366;border-color: #25d366\" class=\"mkdf-btn mkdf-btn-medium mkdf-btn-predefined\"  >\n            <span class=\"mkdf-btn-predefined-line-holder\">\n            <span class=\"mkdf-btn-line-hidden\"><\/span>\n            <span class=\"mkdf-btn-text\">Whatsapp<\/span>\n\t        <span class=\"mkdf-btn-line\"><\/span>\n            <i class=\"mkdf-btn-predefined-icon mkdf-icon-ion-icon ion-ios-play \"><\/i>\n        <\/span>\n    <\/a>[\/vc_column][\/vc_row]<\/p>\n","protected":false},"excerpt":{"rendered":"<p>[vc_row disable_background_image=&#8220;&#8220;][vc_column][vc_column_text]IBei einer gr\u00fcndlichen W\u00e4sche wird das Airbag-System vollst\u00e4ndig entfernt und dann das Textilteil gewaschen. Nach dem Trocknen wird das Airbag-System wieder zusammengebaut. Die Kosten liegen je nach Modell zwischen 35\u20ac-50\u20ac. Laufzeit: 48\/72 Stunden nach Erhalt des Airbags.[\/vc_column_text][\/vc_column][\/vc_row][vc_row disable_background_image=&#8220;&#8220;][vc_column][vc_empty_space][vc_empty_space height=&#8220;10px&#8220;][\/vc_column][\/vc_row]<\/p>\n","protected":false},"author":1,"featured_media":0,"parent":6408,"menu_order":0,"comment_status":"closed","ping_status":"closed","template":"","meta":{"footnotes":""},"class_list":["post-6345","page","type-page","status-publish","hentry"],"yoast_head":"<!-- This site is optimized with the Yoast SEO plugin v27.0 - https:\/\/yoast.com\/product\/yoast-seo-wordpress\/ -->\n<title>W\u00c4SCHE - Motoairbag - L&#039;airbag per i motociclisti<\/title>\n<meta name=\"robots\" content=\"index, follow, max-snippet:-1, max-image-preview:large, max-video-preview:-1\" \/>\n<link rel=\"canonical\" href=\"https:\/\/www.motoairbag.com\/post-vendita\/lavaggio\/\" \/>\n<meta property=\"og:locale\" content=\"de_DE\" \/>\n<meta property=\"og:type\" content=\"article\" \/>\n<meta property=\"og:title\" content=\"W\u00c4SCHE - Motoairbag - L&#039;airbag per i motociclisti\" \/>\n<meta property=\"og:description\" content=\"[vc_row disable_background_image=&#8220;&#8220;][vc_column][vc_column_text]IBei einer gr\u00fcndlichen W\u00e4sche wird das Airbag-System vollst\u00e4ndig entfernt und dann das Textilteil gewaschen. Nach dem Trocknen wird das Airbag-System wieder zusammengebaut. Die Kosten liegen je nach Modell zwischen 35\u20ac-50\u20ac. Laufzeit: 48\/72 Stunden nach Erhalt des Airbags.[\/vc_column_text][\/vc_column][\/vc_row][vc_row disable_background_image=&#8220;&#8220;][vc_column][vc_empty_space][vc_empty_space height=&#8220;10px&#8220;][\/vc_column][\/vc_row]\" \/>\n<meta property=\"og:url\" content=\"https:\/\/www.motoairbag.com\/post-vendita\/lavaggio\/\" \/>\n<meta property=\"og:site_name\" content=\"Motoairbag - L&#039;airbag per i motociclisti\" \/>\n<meta property=\"article:modified_time\" content=\"2023-02-15T13:08:07+00:00\" \/>\n<meta name=\"twitter:card\" content=\"summary_large_image\" \/>\n<meta name=\"twitter:label1\" content=\"Gesch\u00e4tzte Lesezeit\" \/>\n\t<meta name=\"twitter:data1\" content=\"1\u00a0Minute\" \/>\n<script type=\"application\/ld+json\" class=\"yoast-schema-graph\">{\"@context\":\"https:\/\/schema.org\",\"@graph\":[{\"@type\":\"WebPage\",\"@id\":\"https:\/\/www.motoairbag.com\/post-vendita\/lavaggio\/\",\"url\":\"https:\/\/www.motoairbag.com\/post-vendita\/lavaggio\/\",\"name\":\"W\u00c4SCHE - Motoairbag - L&#039;airbag per i motociclisti\",\"isPartOf\":{\"@id\":\"https:\/\/www.motoairbag.com\/#website\"},\"datePublished\":\"2022-06-22T10:32:21+00:00\",\"dateModified\":\"2023-02-15T13:08:07+00:00\",\"breadcrumb\":{\"@id\":\"https:\/\/www.motoairbag.com\/post-vendita\/lavaggio\/#breadcrumb\"},\"inLanguage\":\"de\",\"potentialAction\":[{\"@type\":\"ReadAction\",\"target\":[\"https:\/\/www.motoairbag.com\/post-vendita\/lavaggio\/\"]}]},{\"@type\":\"BreadcrumbList\",\"@id\":\"https:\/\/www.motoairbag.com\/post-vendita\/lavaggio\/#breadcrumb\",\"itemListElement\":[{\"@type\":\"ListItem\",\"position\":1,\"name\":\"Home\",\"item\":\"https:\/\/www.motoairbag.com\/de\/\"},{\"@type\":\"ListItem\",\"position\":2,\"name\":\"W\u00c4SCHE\"}]},{\"@type\":\"WebSite\",\"@id\":\"https:\/\/www.motoairbag.com\/#website\",\"url\":\"https:\/\/www.motoairbag.com\/\",\"name\":\"Motoairbag - L&#039;airbag per i motociclisti\",\"description\":\"\",\"publisher\":{\"@id\":\"https:\/\/www.motoairbag.com\/#organization\"},\"potentialAction\":[{\"@type\":\"SearchAction\",\"target\":{\"@type\":\"EntryPoint\",\"urlTemplate\":\"https:\/\/www.motoairbag.com\/?s={search_term_string}\"},\"query-input\":{\"@type\":\"PropertyValueSpecification\",\"valueRequired\":true,\"valueName\":\"search_term_string\"}}],\"inLanguage\":\"de\"},{\"@type\":\"Organization\",\"@id\":\"https:\/\/www.motoairbag.com\/#organization\",\"name\":\"Motoairbag - L&#039;airbag per i motociclisti\",\"url\":\"https:\/\/www.motoairbag.com\/\",\"logo\":{\"@type\":\"ImageObject\",\"inLanguage\":\"de\",\"@id\":\"https:\/\/www.motoairbag.com\/#\/schema\/logo\/image\/\",\"url\":\"https:\/\/www.motoairbag.com\/wp-content\/uploads\/2022\/11\/logo-final.jpg\",\"contentUrl\":\"https:\/\/www.motoairbag.com\/wp-content\/uploads\/2022\/11\/logo-final.jpg\",\"width\":609,\"height\":80,\"caption\":\"Motoairbag - L&#039;airbag per i motociclisti\"},\"image\":{\"@id\":\"https:\/\/www.motoairbag.com\/#\/schema\/logo\/image\/\"}}]}<\/script>\n<!-- \/ Yoast SEO plugin. -->","yoast_head_json":{"title":"W\u00c4SCHE - Motoairbag - L&#039;airbag per i motociclisti","robots":{"index":"index","follow":"follow","max-snippet":"max-snippet:-1","max-image-preview":"max-image-preview:large","max-video-preview":"max-video-preview:-1"},"canonical":"https:\/\/www.motoairbag.com\/post-vendita\/lavaggio\/","og_locale":"de_DE","og_type":"article","og_title":"W\u00c4SCHE - Motoairbag - L&#039;airbag per i motociclisti","og_description":"[vc_row disable_background_image=&#8220;&#8220;][vc_column][vc_column_text]IBei einer gr\u00fcndlichen W\u00e4sche wird das Airbag-System vollst\u00e4ndig entfernt und dann das Textilteil gewaschen. Nach dem Trocknen wird das Airbag-System wieder zusammengebaut. Die Kosten liegen je nach Modell zwischen 35\u20ac-50\u20ac. Laufzeit: 48\/72 Stunden nach Erhalt des Airbags.[\/vc_column_text][\/vc_column][\/vc_row][vc_row disable_background_image=&#8220;&#8220;][vc_column][vc_empty_space][vc_empty_space height=&#8220;10px&#8220;][\/vc_column][\/vc_row]","og_url":"https:\/\/www.motoairbag.com\/post-vendita\/lavaggio\/","og_site_name":"Motoairbag - L&#039;airbag per i motociclisti","article_modified_time":"2023-02-15T13:08:07+00:00","twitter_card":"summary_large_image","twitter_misc":{"Gesch\u00e4tzte Lesezeit":"1\u00a0Minute"},"schema":{"@context":"https:\/\/schema.org","@graph":[{"@type":"WebPage","@id":"https:\/\/www.motoairbag.com\/post-vendita\/lavaggio\/","url":"https:\/\/www.motoairbag.com\/post-vendita\/lavaggio\/","name":"W\u00c4SCHE - Motoairbag - L&#039;airbag per i motociclisti","isPartOf":{"@id":"https:\/\/www.motoairbag.com\/#website"},"datePublished":"2022-06-22T10:32:21+00:00","dateModified":"2023-02-15T13:08:07+00:00","breadcrumb":{"@id":"https:\/\/www.motoairbag.com\/post-vendita\/lavaggio\/#breadcrumb"},"inLanguage":"de","potentialAction":[{"@type":"ReadAction","target":["https:\/\/www.motoairbag.com\/post-vendita\/lavaggio\/"]}]},{"@type":"BreadcrumbList","@id":"https:\/\/www.motoairbag.com\/post-vendita\/lavaggio\/#breadcrumb","itemListElement":[{"@type":"ListItem","position":1,"name":"Home","item":"https:\/\/www.motoairbag.com\/de\/"},{"@type":"ListItem","position":2,"name":"W\u00c4SCHE"}]},{"@type":"WebSite","@id":"https:\/\/www.motoairbag.com\/#website","url":"https:\/\/www.motoairbag.com\/","name":"Motoairbag - L&#039;airbag per i motociclisti","description":"","publisher":{"@id":"https:\/\/www.motoairbag.com\/#organization"},"potentialAction":[{"@type":"SearchAction","target":{"@type":"EntryPoint","urlTemplate":"https:\/\/www.motoairbag.com\/?s={search_term_string}"},"query-input":{"@type":"PropertyValueSpecification","valueRequired":true,"valueName":"search_term_string"}}],"inLanguage":"de"},{"@type":"Organization","@id":"https:\/\/www.motoairbag.com\/#organization","name":"Motoairbag - L&#039;airbag per i motociclisti","url":"https:\/\/www.motoairbag.com\/","logo":{"@type":"ImageObject","inLanguage":"de","@id":"https:\/\/www.motoairbag.com\/#\/schema\/logo\/image\/","url":"https:\/\/www.motoairbag.com\/wp-content\/uploads\/2022\/11\/logo-final.jpg","contentUrl":"https:\/\/www.motoairbag.com\/wp-content\/uploads\/2022\/11\/logo-final.jpg","width":609,"height":80,"caption":"Motoairbag - L&#039;airbag per i motociclisti"},"image":{"@id":"https:\/\/www.motoairbag.com\/#\/schema\/logo\/image\/"}}]}},"_links":{"self":[{"href":"https:\/\/www.motoairbag.com\/de\/wp-json\/wp\/v2\/pages\/6345","targetHints":{"allow":["GET"]}}],"collection":[{"href":"https:\/\/www.motoairbag.com\/de\/wp-json\/wp\/v2\/pages"}],"about":[{"href":"https:\/\/www.motoairbag.com\/de\/wp-json\/wp\/v2\/types\/page"}],"author":[{"embeddable":true,"href":"https:\/\/www.motoairbag.com\/de\/wp-json\/wp\/v2\/users\/1"}],"replies":[{"embeddable":true,"href":"https:\/\/www.motoairbag.com\/de\/wp-json\/wp\/v2\/comments?post=6345"}],"version-history":[{"count":2,"href":"https:\/\/www.motoairbag.com\/de\/wp-json\/wp\/v2\/pages\/6345\/revisions"}],"predecessor-version":[{"id":6347,"href":"https:\/\/www.motoairbag.com\/de\/wp-json\/wp\/v2\/pages\/6345\/revisions\/6347"}],"up":[{"embeddable":true,"href":"https:\/\/www.motoairbag.com\/de\/wp-json\/wp\/v2\/pages\/6408"}],"wp:attachment":[{"href":"https:\/\/www.motoairbag.com\/de\/wp-json\/wp\/v2\/media?parent=6345"}],"curies":[{"name":"wp","href":"https:\/\/api.w.org\/{rel}","templated":true}]}}