{"id":6342,"date":"2022-06-22T10:29:40","date_gmt":"2022-06-22T10:29:40","guid":{"rendered":"https:\/\/www.motoairbag.com\/revision\/"},"modified":"2023-02-15T13:06:41","modified_gmt":"2023-02-15T13:06:41","slug":"revision","status":"publish","type":"page","link":"https:\/\/www.motoairbag.com\/de\/nach-dem-verkauf\/revision\/","title":{"rendered":"Revision"},"content":{"rendered":"<p>[vc_row disable_background_image=&#8220;&#8220;][vc_column][\/vc_column][vc_column_text]MOTOAIRBAG\u00ae und Powered by MOTOAIRBAG\u00ae Airbag-Systeme M\u00dcSSEN REVISIERT WERDEN, wenn:<\/p>\n<ul>\n<li>4 Jahre nach dem Kauf oder der letzten Revision<\/li>\n<li>Nach 6\/8 Aktivierungen<\/li>\n<li>Bei Unf\u00e4llen<\/li>\n<li>Wenn sie die im Handbuch beschriebenen regelm\u00e4\u00dfigen Kontrollen nicht bestehen (Checkliste)<\/li>\n<\/ul>\n<p>REPARIEREN SIE IM FALL EINES UNFALLS KEINEN MOTOAIRBAG\u00ae, sondern wenden Sie sich an den Kundendienst &#8211; innere Besch\u00e4digungen k\u00f6nnen zu Fehlfunktionen des MOTOAIRBAG\u00ae f\u00fchren.<\/p>\n<p>Laufzeit: 48\/72 Stunden nach Erhalt des Airbags.[\/vc_column_text][\/vc_row][vc_row disable_background_image=&#8220;&#8220;][vc_column][vc_custom_heading text=&#8220;Kontaktieren Sie den Support unter assistenza@motoairbag.com oder 02.9053806 oder +39.328.1471132&#8243; font_container=&#8220;tag:h4|text_align:left&#8220; use_theme_fonts=&#8220;yes&#8220;][vc_empty_space height=&#8220;10px&#8220;]<a itemprop=\"url\" href=\"mailto:assistenza@motoairbag.com\" target=\"_self\"  class=\"mkdf-btn mkdf-btn-medium mkdf-btn-predefined\"  >\n            <span class=\"mkdf-btn-predefined-line-holder\">\n            <span class=\"mkdf-btn-line-hidden\"><\/span>\n            <span class=\"mkdf-btn-text\">E-mail<\/span>\n\t        <span class=\"mkdf-btn-line\"><\/span>\n            <i class=\"mkdf-btn-predefined-icon mkdf-icon-ion-icon ion-ios-play \"><\/i>\n        <\/span>\n    <\/a>[vc_empty_space height=&#8220;10px&#8220;]<a itemprop=\"url\" href=\"https:\/\/wa.me\/message\/35DF2K6FQIFNH1\" target=\"_self\" style=\"background-color: #25d366;border-color: #25d366\" class=\"mkdf-btn mkdf-btn-medium mkdf-btn-predefined\"  >\n            <span class=\"mkdf-btn-predefined-line-holder\">\n            <span class=\"mkdf-btn-line-hidden\"><\/span>\n            <span class=\"mkdf-btn-text\">Whatsapp<\/span>\n\t        <span class=\"mkdf-btn-line\"><\/span>\n            <i class=\"mkdf-btn-predefined-icon mkdf-icon-ion-icon ion-ios-play \"><\/i>\n        <\/span>\n    <\/a>[\/vc_column][\/vc_row]<\/p>\n","protected":false},"excerpt":{"rendered":"<p>[vc_row disable_background_image=&#8220;&#8220;][vc_column][\/vc_column][vc_column_text]MOTOAIRBAG\u00ae und Powered by MOTOAIRBAG\u00ae Airbag-Systeme M\u00dcSSEN REVISIERT WERDEN, wenn: 4 Jahre nach dem Kauf oder der letzten Revision Nach 6\/8 Aktivierungen Bei Unf\u00e4llen Wenn sie die im Handbuch beschriebenen regelm\u00e4\u00dfigen Kontrollen nicht bestehen (Checkliste) REPARIEREN SIE IM FALL EINES UNFALLS KEINEN MOTOAIRBAG\u00ae, sondern wenden Sie sich an den Kundendienst [&hellip;]<\/p>\n","protected":false},"author":1,"featured_media":0,"parent":6408,"menu_order":0,"comment_status":"closed","ping_status":"closed","template":"","meta":{"footnotes":""},"class_list":["post-6342","page","type-page","status-publish","hentry"],"yoast_head":"<!-- This site is optimized with the Yoast SEO plugin v27.0 - https:\/\/yoast.com\/product\/yoast-seo-wordpress\/ -->\n<title>Revision - Motoairbag - L&#039;airbag per i motociclisti<\/title>\n<meta name=\"robots\" content=\"index, follow, max-snippet:-1, max-image-preview:large, max-video-preview:-1\" \/>\n<link rel=\"canonical\" href=\"https:\/\/www.motoairbag.com\/de\/revision\/\" \/>\n<meta property=\"og:locale\" content=\"de_DE\" \/>\n<meta property=\"og:type\" content=\"article\" \/>\n<meta property=\"og:title\" content=\"Revision - Motoairbag - L&#039;airbag per i motociclisti\" \/>\n<meta property=\"og:description\" content=\"[vc_row disable_background_image=&#8220;&#8220;][vc_column][\/vc_column][vc_column_text]MOTOAIRBAG\u00ae und Powered by MOTOAIRBAG\u00ae Airbag-Systeme M\u00dcSSEN REVISIERT WERDEN, wenn: 4 Jahre nach dem Kauf oder der letzten Revision Nach 6\/8 Aktivierungen Bei Unf\u00e4llen Wenn sie die im Handbuch beschriebenen regelm\u00e4\u00dfigen Kontrollen nicht bestehen (Checkliste) REPARIEREN SIE IM FALL EINES UNFALLS KEINEN MOTOAIRBAG\u00ae, sondern wenden Sie sich an den Kundendienst [&hellip;]\" \/>\n<meta property=\"og:url\" content=\"https:\/\/www.motoairbag.com\/de\/revision\/\" \/>\n<meta property=\"og:site_name\" content=\"Motoairbag - L&#039;airbag per i motociclisti\" \/>\n<meta property=\"article:modified_time\" content=\"2023-02-15T13:06:41+00:00\" \/>\n<meta name=\"twitter:card\" content=\"summary_large_image\" \/>\n<meta name=\"twitter:label1\" content=\"Gesch\u00e4tzte Lesezeit\" \/>\n\t<meta name=\"twitter:data1\" content=\"1\u00a0Minute\" \/>\n<script type=\"application\/ld+json\" class=\"yoast-schema-graph\">{\"@context\":\"https:\/\/schema.org\",\"@graph\":[{\"@type\":\"WebPage\",\"@id\":\"https:\/\/www.motoairbag.com\/de\/revision\/\",\"url\":\"https:\/\/www.motoairbag.com\/de\/revision\/\",\"name\":\"Revision - Motoairbag - L&#039;airbag per i motociclisti\",\"isPartOf\":{\"@id\":\"https:\/\/www.motoairbag.com\/#website\"},\"datePublished\":\"2022-06-22T10:29:40+00:00\",\"dateModified\":\"2023-02-15T13:06:41+00:00\",\"breadcrumb\":{\"@id\":\"https:\/\/www.motoairbag.com\/de\/revision\/#breadcrumb\"},\"inLanguage\":\"de\",\"potentialAction\":[{\"@type\":\"ReadAction\",\"target\":[\"https:\/\/www.motoairbag.com\/de\/revision\/\"]}]},{\"@type\":\"BreadcrumbList\",\"@id\":\"https:\/\/www.motoairbag.com\/de\/revision\/#breadcrumb\",\"itemListElement\":[{\"@type\":\"ListItem\",\"position\":1,\"name\":\"Home\",\"item\":\"https:\/\/www.motoairbag.com\/de\/\"},{\"@type\":\"ListItem\",\"position\":2,\"name\":\"Revision\"}]},{\"@type\":\"WebSite\",\"@id\":\"https:\/\/www.motoairbag.com\/#website\",\"url\":\"https:\/\/www.motoairbag.com\/\",\"name\":\"Motoairbag - L&#039;airbag per i motociclisti\",\"description\":\"\",\"publisher\":{\"@id\":\"https:\/\/www.motoairbag.com\/#organization\"},\"potentialAction\":[{\"@type\":\"SearchAction\",\"target\":{\"@type\":\"EntryPoint\",\"urlTemplate\":\"https:\/\/www.motoairbag.com\/?s={search_term_string}\"},\"query-input\":{\"@type\":\"PropertyValueSpecification\",\"valueRequired\":true,\"valueName\":\"search_term_string\"}}],\"inLanguage\":\"de\"},{\"@type\":\"Organization\",\"@id\":\"https:\/\/www.motoairbag.com\/#organization\",\"name\":\"Motoairbag - L&#039;airbag per i motociclisti\",\"url\":\"https:\/\/www.motoairbag.com\/\",\"logo\":{\"@type\":\"ImageObject\",\"inLanguage\":\"de\",\"@id\":\"https:\/\/www.motoairbag.com\/#\/schema\/logo\/image\/\",\"url\":\"https:\/\/www.motoairbag.com\/wp-content\/uploads\/2022\/11\/logo-final.jpg\",\"contentUrl\":\"https:\/\/www.motoairbag.com\/wp-content\/uploads\/2022\/11\/logo-final.jpg\",\"width\":609,\"height\":80,\"caption\":\"Motoairbag - L&#039;airbag per i motociclisti\"},\"image\":{\"@id\":\"https:\/\/www.motoairbag.com\/#\/schema\/logo\/image\/\"}}]}<\/script>\n<!-- \/ Yoast SEO plugin. -->","yoast_head_json":{"title":"Revision - Motoairbag - L&#039;airbag per i motociclisti","robots":{"index":"index","follow":"follow","max-snippet":"max-snippet:-1","max-image-preview":"max-image-preview:large","max-video-preview":"max-video-preview:-1"},"canonical":"https:\/\/www.motoairbag.com\/de\/revision\/","og_locale":"de_DE","og_type":"article","og_title":"Revision - Motoairbag - L&#039;airbag per i motociclisti","og_description":"[vc_row disable_background_image=&#8220;&#8220;][vc_column][\/vc_column][vc_column_text]MOTOAIRBAG\u00ae und Powered by MOTOAIRBAG\u00ae Airbag-Systeme M\u00dcSSEN REVISIERT WERDEN, wenn: 4 Jahre nach dem Kauf oder der letzten Revision Nach 6\/8 Aktivierungen Bei Unf\u00e4llen Wenn sie die im Handbuch beschriebenen regelm\u00e4\u00dfigen Kontrollen nicht bestehen (Checkliste) REPARIEREN SIE IM FALL EINES UNFALLS KEINEN MOTOAIRBAG\u00ae, sondern wenden Sie sich an den Kundendienst [&hellip;]","og_url":"https:\/\/www.motoairbag.com\/de\/revision\/","og_site_name":"Motoairbag - L&#039;airbag per i motociclisti","article_modified_time":"2023-02-15T13:06:41+00:00","twitter_card":"summary_large_image","twitter_misc":{"Gesch\u00e4tzte Lesezeit":"1\u00a0Minute"},"schema":{"@context":"https:\/\/schema.org","@graph":[{"@type":"WebPage","@id":"https:\/\/www.motoairbag.com\/de\/revision\/","url":"https:\/\/www.motoairbag.com\/de\/revision\/","name":"Revision - Motoairbag - L&#039;airbag per i motociclisti","isPartOf":{"@id":"https:\/\/www.motoairbag.com\/#website"},"datePublished":"2022-06-22T10:29:40+00:00","dateModified":"2023-02-15T13:06:41+00:00","breadcrumb":{"@id":"https:\/\/www.motoairbag.com\/de\/revision\/#breadcrumb"},"inLanguage":"de","potentialAction":[{"@type":"ReadAction","target":["https:\/\/www.motoairbag.com\/de\/revision\/"]}]},{"@type":"BreadcrumbList","@id":"https:\/\/www.motoairbag.com\/de\/revision\/#breadcrumb","itemListElement":[{"@type":"ListItem","position":1,"name":"Home","item":"https:\/\/www.motoairbag.com\/de\/"},{"@type":"ListItem","position":2,"name":"Revision"}]},{"@type":"WebSite","@id":"https:\/\/www.motoairbag.com\/#website","url":"https:\/\/www.motoairbag.com\/","name":"Motoairbag - L&#039;airbag per i motociclisti","description":"","publisher":{"@id":"https:\/\/www.motoairbag.com\/#organization"},"potentialAction":[{"@type":"SearchAction","target":{"@type":"EntryPoint","urlTemplate":"https:\/\/www.motoairbag.com\/?s={search_term_string}"},"query-input":{"@type":"PropertyValueSpecification","valueRequired":true,"valueName":"search_term_string"}}],"inLanguage":"de"},{"@type":"Organization","@id":"https:\/\/www.motoairbag.com\/#organization","name":"Motoairbag - L&#039;airbag per i motociclisti","url":"https:\/\/www.motoairbag.com\/","logo":{"@type":"ImageObject","inLanguage":"de","@id":"https:\/\/www.motoairbag.com\/#\/schema\/logo\/image\/","url":"https:\/\/www.motoairbag.com\/wp-content\/uploads\/2022\/11\/logo-final.jpg","contentUrl":"https:\/\/www.motoairbag.com\/wp-content\/uploads\/2022\/11\/logo-final.jpg","width":609,"height":80,"caption":"Motoairbag - L&#039;airbag per i motociclisti"},"image":{"@id":"https:\/\/www.motoairbag.com\/#\/schema\/logo\/image\/"}}]}},"_links":{"self":[{"href":"https:\/\/www.motoairbag.com\/de\/wp-json\/wp\/v2\/pages\/6342","targetHints":{"allow":["GET"]}}],"collection":[{"href":"https:\/\/www.motoairbag.com\/de\/wp-json\/wp\/v2\/pages"}],"about":[{"href":"https:\/\/www.motoairbag.com\/de\/wp-json\/wp\/v2\/types\/page"}],"author":[{"embeddable":true,"href":"https:\/\/www.motoairbag.com\/de\/wp-json\/wp\/v2\/users\/1"}],"replies":[{"embeddable":true,"href":"https:\/\/www.motoairbag.com\/de\/wp-json\/wp\/v2\/comments?post=6342"}],"version-history":[{"count":2,"href":"https:\/\/www.motoairbag.com\/de\/wp-json\/wp\/v2\/pages\/6342\/revisions"}],"predecessor-version":[{"id":6344,"href":"https:\/\/www.motoairbag.com\/de\/wp-json\/wp\/v2\/pages\/6342\/revisions\/6344"}],"up":[{"embeddable":true,"href":"https:\/\/www.motoairbag.com\/de\/wp-json\/wp\/v2\/pages\/6408"}],"wp:attachment":[{"href":"https:\/\/www.motoairbag.com\/de\/wp-json\/wp\/v2\/media?parent=6342"}],"curies":[{"name":"wp","href":"https:\/\/api.w.org\/{rel}","templated":true}]}}